{"id":44209,"date":"2025-11-28T10:31:15","date_gmt":"2025-11-28T10:31:15","guid":{"rendered":"https:\/\/mps.digital-monkey.in\/product\/volvo-penta-aluminium-anode-aq250-aq270-875805\/"},"modified":"2025-12-18T10:35:33","modified_gmt":"2025-12-18T10:35:33","slug":"volvo-penta-aluminium-anode-aq250-aq270-875805","status":"publish","type":"product","link":"https:\/\/mps.digital-monkey.in\/de\/produkt\/volvo-penta-aluminium-anode-aq250-aq270-875805\/","title":{"rendered":"Volvo Penta Aluminium Anode AQ250 AQ270 | 875805"},"content":{"rendered":"<p data-start=\"511\" data-end=\"879\">Die Volvo Penta Aluminiumanode f\u00fcr<strong data-start=\"515\" data-end=\"571\"> AQ250 \/ AQ270 Sterndrives<\/strong> (Art.-Nr. 875805) bietet zuverl\u00e4ssigen Korrosionsschutz f\u00fcr Ihren Z-Antrieb in Brack- und Mischwasser. Diese aus hochwertigem Aluminium gefertigte Anode sorgt daf\u00fcr, dass die Komponenten Ihres Volvo Penta Z-Antriebs vor galvanischer Korrosion gesch\u00fctzt sind und gleichzeitig ihre Spitzenleistung beibehalten. <\/p>\n<p data-start=\"881\" data-end=\"903\"><strong data-start=\"881\" data-end=\"901\">Kompatibel mit:<\/strong><\/p>\n<ul data-start=\"904\" data-end=\"947\">\n<li data-start=\"904\" data-end=\"925\">\n<p data-start=\"906\" data-end=\"925\">Volvo Penta AQ250<\/p>\n<\/li>\n<li data-start=\"926\" data-end=\"947\">\n<p data-start=\"928\" data-end=\"947\">Volvo Penta AQ270<\/p>\n<\/li>\n<\/ul>\n<p data-start=\"949\" data-end=\"972\"><strong data-start=\"949\" data-end=\"970\">Anode Abmessungen:<\/strong><\/p>\n<ul data-start=\"973\" data-end=\"1110\">\n<li data-start=\"973\" data-end=\"990\">\n<p data-start=\"975\" data-end=\"990\">H\u00f6he: 10 mm<\/p>\n<\/li>\n<li data-start=\"991\" data-end=\"1016\">\n<p data-start=\"993\" data-end=\"1016\">Innendurchmesser: 80 mm<\/p>\n<\/li>\n<li data-start=\"1017\" data-end=\"1043\">\n<p data-start=\"1019\" data-end=\"1043\">\u00c4u\u00dferer Durchmesser: 118 mm<\/p>\n<\/li>\n<li data-start=\"1044\" data-end=\"1065\">\n<p data-start=\"1046\" data-end=\"1065\">Durchmesser 1: 58 mm<\/p>\n<\/li>\n<li data-start=\"1066\" data-end=\"1088\">\n<p data-start=\"1068\" data-end=\"1088\">Durchmesser 2: 103 mm<\/p>\n<\/li>\n<li data-start=\"1089\" data-end=\"1110\">\n<p data-start=\"1091\" data-end=\"1110\">Durchmesser 3: 10 mm<\/p>\n<\/li>\n<\/ul>\n<p data-start=\"1112\" data-end=\"1131\"><strong data-start=\"1112\" data-end=\"1129\">Wichtige Merkmale:<\/strong><\/p>\n<ul data-start=\"1132\" data-end=\"1412\">\n<li data-start=\"1132\" data-end=\"1187\">\n<p data-start=\"1134\" data-end=\"1187\">Aluminiumanode f\u00fcr den Schutz von Brack-\/Mischwasser<\/p>\n<\/li>\n<li data-start=\"1188\" data-end=\"1249\">\n<p data-start=\"1190\" data-end=\"1249\">Pr\u00e4zise OEM Passform f\u00fcr Volvo Penta AQ250 \/ AQ270 Z-Antriebe<\/p>\n<\/li>\n<li data-start=\"1250\" data-end=\"1299\">\n<p data-start=\"1252\" data-end=\"1299\">Dauerhafter und lang anhaltender Korrosionsschutz<\/p>\n<\/li>\n<li data-start=\"1300\" data-end=\"1345\">\n<p data-start=\"1302\" data-end=\"1345\">Einfacher Einbau mit exakten OEM-Ma\u00dfen<\/p>\n<\/li>\n<li data-start=\"1346\" data-end=\"1412\">\n<p data-start=\"1348\" data-end=\"1412\">Sch\u00fctzt Z-Antrieb, Propeller und andere untergetauchte Komponenten<\/p>\n<\/li>\n<\/ul>\n<p data-start=\"1414\" data-end=\"1691\"><strong data-start=\"1414\" data-end=\"1440\">Warum sollten Sie diese Anode w\u00e4hlen:<\/strong><br data-start=\"1440\" data-end=\"1443\">Die Verwendung der richtigen Aluminiumanode hilft, Sch\u00e4den an Ihrem Z-Antrieb durch galvanische Korrosion zu verhindern. Dies gew\u00e4hrleistet die Langlebigkeit Ihrer Schiffsinvestition, reduziert die Wartungskosten und sorgt daf\u00fcr, dass Ihr Volvo Penta Z-Antrieb effizient arbeitet. <\/p>\n<h3 data-start=\"1698\" data-end=\"1724\"><\/h3>\n","protected":false},"excerpt":{"rendered":"<p>Die Volvo Penta Aluminiumanode f\u00fcr AQ250 \/ AQ270 Sterndrives (Art.-Nr. 875805) bietet zuverl\u00e4ssigen Korrosionsschutz f\u00fcr Ihren Z-Antrieb in Brack- und Mischwasser. Diese aus hochwertigem Aluminium gefertigte Anode sorgt daf\u00fcr, dass die Komponenten Ihres Volvo Penta Z-Antriebs vor galvanischer Korrosion gesch\u00fctzt sind und gleichzeitig ihre Spitzenleistung beibehalten. Kompatibel mit: Volvo Penta AQ250 Volvo Penta AQ270 Anode [&hellip;]<\/p>\n","protected":false},"featured_media":44210,"comment_status":"open","ping_status":"closed","template":"","meta":[],"product_brand":[4230],"product_cat":[3286,4488,2498,4308,4523],"product_tag":[],"class_list":{"0":"post-44209","1":"product","2":"type-product","3":"status-publish","4":"has-post-thumbnail","6":"product_brand-volvo-penta","7":"product_cat-anoden","8":"product_cat-brauchen-sie-volvo-penta-teile","9":"product_cat-ersatzteile-fur-motoren","10":"product_cat-volvo-penta","11":"product_cat-volvo-penta-anoden","12":"pa_condition-neu","13":"pa_oem-or-aftermarket-aftermarket","15":"first","16":"onbackorder","17":"taxable","18":"shipping-taxable","19":"purchasable","20":"product-type-simple"},"supplier_id":45614,"supplier_sku":"00702AL","barcode":null,"atum_controlled":true,"out_stock_date":"2025-11-28 10:31:19","out_stock_threshold":null,"inheritable":false,"inbound_stock":0,"stock_on_hold":0,"sold_today":0,"sales_last_days":0,"reserved_stock":0,"customer_returns":0,"warehouse_damage":0,"lost_in_post":0,"other_logs":0,"out_stock_days":61,"lost_sales":0,"has_location":false,"update_date":"2026-01-29T09:10:11","atum_locations":[],"atum_stock_status":"onbackorder","restock_status":false,"low_stock_amount":1,"sales_update_date":"2026-01-29T09:10:11","calc_backorders":null,"_links":{"self":[{"href":"https:\/\/mps.digital-monkey.in\/de\/wp-json\/wp\/v2\/product\/44209","targetHints":{"allow":["GET"]}}],"collection":[{"href":"https:\/\/mps.digital-monkey.in\/de\/wp-json\/wp\/v2\/product"}],"about":[{"href":"https:\/\/mps.digital-monkey.in\/de\/wp-json\/wp\/v2\/types\/product"}],"replies":[{"embeddable":true,"href":"https:\/\/mps.digital-monkey.in\/de\/wp-json\/wp\/v2\/comments?post=44209"}],"wp:featuredmedia":[{"embeddable":true,"href":"https:\/\/mps.digital-monkey.in\/de\/wp-json\/wp\/v2\/media\/44210"}],"wp:attachment":[{"href":"https:\/\/mps.digital-monkey.in\/de\/wp-json\/wp\/v2\/media?parent=44209"}],"wp:term":[{"taxonomy":"product_brand","embeddable":true,"href":"https:\/\/mps.digital-monkey.in\/de\/wp-json\/wp\/v2\/product_brand?post=44209"},{"taxonomy":"product_cat","embeddable":true,"href":"https:\/\/mps.digital-monkey.in\/de\/wp-json\/wp\/v2\/product_cat?post=44209"},{"taxonomy":"product_tag","embeddable":true,"href":"https:\/\/mps.digital-monkey.in\/de\/wp-json\/wp\/v2\/product_tag?post=44209"}],"curies":[{"name":"wp","href":"https:\/\/api.w.org\/{rel}","templated":true}]}}