{"id":44218,"date":"2025-11-28T10:37:48","date_gmt":"2025-11-28T10:37:48","guid":{"rendered":"https:\/\/mps.digital-monkey.in\/product\/volvo-penta-magnesium-anode-aq250-aq270-875805\/"},"modified":"2025-12-18T10:35:43","modified_gmt":"2025-12-18T10:35:43","slug":"volvo-penta-magnesium-anode-aq250-aq270-875805","status":"publish","type":"product","link":"https:\/\/mps.digital-monkey.in\/de\/produkt\/volvo-penta-magnesium-anode-aq250-aq270-875805\/","title":{"rendered":"Volvo Penta Magnesium Anode AQ250 AQ270 | 875805"},"content":{"rendered":"<p data-start=\"514\" data-end=\"887\">Die<strong> Volvo Penta Magnesiumanode f\u00fcr AQ250 \/ AQ270 Sterndrives<\/strong> (Teilenummer 875805) wurde entwickelt, um Ihren Volvo Penta Z-Antrieb vor galvanischer Korrosion in <strong data-start=\"673\" data-end=\"700\">S\u00fc\u00dfwasser<\/strong> zu sch\u00fctzen. Diese aus hochwertigem Magnesium gefertigte Anode ist hochaktiv und sorgt daf\u00fcr, dass Ihr Z-Antrieb, der Propeller und andere untergetauchte Komponenten sicher bleiben und gleichzeitig eine optimale Leistung erhalten bleibt. <\/p>\n<p data-start=\"889\" data-end=\"911\"><strong data-start=\"889\" data-end=\"909\">Kompatibel mit:<\/strong><\/p>\n<ul data-start=\"912\" data-end=\"955\">\n<li data-start=\"912\" data-end=\"933\">\n<p data-start=\"914\" data-end=\"933\">Volvo Penta AQ250<\/p>\n<\/li>\n<li data-start=\"934\" data-end=\"955\">\n<p data-start=\"936\" data-end=\"955\">Volvo Penta AQ270<\/p>\n<\/li>\n<\/ul>\n<p data-start=\"957\" data-end=\"980\"><strong data-start=\"957\" data-end=\"978\">Anode Abmessungen:<\/strong><\/p>\n<ul data-start=\"981\" data-end=\"1118\">\n<li data-start=\"981\" data-end=\"998\">\n<p data-start=\"983\" data-end=\"998\">H\u00f6he: 10 mm<\/p>\n<\/li>\n<li data-start=\"999\" data-end=\"1024\">\n<p data-start=\"1001\" data-end=\"1024\">Innendurchmesser: 80 mm<\/p>\n<\/li>\n<li data-start=\"1025\" data-end=\"1051\">\n<p data-start=\"1027\" data-end=\"1051\">\u00c4u\u00dferer Durchmesser: 118 mm<\/p>\n<\/li>\n<li data-start=\"1052\" data-end=\"1073\">\n<p data-start=\"1054\" data-end=\"1073\">Durchmesser 1: 58 mm<\/p>\n<\/li>\n<li data-start=\"1074\" data-end=\"1096\">\n<p data-start=\"1076\" data-end=\"1096\">Durchmesser 2: 103 mm<\/p>\n<\/li>\n<li data-start=\"1097\" data-end=\"1118\">\n<p data-start=\"1099\" data-end=\"1118\">Durchmesser 3: 10 mm<\/p>\n<\/li>\n<\/ul>\n<p data-start=\"1120\" data-end=\"1139\"><strong data-start=\"1120\" data-end=\"1137\">Wichtige Merkmale:<\/strong><\/p>\n<ul data-start=\"1140\" data-end=\"1412\">\n<li data-start=\"1140\" data-end=\"1206\">\n<p data-start=\"1142\" data-end=\"1206\">Magnesiumanode f\u00fcr maximalen Korrosionsschutz in S\u00fc\u00dfwasser<\/p>\n<\/li>\n<li data-start=\"1207\" data-end=\"1260\">\n<p data-start=\"1209\" data-end=\"1260\">OEM passend f\u00fcr Volvo Penta AQ250 \/ AQ270 Z-Antriebe<\/p>\n<\/li>\n<li data-start=\"1261\" data-end=\"1304\">\n<p data-start=\"1263\" data-end=\"1304\">Langlebig und strapazierf\u00e4hig f\u00fcr den Einsatz auf See<\/p>\n<\/li>\n<li data-start=\"1305\" data-end=\"1350\">\n<p data-start=\"1307\" data-end=\"1350\">Einfache Installation mit pr\u00e4zisen Abmessungen<\/p>\n<\/li>\n<li data-start=\"1351\" data-end=\"1412\">\n<p data-start=\"1353\" data-end=\"1412\">Sch\u00fctzt Z-Antrieb, Propeller und andere untergetauchte Teile<\/p>\n<\/li>\n<\/ul>\n<p data-start=\"1414\" data-end=\"1688\"><strong data-start=\"1414\" data-end=\"1440\">Warum sollten Sie diese Anode w\u00e4hlen:<\/strong><br data-start=\"1440\" data-end=\"1443\">Magnesiumanoden bieten den h\u00f6chsten Schutz im S\u00fc\u00dfwasser und verhindern kostspielige Sch\u00e4den durch galvanische Korrosion. Die Verwendung der richtigen Anode stellt sicher, dass Ihr Z-Antrieb effizient arbeitet und verl\u00e4ngert die Lebensdauer Ihrer Schiffsausr\u00fcstung. <\/p>\n","protected":false},"excerpt":{"rendered":"<p>Die Volvo Penta Magnesiumanode f\u00fcr AQ250 \/ AQ270 Sterndrives (Teilenummer 875805) wurde entwickelt, um Ihren Volvo Penta Z-Antrieb vor galvanischer Korrosion in S\u00fc\u00dfwasser zu sch\u00fctzen. Diese aus hochwertigem Magnesium gefertigte Anode ist hochaktiv und sorgt daf\u00fcr, dass Ihr Z-Antrieb, der Propeller und andere untergetauchte Komponenten sicher bleiben und gleichzeitig eine optimale Leistung erhalten bleibt. Kompatibel [&hellip;]<\/p>\n","protected":false},"featured_media":44219,"comment_status":"open","ping_status":"closed","template":"","meta":[],"product_brand":[4230],"product_cat":[3286,4488,2498,4308,4523],"product_tag":[],"class_list":{"0":"post-44218","1":"product","2":"type-product","3":"status-publish","4":"has-post-thumbnail","6":"product_brand-volvo-penta","7":"product_cat-anoden","8":"product_cat-brauchen-sie-volvo-penta-teile","9":"product_cat-ersatzteile-fur-motoren","10":"product_cat-volvo-penta","11":"product_cat-volvo-penta-anoden","12":"pa_condition-neu","13":"pa_oem-or-aftermarket-aftermarket","15":"first","16":"onbackorder","17":"taxable","18":"shipping-taxable","19":"purchasable","20":"product-type-simple"},"supplier_id":45614,"supplier_sku":"00702MG","barcode":null,"atum_controlled":true,"out_stock_date":"2025-11-28 10:37:51","out_stock_threshold":null,"inheritable":false,"inbound_stock":0,"stock_on_hold":0,"sold_today":0,"sales_last_days":0,"reserved_stock":0,"customer_returns":0,"warehouse_damage":0,"lost_in_post":0,"other_logs":0,"out_stock_days":61,"lost_sales":0,"has_location":false,"update_date":"2026-01-29T09:10:18","atum_locations":[],"atum_stock_status":"onbackorder","restock_status":false,"low_stock_amount":1,"sales_update_date":"2026-01-29T09:10:18","calc_backorders":null,"_links":{"self":[{"href":"https:\/\/mps.digital-monkey.in\/de\/wp-json\/wp\/v2\/product\/44218","targetHints":{"allow":["GET"]}}],"collection":[{"href":"https:\/\/mps.digital-monkey.in\/de\/wp-json\/wp\/v2\/product"}],"about":[{"href":"https:\/\/mps.digital-monkey.in\/de\/wp-json\/wp\/v2\/types\/product"}],"replies":[{"embeddable":true,"href":"https:\/\/mps.digital-monkey.in\/de\/wp-json\/wp\/v2\/comments?post=44218"}],"wp:featuredmedia":[{"embeddable":true,"href":"https:\/\/mps.digital-monkey.in\/de\/wp-json\/wp\/v2\/media\/44219"}],"wp:attachment":[{"href":"https:\/\/mps.digital-monkey.in\/de\/wp-json\/wp\/v2\/media?parent=44218"}],"wp:term":[{"taxonomy":"product_brand","embeddable":true,"href":"https:\/\/mps.digital-monkey.in\/de\/wp-json\/wp\/v2\/product_brand?post=44218"},{"taxonomy":"product_cat","embeddable":true,"href":"https:\/\/mps.digital-monkey.in\/de\/wp-json\/wp\/v2\/product_cat?post=44218"},{"taxonomy":"product_tag","embeddable":true,"href":"https:\/\/mps.digital-monkey.in\/de\/wp-json\/wp\/v2\/product_tag?post=44218"}],"curies":[{"name":"wp","href":"https:\/\/api.w.org\/{rel}","templated":true}]}}