{"id":44226,"date":"2025-11-28T11:06:58","date_gmt":"2025-11-28T11:06:58","guid":{"rendered":"https:\/\/mps.digital-monkey.in\/product\/volvo-penta-aluminium-anode-einzelpropeller-280-290-sterndrive-875815\/"},"modified":"2025-12-18T10:35:51","modified_gmt":"2025-12-18T10:35:51","slug":"volvo-penta-aluminium-anode-einzelpropeller-280-290-sterndrive-875815","status":"publish","type":"product","link":"https:\/\/mps.digital-monkey.in\/de\/produkt\/volvo-penta-aluminium-anode-einzelpropeller-280-290-sterndrive-875815\/","title":{"rendered":"Volvo Penta Aluminium Anode Einzelpropeller 280\/290 Sterndrive | 875815"},"content":{"rendered":"<p data-start=\"514\" data-end=\"881\">Die <strong>Volvo Penta Aluminium Anode Single Prop 280\/290 Sterndrive<\/strong> (OEM Teile-Nr. 875815) wurde entwickelt, um einen <strong data-start=\"626\" data-end=\"659\">zuverl\u00e4ssigen Korrosionsschutz<\/strong> f\u00fcr Ihren Volvo Penta Single Prop Z-Antrieb zu gew\u00e4hrleisten. Diese aus hochwertigem Aluminium gefertigte Anode ist f\u00fcr <strong data-start=\"766\" data-end=\"807\">Brack- und Mischwasser<\/strong> geeignet und sch\u00fctzt Ihren Z-Antrieb und den Propeller vor galvanischer Korrosion. <\/p>\n<p data-start=\"883\" data-end=\"905\"><strong data-start=\"883\" data-end=\"903\">Kompatibel mit:<\/strong><\/p>\n<ul data-start=\"906\" data-end=\"991\">\n<li data-start=\"906\" data-end=\"948\">\n<p data-start=\"908\" data-end=\"948\">Volvo Penta 280 Single Prop Sterndrive<\/p>\n<\/li>\n<li data-start=\"949\" data-end=\"991\">\n<p data-start=\"951\" data-end=\"991\">Volvo Penta 290 Single Prop Sterndrive<\/p>\n<\/li>\n<\/ul>\n<p data-start=\"993\" data-end=\"1008\"><strong data-start=\"993\" data-end=\"1006\">Material:<\/strong><\/p>\n<ul data-start=\"1009\" data-end=\"1058\">\n<li data-start=\"1009\" data-end=\"1058\">\n<p data-start=\"1011\" data-end=\"1058\">Aluminium - ideal f\u00fcr Brack- oder Mischwasser<\/p>\n<\/li>\n<\/ul>\n<p data-start=\"1060\" data-end=\"1084\"><strong data-start=\"1060\" data-end=\"1082\">OEM \/ Teilenummer:<\/strong><\/p>\n<ul data-start=\"1085\" data-end=\"1095\">\n<li data-start=\"1085\" data-end=\"1095\">\n<p data-start=\"1087\" data-end=\"1095\">875815<\/p>\n<\/li>\n<\/ul>\n<p data-start=\"1097\" data-end=\"1116\"><strong data-start=\"1097\" data-end=\"1114\">Wichtige Merkmale:<\/strong><\/p>\n<ul data-start=\"1117\" data-end=\"1331\">\n<li data-start=\"1117\" data-end=\"1172\">\n<p data-start=\"1119\" data-end=\"1172\">Aluminium Anode f\u00fcr 280\/290 Einzelpropeller Z-Antriebe<\/p>\n<\/li>\n<li data-start=\"1173\" data-end=\"1235\">\n<p data-start=\"1175\" data-end=\"1235\">Bietet Korrosionsschutz f\u00fcr Z-Antrieb und Propeller<\/p>\n<\/li>\n<li data-start=\"1236\" data-end=\"1288\">\n<p data-start=\"1238\" data-end=\"1288\">Strapazierf\u00e4hig und langlebig f\u00fcr Meeresumgebungen<\/p>\n<\/li>\n<li data-start=\"1289\" data-end=\"1331\">\n<p data-start=\"1291\" data-end=\"1331\">Einfache Installation mit pr\u00e4ziser OEM-Passform<\/p>\n<\/li>\n<\/ul>\n<p data-start=\"1333\" data-end=\"1549\"><strong data-start=\"1333\" data-end=\"1359\">Warum sollten Sie sich f\u00fcr diese Anode entscheiden:<\/strong><br data-start=\"1359\" data-end=\"1362\">Die Verwendung einer richtig bemessenen Aluminiumanode sorgt daf\u00fcr, dass Ihr Heckantrieb vor galvanischer Korrosion gesch\u00fctzt bleibt, was die Wartungskosten senkt und die Lebensdauer Ihrer Schiffsausr\u00fcstung verl\u00e4ngert.<\/p>\n<h3 data-start=\"1556\" data-end=\"1582\"><\/h3>\n","protected":false},"excerpt":{"rendered":"<p>Die Volvo Penta Aluminium Anode Single Prop 280\/290 Sterndrive (OEM Teile-Nr. 875815) wurde entwickelt, um einen zuverl\u00e4ssigen Korrosionsschutz f\u00fcr Ihren Volvo Penta Single Prop Z-Antrieb zu gew\u00e4hrleisten. Diese aus hochwertigem Aluminium gefertigte Anode ist f\u00fcr Brack- und Mischwasser geeignet und sch\u00fctzt Ihren Z-Antrieb und den Propeller vor galvanischer Korrosion. Kompatibel mit: Volvo Penta 280 Single [&hellip;]<\/p>\n","protected":false},"featured_media":44227,"comment_status":"open","ping_status":"closed","template":"","meta":[],"product_brand":[4230],"product_cat":[3286,4488,2498,4308,4523],"product_tag":[],"class_list":{"0":"post-44226","1":"product","2":"type-product","3":"status-publish","4":"has-post-thumbnail","6":"product_brand-volvo-penta","7":"product_cat-anoden","8":"product_cat-brauchen-sie-volvo-penta-teile","9":"product_cat-ersatzteile-fur-motoren","10":"product_cat-volvo-penta","11":"product_cat-volvo-penta-anoden","12":"pa_condition-neu","13":"pa_oem-or-aftermarket-aftermarket","15":"first","16":"onbackorder","17":"taxable","18":"shipping-taxable","19":"purchasable","20":"product-type-simple"},"supplier_id":45614,"supplier_sku":"00703AL","barcode":null,"atum_controlled":true,"out_stock_date":"2025-11-28 11:07:03","out_stock_threshold":null,"inheritable":false,"inbound_stock":0,"stock_on_hold":0,"sold_today":0,"sales_last_days":0,"reserved_stock":0,"customer_returns":0,"warehouse_damage":0,"lost_in_post":0,"other_logs":0,"out_stock_days":61,"lost_sales":0,"has_location":false,"update_date":"2026-01-29T09:10:32","atum_locations":[],"atum_stock_status":"onbackorder","restock_status":false,"low_stock_amount":1,"sales_update_date":"2026-01-29T09:10:32","calc_backorders":null,"_links":{"self":[{"href":"https:\/\/mps.digital-monkey.in\/de\/wp-json\/wp\/v2\/product\/44226","targetHints":{"allow":["GET"]}}],"collection":[{"href":"https:\/\/mps.digital-monkey.in\/de\/wp-json\/wp\/v2\/product"}],"about":[{"href":"https:\/\/mps.digital-monkey.in\/de\/wp-json\/wp\/v2\/types\/product"}],"replies":[{"embeddable":true,"href":"https:\/\/mps.digital-monkey.in\/de\/wp-json\/wp\/v2\/comments?post=44226"}],"wp:featuredmedia":[{"embeddable":true,"href":"https:\/\/mps.digital-monkey.in\/de\/wp-json\/wp\/v2\/media\/44227"}],"wp:attachment":[{"href":"https:\/\/mps.digital-monkey.in\/de\/wp-json\/wp\/v2\/media?parent=44226"}],"wp:term":[{"taxonomy":"product_brand","embeddable":true,"href":"https:\/\/mps.digital-monkey.in\/de\/wp-json\/wp\/v2\/product_brand?post=44226"},{"taxonomy":"product_cat","embeddable":true,"href":"https:\/\/mps.digital-monkey.in\/de\/wp-json\/wp\/v2\/product_cat?post=44226"},{"taxonomy":"product_tag","embeddable":true,"href":"https:\/\/mps.digital-monkey.in\/de\/wp-json\/wp\/v2\/product_tag?post=44226"}],"curies":[{"name":"wp","href":"https:\/\/api.w.org\/{rel}","templated":true}]}}