{"id":44252,"date":"2025-11-29T09:22:56","date_gmt":"2025-11-29T09:22:56","guid":{"rendered":"https:\/\/mps.digital-monkey.in\/product\/volvo-penta-zinkanode-280-290-einzelpropeller-sterndrive-875815\/"},"modified":"2025-12-18T10:35:55","modified_gmt":"2025-12-18T10:35:55","slug":"volvo-penta-zinkanode-280-290-einzelpropeller-sterndrive-875815","status":"publish","type":"product","link":"https:\/\/mps.digital-monkey.in\/de\/produkt\/volvo-penta-zinkanode-280-290-einzelpropeller-sterndrive-875815\/","title":{"rendered":"Volvo Penta Zinkanode 280\/290 Einzelpropeller Sterndrive | 875815"},"content":{"rendered":"<p data-start=\"514\" data-end=\"882\">Die <strong data-start=\"518\" data-end=\"575\">Volvo Penta Zinkanode f\u00fcr 280\/290 Single Prop Sterndrives<\/strong> (OEM-Teil Nr. 875815) bietet zuverl\u00e4ssigen <strong data-start=\"617\" data-end=\"641\">Korrosionsschutz<\/strong> f\u00fcr Volvo Penta Single Prop Sterndrives in <strong data-start=\"685\" data-end=\"711\">Salzwasserumgebungen<\/strong>. Diese Anode aus hochwertigem Zink verhindert galvanische Korrosion am Z-Antrieb, am Propeller und an anderen untergetauchten Komponenten und tr\u00e4gt so zu einer optimalen Leistung bei. <\/p>\n<p data-start=\"884\" data-end=\"906\"><strong data-start=\"884\" data-end=\"904\">Kompatibel mit:<\/strong><\/p>\n<ul data-start=\"907\" data-end=\"992\">\n<li data-start=\"907\" data-end=\"949\">\n<p data-start=\"909\" data-end=\"949\">Volvo Penta 280 Single Prop Sterndrive<\/p>\n<\/li>\n<li data-start=\"950\" data-end=\"992\">\n<p data-start=\"952\" data-end=\"992\">Volvo Penta 290 Single Prop Sterndrive<\/p>\n<\/li>\n<\/ul>\n<p data-start=\"994\" data-end=\"1009\"><strong data-start=\"994\" data-end=\"1007\">Material:<\/strong><\/p>\n<ul data-start=\"1010\" data-end=\"1053\">\n<li data-start=\"1010\" data-end=\"1053\">\n<p data-start=\"1012\" data-end=\"1053\">Zink - ideal f\u00fcr Salzwasseranwendungen<\/p>\n<\/li>\n<\/ul>\n<p data-start=\"1055\" data-end=\"1079\"><strong data-start=\"1055\" data-end=\"1077\">OEM \/ Teilenummer:<\/strong><\/p>\n<ul data-start=\"1080\" data-end=\"1090\">\n<li data-start=\"1080\" data-end=\"1090\">\n<p data-start=\"1082\" data-end=\"1090\">875815<\/p>\n<\/li>\n<\/ul>\n<p data-start=\"1092\" data-end=\"1111\"><strong data-start=\"1092\" data-end=\"1109\">Wichtige Merkmale:<\/strong><\/p>\n<ul data-start=\"1112\" data-end=\"1306\">\n<li data-start=\"1112\" data-end=\"1162\">\n<p data-start=\"1114\" data-end=\"1162\">Zinkanode f\u00fcr 280\/290 Einzelpropeller Z-Antriebe<\/p>\n<\/li>\n<li data-start=\"1163\" data-end=\"1225\">\n<p data-start=\"1165\" data-end=\"1225\">Sch\u00fctzt Z-Antrieb und Propeller vor Salzwasser-Korrosion<\/p>\n<\/li>\n<li data-start=\"1226\" data-end=\"1272\">\n<p data-start=\"1228\" data-end=\"1272\">Strapazierf\u00e4higer und lang anhaltender Schutz f\u00fcr die Seefahrt<\/p>\n<\/li>\n<li data-start=\"1273\" data-end=\"1306\">\n<p data-start=\"1275\" data-end=\"1306\">OEM Passform f\u00fcr einfache Installation<\/p>\n<\/li>\n<\/ul>\n<p data-start=\"1308\" data-end=\"1521\"><strong data-start=\"1308\" data-end=\"1334\">Warum sollten Sie diese Anode w\u00e4hlen:<\/strong><br data-start=\"1334\" data-end=\"1337\">Die Verwendung einer Zinkanode im Salzwasser sorgt daf\u00fcr, dass Ihr Z-Antrieb vor galvanischer Korrosion gesch\u00fctzt bleibt, was die Lebensdauer Ihres Volvo Penta Z-Antriebs verl\u00e4ngert und die Wartungskosten minimiert.<\/p>\n<h3 data-start=\"1528\" data-end=\"1554\"><\/h3>\n","protected":false},"excerpt":{"rendered":"<p>Die Volvo Penta Zinkanode f\u00fcr 280\/290 Single Prop Sterndrives (OEM-Teil Nr. 875815) bietet zuverl\u00e4ssigen Korrosionsschutz f\u00fcr Volvo Penta Single Prop Sterndrives in Salzwasserumgebungen. Diese Anode aus hochwertigem Zink verhindert galvanische Korrosion am Z-Antrieb, am Propeller und an anderen untergetauchten Komponenten und tr\u00e4gt so zu einer optimalen Leistung bei. Kompatibel mit: Volvo Penta 280 Single Prop [&hellip;]<\/p>\n","protected":false},"featured_media":44253,"comment_status":"open","ping_status":"closed","template":"","meta":[],"product_brand":[4230],"product_cat":[3286,4488,2498,4308,4523],"product_tag":[],"class_list":{"0":"post-44252","1":"product","2":"type-product","3":"status-publish","4":"has-post-thumbnail","6":"product_brand-volvo-penta","7":"product_cat-anoden","8":"product_cat-brauchen-sie-volvo-penta-teile","9":"product_cat-ersatzteile-fur-motoren","10":"product_cat-volvo-penta","11":"product_cat-volvo-penta-anoden","12":"pa_condition-neu","13":"pa_oem-or-aftermarket-aftermarket","15":"first","16":"onbackorder","17":"taxable","18":"shipping-taxable","19":"purchasable","20":"product-type-simple"},"supplier_id":45614,"supplier_sku":"00703","barcode":null,"atum_controlled":true,"out_stock_date":"2025-11-29 09:22:59","out_stock_threshold":null,"inheritable":false,"inbound_stock":0,"stock_on_hold":0,"sold_today":0,"sales_last_days":0,"reserved_stock":0,"customer_returns":0,"warehouse_damage":0,"lost_in_post":0,"other_logs":0,"out_stock_days":60,"lost_sales":0,"has_location":false,"update_date":"2026-01-29T09:10:57","atum_locations":[],"atum_stock_status":"onbackorder","restock_status":false,"low_stock_amount":1,"sales_update_date":"2026-01-29T09:10:57","calc_backorders":null,"_links":{"self":[{"href":"https:\/\/mps.digital-monkey.in\/de\/wp-json\/wp\/v2\/product\/44252","targetHints":{"allow":["GET"]}}],"collection":[{"href":"https:\/\/mps.digital-monkey.in\/de\/wp-json\/wp\/v2\/product"}],"about":[{"href":"https:\/\/mps.digital-monkey.in\/de\/wp-json\/wp\/v2\/types\/product"}],"replies":[{"embeddable":true,"href":"https:\/\/mps.digital-monkey.in\/de\/wp-json\/wp\/v2\/comments?post=44252"}],"wp:featuredmedia":[{"embeddable":true,"href":"https:\/\/mps.digital-monkey.in\/de\/wp-json\/wp\/v2\/media\/44253"}],"wp:attachment":[{"href":"https:\/\/mps.digital-monkey.in\/de\/wp-json\/wp\/v2\/media?parent=44252"}],"wp:term":[{"taxonomy":"product_brand","embeddable":true,"href":"https:\/\/mps.digital-monkey.in\/de\/wp-json\/wp\/v2\/product_brand?post=44252"},{"taxonomy":"product_cat","embeddable":true,"href":"https:\/\/mps.digital-monkey.in\/de\/wp-json\/wp\/v2\/product_cat?post=44252"},{"taxonomy":"product_tag","embeddable":true,"href":"https:\/\/mps.digital-monkey.in\/de\/wp-json\/wp\/v2\/product_tag?post=44252"}],"curies":[{"name":"wp","href":"https:\/\/api.w.org\/{rel}","templated":true}]}}