{"id":44272,"date":"2025-11-29T10:01:07","date_gmt":"2025-11-29T10:01:07","guid":{"rendered":"https:\/\/mps.digital-monkey.in\/product\/volvo-penta-290-duo-propellerring-anode-zink-875821\/"},"modified":"2025-12-18T10:35:59","modified_gmt":"2025-12-18T10:35:59","slug":"volvo-penta-290-duo-propellerring-anode-zink-875821","status":"publish","type":"product","link":"https:\/\/mps.digital-monkey.in\/de\/produkt\/volvo-penta-290-duo-propellerring-anode-zink-875821\/","title":{"rendered":"Volvo Penta 290 Duo Propellerring Anode Zink | 875821"},"content":{"rendered":"<p data-start=\"544\" data-end=\"867\">Die <strong data-start=\"548\" data-end=\"601\">Volvo Penta 290 Duo Prop Zinkringanode (875821)<\/strong> bietet einen wesentlichen Korrosionsschutz f\u00fcr alle Volvo Penta 290 Duo Prop Au\u00dfenantriebe. Diese Zinkringanode wurde f\u00fcr eine optimale Leistung in <strong data-start=\"727\" data-end=\"753\">Salzwasserumgebungen<\/strong> entwickelt und hilft, galvanische Korrosion an Ihrem Z-Antrieb, den Propellern und den Komponenten der unteren Einheit zu verhindern. <\/p>\n<p data-start=\"869\" data-end=\"1060\">Die 875821 Ringanode wird nach den Original-Spezifikationen hergestellt und gew\u00e4hrleistet eine perfekte Passform und eine einfache Installation - so wird Ihr Au\u00dfenborder gesch\u00fctzt und seine Lebensdauer verl\u00e4ngert.<\/p>\n<p data-start=\"1062\" data-end=\"1084\"><strong data-start=\"1062\" data-end=\"1082\">Kompatibel mit:<\/strong><\/p>\n<ul data-start=\"1085\" data-end=\"1136\">\n<li data-start=\"1085\" data-end=\"1136\">\n<p data-start=\"1087\" data-end=\"1136\">Volvo Penta 290 Duo Prop Au\u00dfenbordmotoren<\/p>\n<\/li>\n<\/ul>\n<p data-start=\"1138\" data-end=\"1153\"><strong data-start=\"1138\" data-end=\"1151\">Material:<\/strong><\/p>\n<ul data-start=\"1154\" data-end=\"1188\">\n<li data-start=\"1154\" data-end=\"1188\">\n<p data-start=\"1156\" data-end=\"1188\">Zink (empfohlen f\u00fcr Salzwasser)<\/p>\n<\/li>\n<\/ul>\n<p data-start=\"1190\" data-end=\"1219\"><strong data-start=\"1190\" data-end=\"1217\">OEM \/ Referenznummer:<\/strong><\/p>\n<ul data-start=\"1220\" data-end=\"1228\">\n<li data-start=\"1220\" data-end=\"1228\">\n<p data-start=\"1222\" data-end=\"1228\">875821<\/p>\n<\/li>\n<\/ul>\n<p data-start=\"1230\" data-end=\"1245\"><strong data-start=\"1230\" data-end=\"1243\">Merkmale:<\/strong><\/p>\n<ul data-start=\"1246\" data-end=\"1414\">\n<li data-start=\"1246\" data-end=\"1302\">\n<p data-start=\"1248\" data-end=\"1302\">Hochwertige Zinkringanode f\u00fcr 290 Duo Prop Antriebe<\/p>\n<\/li>\n<li data-start=\"1303\" data-end=\"1343\">\n<p data-start=\"1305\" data-end=\"1343\">Sch\u00fctzt vor Korrosion durch Salzwasser<\/p>\n<\/li>\n<li data-start=\"1344\" data-end=\"1370\">\n<p data-start=\"1346\" data-end=\"1370\">Direkt passender Ersatz<\/p>\n<\/li>\n<li data-start=\"1371\" data-end=\"1414\">\n<p data-start=\"1373\" data-end=\"1414\">Langlebige und zuverl\u00e4ssige Legierung in Marinequalit\u00e4t<\/p>\n<\/li>\n<\/ul>\n<p data-start=\"1416\" data-end=\"1526\">Um die beste Leistung zu erzielen, sollten Sie Ihre Anoden regelm\u00e4\u00dfig \u00fcberpr\u00fcfen und sie ersetzen, wenn sie zu mehr als 50% verbraucht sind.<\/p>\n","protected":false},"excerpt":{"rendered":"<p>Die Volvo Penta 290 Duo Prop Zinkringanode (875821) bietet einen wesentlichen Korrosionsschutz f\u00fcr alle Volvo Penta 290 Duo Prop Au\u00dfenantriebe. Diese Zinkringanode wurde f\u00fcr eine optimale Leistung in Salzwasserumgebungen entwickelt und hilft, galvanische Korrosion an Ihrem Z-Antrieb, den Propellern und den Komponenten der unteren Einheit zu verhindern. Die 875821 Ringanode wird nach den Original-Spezifikationen hergestellt [&hellip;]<\/p>\n","protected":false},"featured_media":44274,"comment_status":"open","ping_status":"closed","template":"","meta":[],"product_brand":[4230],"product_cat":[3286,4488,2498,4308,4523],"product_tag":[],"class_list":{"0":"post-44272","1":"product","2":"type-product","3":"status-publish","4":"has-post-thumbnail","6":"product_brand-volvo-penta","7":"product_cat-anoden","8":"product_cat-brauchen-sie-volvo-penta-teile","9":"product_cat-ersatzteile-fur-motoren","10":"product_cat-volvo-penta","11":"product_cat-volvo-penta-anoden","12":"pa_condition-neu","13":"pa_oem-or-aftermarket-aftermarket","15":"first","16":"onbackorder","17":"sale","18":"taxable","19":"shipping-taxable","20":"purchasable","21":"product-type-simple"},"supplier_id":45614,"supplier_sku":"00704BIS","barcode":null,"atum_controlled":true,"out_stock_date":"2025-11-29 10:01:11","out_stock_threshold":null,"inheritable":false,"inbound_stock":0,"stock_on_hold":0,"sold_today":0,"sales_last_days":0,"reserved_stock":0,"customer_returns":0,"warehouse_damage":0,"lost_in_post":0,"other_logs":0,"out_stock_days":60,"lost_sales":0,"has_location":false,"update_date":"2026-01-29T09:10:32","atum_locations":[],"atum_stock_status":"onbackorder","restock_status":false,"low_stock_amount":1,"sales_update_date":"2026-01-29T09:10:32","calc_backorders":null,"_links":{"self":[{"href":"https:\/\/mps.digital-monkey.in\/de\/wp-json\/wp\/v2\/product\/44272","targetHints":{"allow":["GET"]}}],"collection":[{"href":"https:\/\/mps.digital-monkey.in\/de\/wp-json\/wp\/v2\/product"}],"about":[{"href":"https:\/\/mps.digital-monkey.in\/de\/wp-json\/wp\/v2\/types\/product"}],"replies":[{"embeddable":true,"href":"https:\/\/mps.digital-monkey.in\/de\/wp-json\/wp\/v2\/comments?post=44272"}],"wp:featuredmedia":[{"embeddable":true,"href":"https:\/\/mps.digital-monkey.in\/de\/wp-json\/wp\/v2\/media\/44274"}],"wp:attachment":[{"href":"https:\/\/mps.digital-monkey.in\/de\/wp-json\/wp\/v2\/media?parent=44272"}],"wp:term":[{"taxonomy":"product_brand","embeddable":true,"href":"https:\/\/mps.digital-monkey.in\/de\/wp-json\/wp\/v2\/product_brand?post=44272"},{"taxonomy":"product_cat","embeddable":true,"href":"https:\/\/mps.digital-monkey.in\/de\/wp-json\/wp\/v2\/product_cat?post=44272"},{"taxonomy":"product_tag","embeddable":true,"href":"https:\/\/mps.digital-monkey.in\/de\/wp-json\/wp\/v2\/product_tag?post=44272"}],"curies":[{"name":"wp","href":"https:\/\/api.w.org\/{rel}","templated":true}]}}