{"id":44301,"date":"2025-11-29T10:50:37","date_gmt":"2025-11-29T10:50:37","guid":{"rendered":"https:\/\/mps.digital-monkey.in\/product\/volvo-penta-290-duo-propellerring-anode-magnesium-875821\/"},"modified":"2025-12-18T10:36:16","modified_gmt":"2025-12-18T10:36:16","slug":"volvo-penta-290-duo-propellerring-anode-magnesium-875821","status":"publish","type":"product","link":"https:\/\/mps.digital-monkey.in\/de\/product\/volvo-penta-290-duo-propellerring-anode-magnesium-875821\/","title":{"rendered":"Volvo Penta 290 Duo Propellerring Anode Magnesium | 875821"},"content":{"rendered":"<p data-start=\"443\" data-end=\"770\">Die <strong data-start=\"447\" data-end=\"496\">Volvo Penta 290 Duo Prop Ringanode Magnesium<\/strong> (Art.-Nr. 875821MG) bietet optimalen Korrosionsschutz f\u00fcr <strong data-start=\"559\" data-end=\"573\">S\u00fc\u00dfwasserumgebungen<\/strong>. Diese Magnesiumanode wurde f\u00fcr die perfekte Kompatibilit\u00e4t mit Volvo Penta 290 Duo Prop Au\u00dfenantrieben entwickelt und sch\u00fctzt das Propellerwellengeh\u00e4use und die Antriebskomponenten vor galvanischer Korrosion. <\/p>\n<p data-start=\"772\" data-end=\"794\"><strong data-start=\"772\" data-end=\"792\">Kompatibel mit:<\/strong><\/p>\n<ul data-start=\"795\" data-end=\"831\">\n<li data-start=\"795\" data-end=\"831\">\n<p data-start=\"797\" data-end=\"831\">Volvo Penta 290 Duo Prop-Au\u00dfenbordmotoren<\/p>\n<\/li>\n<\/ul>\n<p data-start=\"833\" data-end=\"848\"><strong data-start=\"833\" data-end=\"846\">Material:<\/strong><\/p>\n<ul data-start=\"849\" data-end=\"897\">\n<li data-start=\"849\" data-end=\"897\">\n<p data-start=\"851\" data-end=\"897\"><strong data-start=\"851\" data-end=\"864\">Magnesium<\/strong> &#8211; Empfohlen f\u00fcr die Verwendung in S\u00fc\u00dfwasser<\/p>\n<\/li>\n<\/ul>\n<p data-start=\"899\" data-end=\"917\"><strong data-start=\"899\" data-end=\"915\">Teilenummer:<\/strong><\/p>\n<ul data-start=\"918\" data-end=\"966\">\n<li data-start=\"918\" data-end=\"966\">\n<p data-start=\"920\" data-end=\"966\">875821<\/p>\n<\/li>\n<\/ul>\n<h3 data-start=\"968\" data-end=\"988\">Wesentliche Merkmale<\/h3>\n<ul data-start=\"989\" data-end=\"1227\">\n<li data-start=\"989\" data-end=\"1032\">\n<p data-start=\"991\" data-end=\"1032\">Magnesium-Anode f\u00fcr 290 Duo Prop-Antriebe<\/p>\n<\/li>\n<li data-start=\"1033\" data-end=\"1080\">\n<p data-start=\"1035\" data-end=\"1080\">Bester Korrosionsschutz in <strong data-start=\"1064\" data-end=\"1078\">S\u00fc\u00dfwasser<\/strong><\/p>\n<\/li>\n<li data-start=\"1081\" data-end=\"1150\">\n<p data-start=\"1083\" data-end=\"1150\">Verl\u00e4ngert die Lebensdauer von Propellern und Z-Antriebskomponenten<\/p>\n<\/li>\n<li data-start=\"1151\" data-end=\"1182\">\n<p data-start=\"1153\" data-end=\"1182\">Einfache OEM-Montage<\/p>\n<\/li>\n<li data-start=\"1183\" data-end=\"1227\">\n<p data-start=\"1185\" data-end=\"1227\">Sorgt f\u00fcr optimale Effizienz und Zuverl\u00e4ssigkeit<\/p>\n<\/li>\n<\/ul>\n<h3 data-start=\"1229\" data-end=\"1253\">Empfohlene Verwendung<\/h3>\n<p data-start=\"1254\" data-end=\"1438\">W\u00e4hlen Sie Magnesiumanoden, wenn Ihr Boot haupts\u00e4chlich in <strong data-start=\"1310\" data-end=\"1361\">Seen, Fl\u00fcssen oder anderen S\u00fc\u00dfwasserumgebungen<\/strong> eingesetzt wird. F\u00fcr Brackwasser w\u00e4hlen Sie <strong data-start=\"1389\" data-end=\"1402\">Aluminium<\/strong> und f\u00fcr Salzwasser w\u00e4hlen Sie <strong data-start=\"1429\" data-end=\"1437\">Zink<\/strong>. <\/p>\n","protected":false},"excerpt":{"rendered":"<p>Die Volvo Penta 290 Duo Prop Ringanode Magnesium (Art.-Nr. 875821MG) bietet optimalen Korrosionsschutz f\u00fcr S\u00fc\u00dfwasserumgebungen. Diese Magnesiumanode wurde f\u00fcr die perfekte Kompatibilit\u00e4t mit Volvo Penta 290 Duo Prop Au\u00dfenantrieben entwickelt und sch\u00fctzt das Propellerwellengeh\u00e4use und die Antriebskomponenten vor galvanischer Korrosion. Kompatibel mit: Volvo Penta 290 Duo Prop-Au\u00dfenbordmotoren Material: Magnesium &#8211; Empfohlen f\u00fcr die Verwendung in [&hellip;]<\/p>\n","protected":false},"featured_media":44302,"comment_status":"open","ping_status":"closed","template":"","meta":[],"product_brand":[4230],"product_cat":[3286,4488,2498,4308,4523],"product_tag":[],"class_list":{"0":"post-44301","1":"product","2":"type-product","3":"status-publish","4":"has-post-thumbnail","6":"product_brand-volvo-penta","7":"product_cat-anoden","8":"product_cat-brauchen-sie-volvo-penta-teile","9":"product_cat-ersatzteile-fur-motoren","10":"product_cat-volvo-penta","11":"product_cat-volvo-penta-anoden","12":"pa_condition-neu","13":"pa_oem-or-aftermarket-aftermarket","15":"first","16":"onbackorder","17":"sale","18":"taxable","19":"shipping-taxable","20":"purchasable","21":"product-type-simple"},"supplier_id":45614,"supplier_sku":"00704BISMG","barcode":null,"atum_controlled":true,"out_stock_date":"2025-11-29 10:50:40","out_stock_threshold":null,"inheritable":false,"inbound_stock":0,"stock_on_hold":0,"sold_today":0,"sales_last_days":0,"reserved_stock":0,"customer_returns":0,"warehouse_damage":0,"lost_in_post":0,"other_logs":0,"out_stock_days":60,"lost_sales":0,"has_location":false,"update_date":"2026-01-29T09:10:25","atum_locations":[],"atum_stock_status":"onbackorder","restock_status":false,"low_stock_amount":1,"sales_update_date":"2026-01-29T09:10:25","calc_backorders":null,"_links":{"self":[{"href":"https:\/\/mps.digital-monkey.in\/de\/wp-json\/wp\/v2\/product\/44301","targetHints":{"allow":["GET"]}}],"collection":[{"href":"https:\/\/mps.digital-monkey.in\/de\/wp-json\/wp\/v2\/product"}],"about":[{"href":"https:\/\/mps.digital-monkey.in\/de\/wp-json\/wp\/v2\/types\/product"}],"replies":[{"embeddable":true,"href":"https:\/\/mps.digital-monkey.in\/de\/wp-json\/wp\/v2\/comments?post=44301"}],"wp:featuredmedia":[{"embeddable":true,"href":"https:\/\/mps.digital-monkey.in\/de\/wp-json\/wp\/v2\/media\/44302"}],"wp:attachment":[{"href":"https:\/\/mps.digital-monkey.in\/de\/wp-json\/wp\/v2\/media?parent=44301"}],"wp:term":[{"taxonomy":"product_brand","embeddable":true,"href":"https:\/\/mps.digital-monkey.in\/de\/wp-json\/wp\/v2\/product_brand?post=44301"},{"taxonomy":"product_cat","embeddable":true,"href":"https:\/\/mps.digital-monkey.in\/de\/wp-json\/wp\/v2\/product_cat?post=44301"},{"taxonomy":"product_tag","embeddable":true,"href":"https:\/\/mps.digital-monkey.in\/de\/wp-json\/wp\/v2\/product_tag?post=44301"}],"curies":[{"name":"wp","href":"https:\/\/api.w.org\/{rel}","templated":true}]}}