{"id":44991,"date":"2025-12-03T08:52:57","date_gmt":"2025-12-03T08:52:57","guid":{"rendered":"https:\/\/mps.digital-monkey.in\/product\/yanmar-3jh3e-3jh4e-wartungssatz-sk-marine-007-g\/"},"modified":"2025-12-03T08:53:56","modified_gmt":"2025-12-03T08:53:56","slug":"yanmar-3jh3e-3jh4e-wartungssatz-sk-marine-007-g","status":"publish","type":"product","link":"https:\/\/mps.digital-monkey.in\/de\/produkt\/yanmar-3jh3e-3jh4e-wartungssatz-sk-marine-007-g\/","title":{"rendered":"Yanmar 3JH3E 3JH4E Wartungssatz - SK-MARINE-007-G"},"content":{"rendered":"<p><strong>Yanmar 3JH3E 3JH4E Wartungssatz - SK-MARINE-007-G<\/strong><\/p>\n<p><strong>Dieses Set besteht aus:<\/strong><\/p>\n<ul>\n<li>\u00d6lfilter<\/li>\n<li>Kraftstofffilter<\/li>\n<li>O-Ring f\u00fcr Kraftstofffilter<\/li>\n<li>Impeller und Dichtung<\/li>\n<\/ul>\n<p>&nbsp;<\/p>\n<p><strong>Bestellen Sie bei Bedarf separat:<\/strong><\/p>\n<p>Luftfilter<\/p>\n<p>Keilriemen<\/p>\n<p>Motor\u00f6l &amp; Getriebe- oder Saillantriebs\u00f6l<\/p>\n","protected":false},"excerpt":{"rendered":"<p>Yanmar 3JH3E 3JH4E Wartungssatz - SK-MARINE-007-G Dieses Set besteht aus: \u00d6lfilter Kraftstofffilter O-Ring f\u00fcr Kraftstofffilter Impeller und Dichtung &nbsp; Bestellen Sie bei Bedarf separat: Luftfilter Keilriemen Motor\u00f6l &amp; Getriebe- oder Saillantriebs\u00f6l<\/p>\n","protected":false},"featured_media":44992,"comment_status":"open","ping_status":"closed","template":"","meta":[],"product_brand":[4236],"product_cat":[2498,3202,4441,4531,4532],"product_tag":[],"class_list":{"0":"post-44991","1":"product","2":"type-product","3":"status-publish","4":"has-post-thumbnail","6":"product_brand-yanmar","7":"product_cat-ersatzteile-fur-motoren","8":"product_cat-service-kits","9":"product_cat-yanmar","10":"product_cat-yanmar-service-teile","11":"product_cat-yanmar-service-kits","12":"pa_condition-neu","13":"pa_model-3jh3","14":"pa_model-3jh3e","15":"pa_model-3jh4e","16":"pa_oem-or-aftermarket-aftermarket","18":"first","19":"instock","20":"taxable","21":"shipping-taxable","22":"purchasable","23":"product-type-simple"},"supplier_id":7294,"supplier_sku":"RECSKMARINE007G","barcode":null,"atum_controlled":true,"out_stock_date":null,"out_stock_threshold":null,"inheritable":false,"inbound_stock":0,"stock_on_hold":0,"sold_today":0,"sales_last_days":0,"reserved_stock":0,"customer_returns":0,"warehouse_damage":0,"lost_in_post":0,"other_logs":0,"out_stock_days":0,"lost_sales":0,"has_location":false,"update_date":"2026-01-29T09:11:17","atum_locations":[],"atum_stock_status":"instock","restock_status":false,"low_stock_amount":1,"sales_update_date":"2026-01-29T09:11:17","calc_backorders":null,"_links":{"self":[{"href":"https:\/\/mps.digital-monkey.in\/de\/wp-json\/wp\/v2\/product\/44991","targetHints":{"allow":["GET"]}}],"collection":[{"href":"https:\/\/mps.digital-monkey.in\/de\/wp-json\/wp\/v2\/product"}],"about":[{"href":"https:\/\/mps.digital-monkey.in\/de\/wp-json\/wp\/v2\/types\/product"}],"replies":[{"embeddable":true,"href":"https:\/\/mps.digital-monkey.in\/de\/wp-json\/wp\/v2\/comments?post=44991"}],"wp:featuredmedia":[{"embeddable":true,"href":"https:\/\/mps.digital-monkey.in\/de\/wp-json\/wp\/v2\/media\/44992"}],"wp:attachment":[{"href":"https:\/\/mps.digital-monkey.in\/de\/wp-json\/wp\/v2\/media?parent=44991"}],"wp:term":[{"taxonomy":"product_brand","embeddable":true,"href":"https:\/\/mps.digital-monkey.in\/de\/wp-json\/wp\/v2\/product_brand?post=44991"},{"taxonomy":"product_cat","embeddable":true,"href":"https:\/\/mps.digital-monkey.in\/de\/wp-json\/wp\/v2\/product_cat?post=44991"},{"taxonomy":"product_tag","embeddable":true,"href":"https:\/\/mps.digital-monkey.in\/de\/wp-json\/wp\/v2\/product_tag?post=44991"}],"curies":[{"name":"wp","href":"https:\/\/api.w.org\/{rel}","templated":true}]}}