{"id":45076,"date":"2025-12-03T13:19:23","date_gmt":"2025-12-03T13:19:23","guid":{"rendered":"https:\/\/mps.digital-monkey.in\/product\/volvo-penta-852835-aluminium-anode-fuer-280-290-duo-prop-antriebe\/"},"modified":"2025-12-18T10:31:13","modified_gmt":"2025-12-18T10:31:13","slug":"volvo-penta-852835-aluminium-anode-fuer-280-290-duo-prop-antriebe","status":"publish","type":"product","link":"https:\/\/mps.digital-monkey.in\/de\/produkt\/volvo-penta-852835-aluminium-anode-fuer-280-290-duo-prop-antriebe\/","title":{"rendered":"Volvo Penta 852835 Aluminium-Anode f\u00fcr 280-290 Duo-Prop-Antriebe"},"content":{"rendered":"<p data-start=\"2545\" data-end=\"2834\">Die Volvo Penta 852835 Aluminiumanode wurde f\u00fcr die <strong data-start=\"2602\" data-end=\"2626\">280 und 290 Duo Prop<\/strong> Au\u00dfenbordmotoren entwickelt und bietet hocheffizienten Korrosionsschutz in <strong data-start=\"2689\" data-end=\"2728\">Brack- und Mischwasser<\/strong>. Aluminiumanoden halten l\u00e4nger als herk\u00f6mmliches Zink und bieten eine bessere Leistung bei unterschiedlichen Salzgehalten. <\/p>\n<p data-start=\"2836\" data-end=\"3071\">Diese nach OEM-Spezifikationen gefertigte Aluminiumanode ist ein direkter Ersatz f\u00fcr das Volvo Penta Originalteil Nummer <strong data-start=\"2958\" data-end=\"2968\">852835<\/strong>. Sie l\u00e4sst sich leicht einbauen und gew\u00e4hrleistet den vollst\u00e4ndigen Schutz Ihres Duo Prop-Geh\u00e4uses und der Propellerkomponenten. <\/p>\n<h3 data-start=\"3073\" data-end=\"3091\"><strong data-start=\"3077\" data-end=\"3089\">Eigenschaften<\/strong><\/h3>\n<ul data-start=\"3092\" data-end=\"3280\">\n<li data-start=\"3092\" data-end=\"3115\">\n<p data-start=\"3094\" data-end=\"3115\">Material: Aluminium<\/p>\n<\/li>\n<li data-start=\"3116\" data-end=\"3151\">\n<p data-start=\"3118\" data-end=\"3151\">OEM-\u00c4quivalentteil: <strong data-start=\"3139\" data-end=\"3149\">852835<\/strong><\/p>\n<\/li>\n<li data-start=\"3152\" data-end=\"3184\">\n<p data-start=\"3154\" data-end=\"3184\">L\u00e4ngere Lebensdauer als Zinkanoden<\/p>\n<\/li>\n<li data-start=\"3185\" data-end=\"3230\">\n<p data-start=\"3187\" data-end=\"3230\">Ideal f\u00fcr die Brackwasser- und Mischwasserschifffahrt<\/p>\n<\/li>\n<li data-start=\"3231\" data-end=\"3280\">\n<p data-start=\"3233\" data-end=\"3280\">Passgenauigkeit f\u00fcr Volvo Penta Duo Prop-Antriebe<\/p>\n<\/li>\n<\/ul>\n<h3 data-start=\"3282\" data-end=\"3307\"><strong data-start=\"3286\" data-end=\"3305\">Kompatibel mit<\/strong><\/h3>\n<ul data-start=\"3308\" data-end=\"3371\">\n<li data-start=\"3308\" data-end=\"3340\">\n<p data-start=\"3310\" data-end=\"3340\"><strong data-start=\"3310\" data-end=\"3338\">Volvo Penta 280 Duo Propeller<\/strong><\/p>\n<\/li>\n<li data-start=\"3341\" data-end=\"3371\">\n<p data-start=\"3343\" data-end=\"3371\"><strong data-start=\"3343\" data-end=\"3371\">Volvo Penta 290 Duo Propeller<\/strong><\/p>\n<\/li>\n<\/ul>\n<p data-start=\"3373\" data-end=\"3577\">Der regelm\u00e4\u00dfige Austausch der Anode ist unerl\u00e4sslich, um galvanische Korrosion zu verhindern und die strukturelle Integrit\u00e4t des Z-Antriebs zu sch\u00fctzen. Aluminium ist eine perfekte Allround-Option f\u00fcr Boote, die unter wechselnden Wasserbedingungen eingesetzt werden. <\/p>\n","protected":false},"excerpt":{"rendered":"<p>Die Volvo Penta 852835 Aluminiumanode wurde f\u00fcr die 280 und 290 Duo Prop Au\u00dfenbordmotoren entwickelt und bietet hocheffizienten Korrosionsschutz in Brack- und Mischwasser. Aluminiumanoden halten l\u00e4nger als herk\u00f6mmliches Zink und bieten eine bessere Leistung bei unterschiedlichen Salzgehalten. Diese nach OEM-Spezifikationen gefertigte Aluminiumanode ist ein direkter Ersatz f\u00fcr das Volvo Penta Originalteil Nummer 852835. Sie l\u00e4sst [&hellip;]<\/p>\n","protected":false},"featured_media":45078,"comment_status":"open","ping_status":"closed","template":"","meta":[],"product_brand":[4230],"product_cat":[3286,4488,2498,4308,4523],"product_tag":[],"class_list":{"0":"post-45076","1":"product","2":"type-product","3":"status-publish","4":"has-post-thumbnail","6":"product_brand-volvo-penta","7":"product_cat-anoden","8":"product_cat-brauchen-sie-volvo-penta-teile","9":"product_cat-ersatzteile-fur-motoren","10":"product_cat-volvo-penta","11":"product_cat-volvo-penta-anoden","12":"pa_condition-neu","13":"pa_oem-or-aftermarket-aftermarket","15":"first","16":"onbackorder","17":"sale","18":"taxable","19":"shipping-taxable","20":"purchasable","21":"product-type-simple"},"supplier_id":45614,"supplier_sku":"00708AL","barcode":null,"atum_controlled":true,"out_stock_date":"2025-12-03 13:19:27","out_stock_threshold":null,"inheritable":false,"inbound_stock":0,"stock_on_hold":0,"sold_today":0,"sales_last_days":0,"reserved_stock":0,"customer_returns":0,"warehouse_damage":0,"lost_in_post":0,"other_logs":0,"out_stock_days":56,"lost_sales":0,"has_location":false,"update_date":"2026-01-29T09:10:25","atum_locations":[],"atum_stock_status":"onbackorder","restock_status":false,"low_stock_amount":1,"sales_update_date":"2026-01-29T09:10:25","calc_backorders":null,"_links":{"self":[{"href":"https:\/\/mps.digital-monkey.in\/de\/wp-json\/wp\/v2\/product\/45076","targetHints":{"allow":["GET"]}}],"collection":[{"href":"https:\/\/mps.digital-monkey.in\/de\/wp-json\/wp\/v2\/product"}],"about":[{"href":"https:\/\/mps.digital-monkey.in\/de\/wp-json\/wp\/v2\/types\/product"}],"replies":[{"embeddable":true,"href":"https:\/\/mps.digital-monkey.in\/de\/wp-json\/wp\/v2\/comments?post=45076"}],"wp:featuredmedia":[{"embeddable":true,"href":"https:\/\/mps.digital-monkey.in\/de\/wp-json\/wp\/v2\/media\/45078"}],"wp:attachment":[{"href":"https:\/\/mps.digital-monkey.in\/de\/wp-json\/wp\/v2\/media?parent=45076"}],"wp:term":[{"taxonomy":"product_brand","embeddable":true,"href":"https:\/\/mps.digital-monkey.in\/de\/wp-json\/wp\/v2\/product_brand?post=45076"},{"taxonomy":"product_cat","embeddable":true,"href":"https:\/\/mps.digital-monkey.in\/de\/wp-json\/wp\/v2\/product_cat?post=45076"},{"taxonomy":"product_tag","embeddable":true,"href":"https:\/\/mps.digital-monkey.in\/de\/wp-json\/wp\/v2\/product_tag?post=45076"}],"curies":[{"name":"wp","href":"https:\/\/api.w.org\/{rel}","templated":true}]}}