{"id":45091,"date":"2025-12-03T13:25:27","date_gmt":"2025-12-03T13:25:27","guid":{"rendered":"https:\/\/mps.digital-monkey.in\/product\/volvo-penta-852835-magnesium-anode-fuer-280-290-duo-prop-aussenantriebe\/"},"modified":"2025-12-18T10:31:18","modified_gmt":"2025-12-18T10:31:18","slug":"volvo-penta-852835-magnesium-anode-fuer-280-290-duo-prop-aussenantriebe","status":"publish","type":"product","link":"https:\/\/mps.digital-monkey.in\/de\/produkt\/volvo-penta-852835-magnesium-anode-fuer-280-290-duo-prop-aussenantriebe\/","title":{"rendered":"Volvo Penta 852835 Magnesium-Anode f\u00fcr 280-290 Duo Prop-Au\u00dfenantriebe"},"content":{"rendered":"<p data-start=\"4098\" data-end=\"4398\">Die Volvo Penta 852835 Magnesiumanode wurde speziell f\u00fcr den <strong data-start=\"4166\" data-end=\"4190\">S\u00fc\u00dfwasserbetrieb<\/strong> von Volvo Penta 280 und 290 Duo Prop Au\u00dfenbordern entwickelt. Magnesium bietet den h\u00f6chsten Opferschutz in S\u00fc\u00dfwasser mit geringer Leitf\u00e4higkeit und verhindert Korrosion, wo Zink und Aluminium weniger effektiv sind. <\/p>\n<p data-start=\"4400\" data-end=\"4651\">Diese Anode entspricht der Volvo Penta OEM-Nummer <strong data-start=\"4442\" data-end=\"4452\">852835<\/strong> und wird als direktes Ersatzteil mit perfekter Passgenauigkeit eingebaut. Die Verwendung des richtigen Anodenmaterials f\u00fcr S\u00fc\u00dfwasserumgebungen ist entscheidend f\u00fcr den Schutz Ihres Heckantriebs und die Gew\u00e4hrleistung einer langfristigen Zuverl\u00e4ssigkeit. <\/p>\n<h3 data-start=\"4653\" data-end=\"4671\"><strong data-start=\"4657\" data-end=\"4669\">Eigenschaften<\/strong><\/h3>\n<ul data-start=\"4672\" data-end=\"4851\">\n<li data-start=\"4672\" data-end=\"4695\">\n<p data-start=\"4674\" data-end=\"4695\">Material: Magnesium<\/p>\n<\/li>\n<li data-start=\"4696\" data-end=\"4726\">\n<p data-start=\"4698\" data-end=\"4726\">OEM-\u00c4quivalent: <strong data-start=\"4714\" data-end=\"4724\">852835<\/strong><\/p>\n<\/li>\n<li data-start=\"4727\" data-end=\"4769\">\n<p data-start=\"4729\" data-end=\"4769\">Beste Wahl f\u00fcr die <strong data-start=\"4745\" data-end=\"4759\">S\u00fc\u00dfwasserschifffahrt<\/strong> <\/p>\n<\/li>\n<li data-start=\"4770\" data-end=\"4811\">\n<p data-start=\"4772\" data-end=\"4811\">Bietet maximalen Korrosionsschutz<\/p>\n<\/li>\n<li data-start=\"4812\" data-end=\"4851\">\n<p data-start=\"4814\" data-end=\"4851\">Passend f\u00fcr Volvo Penta Duo Prop Au\u00dfenborder<\/p>\n<\/li>\n<\/ul>\n<h3 data-start=\"4853\" data-end=\"4878\"><strong data-start=\"4857\" data-end=\"4876\">Kompatibel mit<\/strong><\/h3>\n<ul data-start=\"4879\" data-end=\"4942\">\n<li data-start=\"4879\" data-end=\"4911\">\n<p data-start=\"4881\" data-end=\"4911\"><strong data-start=\"4881\" data-end=\"4909\">Volvo Penta 280 Duo Propeller<\/strong><\/p>\n<\/li>\n<li data-start=\"4912\" data-end=\"4942\">\n<p data-start=\"4914\" data-end=\"4942\"><strong data-start=\"4914\" data-end=\"4942\">Volvo Penta 290 Duo Propeller<\/strong><\/p>\n<\/li>\n<\/ul>\n<p data-start=\"4944\" data-end=\"5068\">Magnesiumanoden sollten j\u00e4hrlich oder bei erheblicher Verschlechterung ausgetauscht werden, um einen gleichbleibenden Korrosionsschutz zu gew\u00e4hrleisten.<\/p>\n","protected":false},"excerpt":{"rendered":"<p>Die Volvo Penta 852835 Magnesiumanode wurde speziell f\u00fcr den S\u00fc\u00dfwasserbetrieb von Volvo Penta 280 und 290 Duo Prop Au\u00dfenbordern entwickelt. Magnesium bietet den h\u00f6chsten Opferschutz in S\u00fc\u00dfwasser mit geringer Leitf\u00e4higkeit und verhindert Korrosion, wo Zink und Aluminium weniger effektiv sind. Diese Anode entspricht der Volvo Penta OEM-Nummer 852835 und wird als direktes Ersatzteil mit perfekter [&hellip;]<\/p>\n","protected":false},"featured_media":45092,"comment_status":"open","ping_status":"closed","template":"","meta":[],"product_brand":[4230],"product_cat":[3286,4488,2498,4308,4523],"product_tag":[],"class_list":{"0":"post-45091","1":"product","2":"type-product","3":"status-publish","4":"has-post-thumbnail","6":"product_brand-volvo-penta","7":"product_cat-anoden","8":"product_cat-brauchen-sie-volvo-penta-teile","9":"product_cat-ersatzteile-fur-motoren","10":"product_cat-volvo-penta","11":"product_cat-volvo-penta-anoden","12":"pa_condition-neu","13":"pa_oem-or-aftermarket-aftermarket","15":"first","16":"onbackorder","17":"sale","18":"taxable","19":"shipping-taxable","20":"purchasable","21":"product-type-simple"},"supplier_id":45614,"supplier_sku":"00708MG","barcode":null,"atum_controlled":true,"out_stock_date":"2025-12-03 13:25:32","out_stock_threshold":null,"inheritable":false,"inbound_stock":0,"stock_on_hold":0,"sold_today":0,"sales_last_days":0,"reserved_stock":0,"customer_returns":0,"warehouse_damage":0,"lost_in_post":0,"other_logs":0,"out_stock_days":56,"lost_sales":0,"has_location":false,"update_date":"2026-01-29T09:10:44","atum_locations":[],"atum_stock_status":"onbackorder","restock_status":false,"low_stock_amount":1,"sales_update_date":"2026-01-29T09:10:44","calc_backorders":null,"_links":{"self":[{"href":"https:\/\/mps.digital-monkey.in\/de\/wp-json\/wp\/v2\/product\/45091","targetHints":{"allow":["GET"]}}],"collection":[{"href":"https:\/\/mps.digital-monkey.in\/de\/wp-json\/wp\/v2\/product"}],"about":[{"href":"https:\/\/mps.digital-monkey.in\/de\/wp-json\/wp\/v2\/types\/product"}],"replies":[{"embeddable":true,"href":"https:\/\/mps.digital-monkey.in\/de\/wp-json\/wp\/v2\/comments?post=45091"}],"wp:featuredmedia":[{"embeddable":true,"href":"https:\/\/mps.digital-monkey.in\/de\/wp-json\/wp\/v2\/media\/45092"}],"wp:attachment":[{"href":"https:\/\/mps.digital-monkey.in\/de\/wp-json\/wp\/v2\/media?parent=45091"}],"wp:term":[{"taxonomy":"product_brand","embeddable":true,"href":"https:\/\/mps.digital-monkey.in\/de\/wp-json\/wp\/v2\/product_brand?post=45091"},{"taxonomy":"product_cat","embeddable":true,"href":"https:\/\/mps.digital-monkey.in\/de\/wp-json\/wp\/v2\/product_cat?post=45091"},{"taxonomy":"product_tag","embeddable":true,"href":"https:\/\/mps.digital-monkey.in\/de\/wp-json\/wp\/v2\/product_tag?post=45091"}],"curies":[{"name":"wp","href":"https:\/\/api.w.org\/{rel}","templated":true}]}}