{"id":45101,"date":"2025-12-03T13:43:00","date_gmt":"2025-12-03T13:43:00","guid":{"rendered":"https:\/\/mps.digital-monkey.in\/product\/volvo-penta-kleine-klappschilder-110s-120s-s-b-s-c-zink-paar-852018\/"},"modified":"2025-12-18T10:31:26","modified_gmt":"2025-12-18T10:31:26","slug":"volvo-penta-kleine-klappschilder-110s-120s-s-b-s-c-zink-paar-852018","status":"publish","type":"product","link":"https:\/\/mps.digital-monkey.in\/de\/product\/volvo-penta-kleine-klappschilder-110s-120s-s-b-s-c-zink-paar-852018\/","title":{"rendered":"Volvo Penta Kleine Klappschilder 110S\/120S S-B, S-C Zink (Paar) | 852018"},"content":{"rendered":"<p data-start=\"531\" data-end=\"858\">Die <strong data-start=\"535\" data-end=\"600\">Volvo Penta Small Folding Plates 110\/120 S-B, S-C Zinc (Paar)<\/strong> (OEM 852018) sind f\u00fcr <strong data-start=\"632\" data-end=\"695\">maximalen Schutz und Haltbarkeit in Salzwasserumgebungen<\/strong> konzipiert. Diese paarweise verkauften Zinkplatten sind f\u00fcr die <strong data-start=\"759\" data-end=\"803\">Modelle 110 und 120 Saildrive S-B und S-C<\/strong> pr\u00e4zisionsgefertigt und gew\u00e4hrleisten einen reibungslosen Betrieb und Korrosionsbest\u00e4ndigkeit. <\/p>\n<p data-start=\"860\" data-end=\"882\"><strong data-start=\"860\" data-end=\"880\">Kompatibel mit:<\/strong><\/p>\n<ul data-start=\"883\" data-end=\"962\">\n<li data-start=\"883\" data-end=\"922\">\n<p data-start=\"885\" data-end=\"922\">Volvo Penta 110 Saildrive S-B \/ S-C<\/p>\n<\/li>\n<li data-start=\"923\" data-end=\"962\">\n<p data-start=\"925\" data-end=\"962\">Volvo Penta 120 Saildrive S-B \/ S-C<\/p>\n<\/li>\n<\/ul>\n<p data-start=\"964\" data-end=\"979\"><strong data-start=\"964\" data-end=\"977\">Material:<\/strong><\/p>\n<ul data-start=\"980\" data-end=\"1010\">\n<li data-start=\"980\" data-end=\"1010\">\n<p data-start=\"982\" data-end=\"1010\">Zink &#8211; ideal f\u00fcr Salzwasser<\/p>\n<\/li>\n<\/ul>\n<p data-start=\"1012\" data-end=\"1026\"><strong data-start=\"1012\" data-end=\"1024\">Verkauft als:<\/strong><\/p>\n<ul data-start=\"1027\" data-end=\"1046\">\n<li data-start=\"1027\" data-end=\"1046\">\n<p data-start=\"1029\" data-end=\"1046\">Paar (2 Platten)<\/p>\n<\/li>\n<\/ul>\n<p data-start=\"1048\" data-end=\"1067\"><strong data-start=\"1048\" data-end=\"1065\">Wichtige Merkmale:<\/strong><\/p>\n<ul data-start=\"1068\" data-end=\"1256\">\n<li data-start=\"1068\" data-end=\"1115\">\n<p data-start=\"1070\" data-end=\"1115\">Kleine Klappplatten aus Zink f\u00fcr den Einsatz im Salzwasser<\/p>\n<\/li>\n<li data-start=\"1116\" data-end=\"1162\">\n<p data-start=\"1118\" data-end=\"1162\">Strapazierf\u00e4higer und lang anhaltender Schutz f\u00fcr die Seefahrt<\/p>\n<\/li>\n<li data-start=\"1163\" data-end=\"1213\">\n<p data-start=\"1165\" data-end=\"1213\">OEM-Passform f\u00fcr reibungslosen Betrieb des Faltpropellers<\/p>\n<\/li>\n<li data-start=\"1214\" data-end=\"1256\">\n<p data-start=\"1216\" data-end=\"1256\">Paarweise verkauft f\u00fcr kompletten Ersatz<\/p>\n<\/li>\n<\/ul>\n","protected":false},"excerpt":{"rendered":"<p>Die Volvo Penta Small Folding Plates 110\/120 S-B, S-C Zinc (Paar) (OEM 852018) sind f\u00fcr maximalen Schutz und Haltbarkeit in Salzwasserumgebungen konzipiert. Diese paarweise verkauften Zinkplatten sind f\u00fcr die Modelle 110 und 120 Saildrive S-B und S-C pr\u00e4zisionsgefertigt und gew\u00e4hrleisten einen reibungslosen Betrieb und Korrosionsbest\u00e4ndigkeit. Kompatibel mit: Volvo Penta 110 Saildrive S-B \/ S-C Volvo [&hellip;]<\/p>\n","protected":false},"featured_media":45102,"comment_status":"open","ping_status":"closed","template":"","meta":[],"product_brand":[4230],"product_cat":[3286,4488,2498,4308,4599,4523,4574,4526],"product_tag":[],"class_list":{"0":"post-45101","1":"product","2":"type-product","3":"status-publish","4":"has-post-thumbnail","6":"product_brand-volvo-penta","7":"product_cat-anoden","8":"product_cat-brauchen-sie-volvo-penta-teile","9":"product_cat-ersatzteile-fur-motoren","10":"product_cat-volvo-penta","11":"product_cat-volvo-penta-120s-saildrive-service-teile","12":"product_cat-volvo-penta-anoden","13":"product_cat-volvo-penta-saildrive-service-teile","14":"product_cat-volvo-penta-service-teile","15":"pa_condition-neu","16":"pa_model-110s","17":"pa_model-120s","18":"pa_oem-or-aftermarket-aftermarket","20":"first","21":"onbackorder","22":"taxable","23":"shipping-taxable","24":"purchasable","25":"product-type-simple"},"supplier_id":45614,"supplier_sku":"00710","barcode":null,"atum_controlled":true,"out_stock_date":"2025-12-03 13:43:04","out_stock_threshold":null,"inheritable":false,"inbound_stock":0,"stock_on_hold":0,"sold_today":0,"sales_last_days":0,"reserved_stock":0,"customer_returns":0,"warehouse_damage":0,"lost_in_post":0,"other_logs":0,"out_stock_days":56,"lost_sales":0,"has_location":false,"update_date":"2026-01-29T09:10:11","atum_locations":[],"atum_stock_status":"onbackorder","restock_status":false,"low_stock_amount":1,"sales_update_date":"2026-01-29T09:10:11","calc_backorders":null,"_links":{"self":[{"href":"https:\/\/mps.digital-monkey.in\/de\/wp-json\/wp\/v2\/product\/45101","targetHints":{"allow":["GET"]}}],"collection":[{"href":"https:\/\/mps.digital-monkey.in\/de\/wp-json\/wp\/v2\/product"}],"about":[{"href":"https:\/\/mps.digital-monkey.in\/de\/wp-json\/wp\/v2\/types\/product"}],"replies":[{"embeddable":true,"href":"https:\/\/mps.digital-monkey.in\/de\/wp-json\/wp\/v2\/comments?post=45101"}],"wp:featuredmedia":[{"embeddable":true,"href":"https:\/\/mps.digital-monkey.in\/de\/wp-json\/wp\/v2\/media\/45102"}],"wp:attachment":[{"href":"https:\/\/mps.digital-monkey.in\/de\/wp-json\/wp\/v2\/media?parent=45101"}],"wp:term":[{"taxonomy":"product_brand","embeddable":true,"href":"https:\/\/mps.digital-monkey.in\/de\/wp-json\/wp\/v2\/product_brand?post=45101"},{"taxonomy":"product_cat","embeddable":true,"href":"https:\/\/mps.digital-monkey.in\/de\/wp-json\/wp\/v2\/product_cat?post=45101"},{"taxonomy":"product_tag","embeddable":true,"href":"https:\/\/mps.digital-monkey.in\/de\/wp-json\/wp\/v2\/product_tag?post=45101"}],"curies":[{"name":"wp","href":"https:\/\/api.w.org\/{rel}","templated":true}]}}