{"id":45119,"date":"2025-12-03T13:56:27","date_gmt":"2025-12-03T13:56:27","guid":{"rendered":"https:\/\/mps.digital-monkey.in\/product\/volvo-penta-kleine-klappteller-110s-120s-s-b-s-c-magnesium-paar-852018\/"},"modified":"2025-12-18T10:31:35","modified_gmt":"2025-12-18T10:31:35","slug":"volvo-penta-kleine-klappteller-110s-120s-s-b-s-c-magnesium-paar-852018","status":"publish","type":"product","link":"https:\/\/mps.digital-monkey.in\/de\/produkt\/volvo-penta-kleine-klappteller-110s-120s-s-b-s-c-magnesium-paar-852018\/","title":{"rendered":"Volvo Penta Kleine Klappteller 110S\/120S S-B, S-C Magnesium (Paar) | 852018"},"content":{"rendered":"<p data-start=\"2944\" data-end=\"3290\">Die <strong data-start=\"2948\" data-end=\"3018\">Volvo Penta Small Folding Plates 110\/120 S-B, S-C Magnesium (Paar)<\/strong> (OEM 852018) sind f\u00fcr <strong data-start=\"3051\" data-end=\"3110\">maximalen Korrosionsschutz in S\u00fc\u00dfwasserumgebungen<\/strong> konzipiert. Diese paarweise verkauften Magnesiumplatten sind f\u00fcr die 110 und 120 Saildrives S-B und S-C pr\u00e4zisionsgefertigt und gew\u00e4hrleisten einen reibungslosen Betrieb der Faltpropeller und eine lang anhaltende Leistung. <\/p>\n<p data-start=\"3292\" data-end=\"3307\"><strong data-start=\"3292\" data-end=\"3305\">Material:<\/strong><\/p>\n<ul data-start=\"3308\" data-end=\"3344\">\n<li data-start=\"3308\" data-end=\"3344\">\n<p data-start=\"3310\" data-end=\"3344\">Magnesium - ideal f\u00fcr S\u00fc\u00dfwasser<\/p>\n<\/li>\n<\/ul>\n<p data-start=\"3346\" data-end=\"3360\"><strong data-start=\"3346\" data-end=\"3358\">Verkauft als:<\/strong><\/p>\n<ul data-start=\"3361\" data-end=\"3380\">\n<li data-start=\"3361\" data-end=\"3380\">\n<p data-start=\"3363\" data-end=\"3380\">Paar (2 Platten)<\/p>\n<\/li>\n<\/ul>\n<p data-start=\"3382\" data-end=\"3401\"><strong data-start=\"3382\" data-end=\"3399\">Wichtige Merkmale:<\/strong><\/p>\n<ul data-start=\"3402\" data-end=\"3598\">\n<li data-start=\"3402\" data-end=\"3454\">\n<p data-start=\"3404\" data-end=\"3454\">Magnesium-Klappbleche f\u00fcr Saildrive S-B \/ S-C<\/p>\n<\/li>\n<li data-start=\"3455\" data-end=\"3502\">\n<p data-start=\"3457\" data-end=\"3502\">\u00dcberlegener Korrosionsschutz in S\u00fc\u00dfwasser<\/p>\n<\/li>\n<li data-start=\"3503\" data-end=\"3555\">\n<p data-start=\"3505\" data-end=\"3555\">OEM-Fit f\u00fcr zuverl\u00e4ssigen Betrieb des Faltpropellers<\/p>\n<\/li>\n<li data-start=\"3556\" data-end=\"3598\">\n<p data-start=\"3558\" data-end=\"3598\">Paarweise verkauft f\u00fcr kompletten Ersatz<\/p>\n<\/li>\n<\/ul>\n","protected":false},"excerpt":{"rendered":"<p>Die Volvo Penta Small Folding Plates 110\/120 S-B, S-C Magnesium (Paar) (OEM 852018) sind f\u00fcr maximalen Korrosionsschutz in S\u00fc\u00dfwasserumgebungen konzipiert. Diese paarweise verkauften Magnesiumplatten sind f\u00fcr die 110 und 120 Saildrives S-B und S-C pr\u00e4zisionsgefertigt und gew\u00e4hrleisten einen reibungslosen Betrieb der Faltpropeller und eine lang anhaltende Leistung. Material: Magnesium - ideal f\u00fcr S\u00fc\u00dfwasser Verkauft als: [&hellip;]<\/p>\n","protected":false},"featured_media":45121,"comment_status":"open","ping_status":"closed","template":"","meta":[],"product_brand":[4230],"product_cat":[3286,4488,2498,4308,4599,4523,4574,4526],"product_tag":[],"class_list":{"0":"post-45119","1":"product","2":"type-product","3":"status-publish","4":"has-post-thumbnail","6":"product_brand-volvo-penta","7":"product_cat-anoden","8":"product_cat-brauchen-sie-volvo-penta-teile","9":"product_cat-ersatzteile-fur-motoren","10":"product_cat-volvo-penta","11":"product_cat-volvo-penta-120s-saildrive-service-teile","12":"product_cat-volvo-penta-anoden","13":"product_cat-volvo-penta-saildrive-service-teile","14":"product_cat-volvo-penta-service-teile","15":"pa_condition-neu","16":"pa_model-110s","17":"pa_model-120s","18":"pa_oem-or-aftermarket-aftermarket","20":"first","21":"onbackorder","22":"sale","23":"taxable","24":"shipping-taxable","25":"purchasable","26":"product-type-simple"},"supplier_id":45614,"supplier_sku":"00710MG","barcode":null,"atum_controlled":true,"out_stock_date":"2025-12-03 13:56:32","out_stock_threshold":null,"inheritable":false,"inbound_stock":0,"stock_on_hold":0,"sold_today":0,"sales_last_days":0,"reserved_stock":0,"customer_returns":0,"warehouse_damage":0,"lost_in_post":0,"other_logs":0,"out_stock_days":56,"lost_sales":0,"has_location":false,"update_date":"2026-01-29T09:10:11","atum_locations":[],"atum_stock_status":"onbackorder","restock_status":false,"low_stock_amount":1,"sales_update_date":"2026-01-29T09:10:11","calc_backorders":null,"_links":{"self":[{"href":"https:\/\/mps.digital-monkey.in\/de\/wp-json\/wp\/v2\/product\/45119","targetHints":{"allow":["GET"]}}],"collection":[{"href":"https:\/\/mps.digital-monkey.in\/de\/wp-json\/wp\/v2\/product"}],"about":[{"href":"https:\/\/mps.digital-monkey.in\/de\/wp-json\/wp\/v2\/types\/product"}],"replies":[{"embeddable":true,"href":"https:\/\/mps.digital-monkey.in\/de\/wp-json\/wp\/v2\/comments?post=45119"}],"wp:featuredmedia":[{"embeddable":true,"href":"https:\/\/mps.digital-monkey.in\/de\/wp-json\/wp\/v2\/media\/45121"}],"wp:attachment":[{"href":"https:\/\/mps.digital-monkey.in\/de\/wp-json\/wp\/v2\/media?parent=45119"}],"wp:term":[{"taxonomy":"product_brand","embeddable":true,"href":"https:\/\/mps.digital-monkey.in\/de\/wp-json\/wp\/v2\/product_brand?post=45119"},{"taxonomy":"product_cat","embeddable":true,"href":"https:\/\/mps.digital-monkey.in\/de\/wp-json\/wp\/v2\/product_cat?post=45119"},{"taxonomy":"product_tag","embeddable":true,"href":"https:\/\/mps.digital-monkey.in\/de\/wp-json\/wp\/v2\/product_tag?post=45119"}],"curies":[{"name":"wp","href":"https:\/\/api.w.org\/{rel}","templated":true}]}}