{"id":45137,"date":"2025-12-03T14:08:49","date_gmt":"2025-12-03T14:08:49","guid":{"rendered":"https:\/\/mps.digital-monkey.in\/product\/volvo-penta-2-blatt-klapp-propellermuffe-anode-zink-3888491\/"},"modified":"2025-12-18T10:31:38","modified_gmt":"2025-12-18T10:31:38","slug":"volvo-penta-2-blatt-klapp-propellermuffe-anode-zink-3888491","status":"publish","type":"product","link":"https:\/\/mps.digital-monkey.in\/de\/produkt\/volvo-penta-2-blatt-klapp-propellermuffe-anode-zink-3888491\/","title":{"rendered":"Volvo Penta 2-Blatt-Klapp-Propellermuffe Anode Zink | 3888491"},"content":{"rendered":"<p data-start=\"479\" data-end=\"773\">Die <strong data-start=\"483\" data-end=\"542\">Volvo Penta 2-Blatt-Klapppropeller-Manschette Anode Zink<\/strong> (OEM 3888491Z) sch\u00fctzt Ihren 2-Blatt-Klapppropeller vor <strong data-start=\"603\" data-end=\"651\">galvanischer Korrosion in Salzwasserumgebung<\/strong>. Ihr robustes Design sorgt f\u00fcr lang anhaltende Leistung und zuverl\u00e4ssigen Schutz der Propellernabe und der Antriebskomponenten. <\/p>\n<p data-start=\"775\" data-end=\"797\"><strong data-start=\"775\" data-end=\"795\">Kompatibel mit:<\/strong><\/p>\n<ul data-start=\"798\" data-end=\"840\">\n<li data-start=\"798\" data-end=\"840\">\n<p data-start=\"800\" data-end=\"840\">Volvo Penta 2-Blatt-Faltpropeller<\/p>\n<\/li>\n<\/ul>\n<p data-start=\"842\" data-end=\"857\"><strong data-start=\"842\" data-end=\"855\">Material:<\/strong><\/p>\n<ul data-start=\"858\" data-end=\"888\">\n<li data-start=\"858\" data-end=\"888\">\n<p data-start=\"860\" data-end=\"888\">Zink - ideal f\u00fcr Salzwasser<\/p>\n<\/li>\n<\/ul>\n<p data-start=\"890\" data-end=\"907\"><strong data-start=\"890\" data-end=\"905\">Abmessungen:<\/strong><\/p>\n<ul data-start=\"908\" data-end=\"1008\">\n<li data-start=\"908\" data-end=\"929\">\n<p data-start=\"910\" data-end=\"929\">H\u00f6he (H): 15 mm<\/p>\n<\/li>\n<li data-start=\"930\" data-end=\"959\">\n<p data-start=\"932\" data-end=\"959\">\u00c4u\u00dferer Durchmesser (\u00d8): 65 mm<\/p>\n<\/li>\n<li data-start=\"960\" data-end=\"1008\">\n<p data-start=\"962\" data-end=\"1008\">Innendurchmesser: \u00d81 45 mm, \u00d82 10 mm, \u00d83 5 mm<\/p>\n<\/li>\n<\/ul>\n<p data-start=\"1010\" data-end=\"1029\"><strong data-start=\"1010\" data-end=\"1027\">Wichtige Merkmale:<\/strong><\/p>\n<ul data-start=\"1030\" data-end=\"1226\">\n<li data-start=\"1030\" data-end=\"1082\">\n<p data-start=\"1032\" data-end=\"1082\">Zinkkragen-Anode f\u00fcr 2-Blatt-Faltpropeller<\/p>\n<\/li>\n<li data-start=\"1083\" data-end=\"1116\">\n<p data-start=\"1085\" data-end=\"1116\">OEM-Fit f\u00fcr einfache Installation<\/p>\n<\/li>\n<li data-start=\"1117\" data-end=\"1179\">\n<p data-start=\"1119\" data-end=\"1179\">Sch\u00fctzt die Propellernabe und Antriebskomponenten vor Korrosion<\/p>\n<\/li>\n<li data-start=\"1180\" data-end=\"1226\">\n<p data-start=\"1182\" data-end=\"1226\">Strapazierf\u00e4higer und lang anhaltender Schutz f\u00fcr die Seefahrt<\/p>\n<\/li>\n<\/ul>\n","protected":false},"excerpt":{"rendered":"<p>Die Volvo Penta 2-Blatt-Klapppropeller-Manschette Anode Zink (OEM 3888491Z) sch\u00fctzt Ihren 2-Blatt-Klapppropeller vor galvanischer Korrosion in Salzwasserumgebung. Ihr robustes Design sorgt f\u00fcr lang anhaltende Leistung und zuverl\u00e4ssigen Schutz der Propellernabe und der Antriebskomponenten. Kompatibel mit: Volvo Penta 2-Blatt-Faltpropeller Material: Zink - ideal f\u00fcr Salzwasser Abmessungen: H\u00f6he (H): 15 mm \u00c4u\u00dferer Durchmesser (\u00d8): 65 mm Innendurchmesser: \u00d81 [&hellip;]<\/p>\n","protected":false},"featured_media":45138,"comment_status":"open","ping_status":"closed","template":"","meta":[],"product_brand":[4230],"product_cat":[3286,4488,2498,4308,4523,4574,4526],"product_tag":[],"class_list":{"0":"post-45137","1":"product","2":"type-product","3":"status-publish","4":"has-post-thumbnail","6":"product_brand-volvo-penta","7":"product_cat-anoden","8":"product_cat-brauchen-sie-volvo-penta-teile","9":"product_cat-ersatzteile-fur-motoren","10":"product_cat-volvo-penta","11":"product_cat-volvo-penta-anoden","12":"product_cat-volvo-penta-saildrive-service-teile","13":"product_cat-volvo-penta-service-teile","14":"pa_condition-neu","15":"pa_oem-or-aftermarket-aftermarket","17":"first","18":"onbackorder","19":"sale","20":"taxable","21":"shipping-taxable","22":"purchasable","23":"product-type-simple"},"supplier_id":45614,"supplier_sku":"00747","barcode":null,"atum_controlled":true,"out_stock_date":null,"out_stock_threshold":null,"inheritable":false,"inbound_stock":0,"stock_on_hold":1,"sold_today":0,"sales_last_days":0,"reserved_stock":0,"customer_returns":0,"warehouse_damage":0,"lost_in_post":0,"other_logs":0,"out_stock_days":0,"lost_sales":0,"has_location":false,"update_date":"2026-01-29T09:10:11","atum_locations":[],"atum_stock_status":"onbackorder","restock_status":false,"low_stock_amount":1,"sales_update_date":"2026-01-29T09:10:11","calc_backorders":-1,"_links":{"self":[{"href":"https:\/\/mps.digital-monkey.in\/de\/wp-json\/wp\/v2\/product\/45137","targetHints":{"allow":["GET"]}}],"collection":[{"href":"https:\/\/mps.digital-monkey.in\/de\/wp-json\/wp\/v2\/product"}],"about":[{"href":"https:\/\/mps.digital-monkey.in\/de\/wp-json\/wp\/v2\/types\/product"}],"replies":[{"embeddable":true,"href":"https:\/\/mps.digital-monkey.in\/de\/wp-json\/wp\/v2\/comments?post=45137"}],"wp:featuredmedia":[{"embeddable":true,"href":"https:\/\/mps.digital-monkey.in\/de\/wp-json\/wp\/v2\/media\/45138"}],"wp:attachment":[{"href":"https:\/\/mps.digital-monkey.in\/de\/wp-json\/wp\/v2\/media?parent=45137"}],"wp:term":[{"taxonomy":"product_brand","embeddable":true,"href":"https:\/\/mps.digital-monkey.in\/de\/wp-json\/wp\/v2\/product_brand?post=45137"},{"taxonomy":"product_cat","embeddable":true,"href":"https:\/\/mps.digital-monkey.in\/de\/wp-json\/wp\/v2\/product_cat?post=45137"},{"taxonomy":"product_tag","embeddable":true,"href":"https:\/\/mps.digital-monkey.in\/de\/wp-json\/wp\/v2\/product_tag?post=45137"}],"curies":[{"name":"wp","href":"https:\/\/api.w.org\/{rel}","templated":true}]}}