{"id":45160,"date":"2025-12-03T14:27:16","date_gmt":"2025-12-03T14:27:16","guid":{"rendered":"https:\/\/mps.digital-monkey.in\/product\/volvo-penta-2-blatt-klapp-propeller-kragen-anode-aluminium-3888491\/"},"modified":"2025-12-18T10:31:47","modified_gmt":"2025-12-18T10:31:47","slug":"volvo-penta-2-blatt-klapp-propeller-kragen-anode-aluminium-3888491","status":"publish","type":"product","link":"https:\/\/mps.digital-monkey.in\/de\/produkt\/volvo-penta-2-blatt-klapp-propeller-kragen-anode-aluminium-3888491\/","title":{"rendered":"Volvo Penta 2-Blatt-Klapp-Propeller-Kragen Anode Aluminium | 3888491"},"content":{"rendered":"<p data-start=\"1734\" data-end=\"2029\">Die <strong data-start=\"1738\" data-end=\"1802\">Volvo Penta 2-Blatt-Klapp-Propellernabe Anode Aluminium<\/strong> (OEM 3888491) bietet <strong data-start=\"1828\" data-end=\"1902\">zuverl\u00e4ssigen Korrosionsschutz in Brack- und Mischwasserumgebungen<\/strong>. Sie wurde f\u00fcr 2-Blatt-Klapppropeller entwickelt und sch\u00fctzt die Propellernabe und die Antriebskomponenten f\u00fcr eine lang anhaltende Leistung. <\/p>\n<p data-start=\"2031\" data-end=\"2046\"><strong data-start=\"2031\" data-end=\"2044\">Material:<\/strong><\/p>\n<ul data-start=\"2047\" data-end=\"2096\">\n<li data-start=\"2047\" data-end=\"2096\">\n<p data-start=\"2049\" data-end=\"2096\">Aluminium - geeignet f\u00fcr Brack-\/Mischwasser<\/p>\n<\/li>\n<\/ul>\n<p data-start=\"2098\" data-end=\"2115\"><strong data-start=\"2098\" data-end=\"2113\">Abmessungen:<\/strong><\/p>\n<ul data-start=\"2116\" data-end=\"2216\">\n<li data-start=\"2116\" data-end=\"2137\">\n<p data-start=\"2118\" data-end=\"2137\">H\u00f6he (H): 15 mm<\/p>\n<\/li>\n<li data-start=\"2138\" data-end=\"2167\">\n<p data-start=\"2140\" data-end=\"2167\">\u00c4u\u00dferer Durchmesser (\u00d8): 65 mm<\/p>\n<\/li>\n<li data-start=\"2168\" data-end=\"2216\">\n<p data-start=\"2170\" data-end=\"2216\">Innendurchmesser: \u00d81 45 mm, \u00d82 10 mm, \u00d83 5 mm<\/p>\n<\/li>\n<\/ul>\n<p data-start=\"2218\" data-end=\"2237\"><strong data-start=\"2218\" data-end=\"2235\">Wichtige Merkmale:<\/strong><\/p>\n<ul data-start=\"2238\" data-end=\"2407\">\n<li data-start=\"2238\" data-end=\"2295\">\n<p data-start=\"2240\" data-end=\"2295\">Aluminium-Kragenanode f\u00fcr 2-Blatt-Faltpropeller<\/p>\n<\/li>\n<li data-start=\"2296\" data-end=\"2329\">\n<p data-start=\"2298\" data-end=\"2329\">OEM-Fit f\u00fcr einfache Installation<\/p>\n<\/li>\n<li data-start=\"2330\" data-end=\"2377\">\n<p data-start=\"2332\" data-end=\"2377\">Sch\u00fctzt Propellernabe und Antriebskomponenten<\/p>\n<\/li>\n<li data-start=\"2378\" data-end=\"2407\">\n<p data-start=\"2380\" data-end=\"2407\">Dauerhafter Schutz f\u00fcr die Seefahrt<\/p>\n<\/li>\n<\/ul>\n","protected":false},"excerpt":{"rendered":"<p>Die Volvo Penta 2-Blatt-Klapp-Propellernabe Anode Aluminium (OEM 3888491) bietet zuverl\u00e4ssigen Korrosionsschutz in Brack- und Mischwasserumgebungen. Sie wurde f\u00fcr 2-Blatt-Klapppropeller entwickelt und sch\u00fctzt die Propellernabe und die Antriebskomponenten f\u00fcr eine lang anhaltende Leistung. Material: Aluminium - geeignet f\u00fcr Brack-\/Mischwasser Abmessungen: H\u00f6he (H): 15 mm \u00c4u\u00dferer Durchmesser (\u00d8): 65 mm Innendurchmesser: \u00d81 45 mm, \u00d82 10 mm, [&hellip;]<\/p>\n","protected":false},"featured_media":45161,"comment_status":"open","ping_status":"closed","template":"","meta":[],"product_brand":[4230],"product_cat":[3286,4488,2498,4308,4523,4526],"product_tag":[],"class_list":{"0":"post-45160","1":"product","2":"type-product","3":"status-publish","4":"has-post-thumbnail","6":"product_brand-volvo-penta","7":"product_cat-anoden","8":"product_cat-brauchen-sie-volvo-penta-teile","9":"product_cat-ersatzteile-fur-motoren","10":"product_cat-volvo-penta","11":"product_cat-volvo-penta-anoden","12":"product_cat-volvo-penta-service-teile","13":"pa_condition-neu","14":"pa_oem-or-aftermarket-aftermarket","16":"first","17":"onbackorder","18":"sale","19":"taxable","20":"shipping-taxable","21":"purchasable","22":"product-type-simple"},"supplier_id":45614,"supplier_sku":"00747AL","barcode":null,"atum_controlled":true,"out_stock_date":"2025-12-12 09:34:39","out_stock_threshold":null,"inheritable":false,"inbound_stock":0,"stock_on_hold":0,"sold_today":0,"sales_last_days":0,"reserved_stock":0,"customer_returns":0,"warehouse_damage":0,"lost_in_post":0,"other_logs":0,"out_stock_days":47,"lost_sales":0,"has_location":false,"update_date":"2026-01-29T09:10:11","atum_locations":[],"atum_stock_status":"onbackorder","restock_status":false,"low_stock_amount":1,"sales_update_date":"2026-01-29T09:10:11","calc_backorders":0,"_links":{"self":[{"href":"https:\/\/mps.digital-monkey.in\/de\/wp-json\/wp\/v2\/product\/45160","targetHints":{"allow":["GET"]}}],"collection":[{"href":"https:\/\/mps.digital-monkey.in\/de\/wp-json\/wp\/v2\/product"}],"about":[{"href":"https:\/\/mps.digital-monkey.in\/de\/wp-json\/wp\/v2\/types\/product"}],"replies":[{"embeddable":true,"href":"https:\/\/mps.digital-monkey.in\/de\/wp-json\/wp\/v2\/comments?post=45160"}],"wp:featuredmedia":[{"embeddable":true,"href":"https:\/\/mps.digital-monkey.in\/de\/wp-json\/wp\/v2\/media\/45161"}],"wp:attachment":[{"href":"https:\/\/mps.digital-monkey.in\/de\/wp-json\/wp\/v2\/media?parent=45160"}],"wp:term":[{"taxonomy":"product_brand","embeddable":true,"href":"https:\/\/mps.digital-monkey.in\/de\/wp-json\/wp\/v2\/product_brand?post=45160"},{"taxonomy":"product_cat","embeddable":true,"href":"https:\/\/mps.digital-monkey.in\/de\/wp-json\/wp\/v2\/product_cat?post=45160"},{"taxonomy":"product_tag","embeddable":true,"href":"https:\/\/mps.digital-monkey.in\/de\/wp-json\/wp\/v2\/product_tag?post=45160"}],"curies":[{"name":"wp","href":"https:\/\/api.w.org\/{rel}","templated":true}]}}