{"id":45241,"date":"2025-12-12T12:45:58","date_gmt":"2025-12-12T12:45:58","guid":{"rendered":"https:\/\/mps.digital-monkey.in\/product\/schlauchschelle-aus-edelstahl-8-12-mm\/"},"modified":"2025-12-12T12:45:58","modified_gmt":"2025-12-12T12:45:58","slug":"schlauchschelle-aus-edelstahl-8-12-mm","status":"publish","type":"product","link":"https:\/\/mps.digital-monkey.in\/de\/product\/schlauchschelle-aus-edelstahl-8-12-mm\/","title":{"rendered":"Schlauchschelle aus Edelstahl 8-12 mm"},"content":{"rendered":"<p data-start=\"541\" data-end=\"854\">Die <strong data-start=\"545\" data-end=\"583\">Edelstahl-Schlauchschelle 8-12 mm<\/strong> ist f\u00fcr die sichere Befestigung von Schl\u00e4uchen, Rohren und Schl\u00e4uchen in einer Vielzahl von Anwendungen konzipiert. Diese aus hochwertigem Edelstahl gefertigte Schlauchschelle bietet eine ausgezeichnete Korrosionsbest\u00e4ndigkeit und ist daher f\u00fcr die <strong data-start=\"802\" data-end=\"853\">Schifffahrt, die Automobilindustrie und industrielle Umgebungen<\/strong> geeignet. <\/p>\n<p data-start=\"856\" data-end=\"1129\">Mit einem einstellbaren Klemmbereich von <strong data-start=\"893\" data-end=\"907\">8 bis 12 mm<\/strong> sorgt diese Schlauchschelle f\u00fcr eine feste und zuverl\u00e4ssige Abdichtung, ohne das Schlauchmaterial zu besch\u00e4digen. Sie ist ideal f\u00fcr den Einsatz an Kraftstoffleitungen, K\u00fchlschl\u00e4uchen, Wasserschl\u00e4uchen und Bel\u00fcftungssystemen, bei denen es auf Haltbarkeit und Zuverl\u00e4ssigkeit ankommt. <\/p>\n<h3 data-start=\"1131\" data-end=\"1153\"><strong data-start=\"1135\" data-end=\"1153\">Spezifikationen<\/strong><\/h3>\n<ul data-start=\"1154\" data-end=\"1264\">\n<li data-start=\"1154\" data-end=\"1187\">\n<p data-start=\"1156\" data-end=\"1187\"><strong data-start=\"1156\" data-end=\"1169\">Material:<\/strong> Rostfreier Stahl<\/p>\n<\/li>\n<li data-start=\"1188\" data-end=\"1219\">\n<p data-start=\"1190\" data-end=\"1219\"><strong data-start=\"1190\" data-end=\"1209\">Klemmbereich:<\/strong> 8-12 mm<\/p>\n<\/li>\n<\/ul>\n<h3 data-start=\"1266\" data-end=\"1286\"><strong data-start=\"1270\" data-end=\"1286\">Wesentliche Merkmale<\/strong><\/h3>\n<ul data-start=\"1287\" data-end=\"1507\">\n<li data-start=\"1287\" data-end=\"1339\">\n<p data-start=\"1289\" data-end=\"1339\">Korrosionsbest\u00e4ndige Konstruktion aus rostfreiem Stahl<\/p>\n<\/li>\n<li data-start=\"1340\" data-end=\"1376\">\n<p data-start=\"1342\" data-end=\"1376\">Starke und sichere Klemmkraft<\/p>\n<\/li>\n<li data-start=\"1377\" data-end=\"1420\">\n<p data-start=\"1379\" data-end=\"1420\">Einstellbare Passform f\u00fcr pr\u00e4zise Installation<\/p>\n<\/li>\n<li data-start=\"1421\" data-end=\"1476\">\n<p data-start=\"1423\" data-end=\"1476\">Geeignet f\u00fcr den Einsatz in der Schifffahrt, im Automobilbereich und in der Industrie<\/p>\n<\/li>\n<li data-start=\"1477\" data-end=\"1507\">\n<p data-start=\"1479\" data-end=\"1507\">Einfach zu installieren und zu entfernen<\/p>\n<\/li>\n<\/ul>\n","protected":false},"excerpt":{"rendered":"<p>Die Edelstahl-Schlauchschelle 8-12 mm ist f\u00fcr die sichere Befestigung von Schl\u00e4uchen, Rohren und Schl\u00e4uchen in einer Vielzahl von Anwendungen konzipiert. Diese aus hochwertigem Edelstahl gefertigte Schlauchschelle bietet eine ausgezeichnete Korrosionsbest\u00e4ndigkeit und ist daher f\u00fcr die Schifffahrt, die Automobilindustrie und industrielle Umgebungen geeignet. Mit einem einstellbaren Klemmbereich von 8 bis 12 mm sorgt diese Schlauchschelle f\u00fcr [&hellip;]<\/p>\n","protected":false},"featured_media":45242,"comment_status":"open","ping_status":"closed","template":"","meta":[],"product_brand":[],"product_cat":[3596,4110],"product_tag":[],"class_list":{"0":"post-45241","1":"product","2":"type-product","3":"status-publish","4":"has-post-thumbnail","6":"product_cat-schlauche-und-armaturen","7":"product_cat-um-den-motor-herum","9":"first","10":"instock","11":"taxable","12":"shipping-taxable","13":"purchasable","14":"product-type-simple"},"supplier_id":7294,"supplier_sku":"GS38300","barcode":null,"atum_controlled":true,"out_stock_date":null,"out_stock_threshold":null,"inheritable":false,"inbound_stock":0,"stock_on_hold":0,"sold_today":0,"sales_last_days":0,"reserved_stock":0,"customer_returns":0,"warehouse_damage":0,"lost_in_post":0,"other_logs":0,"out_stock_days":0,"lost_sales":0,"has_location":false,"update_date":"2026-01-29T09:09:19","atum_locations":[],"atum_stock_status":"instock","restock_status":false,"low_stock_amount":5,"sales_update_date":"2026-01-29T09:09:19","calc_backorders":null,"_links":{"self":[{"href":"https:\/\/mps.digital-monkey.in\/de\/wp-json\/wp\/v2\/product\/45241","targetHints":{"allow":["GET"]}}],"collection":[{"href":"https:\/\/mps.digital-monkey.in\/de\/wp-json\/wp\/v2\/product"}],"about":[{"href":"https:\/\/mps.digital-monkey.in\/de\/wp-json\/wp\/v2\/types\/product"}],"replies":[{"embeddable":true,"href":"https:\/\/mps.digital-monkey.in\/de\/wp-json\/wp\/v2\/comments?post=45241"}],"wp:featuredmedia":[{"embeddable":true,"href":"https:\/\/mps.digital-monkey.in\/de\/wp-json\/wp\/v2\/media\/45242"}],"wp:attachment":[{"href":"https:\/\/mps.digital-monkey.in\/de\/wp-json\/wp\/v2\/media?parent=45241"}],"wp:term":[{"taxonomy":"product_brand","embeddable":true,"href":"https:\/\/mps.digital-monkey.in\/de\/wp-json\/wp\/v2\/product_brand?post=45241"},{"taxonomy":"product_cat","embeddable":true,"href":"https:\/\/mps.digital-monkey.in\/de\/wp-json\/wp\/v2\/product_cat?post=45241"},{"taxonomy":"product_tag","embeddable":true,"href":"https:\/\/mps.digital-monkey.in\/de\/wp-json\/wp\/v2\/product_tag?post=45241"}],"curies":[{"name":"wp","href":"https:\/\/api.w.org\/{rel}","templated":true}]}}