{"id":45251,"date":"2025-12-12T12:54:02","date_gmt":"2025-12-12T12:54:02","guid":{"rendered":"https:\/\/mps.digital-monkey.in\/product\/edelstahl-schlauchschelle-10-16-mm\/"},"modified":"2025-12-12T12:54:02","modified_gmt":"2025-12-12T12:54:02","slug":"edelstahl-schlauchschelle-10-16-mm","status":"publish","type":"product","link":"https:\/\/mps.digital-monkey.in\/de\/product\/edelstahl-schlauchschelle-10-16-mm\/","title":{"rendered":"Edelstahl-Schlauchschelle 10-16 mm"},"content":{"rendered":"<p data-start=\"511\" data-end=\"813\">Die <strong data-start=\"515\" data-end=\"554\">Edelstahl-Schlauchschelle 10-16 mm<\/strong> ist f\u00fcr die zuverl\u00e4ssige und sichere Befestigung von Schl\u00e4uchen und Rohren in anspruchsvollen Umgebungen konzipiert. Diese aus hochwertigem Edelstahl gefertigte Schlauchschelle bietet eine ausgezeichnete Korrosionsbest\u00e4ndigkeit und ist daher ideal f\u00fcr die <strong data-start=\"770\" data-end=\"812\">Schifffahrt, die Automobilindustrie und die Industrie geeignet<\/strong>. <\/p>\n<p data-start=\"815\" data-end=\"1083\">Mit einem einstellbaren Klemmbereich von <strong data-start=\"852\" data-end=\"867\">10 bis 16 mm<\/strong> bietet diese Schelle eine starke und gleichm\u00e4\u00dfige Anzugskraft, ohne den Schlauch zu besch\u00e4digen. Sie eignet sich f\u00fcr Kraftstoffleitungen, K\u00fchlsysteme, Wasserschl\u00e4uche und Bel\u00fcftungsanwendungen, bei denen es auf Haltbarkeit und Sicherheit ankommt. <\/p>\n<h3 data-start=\"1085\" data-end=\"1107\"><strong data-start=\"1089\" data-end=\"1107\">Spezifikationen<\/strong><\/h3>\n<ul data-start=\"1108\" data-end=\"1219\">\n<li data-start=\"1108\" data-end=\"1141\">\n<p data-start=\"1110\" data-end=\"1141\"><strong data-start=\"1110\" data-end=\"1123\">Material:<\/strong> Rostfreier Stahl<\/p>\n<\/li>\n<li data-start=\"1142\" data-end=\"1174\">\n<p data-start=\"1144\" data-end=\"1174\"><strong data-start=\"1144\" data-end=\"1163\">Einspannbereich:<\/strong> 10-16 mm<\/p>\n<\/li>\n<li data-start=\"1175\" data-end=\"1219\">\n<p data-start=\"1177\" data-end=\"1219\"><strong data-start=\"1177\" data-end=\"1193\">Anwendung:<\/strong> Schlauch- und Rohrbefestigung<\/p>\n<\/li>\n<\/ul>\n<h3 data-start=\"1221\" data-end=\"1241\"><strong data-start=\"1225\" data-end=\"1241\">Wesentliche Merkmale<\/strong><\/h3>\n<ul data-start=\"1242\" data-end=\"1463\">\n<li data-start=\"1242\" data-end=\"1294\">\n<p data-start=\"1244\" data-end=\"1294\">Korrosionsbest\u00e4ndige Konstruktion aus rostfreiem Stahl<\/p>\n<\/li>\n<li data-start=\"1295\" data-end=\"1333\">\n<p data-start=\"1297\" data-end=\"1333\">Starke und zuverl\u00e4ssige Klemmkraft<\/p>\n<\/li>\n<li data-start=\"1334\" data-end=\"1364\">\n<p data-start=\"1336\" data-end=\"1364\">Einstellbar f\u00fcr pr\u00e4zise Passform<\/p>\n<\/li>\n<li data-start=\"1365\" data-end=\"1429\">\n<p data-start=\"1367\" data-end=\"1429\">Geeignet f\u00fcr die Schifffahrt, die Automobilindustrie und industrielle Umgebungen<\/p>\n<\/li>\n<li data-start=\"1430\" data-end=\"1463\">\n<p data-start=\"1432\" data-end=\"1463\">Einfache Installation und Entfernung<\/p>\n<\/li>\n<\/ul>\n<p data-start=\"1465\" data-end=\"1595\">Die <strong data-start=\"1469\" data-end=\"1508\">Edelstahl-Schlauchschelle 10-16 mm<\/strong> ist eine zuverl\u00e4ssige Befestigungsl\u00f6sung f\u00fcr professionelle und Wartungsanwendungen.<\/p>\n","protected":false},"excerpt":{"rendered":"<p>Die Edelstahl-Schlauchschelle 10-16 mm ist f\u00fcr die zuverl\u00e4ssige und sichere Befestigung von Schl\u00e4uchen und Rohren in anspruchsvollen Umgebungen konzipiert. Diese aus hochwertigem Edelstahl gefertigte Schlauchschelle bietet eine ausgezeichnete Korrosionsbest\u00e4ndigkeit und ist daher ideal f\u00fcr die Schifffahrt, die Automobilindustrie und die Industrie geeignet. Mit einem einstellbaren Klemmbereich von 10 bis 16 mm bietet diese Schelle eine [&hellip;]<\/p>\n","protected":false},"featured_media":45252,"comment_status":"open","ping_status":"closed","template":"","meta":[],"product_brand":[],"product_cat":[3596,4110],"product_tag":[],"class_list":{"0":"post-45251","1":"product","2":"type-product","3":"status-publish","4":"has-post-thumbnail","6":"product_cat-schlauche-und-armaturen","7":"product_cat-um-den-motor-herum","9":"first","10":"instock","11":"taxable","12":"shipping-taxable","13":"purchasable","14":"product-type-simple"},"supplier_id":7294,"supplier_sku":"GS383001","barcode":null,"atum_controlled":true,"out_stock_date":null,"out_stock_threshold":null,"inheritable":false,"inbound_stock":0,"stock_on_hold":0,"sold_today":0,"sales_last_days":0,"reserved_stock":0,"customer_returns":0,"warehouse_damage":0,"lost_in_post":0,"other_logs":0,"out_stock_days":0,"lost_sales":0,"has_location":false,"update_date":"2026-01-29T09:09:19","atum_locations":[],"atum_stock_status":"instock","restock_status":false,"low_stock_amount":5,"sales_update_date":"2026-01-29T09:09:19","calc_backorders":null,"_links":{"self":[{"href":"https:\/\/mps.digital-monkey.in\/de\/wp-json\/wp\/v2\/product\/45251","targetHints":{"allow":["GET"]}}],"collection":[{"href":"https:\/\/mps.digital-monkey.in\/de\/wp-json\/wp\/v2\/product"}],"about":[{"href":"https:\/\/mps.digital-monkey.in\/de\/wp-json\/wp\/v2\/types\/product"}],"replies":[{"embeddable":true,"href":"https:\/\/mps.digital-monkey.in\/de\/wp-json\/wp\/v2\/comments?post=45251"}],"wp:featuredmedia":[{"embeddable":true,"href":"https:\/\/mps.digital-monkey.in\/de\/wp-json\/wp\/v2\/media\/45252"}],"wp:attachment":[{"href":"https:\/\/mps.digital-monkey.in\/de\/wp-json\/wp\/v2\/media?parent=45251"}],"wp:term":[{"taxonomy":"product_brand","embeddable":true,"href":"https:\/\/mps.digital-monkey.in\/de\/wp-json\/wp\/v2\/product_brand?post=45251"},{"taxonomy":"product_cat","embeddable":true,"href":"https:\/\/mps.digital-monkey.in\/de\/wp-json\/wp\/v2\/product_cat?post=45251"},{"taxonomy":"product_tag","embeddable":true,"href":"https:\/\/mps.digital-monkey.in\/de\/wp-json\/wp\/v2\/product_tag?post=45251"}],"curies":[{"name":"wp","href":"https:\/\/api.w.org\/{rel}","templated":true}]}}