{"id":45284,"date":"2025-12-12T13:25:04","date_gmt":"2025-12-12T13:25:04","guid":{"rendered":"https:\/\/mps.digital-monkey.in\/product\/edelstahl-schlauchschelle-20-32-mm\/"},"modified":"2025-12-12T13:25:04","modified_gmt":"2025-12-12T13:25:04","slug":"edelstahl-schlauchschelle-20-32-mm","status":"publish","type":"product","link":"https:\/\/mps.digital-monkey.in\/de\/product\/edelstahl-schlauchschelle-20-32-mm\/","title":{"rendered":"Edelstahl-Schlauchschelle 20-32 mm"},"content":{"rendered":"<p data-start=\"507\" data-end=\"803\">Die <strong data-start=\"511\" data-end=\"550\">Edelstahl-Schlauchschelle 20-32 mm<\/strong> ist f\u00fcr die sichere und dauerhafte Befestigung von Schl\u00e4uchen und Rohren in anspruchsvollen Umgebungen konzipiert. Diese aus hochwertigem Edelstahl gefertigte Schlauchschelle bietet eine ausgezeichnete Korrosionsbest\u00e4ndigkeit und ist daher f\u00fcr die <strong data-start=\"760\" data-end=\"802\">Schifffahrt, die Automobilindustrie und die Industrie<\/strong> geeignet. <\/p>\n<p data-start=\"805\" data-end=\"1096\">Mit einem einstellbaren Klemmbereich von <strong data-start=\"842\" data-end=\"857\">20 bis 32 mm<\/strong> sorgt die Schelle f\u00fcr eine gleichm\u00e4\u00dfige Druckverteilung und einen starken, zuverl\u00e4ssigen Halt, ohne den Schlauch zu besch\u00e4digen. Sie ist ideal f\u00fcr den Einsatz an Kraftstoffschl\u00e4uchen, K\u00fchlsystemen, Wasserleitungen und Bel\u00fcftungsanwendungen, bei denen es auf Sicherheit und Haltbarkeit ankommt. <\/p>\n<h3 data-start=\"1098\" data-end=\"1120\"><strong data-start=\"1102\" data-end=\"1120\">Spezifikationen<\/strong><\/h3>\n<ul data-start=\"1121\" data-end=\"1232\">\n<li data-start=\"1121\" data-end=\"1154\">\n<p data-start=\"1123\" data-end=\"1154\"><strong data-start=\"1123\" data-end=\"1136\">Material:<\/strong> Rostfreier Stahl<\/p>\n<\/li>\n<li data-start=\"1155\" data-end=\"1187\">\n<p data-start=\"1157\" data-end=\"1187\"><strong data-start=\"1157\" data-end=\"1176\">Klemmbereich:<\/strong> 20-32 mm<\/p>\n<\/li>\n<li data-start=\"1188\" data-end=\"1232\">\n<p data-start=\"1190\" data-end=\"1232\"><strong data-start=\"1190\" data-end=\"1206\">Anwendung:<\/strong> Schlauch- und Rohrbefestigung<\/p>\n<\/li>\n<\/ul>\n<h3 data-start=\"1234\" data-end=\"1254\"><strong data-start=\"1238\" data-end=\"1254\">Wesentliche Merkmale<\/strong><\/h3>\n<ul data-start=\"1255\" data-end=\"1476\">\n<li data-start=\"1255\" data-end=\"1307\">\n<p data-start=\"1257\" data-end=\"1307\">Korrosionsbest\u00e4ndige Konstruktion aus rostfreiem Stahl<\/p>\n<\/li>\n<li data-start=\"1308\" data-end=\"1346\">\n<p data-start=\"1310\" data-end=\"1346\">Starke und zuverl\u00e4ssige Klemmkraft<\/p>\n<\/li>\n<li data-start=\"1347\" data-end=\"1377\">\n<p data-start=\"1349\" data-end=\"1377\">Einstellbar f\u00fcr pr\u00e4zise Passform<\/p>\n<\/li>\n<li data-start=\"1378\" data-end=\"1442\">\n<p data-start=\"1380\" data-end=\"1442\">Geeignet f\u00fcr die Schifffahrt, die Automobilindustrie und industrielle Umgebungen<\/p>\n<\/li>\n<li data-start=\"1443\" data-end=\"1476\">\n<p data-start=\"1445\" data-end=\"1476\">Einfache Installation und Entfernung<\/p>\n<\/li>\n<\/ul>\n<p data-start=\"1478\" data-end=\"1620\">Die <strong data-start=\"1482\" data-end=\"1521\">Edelstahl-Schlauchschelle 20-32 mm<\/strong> ist eine zuverl\u00e4ssige Befestigungsl\u00f6sung f\u00fcr professionelle Wartungsarbeiten und allgemeine Installationen.<\/p>\n","protected":false},"excerpt":{"rendered":"<p>Die Edelstahl-Schlauchschelle 20-32 mm ist f\u00fcr die sichere und dauerhafte Befestigung von Schl\u00e4uchen und Rohren in anspruchsvollen Umgebungen konzipiert. Diese aus hochwertigem Edelstahl gefertigte Schlauchschelle bietet eine ausgezeichnete Korrosionsbest\u00e4ndigkeit und ist daher f\u00fcr die Schifffahrt, die Automobilindustrie und die Industrie geeignet. Mit einem einstellbaren Klemmbereich von 20 bis 32 mm sorgt die Schelle f\u00fcr eine [&hellip;]<\/p>\n","protected":false},"featured_media":45285,"comment_status":"open","ping_status":"closed","template":"","meta":[],"product_brand":[],"product_cat":[3596,4110],"product_tag":[],"class_list":{"0":"post-45284","1":"product","2":"type-product","3":"status-publish","4":"has-post-thumbnail","6":"product_cat-schlauche-und-armaturen","7":"product_cat-um-den-motor-herum","9":"first","10":"instock","11":"taxable","12":"shipping-taxable","13":"purchasable","14":"product-type-simple"},"supplier_id":7294,"supplier_sku":"GS38304","barcode":null,"atum_controlled":true,"out_stock_date":null,"out_stock_threshold":null,"inheritable":false,"inbound_stock":0,"stock_on_hold":0,"sold_today":0,"sales_last_days":0,"reserved_stock":0,"customer_returns":0,"warehouse_damage":0,"lost_in_post":0,"other_logs":0,"out_stock_days":0,"lost_sales":0,"has_location":false,"update_date":"2026-01-29T09:09:19","atum_locations":[],"atum_stock_status":"instock","restock_status":false,"low_stock_amount":5,"sales_update_date":"2026-01-29T09:09:19","calc_backorders":null,"_links":{"self":[{"href":"https:\/\/mps.digital-monkey.in\/de\/wp-json\/wp\/v2\/product\/45284","targetHints":{"allow":["GET"]}}],"collection":[{"href":"https:\/\/mps.digital-monkey.in\/de\/wp-json\/wp\/v2\/product"}],"about":[{"href":"https:\/\/mps.digital-monkey.in\/de\/wp-json\/wp\/v2\/types\/product"}],"replies":[{"embeddable":true,"href":"https:\/\/mps.digital-monkey.in\/de\/wp-json\/wp\/v2\/comments?post=45284"}],"wp:featuredmedia":[{"embeddable":true,"href":"https:\/\/mps.digital-monkey.in\/de\/wp-json\/wp\/v2\/media\/45285"}],"wp:attachment":[{"href":"https:\/\/mps.digital-monkey.in\/de\/wp-json\/wp\/v2\/media?parent=45284"}],"wp:term":[{"taxonomy":"product_brand","embeddable":true,"href":"https:\/\/mps.digital-monkey.in\/de\/wp-json\/wp\/v2\/product_brand?post=45284"},{"taxonomy":"product_cat","embeddable":true,"href":"https:\/\/mps.digital-monkey.in\/de\/wp-json\/wp\/v2\/product_cat?post=45284"},{"taxonomy":"product_tag","embeddable":true,"href":"https:\/\/mps.digital-monkey.in\/de\/wp-json\/wp\/v2\/product_tag?post=45284"}],"curies":[{"name":"wp","href":"https:\/\/api.w.org\/{rel}","templated":true}]}}