{"id":45294,"date":"2025-12-12T13:45:36","date_gmt":"2025-12-12T13:45:36","guid":{"rendered":"https:\/\/mps.digital-monkey.in\/product\/schlauchschelle-aus-edelstahl-25-40-mm\/"},"modified":"2025-12-12T13:46:44","modified_gmt":"2025-12-12T13:46:44","slug":"schlauchschelle-aus-edelstahl-25-40-mm","status":"publish","type":"product","link":"https:\/\/mps.digital-monkey.in\/de\/product\/schlauchschelle-aus-edelstahl-25-40-mm\/","title":{"rendered":"Schlauchschelle aus Edelstahl 25-40 mm"},"content":{"rendered":"<p data-start=\"542\" data-end=\"864\">Die <strong data-start=\"546\" data-end=\"585\">Edelstahl-Schlauchschelle 25-40 mm<\/strong> wurde f\u00fcr eine starke und zuverl\u00e4ssige Befestigung von Schl\u00e4uchen und Rohren in anspruchsvollen Umgebungen entwickelt. Diese aus hochwertigem Edelstahl gefertigte Schlauchschelle bietet eine ausgezeichnete Korrosionsbest\u00e4ndigkeit und eignet sich daher f\u00fcr <strong data-start=\"812\" data-end=\"863\">Anwendungen in der Schifffahrt, im Automobilbau und in der Industrie<\/strong>.<\/p>\n<p data-start=\"866\" data-end=\"1148\">Mit einem einstellbaren Klemmbereich von <strong data-start=\"903\" data-end=\"918\">25 bis 40 mm<\/strong> sorgt die Schelle f\u00fcr eine gleichm\u00e4\u00dfige Druckverteilung und einen sicheren Halt, ohne das Schlauchmaterial zu besch\u00e4digen. Es ist ideal f\u00fcr den Einsatz an K\u00fchlsystemen, Wasserschl\u00e4uchen, Kraftstoffleitungen und L\u00fcftungsrohren, wo Haltbarkeit und Sicherheit entscheidend sind.<\/p>\n<h3 data-start=\"1150\" data-end=\"1172\"><strong data-start=\"1154\" data-end=\"1172\">Spezifikationen<\/strong><\/h3>\n<ul data-start=\"1173\" data-end=\"1284\">\n<li data-start=\"1173\" data-end=\"1206\">\n<p data-start=\"1175\" data-end=\"1206\"><strong data-start=\"1175\" data-end=\"1188\">Material:<\/strong> Rostfreier Stahl<\/p>\n<\/li>\n<li data-start=\"1207\" data-end=\"1239\">\n<p data-start=\"1209\" data-end=\"1239\"><strong data-start=\"1209\" data-end=\"1228\">Klemmbereich:<\/strong> 25-40 mm<\/p>\n<\/li>\n<li data-start=\"1240\" data-end=\"1284\">\n<p data-start=\"1242\" data-end=\"1284\"><strong data-start=\"1242\" data-end=\"1258\">Anwendung:<\/strong> Schlauch- und Rohrbefestigung<\/p>\n<\/li>\n<\/ul>\n<h3 data-start=\"1286\" data-end=\"1306\"><strong data-start=\"1290\" data-end=\"1306\">Wesentliche Merkmale<\/strong><\/h3>\n<ul data-start=\"1307\" data-end=\"1523\">\n<li data-start=\"1307\" data-end=\"1359\">\n<p data-start=\"1309\" data-end=\"1359\">Korrosionsbest\u00e4ndige Konstruktion aus rostfreiem Stahl<\/p>\n<\/li>\n<li data-start=\"1360\" data-end=\"1400\">\n<p data-start=\"1362\" data-end=\"1400\">Starke und verl\u00e4ssliche Klemmkraft<\/p>\n<\/li>\n<li data-start=\"1401\" data-end=\"1433\">\n<p data-start=\"1403\" data-end=\"1433\">Einstellbar f\u00fcr eine pr\u00e4zise Passform<\/p>\n<\/li>\n<li data-start=\"1434\" data-end=\"1489\">\n<p data-start=\"1436\" data-end=\"1489\">Geeignet f\u00fcr den Einsatz in der Schifffahrt, im Automobilbereich und in der Industrie<\/p>\n<\/li>\n<li data-start=\"1490\" data-end=\"1523\">\n<p data-start=\"1492\" data-end=\"1523\">Einfache Installation und Entfernung<\/p>\n<\/li>\n<\/ul>\n<p data-start=\"1525\" data-end=\"1667\">Die <strong data-start=\"1529\" data-end=\"1568\">Edelstahl-Schlauchschelle 25-40 mm<\/strong> ist eine zuverl\u00e4ssige Befestigungsl\u00f6sung f\u00fcr professionelle Wartungsarbeiten und allgemeine Installationen.<\/p>\n","protected":false},"excerpt":{"rendered":"<p>Die Edelstahl-Schlauchschelle 25-40 mm wurde f\u00fcr eine starke und zuverl\u00e4ssige Befestigung von Schl\u00e4uchen und Rohren in anspruchsvollen Umgebungen entwickelt. Diese aus hochwertigem Edelstahl gefertigte Schlauchschelle bietet eine ausgezeichnete Korrosionsbest\u00e4ndigkeit und eignet sich daher f\u00fcr Anwendungen in der Schifffahrt, im Automobilbau und in der Industrie. Mit einem einstellbaren Klemmbereich von 25 bis 40 mm sorgt die [&hellip;]<\/p>\n","protected":false},"featured_media":45295,"comment_status":"open","ping_status":"closed","template":"","meta":[],"product_brand":[],"product_cat":[3596,4110],"product_tag":[],"class_list":{"0":"post-45294","1":"product","2":"type-product","3":"status-publish","4":"has-post-thumbnail","6":"product_cat-schlauche-und-armaturen","7":"product_cat-um-den-motor-herum","9":"first","10":"instock","11":"taxable","12":"shipping-taxable","13":"purchasable","14":"product-type-simple"},"supplier_id":7294,"supplier_sku":"GS38305","barcode":null,"atum_controlled":true,"out_stock_date":null,"out_stock_threshold":null,"inheritable":false,"inbound_stock":0,"stock_on_hold":0,"sold_today":0,"sales_last_days":0,"reserved_stock":0,"customer_returns":0,"warehouse_damage":0,"lost_in_post":0,"other_logs":0,"out_stock_days":0,"lost_sales":0,"has_location":false,"update_date":"2026-01-29T09:09:19","atum_locations":[],"atum_stock_status":"instock","restock_status":false,"low_stock_amount":5,"sales_update_date":"2026-01-29T09:09:19","calc_backorders":null,"_links":{"self":[{"href":"https:\/\/mps.digital-monkey.in\/de\/wp-json\/wp\/v2\/product\/45294","targetHints":{"allow":["GET"]}}],"collection":[{"href":"https:\/\/mps.digital-monkey.in\/de\/wp-json\/wp\/v2\/product"}],"about":[{"href":"https:\/\/mps.digital-monkey.in\/de\/wp-json\/wp\/v2\/types\/product"}],"replies":[{"embeddable":true,"href":"https:\/\/mps.digital-monkey.in\/de\/wp-json\/wp\/v2\/comments?post=45294"}],"wp:featuredmedia":[{"embeddable":true,"href":"https:\/\/mps.digital-monkey.in\/de\/wp-json\/wp\/v2\/media\/45295"}],"wp:attachment":[{"href":"https:\/\/mps.digital-monkey.in\/de\/wp-json\/wp\/v2\/media?parent=45294"}],"wp:term":[{"taxonomy":"product_brand","embeddable":true,"href":"https:\/\/mps.digital-monkey.in\/de\/wp-json\/wp\/v2\/product_brand?post=45294"},{"taxonomy":"product_cat","embeddable":true,"href":"https:\/\/mps.digital-monkey.in\/de\/wp-json\/wp\/v2\/product_cat?post=45294"},{"taxonomy":"product_tag","embeddable":true,"href":"https:\/\/mps.digital-monkey.in\/de\/wp-json\/wp\/v2\/product_tag?post=45294"}],"curies":[{"name":"wp","href":"https:\/\/api.w.org\/{rel}","templated":true}]}}