{"id":45307,"date":"2025-12-12T13:52:43","date_gmt":"2025-12-12T13:52:43","guid":{"rendered":"https:\/\/mps.digital-monkey.in\/product\/schlauchschelle-aus-edelstahl-32-50-mm\/"},"modified":"2025-12-12T13:52:43","modified_gmt":"2025-12-12T13:52:43","slug":"schlauchschelle-aus-edelstahl-32-50-mm","status":"publish","type":"product","link":"https:\/\/mps.digital-monkey.in\/de\/produkt\/schlauchschelle-aus-edelstahl-32-50-mm\/","title":{"rendered":"Schlauchschelle aus Edelstahl 32-50 mm"},"content":{"rendered":"<p data-start=\"522\" data-end=\"831\">Die <strong data-start=\"526\" data-end=\"565\">Edelstahl-Schlauchschelle 32-50 mm<\/strong> ist f\u00fcr die starke und zuverl\u00e4ssige Befestigung von Schl\u00e4uchen und Rohren unter anspruchsvollen Bedingungen konzipiert. Diese aus hochwertigem Edelstahl gefertigte Schlauchschelle bietet eine ausgezeichnete Korrosionsbest\u00e4ndigkeit und ist daher ideal f\u00fcr die <strong data-start=\"779\" data-end=\"830\">Schifffahrt, die Automobilindustrie und industrielle Umgebungen<\/strong>. <\/p>\n<p data-start=\"833\" data-end=\"1110\">Mit einem einstellbaren Klemmbereich von <strong data-start=\"870\" data-end=\"885\">32 bis 50 mm<\/strong> sorgt die Schelle f\u00fcr eine gleichm\u00e4\u00dfige Druckverteilung und einen sicheren Halt, ohne den Schlauch zu besch\u00e4digen. Sie eignet sich f\u00fcr den Einsatz an K\u00fchlsystemen, Wasserschl\u00e4uchen, Kraftstoffleitungen und L\u00fcftungskan\u00e4len, bei denen es auf Haltbarkeit und Sicherheit ankommt. <\/p>\n<h3 data-start=\"1112\" data-end=\"1134\"><strong data-start=\"1116\" data-end=\"1134\">Spezifikationen<\/strong><\/h3>\n<ul data-start=\"1135\" data-end=\"1246\">\n<li data-start=\"1135\" data-end=\"1168\">\n<p data-start=\"1137\" data-end=\"1168\"><strong data-start=\"1137\" data-end=\"1150\">Material:<\/strong> Rostfreier Stahl<\/p>\n<\/li>\n<li data-start=\"1169\" data-end=\"1201\">\n<p data-start=\"1171\" data-end=\"1201\"><strong data-start=\"1171\" data-end=\"1190\">Einspannbereich:<\/strong> 32-50 mm<\/p>\n<\/li>\n<li data-start=\"1202\" data-end=\"1246\">\n<p data-start=\"1204\" data-end=\"1246\"><strong data-start=\"1204\" data-end=\"1220\">Anwendung:<\/strong> Schlauch- und Rohrbefestigung<\/p>\n<\/li>\n<\/ul>\n<h3 data-start=\"1248\" data-end=\"1268\"><strong data-start=\"1252\" data-end=\"1268\">Wesentliche Merkmale<\/strong><\/h3>\n<ul data-start=\"1269\" data-end=\"1483\">\n<li data-start=\"1269\" data-end=\"1321\">\n<p data-start=\"1271\" data-end=\"1321\">Korrosionsbest\u00e4ndige Konstruktion aus rostfreiem Stahl<\/p>\n<\/li>\n<li data-start=\"1322\" data-end=\"1360\">\n<p data-start=\"1324\" data-end=\"1360\">Starke und zuverl\u00e4ssige Klemmkraft<\/p>\n<\/li>\n<li data-start=\"1361\" data-end=\"1393\">\n<p data-start=\"1363\" data-end=\"1393\">Einstellbar f\u00fcr eine pr\u00e4zise Passform<\/p>\n<\/li>\n<li data-start=\"1394\" data-end=\"1449\">\n<p data-start=\"1396\" data-end=\"1449\">Geeignet f\u00fcr den Einsatz in der Schifffahrt, im Automobilbereich und in der Industrie<\/p>\n<\/li>\n<li data-start=\"1450\" data-end=\"1483\">\n<p data-start=\"1452\" data-end=\"1483\">Einfache Installation und Entfernung<\/p>\n<\/li>\n<\/ul>\n<p data-start=\"1485\" data-end=\"1627\">Die <strong data-start=\"1489\" data-end=\"1528\">Edelstahl-Schlauchschelle 32-50 mm<\/strong> ist eine zuverl\u00e4ssige Befestigungsl\u00f6sung f\u00fcr professionelle Wartungsarbeiten und allgemeine Installationen.<\/p>\n","protected":false},"excerpt":{"rendered":"<p>Die Edelstahl-Schlauchschelle 32-50 mm ist f\u00fcr die starke und zuverl\u00e4ssige Befestigung von Schl\u00e4uchen und Rohren unter anspruchsvollen Bedingungen konzipiert. Diese aus hochwertigem Edelstahl gefertigte Schlauchschelle bietet eine ausgezeichnete Korrosionsbest\u00e4ndigkeit und ist daher ideal f\u00fcr die Schifffahrt, die Automobilindustrie und industrielle Umgebungen. Mit einem einstellbaren Klemmbereich von 32 bis 50 mm sorgt die Schelle f\u00fcr eine [&hellip;]<\/p>\n","protected":false},"featured_media":45308,"comment_status":"open","ping_status":"closed","template":"","meta":[],"product_brand":[],"product_cat":[3596,4110],"product_tag":[],"class_list":{"0":"post-45307","1":"product","2":"type-product","3":"status-publish","4":"has-post-thumbnail","6":"product_cat-schlauche-und-armaturen","7":"product_cat-um-den-motor-herum","9":"first","10":"instock","11":"taxable","12":"shipping-taxable","13":"purchasable","14":"product-type-simple"},"supplier_id":7294,"supplier_sku":"GS38306","barcode":null,"atum_controlled":true,"out_stock_date":null,"out_stock_threshold":null,"inheritable":false,"inbound_stock":0,"stock_on_hold":0,"sold_today":0,"sales_last_days":0,"reserved_stock":0,"customer_returns":0,"warehouse_damage":0,"lost_in_post":0,"other_logs":0,"out_stock_days":0,"lost_sales":0,"has_location":false,"update_date":"2026-01-29T09:09:19","atum_locations":[],"atum_stock_status":"instock","restock_status":false,"low_stock_amount":5,"sales_update_date":"2026-01-29T09:09:19","calc_backorders":null,"_links":{"self":[{"href":"https:\/\/mps.digital-monkey.in\/de\/wp-json\/wp\/v2\/product\/45307","targetHints":{"allow":["GET"]}}],"collection":[{"href":"https:\/\/mps.digital-monkey.in\/de\/wp-json\/wp\/v2\/product"}],"about":[{"href":"https:\/\/mps.digital-monkey.in\/de\/wp-json\/wp\/v2\/types\/product"}],"replies":[{"embeddable":true,"href":"https:\/\/mps.digital-monkey.in\/de\/wp-json\/wp\/v2\/comments?post=45307"}],"wp:featuredmedia":[{"embeddable":true,"href":"https:\/\/mps.digital-monkey.in\/de\/wp-json\/wp\/v2\/media\/45308"}],"wp:attachment":[{"href":"https:\/\/mps.digital-monkey.in\/de\/wp-json\/wp\/v2\/media?parent=45307"}],"wp:term":[{"taxonomy":"product_brand","embeddable":true,"href":"https:\/\/mps.digital-monkey.in\/de\/wp-json\/wp\/v2\/product_brand?post=45307"},{"taxonomy":"product_cat","embeddable":true,"href":"https:\/\/mps.digital-monkey.in\/de\/wp-json\/wp\/v2\/product_cat?post=45307"},{"taxonomy":"product_tag","embeddable":true,"href":"https:\/\/mps.digital-monkey.in\/de\/wp-json\/wp\/v2\/product_tag?post=45307"}],"curies":[{"name":"wp","href":"https:\/\/api.w.org\/{rel}","templated":true}]}}