{"id":45351,"date":"2025-12-13T10:55:02","date_gmt":"2025-12-13T10:55:02","guid":{"rendered":"https:\/\/mps.digital-monkey.in\/product\/volvo-penta-zink-anode-855105\/"},"modified":"2025-12-18T10:27:15","modified_gmt":"2025-12-18T10:27:15","slug":"volvo-penta-zink-anode-855105","status":"publish","type":"product","link":"https:\/\/mps.digital-monkey.in\/de\/produkt\/volvo-penta-zink-anode-855105\/","title":{"rendered":"Volvo Penta Zink-Anode | 855105"},"content":{"rendered":"<p data-start=\"503\" data-end=\"829\">Die <strong data-start=\"507\" data-end=\"542\">Volvo Penta Zinkanode (855105<\/strong> ) wurde entwickelt, um einen wirksamen Schutz gegen <strong data-start=\"595\" data-end=\"643\">galvanische Korrosion in Salzwasserumgebungen<\/strong> zu bieten. Diese aus hochwertigem Marinezink hergestellte Anode fungiert als Opferkomponente, die vor kritischen Unterwassermetallteilen korrodiert und dadurch deren Lebensdauer verl\u00e4ngert.<\/p>\n<p data-start=\"831\" data-end=\"1092\">Diese Anode wird nach pr\u00e4zisen Ma\u00dfen hergestellt, um eine ordnungsgem\u00e4\u00dfe Passform und einen zuverl\u00e4ssigen elektrischen Kontakt zu gew\u00e4hrleisten. Die regelm\u00e4\u00dfige Inspektion und der rechtzeitige Austausch von Zinkanoden sind wichtig, um den Korrosionsschutz aufrechtzuerhalten und kostspielige Sch\u00e4den an Schiffskomponenten zu vermeiden. <\/p>\n<h3 data-start=\"1094\" data-end=\"1110\"><strong data-start=\"1098\" data-end=\"1110\">Material<\/strong><\/h3>\n<ul data-start=\"1111\" data-end=\"1149\">\n<li data-start=\"1111\" data-end=\"1149\">\n<p data-start=\"1113\" data-end=\"1149\">Zink (empfohlen f\u00fcr die Verwendung in Salzwasser)<\/p>\n<\/li>\n<\/ul>\n<h3 data-start=\"1151\" data-end=\"1170\"><strong data-start=\"1155\" data-end=\"1170\">Teilenummer<\/strong><\/h3>\n<ul data-start=\"1171\" data-end=\"1179\">\n<li data-start=\"1171\" data-end=\"1179\">\n<p data-start=\"1173\" data-end=\"1179\">855105<\/p>\n<\/li>\n<\/ul>\n<h3 data-start=\"1181\" data-end=\"1199\"><strong data-start=\"1185\" data-end=\"1199\">Abmessungen<\/strong><\/h3>\n<ul data-start=\"1200\" data-end=\"1347\">\n<li data-start=\"1200\" data-end=\"1221\">\n<p data-start=\"1202\" data-end=\"1221\">L\u00e4nge (I): 58 mm<\/p>\n<\/li>\n<li data-start=\"1222\" data-end=\"1242\">\n<p data-start=\"1224\" data-end=\"1242\">Breite (A): 33 mm<\/p>\n<\/li>\n<li data-start=\"1243\" data-end=\"1263\">\n<p data-start=\"1245\" data-end=\"1263\">Breite (B): 53 mm<\/p>\n<\/li>\n<li data-start=\"1264\" data-end=\"1285\">\n<p data-start=\"1266\" data-end=\"1285\">H\u00f6he (H): 32 mm<\/p>\n<\/li>\n<li data-start=\"1286\" data-end=\"1315\">\n<p data-start=\"1288\" data-end=\"1315\">\u00c4u\u00dferer Durchmesser (\u00d8): 13 mm<\/p>\n<\/li>\n<li data-start=\"1316\" data-end=\"1347\">\n<p data-start=\"1318\" data-end=\"1347\">Innendurchmesser (\u00d81): 6,5 mm<\/p>\n<\/li>\n<\/ul>\n<h3 data-start=\"1349\" data-end=\"1369\"><strong data-start=\"1353\" data-end=\"1369\">Wesentliche Merkmale<\/strong><\/h3>\n<ul data-start=\"1370\" data-end=\"1610\">\n<li data-start=\"1370\" data-end=\"1413\">\n<p data-start=\"1372\" data-end=\"1413\">Zinkanode f\u00fcr Volvo Penta Anwendungen<\/p>\n<\/li>\n<li data-start=\"1414\" data-end=\"1466\">\n<p data-start=\"1416\" data-end=\"1466\">Sch\u00fctzt vor galvanischer Korrosion in Salzwasser<\/p>\n<\/li>\n<li data-start=\"1467\" data-end=\"1521\">\n<p data-start=\"1469\" data-end=\"1521\">Gefertigt nach pr\u00e4zisen Ma\u00dfen f\u00fcr korrekten Sitz<\/p>\n<\/li>\n<li data-start=\"1522\" data-end=\"1564\">\n<p data-start=\"1524\" data-end=\"1564\">Langlebige Konstruktion aus Zink in Marinequalit\u00e4t<\/p>\n<\/li>\n<li data-start=\"1565\" data-end=\"1610\">\n<p data-start=\"1567\" data-end=\"1610\">Direkter Ersatz f\u00fcr die Teilenummer 855105<\/p>\n<\/li>\n<\/ul>\n<p data-start=\"1612\" data-end=\"1759\">Der Austausch von Anoden im Rahmen der routinem\u00e4\u00dfigen Wartung tr\u00e4gt zur Aufrechterhaltung eines optimalen Korrosionsschutzes bei und gew\u00e4hrleistet die langfristige Zuverl\u00e4ssigkeit von Schiffskomponenten.<\/p>\n","protected":false},"excerpt":{"rendered":"<p>Die Volvo Penta Zinkanode (855105 ) wurde entwickelt, um einen wirksamen Schutz gegen galvanische Korrosion in Salzwasserumgebungen zu bieten. Diese aus hochwertigem Marinezink hergestellte Anode fungiert als Opferkomponente, die vor kritischen Unterwassermetallteilen korrodiert und dadurch deren Lebensdauer verl\u00e4ngert. Diese Anode wird nach pr\u00e4zisen Ma\u00dfen hergestellt, um eine ordnungsgem\u00e4\u00dfe Passform und einen zuverl\u00e4ssigen elektrischen Kontakt zu [&hellip;]<\/p>\n","protected":false},"featured_media":45352,"comment_status":"open","ping_status":"closed","template":"","meta":[],"product_brand":[4230],"product_cat":[3286,4488,2498,4308,4523],"product_tag":[],"class_list":{"0":"post-45351","1":"product","2":"type-product","3":"status-publish","4":"has-post-thumbnail","6":"product_brand-volvo-penta","7":"product_cat-anoden","8":"product_cat-brauchen-sie-volvo-penta-teile","9":"product_cat-ersatzteile-fur-motoren","10":"product_cat-volvo-penta","11":"product_cat-volvo-penta-anoden","12":"pa_condition-neu","13":"pa_oem-or-aftermarket-aftermarket","15":"first","16":"onbackorder","17":"sale","18":"taxable","19":"shipping-taxable","20":"purchasable","21":"product-type-simple"},"supplier_id":45614,"supplier_sku":"00711","barcode":null,"atum_controlled":true,"out_stock_date":"2025-12-13 10:55:11","out_stock_threshold":null,"inheritable":false,"inbound_stock":0,"stock_on_hold":0,"sold_today":0,"sales_last_days":0,"reserved_stock":0,"customer_returns":0,"warehouse_damage":0,"lost_in_post":0,"other_logs":0,"out_stock_days":46,"lost_sales":0,"has_location":false,"update_date":"2026-01-29T09:10:11","atum_locations":[],"atum_stock_status":"onbackorder","restock_status":false,"low_stock_amount":1,"sales_update_date":"2026-01-29T09:10:11","calc_backorders":null,"_links":{"self":[{"href":"https:\/\/mps.digital-monkey.in\/de\/wp-json\/wp\/v2\/product\/45351","targetHints":{"allow":["GET"]}}],"collection":[{"href":"https:\/\/mps.digital-monkey.in\/de\/wp-json\/wp\/v2\/product"}],"about":[{"href":"https:\/\/mps.digital-monkey.in\/de\/wp-json\/wp\/v2\/types\/product"}],"replies":[{"embeddable":true,"href":"https:\/\/mps.digital-monkey.in\/de\/wp-json\/wp\/v2\/comments?post=45351"}],"wp:featuredmedia":[{"embeddable":true,"href":"https:\/\/mps.digital-monkey.in\/de\/wp-json\/wp\/v2\/media\/45352"}],"wp:attachment":[{"href":"https:\/\/mps.digital-monkey.in\/de\/wp-json\/wp\/v2\/media?parent=45351"}],"wp:term":[{"taxonomy":"product_brand","embeddable":true,"href":"https:\/\/mps.digital-monkey.in\/de\/wp-json\/wp\/v2\/product_brand?post=45351"},{"taxonomy":"product_cat","embeddable":true,"href":"https:\/\/mps.digital-monkey.in\/de\/wp-json\/wp\/v2\/product_cat?post=45351"},{"taxonomy":"product_tag","embeddable":true,"href":"https:\/\/mps.digital-monkey.in\/de\/wp-json\/wp\/v2\/product_tag?post=45351"}],"curies":[{"name":"wp","href":"https:\/\/api.w.org\/{rel}","templated":true}]}}