{"id":45376,"date":"2025-12-16T09:57:45","date_gmt":"2025-12-16T09:57:45","guid":{"rendered":"https:\/\/mps.digital-monkey.in\/product\/volvo-penta-bleistift-anode-zink-832989\/"},"modified":"2025-12-18T10:27:24","modified_gmt":"2025-12-18T10:27:24","slug":"volvo-penta-bleistift-anode-zink-832989","status":"publish","type":"product","link":"https:\/\/mps.digital-monkey.in\/de\/produkt\/volvo-penta-bleistift-anode-zink-832989\/","title":{"rendered":"Volvo Penta Bleistift Anode Zink 832989"},"content":{"rendered":"<p data-start=\"519\" data-end=\"835\">Die <strong>Volvo Penta Pencil Anode Zinc 832989<\/strong> wurde entwickelt, um einen wirksamen Schutz gegen <strong data-start=\"618\" data-end=\"640\">galvanische Korrosion<\/strong> in der Schifffahrt zu bieten. Diese aus hochwertigem Zink gefertigte Bleistiftanode fungiert als Opferelement, das vor der Korrosion kritischer Metallkomponenten sch\u00fctzt und dazu beitr\u00e4gt, deren Lebensdauer zu verl\u00e4ngern. <\/p>\n<p data-start=\"837\" data-end=\"1140\">Diese Anode verf\u00fcgt \u00fcber einen pr\u00e4zisen <strong data-start=\"867\" data-end=\"900\">7\/16\u2033 UNC-Gewindeanschluss<\/strong> und wird nach genauen Ma\u00dfen gefertigt, um eine korrekte Passform und einen zuverl\u00e4ssigen elektrischen Kontakt zu gew\u00e4hrleisten. Bleistiftanoden werden h\u00e4ufig in K\u00fchlsystemen und anderen internen Schiffsanwendungen verwendet, wo ein kontrollierter Korrosionsschutz unerl\u00e4sslich ist. <\/p>\n<h3 data-start=\"1142\" data-end=\"1158\"><strong data-start=\"1146\" data-end=\"1158\">Material<\/strong><\/h3>\n<ul data-start=\"1159\" data-end=\"1197\">\n<li data-start=\"1159\" data-end=\"1197\">\n<p data-start=\"1161\" data-end=\"1197\">Zink (empfohlen f\u00fcr die Verwendung in Salzwasser)<\/p>\n<\/li>\n<\/ul>\n<h3 data-start=\"1199\" data-end=\"1218\"><strong data-start=\"1203\" data-end=\"1218\">Teilenummer<\/strong><\/h3>\n<ul data-start=\"1219\" data-end=\"1227\">\n<li data-start=\"1219\" data-end=\"1227\">\n<p data-start=\"1221\" data-end=\"1227\">832989<\/p>\n<\/li>\n<\/ul>\n<h3 data-start=\"1229\" data-end=\"1247\"><strong data-start=\"1233\" data-end=\"1247\">Abmessungen<\/strong><\/h3>\n<ul data-start=\"1248\" data-end=\"1353\">\n<li data-start=\"1248\" data-end=\"1273\">\n<p data-start=\"1250\" data-end=\"1273\">Durchmesser (\u00d8): 15,5 mm<\/p>\n<\/li>\n<li data-start=\"1274\" data-end=\"1297\">\n<p data-start=\"1276\" data-end=\"1297\">L\u00e4nge (L): 40,0 mm<\/p>\n<\/li>\n<li data-start=\"1298\" data-end=\"1331\">\n<p data-start=\"1300\" data-end=\"1331\">Gewindel\u00e4nge (L1): 10,0 mm<\/p>\n<\/li>\n<li data-start=\"1332\" data-end=\"1353\">\n<p data-start=\"1334\" data-end=\"1353\">Gewinde: 7\/16\u2033 UNC<\/p>\n<\/li>\n<\/ul>\n<h3 data-start=\"1355\" data-end=\"1375\"><strong data-start=\"1359\" data-end=\"1375\">Wesentliche Merkmale<\/strong><\/h3>\n<ul data-start=\"1376\" data-end=\"1624\">\n<li data-start=\"1376\" data-end=\"1429\">\n<p data-start=\"1378\" data-end=\"1429\">Zink-Stiftanode f\u00fcr den maritimen Korrosionsschutz<\/p>\n<\/li>\n<li data-start=\"1430\" data-end=\"1479\">\n<p data-start=\"1432\" data-end=\"1479\">Opferanode zum Schutz von Metallkomponenten<\/p>\n<\/li>\n<li data-start=\"1480\" data-end=\"1530\">\n<p data-start=\"1482\" data-end=\"1530\">Pr\u00e4zisionsgefertigt f\u00fcr korrekten Sitz und Kontakt<\/p>\n<\/li>\n<li data-start=\"1531\" data-end=\"1573\">\n<p data-start=\"1533\" data-end=\"1573\">Langlebige Konstruktion aus Zink in Marinequalit\u00e4t<\/p>\n<\/li>\n<li data-start=\"1574\" data-end=\"1624\">\n<p data-start=\"1576\" data-end=\"1624\">Direkter Ersatz f\u00fcr Volvo Penta Teil 832989<\/p>\n<\/li>\n<\/ul>\n<p data-start=\"1626\" data-end=\"1784\">Eine regelm\u00e4\u00dfige Inspektion und der Austausch von Anoden wird empfohlen, um einen wirksamen Korrosionsschutz aufrechtzuerhalten und einen zuverl\u00e4ssigen Betrieb der Schiffssysteme zu gew\u00e4hrleisten.<\/p>\n<h2 data-start=\"1791\" data-end=\"1810\"><\/h2>\n","protected":false},"excerpt":{"rendered":"<p>Die Volvo Penta Pencil Anode Zinc 832989 wurde entwickelt, um einen wirksamen Schutz gegen galvanische Korrosion in der Schifffahrt zu bieten. Diese aus hochwertigem Zink gefertigte Bleistiftanode fungiert als Opferelement, das vor der Korrosion kritischer Metallkomponenten sch\u00fctzt und dazu beitr\u00e4gt, deren Lebensdauer zu verl\u00e4ngern. Diese Anode verf\u00fcgt \u00fcber einen pr\u00e4zisen 7\/16\u2033 UNC-Gewindeanschluss und wird nach [&hellip;]<\/p>\n","protected":false},"featured_media":45377,"comment_status":"open","ping_status":"closed","template":"","meta":[],"product_brand":[4230],"product_cat":[3286,2498,4523],"product_tag":[],"class_list":{"0":"post-45376","1":"product","2":"type-product","3":"status-publish","4":"has-post-thumbnail","6":"product_brand-volvo-penta","7":"product_cat-anoden","8":"product_cat-ersatzteile-fur-motoren","9":"product_cat-volvo-penta-anoden","10":"pa_condition-neu","11":"pa_oem-or-aftermarket-aftermarket","13":"first","14":"onbackorder","15":"sale","16":"taxable","17":"shipping-taxable","18":"purchasable","19":"product-type-simple"},"supplier_id":45614,"supplier_sku":"00713","barcode":null,"atum_controlled":true,"out_stock_date":"2025-12-16 09:57:49","out_stock_threshold":null,"inheritable":false,"inbound_stock":0,"stock_on_hold":0,"sold_today":0,"sales_last_days":0,"reserved_stock":0,"customer_returns":0,"warehouse_damage":0,"lost_in_post":0,"other_logs":0,"out_stock_days":43,"lost_sales":0,"has_location":false,"update_date":"2026-01-29T09:10:11","atum_locations":[],"atum_stock_status":"onbackorder","restock_status":false,"low_stock_amount":1,"sales_update_date":"2026-01-29T09:10:11","calc_backorders":null,"_links":{"self":[{"href":"https:\/\/mps.digital-monkey.in\/de\/wp-json\/wp\/v2\/product\/45376","targetHints":{"allow":["GET"]}}],"collection":[{"href":"https:\/\/mps.digital-monkey.in\/de\/wp-json\/wp\/v2\/product"}],"about":[{"href":"https:\/\/mps.digital-monkey.in\/de\/wp-json\/wp\/v2\/types\/product"}],"replies":[{"embeddable":true,"href":"https:\/\/mps.digital-monkey.in\/de\/wp-json\/wp\/v2\/comments?post=45376"}],"wp:featuredmedia":[{"embeddable":true,"href":"https:\/\/mps.digital-monkey.in\/de\/wp-json\/wp\/v2\/media\/45377"}],"wp:attachment":[{"href":"https:\/\/mps.digital-monkey.in\/de\/wp-json\/wp\/v2\/media?parent=45376"}],"wp:term":[{"taxonomy":"product_brand","embeddable":true,"href":"https:\/\/mps.digital-monkey.in\/de\/wp-json\/wp\/v2\/product_brand?post=45376"},{"taxonomy":"product_cat","embeddable":true,"href":"https:\/\/mps.digital-monkey.in\/de\/wp-json\/wp\/v2\/product_cat?post=45376"},{"taxonomy":"product_tag","embeddable":true,"href":"https:\/\/mps.digital-monkey.in\/de\/wp-json\/wp\/v2\/product_tag?post=45376"}],"curies":[{"name":"wp","href":"https:\/\/api.w.org\/{rel}","templated":true}]}}