{"id":45391,"date":"2025-12-16T10:07:48","date_gmt":"2025-12-16T10:07:48","guid":{"rendered":"https:\/\/mps.digital-monkey.in\/product\/volvo-penta-bleistift-anode-magnesium-832989\/"},"modified":"2025-12-18T10:27:32","modified_gmt":"2025-12-18T10:27:32","slug":"volvo-penta-bleistift-anode-magnesium-832989","status":"publish","type":"product","link":"https:\/\/mps.digital-monkey.in\/de\/produkt\/volvo-penta-bleistift-anode-magnesium-832989\/","title":{"rendered":"Volvo Penta Bleistift Anode Magnesium 832989"},"content":{"rendered":"<p data-start=\"513\" data-end=\"868\">Die <strong data-start=\"517\" data-end=\"564\">Volvo Penta Pencil Anode Magnesium 832989<\/strong> wurde entwickelt, um <strong data-start=\"588\" data-end=\"664\">maximalen Schutz vor galvanischer Korrosion in S\u00fc\u00dfwasserumgebungen<\/strong> zu bieten. Diese aus hochwertigem Magnesium hergestellte Bleistiftanode bietet eine h\u00f6here elektrochemische Aktivit\u00e4t als Zink, was sie zur bevorzugten Wahl f\u00fcr den Einsatz in Gew\u00e4ssern mit geringer Leitf\u00e4higkeit wie Seen und Fl\u00fcssen macht. <\/p>\n<h3 data-start=\"1191\" data-end=\"1207\"><strong data-start=\"1195\" data-end=\"1207\">Material<\/strong><\/h3>\n<ul data-start=\"1208\" data-end=\"1252\">\n<li data-start=\"1208\" data-end=\"1252\">\n<p data-start=\"1210\" data-end=\"1252\">Magnesium (empfohlen f\u00fcr die Verwendung in S\u00fc\u00dfwasser)<\/p>\n<\/li>\n<\/ul>\n<h3 data-start=\"1254\" data-end=\"1273\"><strong data-start=\"1258\" data-end=\"1273\">Teilenummer<\/strong><\/h3>\n<ul data-start=\"1274\" data-end=\"1282\">\n<li data-start=\"1274\" data-end=\"1282\">\n<p data-start=\"1276\" data-end=\"1282\">832989<\/p>\n<\/li>\n<\/ul>\n<h3 data-start=\"1284\" data-end=\"1302\"><strong data-start=\"1288\" data-end=\"1302\">Abmessungen<\/strong><\/h3>\n<ul data-start=\"1303\" data-end=\"1408\">\n<li data-start=\"1303\" data-end=\"1328\">\n<p data-start=\"1305\" data-end=\"1328\">Durchmesser (\u00d8): 15,5 mm<\/p>\n<\/li>\n<li data-start=\"1329\" data-end=\"1352\">\n<p data-start=\"1331\" data-end=\"1352\">L\u00e4nge (L): 40,0 mm<\/p>\n<\/li>\n<li data-start=\"1353\" data-end=\"1386\">\n<p data-start=\"1355\" data-end=\"1386\">Gewindel\u00e4nge (L1): 10,0 mm<\/p>\n<\/li>\n<li data-start=\"1387\" data-end=\"1408\">\n<p data-start=\"1389\" data-end=\"1408\">Gewinde: 7\/16\u2033 UNC<\/p>\n<\/li>\n<\/ul>\n<h3 data-start=\"1410\" data-end=\"1430\"><strong data-start=\"1414\" data-end=\"1430\">Wesentliche Merkmale<\/strong><\/h3>\n<ul data-start=\"1431\" data-end=\"1705\">\n<li data-start=\"1431\" data-end=\"1493\">\n<p data-start=\"1433\" data-end=\"1493\">Magnesium-Stiftanode f\u00fcr S\u00fc\u00dfwasser-Korrosionsschutz<\/p>\n<\/li>\n<li data-start=\"1494\" data-end=\"1553\">\n<p data-start=\"1496\" data-end=\"1553\">Hohe elektrochemische Aktivit\u00e4t f\u00fcr maximale Wirksamkeit<\/p>\n<\/li>\n<li data-start=\"1554\" data-end=\"1611\">\n<p data-start=\"1556\" data-end=\"1611\">Pr\u00e4zisionsgefertigt f\u00fcr korrekten Sitz und sicheren Kontakt<\/p>\n<\/li>\n<li data-start=\"1612\" data-end=\"1659\">\n<p data-start=\"1614\" data-end=\"1659\">Langlebige Konstruktion aus Magnesium in Marinequalit\u00e4t<\/p>\n<\/li>\n<li data-start=\"1660\" data-end=\"1705\">\n<p data-start=\"1662\" data-end=\"1705\">Direkter Ersatz f\u00fcr die Teilenummer 832989<\/p>\n<\/li>\n<\/ul>\n<p data-start=\"1707\" data-end=\"1879\">Die regelm\u00e4\u00dfige Inspektion und der rechtzeitige Austausch von Magnesium-Stiftanoden tr\u00e4gt dazu bei, einen wirksamen Korrosionsschutz aufrechtzuerhalten und Sch\u00e4den an wichtigen Komponenten des Schiffssystems zu verhindern.<\/p>\n","protected":false},"excerpt":{"rendered":"<p>Die Volvo Penta Pencil Anode Magnesium 832989 wurde entwickelt, um maximalen Schutz vor galvanischer Korrosion in S\u00fc\u00dfwasserumgebungen zu bieten. Diese aus hochwertigem Magnesium hergestellte Bleistiftanode bietet eine h\u00f6here elektrochemische Aktivit\u00e4t als Zink, was sie zur bevorzugten Wahl f\u00fcr den Einsatz in Gew\u00e4ssern mit geringer Leitf\u00e4higkeit wie Seen und Fl\u00fcssen macht. Material Magnesium (empfohlen f\u00fcr die [&hellip;]<\/p>\n","protected":false},"featured_media":45392,"comment_status":"open","ping_status":"closed","template":"","meta":[],"product_brand":[4230],"product_cat":[3286,4488,2498,4308,4523],"product_tag":[],"class_list":{"0":"post-45391","1":"product","2":"type-product","3":"status-publish","4":"has-post-thumbnail","6":"product_brand-volvo-penta","7":"product_cat-anoden","8":"product_cat-brauchen-sie-volvo-penta-teile","9":"product_cat-ersatzteile-fur-motoren","10":"product_cat-volvo-penta","11":"product_cat-volvo-penta-anoden","12":"pa_condition-neu","13":"pa_oem-or-aftermarket-aftermarket","15":"first","16":"onbackorder","17":"taxable","18":"shipping-taxable","19":"purchasable","20":"product-type-simple"},"supplier_id":45614,"supplier_sku":"00713MG","barcode":null,"atum_controlled":true,"out_stock_date":"2025-12-16 10:07:51","out_stock_threshold":null,"inheritable":false,"inbound_stock":0,"stock_on_hold":0,"sold_today":0,"sales_last_days":0,"reserved_stock":0,"customer_returns":0,"warehouse_damage":0,"lost_in_post":0,"other_logs":0,"out_stock_days":43,"lost_sales":0,"has_location":false,"update_date":"2026-01-29T09:10:18","atum_locations":[],"atum_stock_status":"onbackorder","restock_status":false,"low_stock_amount":1,"sales_update_date":"2026-01-29T09:10:18","calc_backorders":null,"_links":{"self":[{"href":"https:\/\/mps.digital-monkey.in\/de\/wp-json\/wp\/v2\/product\/45391","targetHints":{"allow":["GET"]}}],"collection":[{"href":"https:\/\/mps.digital-monkey.in\/de\/wp-json\/wp\/v2\/product"}],"about":[{"href":"https:\/\/mps.digital-monkey.in\/de\/wp-json\/wp\/v2\/types\/product"}],"replies":[{"embeddable":true,"href":"https:\/\/mps.digital-monkey.in\/de\/wp-json\/wp\/v2\/comments?post=45391"}],"wp:featuredmedia":[{"embeddable":true,"href":"https:\/\/mps.digital-monkey.in\/de\/wp-json\/wp\/v2\/media\/45392"}],"wp:attachment":[{"href":"https:\/\/mps.digital-monkey.in\/de\/wp-json\/wp\/v2\/media?parent=45391"}],"wp:term":[{"taxonomy":"product_brand","embeddable":true,"href":"https:\/\/mps.digital-monkey.in\/de\/wp-json\/wp\/v2\/product_brand?post=45391"},{"taxonomy":"product_cat","embeddable":true,"href":"https:\/\/mps.digital-monkey.in\/de\/wp-json\/wp\/v2\/product_cat?post=45391"},{"taxonomy":"product_tag","embeddable":true,"href":"https:\/\/mps.digital-monkey.in\/de\/wp-json\/wp\/v2\/product_tag?post=45391"}],"curies":[{"name":"wp","href":"https:\/\/api.w.org\/{rel}","templated":true}]}}