{"id":45403,"date":"2025-12-16T10:21:16","date_gmt":"2025-12-16T10:21:16","guid":{"rendered":"https:\/\/mps.digital-monkey.in\/product\/volvo-penta-bleistiftanode-zink-mit-stecker-832989\/"},"modified":"2025-12-18T10:27:40","modified_gmt":"2025-12-18T10:27:40","slug":"volvo-penta-bleistiftanode-zink-mit-stecker-832989","status":"publish","type":"product","link":"https:\/\/mps.digital-monkey.in\/de\/produkt\/volvo-penta-bleistiftanode-zink-mit-stecker-832989\/","title":{"rendered":"Volvo Penta Bleistiftanode Zink mit Stecker 832989"},"content":{"rendered":"<p data-start=\"514\" data-end=\"852\">Die <strong data-start=\"518\" data-end=\"594\">Volvo Penta Pencil Anode Zink \u00d815,5 x 40 mm mit BSPT 1\/2\u2033 Stopfen (832989)<\/strong> wird als <strong data-start=\"612\" data-end=\"633\">komplette Einheit<\/strong> geliefert, bestehend aus einer Zink-Pencil-Anode und einem Messing-Gewindestopfen. Diese komplette Einheit wurde entwickelt, um einen wirksamen Schutz gegen <strong data-start=\"767\" data-end=\"789\">galvanische Korrosion<\/strong> in Schiffssystemen zu bieten, in denen ein interner Anodenschutz erforderlich ist. <\/p>\n<p data-start=\"854\" data-end=\"1183\">Die Zinkanode wirkt als Opferelement, das vor der Korrosion kritischer Metallkomponenten sch\u00fctzt und dazu beitr\u00e4gt, deren Lebensdauer zu verl\u00e4ngern. Der integrierte <strong data-start=\"1000\" data-end=\"1036\">1\/2\u2033 BSPT (Gasconico)-Messingstecker<\/strong> sorgt f\u00fcr eine sichere Installation und einen zuverl\u00e4ssigen elektrischen Kontakt, so dass sich dieses Ger\u00e4t f\u00fcr K\u00fchlsysteme und andere interne Schiffsanwendungen eignet. <\/p>\n<h3 data-start=\"1185\" data-end=\"1201\"><strong data-start=\"1189\" data-end=\"1201\">Material<\/strong><\/h3>\n<ul data-start=\"1202\" data-end=\"1233\">\n<li data-start=\"1202\" data-end=\"1217\">\n<p data-start=\"1204\" data-end=\"1217\">Anode: Zink<\/p>\n<\/li>\n<li data-start=\"1218\" data-end=\"1233\">\n<p data-start=\"1220\" data-end=\"1233\">Stecker: Messing<\/p>\n<\/li>\n<\/ul>\n<h3 data-start=\"1235\" data-end=\"1254\"><strong data-start=\"1239\" data-end=\"1254\">Teilenummer<\/strong><\/h3>\n<ul data-start=\"1255\" data-end=\"1263\">\n<li data-start=\"1255\" data-end=\"1263\">\n<p data-start=\"1257\" data-end=\"1263\">832989<\/p>\n<\/li>\n<\/ul>\n<h3 data-start=\"1265\" data-end=\"1279\"><strong data-start=\"1269\" data-end=\"1279\">Thema<\/strong><\/h3>\n<ul data-start=\"1280\" data-end=\"1303\">\n<li data-start=\"1280\" data-end=\"1303\">\n<p data-start=\"1282\" data-end=\"1303\">1\/2\u2033 BSPT (Gasconico)<\/p>\n<\/li>\n<\/ul>\n<h3 data-start=\"1305\" data-end=\"1323\"><strong data-start=\"1309\" data-end=\"1323\">Abmessungen<\/strong><\/h3>\n<ul data-start=\"1324\" data-end=\"1400\">\n<li data-start=\"1324\" data-end=\"1349\">\n<p data-start=\"1326\" data-end=\"1349\">Durchmesser (\u00d8): 15,5 mm<\/p>\n<\/li>\n<li data-start=\"1350\" data-end=\"1373\">\n<p data-start=\"1352\" data-end=\"1373\">L\u00e4nge (L): 40,0 mm<\/p>\n<\/li>\n<li data-start=\"1374\" data-end=\"1400\">\n<p data-start=\"1376\" data-end=\"1400\">Abmessung (C): 13,0 mm<\/p>\n<\/li>\n<\/ul>\n<h3 data-start=\"1402\" data-end=\"1422\"><strong data-start=\"1406\" data-end=\"1422\">Wesentliche Merkmale<\/strong><\/h3>\n<ul data-start=\"1423\" data-end=\"1666\">\n<li data-start=\"1423\" data-end=\"1473\">\n<p data-start=\"1425\" data-end=\"1473\">Komplette Bleistiftanode mit Messingstopfen geliefert<\/p>\n<\/li>\n<li data-start=\"1474\" data-end=\"1525\">\n<p data-start=\"1476\" data-end=\"1525\">Zink-Opferanode f\u00fcr Korrosionsschutz<\/p>\n<\/li>\n<li data-start=\"1526\" data-end=\"1568\">\n<p data-start=\"1528\" data-end=\"1568\">Sichere Installation mit 1\/2\u2033 BSPT-Gewinde<\/p>\n<\/li>\n<li data-start=\"1569\" data-end=\"1615\">\n<p data-start=\"1571\" data-end=\"1615\">Pr\u00e4zisionsgefertigt f\u00fcr korrekte Passform<\/p>\n<\/li>\n<li data-start=\"1616\" data-end=\"1666\">\n<p data-start=\"1618\" data-end=\"1666\">Direkter Ersatz f\u00fcr Volvo Penta Teil 832989<\/p>\n<\/li>\n<\/ul>\n<p data-start=\"1668\" data-end=\"1829\">Die regelm\u00e4\u00dfige Inspektion und der rechtzeitige Austausch von Bleistiftanoden tr\u00e4gt dazu bei, einen zuverl\u00e4ssigen Korrosionsschutz aufrechtzuerhalten und Sch\u00e4den an internen Komponenten des Schiffssystems zu verhindern.<\/p>\n","protected":false},"excerpt":{"rendered":"<p>Die Volvo Penta Pencil Anode Zink \u00d815,5 x 40 mm mit BSPT 1\/2\u2033 Stopfen (832989) wird als komplette Einheit geliefert, bestehend aus einer Zink-Pencil-Anode und einem Messing-Gewindestopfen. Diese komplette Einheit wurde entwickelt, um einen wirksamen Schutz gegen galvanische Korrosion in Schiffssystemen zu bieten, in denen ein interner Anodenschutz erforderlich ist. Die Zinkanode wirkt als Opferelement, [&hellip;]<\/p>\n","protected":false},"featured_media":45404,"comment_status":"open","ping_status":"closed","template":"","meta":[],"product_brand":[4230],"product_cat":[3286,4488,2498,4308,4523],"product_tag":[],"class_list":{"0":"post-45403","1":"product","2":"type-product","3":"status-publish","4":"has-post-thumbnail","6":"product_brand-volvo-penta","7":"product_cat-anoden","8":"product_cat-brauchen-sie-volvo-penta-teile","9":"product_cat-ersatzteile-fur-motoren","10":"product_cat-volvo-penta","11":"product_cat-volvo-penta-anoden","12":"pa_condition-neu","13":"pa_oem-or-aftermarket-aftermarket","15":"first","16":"onbackorder","17":"sale","18":"taxable","19":"shipping-taxable","20":"purchasable","21":"product-type-simple"},"supplier_id":45614,"supplier_sku":"00713T","barcode":null,"atum_controlled":true,"out_stock_date":"2025-12-16 10:21:20","out_stock_threshold":null,"inheritable":false,"inbound_stock":0,"stock_on_hold":0,"sold_today":0,"sales_last_days":0,"reserved_stock":0,"customer_returns":0,"warehouse_damage":0,"lost_in_post":0,"other_logs":0,"out_stock_days":43,"lost_sales":0,"has_location":false,"update_date":"2026-01-29T09:10:44","atum_locations":[],"atum_stock_status":"onbackorder","restock_status":false,"low_stock_amount":1,"sales_update_date":"2026-01-29T09:10:44","calc_backorders":null,"_links":{"self":[{"href":"https:\/\/mps.digital-monkey.in\/de\/wp-json\/wp\/v2\/product\/45403","targetHints":{"allow":["GET"]}}],"collection":[{"href":"https:\/\/mps.digital-monkey.in\/de\/wp-json\/wp\/v2\/product"}],"about":[{"href":"https:\/\/mps.digital-monkey.in\/de\/wp-json\/wp\/v2\/types\/product"}],"replies":[{"embeddable":true,"href":"https:\/\/mps.digital-monkey.in\/de\/wp-json\/wp\/v2\/comments?post=45403"}],"wp:featuredmedia":[{"embeddable":true,"href":"https:\/\/mps.digital-monkey.in\/de\/wp-json\/wp\/v2\/media\/45404"}],"wp:attachment":[{"href":"https:\/\/mps.digital-monkey.in\/de\/wp-json\/wp\/v2\/media?parent=45403"}],"wp:term":[{"taxonomy":"product_brand","embeddable":true,"href":"https:\/\/mps.digital-monkey.in\/de\/wp-json\/wp\/v2\/product_brand?post=45403"},{"taxonomy":"product_cat","embeddable":true,"href":"https:\/\/mps.digital-monkey.in\/de\/wp-json\/wp\/v2\/product_cat?post=45403"},{"taxonomy":"product_tag","embeddable":true,"href":"https:\/\/mps.digital-monkey.in\/de\/wp-json\/wp\/v2\/product_tag?post=45403"}],"curies":[{"name":"wp","href":"https:\/\/api.w.org\/{rel}","templated":true}]}}