{"id":45418,"date":"2025-12-16T11:57:50","date_gmt":"2025-12-16T11:57:50","guid":{"rendered":"https:\/\/mps.digital-monkey.in\/product\/volvo-penta-bleistift-anode-magnesium-mit-stecker-832989\/"},"modified":"2025-12-18T10:27:48","modified_gmt":"2025-12-18T10:27:48","slug":"volvo-penta-bleistift-anode-magnesium-mit-stecker-832989","status":"publish","type":"product","link":"https:\/\/mps.digital-monkey.in\/de\/produkt\/volvo-penta-bleistift-anode-magnesium-mit-stecker-832989\/","title":{"rendered":"Volvo Penta Bleistift Anode Magnesium mit Stecker 832989"},"content":{"rendered":"<p data-start=\"571\" data-end=\"927\">Die <strong>Volvo Penta Bleistiftanode Magnesium mit Stopfen 832989 <\/strong>wird als <strong data-start=\"674\" data-end=\"691\">komplette Einheit<\/strong> geliefert, bestehend aus einer Magnesium-Bleistiftanode und einem Messing-Gewindestopfen. Diese Einheit wurde entwickelt, um <strong data-start=\"796\" data-end=\"872\">maximalen Schutz vor galvanischer Korrosion in S\u00fc\u00dfwasserumgebungen<\/strong> zu bieten, wo Magnesium das effektivste Anodenmaterial ist. <\/p>\n<p data-start=\"929\" data-end=\"1261\">Magnesiumanoden bieten eine h\u00f6here elektrochemische Aktivit\u00e4t als Zink, was sie zur bevorzugten Wahl f\u00fcr den Einsatz in Seen, Fl\u00fcssen und anderen Gew\u00e4ssern mit geringer Leitf\u00e4higkeit macht. Der integrierte <strong data-start=\"1106\" data-end=\"1142\">1\/2\u2033 BSPT (gasconico) Messingstecker<\/strong> sorgt f\u00fcr eine sichere Installation und einen zuverl\u00e4ssigen elektrischen Kontakt in K\u00fchlsystemen und anderen internen Schiffsanwendungen. <\/p>\n<h3 data-start=\"1263\" data-end=\"1279\"><strong data-start=\"1267\" data-end=\"1279\">Material<\/strong><\/h3>\n<ul data-start=\"1280\" data-end=\"1316\">\n<li data-start=\"1280\" data-end=\"1300\">\n<p data-start=\"1282\" data-end=\"1300\">Anode: Magnesium<\/p>\n<\/li>\n<li data-start=\"1301\" data-end=\"1316\">\n<p data-start=\"1303\" data-end=\"1316\">Stecker: Messing<\/p>\n<\/li>\n<\/ul>\n<h3 data-start=\"1318\" data-end=\"1337\"><strong data-start=\"1322\" data-end=\"1337\">Teilenummer<\/strong><\/h3>\n<ul data-start=\"1338\" data-end=\"1346\">\n<li data-start=\"1338\" data-end=\"1346\">\n<p data-start=\"1340\" data-end=\"1346\">832989<\/p>\n<\/li>\n<\/ul>\n<h3 data-start=\"1348\" data-end=\"1362\"><strong data-start=\"1352\" data-end=\"1362\">Thema<\/strong><\/h3>\n<ul data-start=\"1363\" data-end=\"1386\">\n<li data-start=\"1363\" data-end=\"1386\">\n<p data-start=\"1365\" data-end=\"1386\">1\/2\u2033 BSPT (Gasconico)<\/p>\n<\/li>\n<\/ul>\n<h3 data-start=\"1388\" data-end=\"1406\"><strong data-start=\"1392\" data-end=\"1406\">Abmessungen<\/strong><\/h3>\n<ul data-start=\"1407\" data-end=\"1483\">\n<li data-start=\"1407\" data-end=\"1432\">\n<p data-start=\"1409\" data-end=\"1432\">Durchmesser (\u00d8): 15,5 mm<\/p>\n<\/li>\n<li data-start=\"1433\" data-end=\"1456\">\n<p data-start=\"1435\" data-end=\"1456\">L\u00e4nge (L): 40,0 mm<\/p>\n<\/li>\n<li data-start=\"1457\" data-end=\"1483\">\n<p data-start=\"1459\" data-end=\"1483\">Abmessung (C): 13,0 mm<\/p>\n<\/li>\n<\/ul>\n<h3 data-start=\"1485\" data-end=\"1505\"><strong data-start=\"1489\" data-end=\"1505\">Wesentliche Merkmale<\/strong><\/h3>\n<ul data-start=\"1506\" data-end=\"1749\">\n<li data-start=\"1506\" data-end=\"1566\">\n<p data-start=\"1508\" data-end=\"1566\">Komplette Magnesium-Stiftanode mit Messingstopfen geliefert<\/p>\n<\/li>\n<li data-start=\"1567\" data-end=\"1613\">\n<p data-start=\"1569\" data-end=\"1613\">Maximaler Korrosionsschutz in S\u00fc\u00dfwasser<\/p>\n<\/li>\n<li data-start=\"1614\" data-end=\"1656\">\n<p data-start=\"1616\" data-end=\"1656\">Sichere Installation mit 1\/2\u2033 BSPT-Gewinde<\/p>\n<\/li>\n<li data-start=\"1657\" data-end=\"1703\">\n<p data-start=\"1659\" data-end=\"1703\">Pr\u00e4zisionsgefertigt f\u00fcr korrekte Passform<\/p>\n<\/li>\n<li data-start=\"1704\" data-end=\"1749\">\n<p data-start=\"1706\" data-end=\"1749\">Direkter Ersatz f\u00fcr die Teilenummer 832989<\/p>\n<\/li>\n<\/ul>\n<p data-start=\"1751\" data-end=\"1923\">Die regelm\u00e4\u00dfige Inspektion und der rechtzeitige Austausch von Magnesium-Stiftanoden tr\u00e4gt dazu bei, einen wirksamen Korrosionsschutz aufrechtzuerhalten und Sch\u00e4den an internen Komponenten des Schiffssystems zu verhindern.<\/p>\n","protected":false},"excerpt":{"rendered":"<p>Die Volvo Penta Bleistiftanode Magnesium mit Stopfen 832989 wird als komplette Einheit geliefert, bestehend aus einer Magnesium-Bleistiftanode und einem Messing-Gewindestopfen. Diese Einheit wurde entwickelt, um maximalen Schutz vor galvanischer Korrosion in S\u00fc\u00dfwasserumgebungen zu bieten, wo Magnesium das effektivste Anodenmaterial ist. Magnesiumanoden bieten eine h\u00f6here elektrochemische Aktivit\u00e4t als Zink, was sie zur bevorzugten Wahl f\u00fcr den [&hellip;]<\/p>\n","protected":false},"featured_media":45419,"comment_status":"open","ping_status":"closed","template":"","meta":[],"product_brand":[4230],"product_cat":[3286,4488,2498,4308,4523],"product_tag":[],"class_list":{"0":"post-45418","1":"product","2":"type-product","3":"status-publish","4":"has-post-thumbnail","6":"product_brand-volvo-penta","7":"product_cat-anoden","8":"product_cat-brauchen-sie-volvo-penta-teile","9":"product_cat-ersatzteile-fur-motoren","10":"product_cat-volvo-penta","11":"product_cat-volvo-penta-anoden","12":"pa_condition-neu","13":"pa_oem-or-aftermarket-aftermarket","15":"first","16":"onbackorder","17":"taxable","18":"shipping-taxable","19":"purchasable","20":"product-type-simple"},"supplier_id":45614,"supplier_sku":"00713TMG","barcode":null,"atum_controlled":true,"out_stock_date":"2025-12-16 11:57:53","out_stock_threshold":null,"inheritable":false,"inbound_stock":0,"stock_on_hold":0,"sold_today":0,"sales_last_days":0,"reserved_stock":0,"customer_returns":0,"warehouse_damage":0,"lost_in_post":0,"other_logs":0,"out_stock_days":43,"lost_sales":0,"has_location":false,"update_date":"2026-01-29T09:10:44","atum_locations":[],"atum_stock_status":"onbackorder","restock_status":false,"low_stock_amount":1,"sales_update_date":"2026-01-29T09:10:44","calc_backorders":null,"_links":{"self":[{"href":"https:\/\/mps.digital-monkey.in\/de\/wp-json\/wp\/v2\/product\/45418","targetHints":{"allow":["GET"]}}],"collection":[{"href":"https:\/\/mps.digital-monkey.in\/de\/wp-json\/wp\/v2\/product"}],"about":[{"href":"https:\/\/mps.digital-monkey.in\/de\/wp-json\/wp\/v2\/types\/product"}],"replies":[{"embeddable":true,"href":"https:\/\/mps.digital-monkey.in\/de\/wp-json\/wp\/v2\/comments?post=45418"}],"wp:featuredmedia":[{"embeddable":true,"href":"https:\/\/mps.digital-monkey.in\/de\/wp-json\/wp\/v2\/media\/45419"}],"wp:attachment":[{"href":"https:\/\/mps.digital-monkey.in\/de\/wp-json\/wp\/v2\/media?parent=45418"}],"wp:term":[{"taxonomy":"product_brand","embeddable":true,"href":"https:\/\/mps.digital-monkey.in\/de\/wp-json\/wp\/v2\/product_brand?post=45418"},{"taxonomy":"product_cat","embeddable":true,"href":"https:\/\/mps.digital-monkey.in\/de\/wp-json\/wp\/v2\/product_cat?post=45418"},{"taxonomy":"product_tag","embeddable":true,"href":"https:\/\/mps.digital-monkey.in\/de\/wp-json\/wp\/v2\/product_tag?post=45418"}],"curies":[{"name":"wp","href":"https:\/\/api.w.org\/{rel}","templated":true}]}}