{"id":45479,"date":"2025-12-16T13:08:21","date_gmt":"2025-12-16T13:08:21","guid":{"rendered":"https:\/\/mps.digital-monkey.in\/product\/volvo-penta-bleistift-anode-zink-838929\/"},"modified":"2025-12-18T10:28:00","modified_gmt":"2025-12-18T10:28:00","slug":"volvo-penta-bleistift-anode-zink-838929","status":"publish","type":"product","link":"https:\/\/mps.digital-monkey.in\/de\/produkt\/volvo-penta-bleistift-anode-zink-838929\/","title":{"rendered":"Volvo Penta Bleistift Anode Zink 838929"},"content":{"rendered":"<p data-start=\"532\" data-end=\"860\">Die <strong>Volvo Penta Pencil Anode Zinc 838929<\/strong> wurde entwickelt, um einen wirksamen Schutz gegen <strong data-start=\"643\" data-end=\"665\">galvanische Korrosion<\/strong> in der Schifffahrt zu bieten. Diese aus hochwertigem Zink gefertigte Bleistiftanode fungiert als Opferelement, das vor der Korrosion kritischer Metallkomponenten sch\u00fctzt und dazu beitr\u00e4gt, deren Lebensdauer zu verl\u00e4ngern. <\/p>\n<p data-start=\"862\" data-end=\"1098\">Diese Zinkstiftanode ist pr\u00e4zise gefertigt, um eine korrekte Passform und einen zuverl\u00e4ssigen elektrischen Kontakt zu gew\u00e4hrleisten. Sie wird \u00fcblicherweise in K\u00fchlsystemen und anderen internen Schiffsanwendungen verwendet, wo ein kontrollierter Korrosionsschutz erforderlich ist. <\/p>\n<h3 data-start=\"1100\" data-end=\"1116\"><strong data-start=\"1104\" data-end=\"1116\">Material<\/strong><\/h3>\n<ul data-start=\"1117\" data-end=\"1155\">\n<li data-start=\"1117\" data-end=\"1155\">\n<p data-start=\"1119\" data-end=\"1155\">Zink (empfohlen f\u00fcr die Verwendung in Salzwasser)<\/p>\n<\/li>\n<\/ul>\n<h3 data-start=\"1157\" data-end=\"1176\"><strong data-start=\"1161\" data-end=\"1176\">Teilenummer<\/strong><\/h3>\n<ul data-start=\"1177\" data-end=\"1185\">\n<li data-start=\"1177\" data-end=\"1185\">\n<p data-start=\"1179\" data-end=\"1185\">838929<\/p>\n<\/li>\n<\/ul>\n<h3 data-start=\"1187\" data-end=\"1205\"><strong data-start=\"1191\" data-end=\"1205\">Abmessungen<\/strong><\/h3>\n<ul data-start=\"1206\" data-end=\"1283\">\n<li data-start=\"1206\" data-end=\"1231\">\n<p data-start=\"1208\" data-end=\"1231\">Durchmesser (\u00d8): 15.0 mm<\/p>\n<\/li>\n<li data-start=\"1232\" data-end=\"1255\">\n<p data-start=\"1234\" data-end=\"1255\">L\u00e4nge (L): 30,0 mm<\/p>\n<\/li>\n<li data-start=\"1256\" data-end=\"1283\">\n<p data-start=\"1258\" data-end=\"1283\">Befestigungsgewinde (M): M8<\/p>\n<\/li>\n<\/ul>\n<h3 data-start=\"1285\" data-end=\"1305\"><strong data-start=\"1289\" data-end=\"1305\">Wesentliche Merkmale<\/strong><\/h3>\n<ul data-start=\"1306\" data-end=\"1546\">\n<li data-start=\"1306\" data-end=\"1359\">\n<p data-start=\"1308\" data-end=\"1359\">Zink-Stiftanode f\u00fcr den maritimen Korrosionsschutz<\/p>\n<\/li>\n<li data-start=\"1360\" data-end=\"1409\">\n<p data-start=\"1362\" data-end=\"1409\">Opferanode zum Schutz von Metallkomponenten<\/p>\n<\/li>\n<li data-start=\"1410\" data-end=\"1452\">\n<p data-start=\"1412\" data-end=\"1452\">Pr\u00e4zisionsgefertigt f\u00fcr korrekte Passform<\/p>\n<\/li>\n<li data-start=\"1453\" data-end=\"1495\">\n<p data-start=\"1455\" data-end=\"1495\">Langlebige Konstruktion aus Zink in Marinequalit\u00e4t<\/p>\n<\/li>\n<li data-start=\"1496\" data-end=\"1546\">\n<p data-start=\"1498\" data-end=\"1546\">Direkter Ersatz f\u00fcr Volvo Penta Teil 838929<\/p>\n<\/li>\n<\/ul>\n<p data-start=\"1548\" data-end=\"1710\">Die regelm\u00e4\u00dfige Inspektion und der rechtzeitige Austausch von Bleistiftanoden tr\u00e4gt dazu bei, einen wirksamen Korrosionsschutz aufrechtzuerhalten und Sch\u00e4den an internen Komponenten des Schiffssystems zu verhindern.<\/p>\n","protected":false},"excerpt":{"rendered":"<p>Die Volvo Penta Pencil Anode Zinc 838929 wurde entwickelt, um einen wirksamen Schutz gegen galvanische Korrosion in der Schifffahrt zu bieten. Diese aus hochwertigem Zink gefertigte Bleistiftanode fungiert als Opferelement, das vor der Korrosion kritischer Metallkomponenten sch\u00fctzt und dazu beitr\u00e4gt, deren Lebensdauer zu verl\u00e4ngern. Diese Zinkstiftanode ist pr\u00e4zise gefertigt, um eine korrekte Passform und einen [&hellip;]<\/p>\n","protected":false},"featured_media":45480,"comment_status":"open","ping_status":"closed","template":"","meta":[],"product_brand":[4230],"product_cat":[3286,4488,2498,4308,4523],"product_tag":[],"class_list":{"0":"post-45479","1":"product","2":"type-product","3":"status-publish","4":"has-post-thumbnail","6":"product_brand-volvo-penta","7":"product_cat-anoden","8":"product_cat-brauchen-sie-volvo-penta-teile","9":"product_cat-ersatzteile-fur-motoren","10":"product_cat-volvo-penta","11":"product_cat-volvo-penta-anoden","12":"pa_condition-neu","13":"pa_oem-or-aftermarket-aftermarket","15":"first","16":"onbackorder","17":"sale","18":"taxable","19":"shipping-taxable","20":"purchasable","21":"product-type-simple"},"supplier_id":45614,"supplier_sku":"00714-1","barcode":null,"atum_controlled":true,"out_stock_date":"2025-12-16 13:08:24","out_stock_threshold":null,"inheritable":false,"inbound_stock":0,"stock_on_hold":0,"sold_today":0,"sales_last_days":0,"reserved_stock":0,"customer_returns":0,"warehouse_damage":0,"lost_in_post":0,"other_logs":0,"out_stock_days":43,"lost_sales":0,"has_location":false,"update_date":"2026-01-29T09:10:18","atum_locations":[],"atum_stock_status":"onbackorder","restock_status":false,"low_stock_amount":1,"sales_update_date":"2026-01-29T09:10:18","calc_backorders":null,"_links":{"self":[{"href":"https:\/\/mps.digital-monkey.in\/de\/wp-json\/wp\/v2\/product\/45479","targetHints":{"allow":["GET"]}}],"collection":[{"href":"https:\/\/mps.digital-monkey.in\/de\/wp-json\/wp\/v2\/product"}],"about":[{"href":"https:\/\/mps.digital-monkey.in\/de\/wp-json\/wp\/v2\/types\/product"}],"replies":[{"embeddable":true,"href":"https:\/\/mps.digital-monkey.in\/de\/wp-json\/wp\/v2\/comments?post=45479"}],"wp:featuredmedia":[{"embeddable":true,"href":"https:\/\/mps.digital-monkey.in\/de\/wp-json\/wp\/v2\/media\/45480"}],"wp:attachment":[{"href":"https:\/\/mps.digital-monkey.in\/de\/wp-json\/wp\/v2\/media?parent=45479"}],"wp:term":[{"taxonomy":"product_brand","embeddable":true,"href":"https:\/\/mps.digital-monkey.in\/de\/wp-json\/wp\/v2\/product_brand?post=45479"},{"taxonomy":"product_cat","embeddable":true,"href":"https:\/\/mps.digital-monkey.in\/de\/wp-json\/wp\/v2\/product_cat?post=45479"},{"taxonomy":"product_tag","embeddable":true,"href":"https:\/\/mps.digital-monkey.in\/de\/wp-json\/wp\/v2\/product_tag?post=45479"}],"curies":[{"name":"wp","href":"https:\/\/api.w.org\/{rel}","templated":true}]}}