{"id":45489,"date":"2025-12-16T13:14:02","date_gmt":"2025-12-16T13:14:02","guid":{"rendered":"https:\/\/mps.digital-monkey.in\/product\/volvo-penta-bleistift-anode-aluminium-838929\/"},"modified":"2025-12-18T10:28:09","modified_gmt":"2025-12-18T10:28:09","slug":"volvo-penta-bleistift-anode-aluminium-838929","status":"publish","type":"product","link":"https:\/\/mps.digital-monkey.in\/de\/produkt\/volvo-penta-bleistift-anode-aluminium-838929\/","title":{"rendered":"Volvo Penta Bleistift Anode Aluminium 838929"},"content":{"rendered":"<p data-start=\"545\" data-end=\"893\">Die <strong>Volvo Penta Pencil Anode Aluminium 838929<\/strong> wurde entwickelt, um zuverl\u00e4ssigen Schutz vor <strong data-start=\"660\" data-end=\"682\">galvanischer Korrosion<\/strong> in <strong data-start=\"686\" data-end=\"731\">Salzwasser- und Brackwasserumgebungen<\/strong> zu bieten. Diese aus einer hochwertigen Aluminiumlegierung gefertigte Pencil-Anode bietet im Vergleich zu Zink eine verbesserte Effizienz und eine l\u00e4ngere Lebensdauer in Mischwasserbedingungen. <\/p>\n<p data-start=\"895\" data-end=\"1136\">Diese Aluminium-Stiftanode ist pr\u00e4zise gefertigt, um eine korrekte Passform und einen zuverl\u00e4ssigen elektrischen Kontakt zu gew\u00e4hrleisten. Sie wird \u00fcblicherweise in K\u00fchlsystemen und anderen internen Schiffsanwendungen verwendet, wo ein kontrollierter Korrosionsschutz erforderlich ist. <\/p>\n<h3 data-start=\"1138\" data-end=\"1154\"><strong data-start=\"1142\" data-end=\"1154\">Material<\/strong><\/h3>\n<ul data-start=\"1155\" data-end=\"1217\">\n<li data-start=\"1155\" data-end=\"1217\">\n<p data-start=\"1157\" data-end=\"1217\">Aluminium (empfohlen f\u00fcr die Verwendung in Salzwasser und Brackwasser)<\/p>\n<\/li>\n<\/ul>\n<h3 data-start=\"1219\" data-end=\"1238\"><strong data-start=\"1223\" data-end=\"1238\">Teilenummer<\/strong><\/h3>\n<ul data-start=\"1239\" data-end=\"1247\">\n<li data-start=\"1239\" data-end=\"1247\">\n<p data-start=\"1241\" data-end=\"1247\">838929<\/p>\n<\/li>\n<\/ul>\n<h3 data-start=\"1249\" data-end=\"1267\"><strong data-start=\"1253\" data-end=\"1267\">Abmessungen<\/strong><\/h3>\n<ul data-start=\"1268\" data-end=\"1345\">\n<li data-start=\"1268\" data-end=\"1293\">\n<p data-start=\"1270\" data-end=\"1293\">Durchmesser (\u00d8): 15.0 mm<\/p>\n<\/li>\n<li data-start=\"1294\" data-end=\"1317\">\n<p data-start=\"1296\" data-end=\"1317\">L\u00e4nge (L): 30,0 mm<\/p>\n<\/li>\n<li data-start=\"1318\" data-end=\"1345\">\n<p data-start=\"1320\" data-end=\"1345\">Befestigungsgewinde (M): M8<\/p>\n<\/li>\n<\/ul>\n<h3 data-start=\"1347\" data-end=\"1367\"><strong data-start=\"1351\" data-end=\"1367\">Wesentliche Merkmale<\/strong><\/h3>\n<ul data-start=\"1368\" data-end=\"1647\">\n<li data-start=\"1368\" data-end=\"1426\">\n<p data-start=\"1370\" data-end=\"1426\">Aluminium-Stiftanode f\u00fcr den maritimen Korrosionsschutz<\/p>\n<\/li>\n<li data-start=\"1427\" data-end=\"1485\">\n<p data-start=\"1429\" data-end=\"1485\">Geeignet f\u00fcr Salzwasser- und Brackwasserumgebungen<\/p>\n<\/li>\n<li data-start=\"1486\" data-end=\"1541\">\n<p data-start=\"1488\" data-end=\"1541\">L\u00e4ngere Lebensdauer im Vergleich zu Zink in Mischwasser<\/p>\n<\/li>\n<li data-start=\"1542\" data-end=\"1596\">\n<p data-start=\"1544\" data-end=\"1596\">Pr\u00e4zisionsgefertigt f\u00fcr korrekten Sitz und Kontakt<\/p>\n<\/li>\n<li data-start=\"1597\" data-end=\"1647\">\n<p data-start=\"1599\" data-end=\"1647\">Direkter Ersatz f\u00fcr Volvo Penta Teil 838929<\/p>\n<\/li>\n<\/ul>\n<p data-start=\"1649\" data-end=\"1811\">Die regelm\u00e4\u00dfige Inspektion und der rechtzeitige Austausch von Bleistiftanoden tr\u00e4gt dazu bei, einen wirksamen Korrosionsschutz aufrechtzuerhalten und Sch\u00e4den an internen Komponenten des Schiffssystems zu verhindern.<\/p>\n","protected":false},"excerpt":{"rendered":"<p>Die Volvo Penta Pencil Anode Aluminium 838929 wurde entwickelt, um zuverl\u00e4ssigen Schutz vor galvanischer Korrosion in Salzwasser- und Brackwasserumgebungen zu bieten. Diese aus einer hochwertigen Aluminiumlegierung gefertigte Pencil-Anode bietet im Vergleich zu Zink eine verbesserte Effizienz und eine l\u00e4ngere Lebensdauer in Mischwasserbedingungen. Diese Aluminium-Stiftanode ist pr\u00e4zise gefertigt, um eine korrekte Passform und einen zuverl\u00e4ssigen elektrischen [&hellip;]<\/p>\n","protected":false},"featured_media":45490,"comment_status":"open","ping_status":"closed","template":"","meta":[],"product_brand":[4230],"product_cat":[3286,4488,2498,4308,4523],"product_tag":[],"class_list":{"0":"post-45489","1":"product","2":"type-product","3":"status-publish","4":"has-post-thumbnail","6":"product_brand-volvo-penta","7":"product_cat-anoden","8":"product_cat-brauchen-sie-volvo-penta-teile","9":"product_cat-ersatzteile-fur-motoren","10":"product_cat-volvo-penta","11":"product_cat-volvo-penta-anoden","12":"pa_condition-neu","13":"pa_oem-or-aftermarket-aftermarket","15":"first","16":"onbackorder","17":"sale","18":"taxable","19":"shipping-taxable","20":"purchasable","21":"product-type-simple"},"supplier_id":45614,"supplier_sku":"00714-1AL","barcode":null,"atum_controlled":true,"out_stock_date":"2025-12-16 13:14:06","out_stock_threshold":null,"inheritable":false,"inbound_stock":0,"stock_on_hold":0,"sold_today":0,"sales_last_days":0,"reserved_stock":0,"customer_returns":0,"warehouse_damage":0,"lost_in_post":0,"other_logs":0,"out_stock_days":43,"lost_sales":0,"has_location":false,"update_date":"2026-01-29T09:10:18","atum_locations":[],"atum_stock_status":"onbackorder","restock_status":false,"low_stock_amount":1,"sales_update_date":"2026-01-29T09:10:18","calc_backorders":null,"_links":{"self":[{"href":"https:\/\/mps.digital-monkey.in\/de\/wp-json\/wp\/v2\/product\/45489","targetHints":{"allow":["GET"]}}],"collection":[{"href":"https:\/\/mps.digital-monkey.in\/de\/wp-json\/wp\/v2\/product"}],"about":[{"href":"https:\/\/mps.digital-monkey.in\/de\/wp-json\/wp\/v2\/types\/product"}],"replies":[{"embeddable":true,"href":"https:\/\/mps.digital-monkey.in\/de\/wp-json\/wp\/v2\/comments?post=45489"}],"wp:featuredmedia":[{"embeddable":true,"href":"https:\/\/mps.digital-monkey.in\/de\/wp-json\/wp\/v2\/media\/45490"}],"wp:attachment":[{"href":"https:\/\/mps.digital-monkey.in\/de\/wp-json\/wp\/v2\/media?parent=45489"}],"wp:term":[{"taxonomy":"product_brand","embeddable":true,"href":"https:\/\/mps.digital-monkey.in\/de\/wp-json\/wp\/v2\/product_brand?post=45489"},{"taxonomy":"product_cat","embeddable":true,"href":"https:\/\/mps.digital-monkey.in\/de\/wp-json\/wp\/v2\/product_cat?post=45489"},{"taxonomy":"product_tag","embeddable":true,"href":"https:\/\/mps.digital-monkey.in\/de\/wp-json\/wp\/v2\/product_tag?post=45489"}],"curies":[{"name":"wp","href":"https:\/\/api.w.org\/{rel}","templated":true}]}}