{"id":45513,"date":"2025-12-16T14:49:36","date_gmt":"2025-12-16T14:49:36","guid":{"rendered":"https:\/\/mps.digital-monkey.in\/product\/volvo-penta-bleistiftanode-zink-838929-o15-mm-mit-messingstopfen-bspt-1-2%e2%80%b3\/"},"modified":"2025-12-18T10:28:17","modified_gmt":"2025-12-18T10:28:17","slug":"volvo-penta-bleistiftanode-zink-838929-o15-mm-mit-messingstopfen-bspt-1-2%e2%80%b3","status":"publish","type":"product","link":"https:\/\/mps.digital-monkey.in\/de\/produkt\/volvo-penta-bleistiftanode-zink-838929-o15-mm-mit-messingstopfen-bspt-1-2%e2%80%b3\/","title":{"rendered":"Volvo Penta Bleistiftanode Zink 838929 \u00d815 mm mit Messingstopfen BSPT 1\/2\u2033"},"content":{"rendered":"<p data-start=\"560\" data-end=\"875\">Die <strong data-start=\"564\" data-end=\"630\">Volvo Penta Pencil Anode Zink 838929 \u00d815 mm mit Messingstopfen BSPT 1\/2\u2033<\/strong> wird als <strong data-start=\"648\" data-end=\"669\">komplette Baugruppe<\/strong> geliefert, bestehend aus einer Zink-Stiftanode und einem Messinggewindestopfen. Diese Einheit wurde entwickelt, um einen wirksamen Schutz gegen <strong data-start=\"794\" data-end=\"816\">galvanische Korrosion<\/strong> in Schiffsk\u00fchlsystemen und anderen internen Anwendungen zu bieten. <\/p>\n<p data-start=\"877\" data-end=\"1217\">Die Zinkanode fungiert als Opferelement, das vor kritischen Metallkomponenten korrodiert und dazu beitr\u00e4gt, deren Lebensdauer zu verl\u00e4ngern. Der integrierte <strong data-start=\"1028\" data-end=\"1065\">1\/2\u2033 BSPT (gas conico) Messingstecker<\/strong> sorgt f\u00fcr eine sichere Installation und einen zuverl\u00e4ssigen elektrischen Kontakt. Diese Art von Bleistiftanode wird h\u00e4ufig in W\u00e4rmetauschern und Motork\u00fchlkreisl\u00e4ufen verwendet.  <\/p>\n<h3 data-start=\"1219\" data-end=\"1235\"><strong data-start=\"1223\" data-end=\"1235\">Material<\/strong><\/h3>\n<ul data-start=\"1236\" data-end=\"1267\">\n<li data-start=\"1236\" data-end=\"1251\">\n<p data-start=\"1238\" data-end=\"1251\">Anode: Zink<\/p>\n<\/li>\n<li data-start=\"1252\" data-end=\"1267\">\n<p data-start=\"1254\" data-end=\"1267\">Stecker: Messing<\/p>\n<\/li>\n<\/ul>\n<h3 data-start=\"1269\" data-end=\"1283\"><strong data-start=\"1273\" data-end=\"1283\">Thema<\/strong><\/h3>\n<ul data-start=\"1284\" data-end=\"1308\">\n<li data-start=\"1284\" data-end=\"1308\">\n<p data-start=\"1286\" data-end=\"1308\">1\/2\u2033 BSPT (Gas Conico)<\/p>\n<\/li>\n<\/ul>\n<h3 data-start=\"1310\" data-end=\"1328\"><strong data-start=\"1314\" data-end=\"1328\">Abmessungen<\/strong><\/h3>\n<ul data-start=\"1329\" data-end=\"1405\">\n<li data-start=\"1329\" data-end=\"1354\">\n<p data-start=\"1331\" data-end=\"1354\">Durchmesser (\u00d8): 15.0 mm<\/p>\n<\/li>\n<li data-start=\"1355\" data-end=\"1378\">\n<p data-start=\"1357\" data-end=\"1378\">L\u00e4nge (L): 30,0 mm<\/p>\n<\/li>\n<li data-start=\"1379\" data-end=\"1405\">\n<p data-start=\"1381\" data-end=\"1405\">Abmessung (C): 13,0 mm<\/p>\n<\/li>\n<\/ul>\n<h3 data-start=\"1407\" data-end=\"1446\"><strong data-start=\"1411\" data-end=\"1446\">Referenz-\/Ersatznummern<\/strong><\/h3>\n<ul data-start=\"1447\" data-end=\"1502\">\n<li data-start=\"1447\" data-end=\"1458\">\n<p data-start=\"1449\" data-end=\"1458\">3838499<\/p>\n<\/li>\n<li data-start=\"1459\" data-end=\"1469\">\n<p data-start=\"1461\" data-end=\"1469\">800476<\/p>\n<\/li>\n<li data-start=\"1470\" data-end=\"1480\">\n<p data-start=\"1472\" data-end=\"1480\">804107<\/p>\n<\/li>\n<li data-start=\"1481\" data-end=\"1491\">\n<p data-start=\"1483\" data-end=\"1491\">838929<\/p>\n<\/li>\n<li data-start=\"1492\" data-end=\"1502\">\n<p data-start=\"1494\" data-end=\"1502\">858501<\/p>\n<\/li>\n<\/ul>\n<h3 data-start=\"1504\" data-end=\"1524\"><strong data-start=\"1508\" data-end=\"1524\">Wesentliche Merkmale<\/strong><\/h3>\n<ul data-start=\"1525\" data-end=\"1778\">\n<li data-start=\"1525\" data-end=\"1580\">\n<p data-start=\"1527\" data-end=\"1580\">Komplette Zink-Bleistiftanode mit Messingstopfen<\/p>\n<\/li>\n<li data-start=\"1581\" data-end=\"1636\">\n<p data-start=\"1583\" data-end=\"1636\">Opferanode f\u00fcr internen Korrosionsschutz<\/p>\n<\/li>\n<li data-start=\"1637\" data-end=\"1679\">\n<p data-start=\"1639\" data-end=\"1679\">Sichere Installation mit 1\/2\u2033 BSPT-Gewinde<\/p>\n<\/li>\n<li data-start=\"1680\" data-end=\"1726\">\n<p data-start=\"1682\" data-end=\"1726\">Pr\u00e4zisionsgefertigt f\u00fcr korrekte Passform<\/p>\n<\/li>\n<li data-start=\"1727\" data-end=\"1778\">\n<p data-start=\"1729\" data-end=\"1778\">Geeignet f\u00fcr Schiffsk\u00fchlsystemanwendungen<\/p>\n<\/li>\n<\/ul>\n<p data-start=\"1780\" data-end=\"1944\">Die regelm\u00e4\u00dfige Inspektion und der rechtzeitige Austausch von Bleistiftanoden ist unerl\u00e4sslich, um einen wirksamen Korrosionsschutz aufrechtzuerhalten und Sch\u00e4den an internen Motorkomponenten zu vermeiden.<\/p>\n","protected":false},"excerpt":{"rendered":"<p>Die Volvo Penta Pencil Anode Zink 838929 \u00d815 mm mit Messingstopfen BSPT 1\/2\u2033 wird als komplette Baugruppe geliefert, bestehend aus einer Zink-Stiftanode und einem Messinggewindestopfen. Diese Einheit wurde entwickelt, um einen wirksamen Schutz gegen galvanische Korrosion in Schiffsk\u00fchlsystemen und anderen internen Anwendungen zu bieten. Die Zinkanode fungiert als Opferelement, das vor kritischen Metallkomponenten korrodiert und [&hellip;]<\/p>\n","protected":false},"featured_media":45515,"comment_status":"open","ping_status":"closed","template":"","meta":[],"product_brand":[4230],"product_cat":[3286,4488,2498,4308,4523],"product_tag":[],"class_list":{"0":"post-45513","1":"product","2":"type-product","3":"status-publish","4":"has-post-thumbnail","6":"product_brand-volvo-penta","7":"product_cat-anoden","8":"product_cat-brauchen-sie-volvo-penta-teile","9":"product_cat-ersatzteile-fur-motoren","10":"product_cat-volvo-penta","11":"product_cat-volvo-penta-anoden","12":"pa_condition-neu","13":"pa_oem-or-aftermarket-aftermarket","15":"first","16":"onbackorder","17":"sale","18":"taxable","19":"shipping-taxable","20":"purchasable","21":"product-type-simple"},"supplier_id":45614,"supplier_sku":"00714T","barcode":null,"atum_controlled":true,"out_stock_date":"2025-12-16 14:49:39","out_stock_threshold":null,"inheritable":false,"inbound_stock":0,"stock_on_hold":0,"sold_today":0,"sales_last_days":0,"reserved_stock":0,"customer_returns":0,"warehouse_damage":0,"lost_in_post":0,"other_logs":0,"out_stock_days":43,"lost_sales":0,"has_location":false,"update_date":"2026-01-29T09:10:44","atum_locations":[],"atum_stock_status":"onbackorder","restock_status":false,"low_stock_amount":1,"sales_update_date":"2026-01-29T09:10:44","calc_backorders":null,"_links":{"self":[{"href":"https:\/\/mps.digital-monkey.in\/de\/wp-json\/wp\/v2\/product\/45513","targetHints":{"allow":["GET"]}}],"collection":[{"href":"https:\/\/mps.digital-monkey.in\/de\/wp-json\/wp\/v2\/product"}],"about":[{"href":"https:\/\/mps.digital-monkey.in\/de\/wp-json\/wp\/v2\/types\/product"}],"replies":[{"embeddable":true,"href":"https:\/\/mps.digital-monkey.in\/de\/wp-json\/wp\/v2\/comments?post=45513"}],"wp:featuredmedia":[{"embeddable":true,"href":"https:\/\/mps.digital-monkey.in\/de\/wp-json\/wp\/v2\/media\/45515"}],"wp:attachment":[{"href":"https:\/\/mps.digital-monkey.in\/de\/wp-json\/wp\/v2\/media?parent=45513"}],"wp:term":[{"taxonomy":"product_brand","embeddable":true,"href":"https:\/\/mps.digital-monkey.in\/de\/wp-json\/wp\/v2\/product_brand?post=45513"},{"taxonomy":"product_cat","embeddable":true,"href":"https:\/\/mps.digital-monkey.in\/de\/wp-json\/wp\/v2\/product_cat?post=45513"},{"taxonomy":"product_tag","embeddable":true,"href":"https:\/\/mps.digital-monkey.in\/de\/wp-json\/wp\/v2\/product_tag?post=45513"}],"curies":[{"name":"wp","href":"https:\/\/api.w.org\/{rel}","templated":true}]}}