{"id":45570,"date":"2025-12-18T09:25:14","date_gmt":"2025-12-18T09:25:14","guid":{"rendered":"https:\/\/mps.digital-monkey.in\/product\/volvo-penta-kuehlwasserleitung-md11-md17-829933\/"},"modified":"2025-12-18T09:25:14","modified_gmt":"2025-12-18T09:25:14","slug":"volvo-penta-kuehlwasserleitung-md11-md17-829933","status":"publish","type":"product","link":"https:\/\/mps.digital-monkey.in\/de\/product\/volvo-penta-kuehlwasserleitung-md11-md17-829933\/","title":{"rendered":"Volvo Penta K\u00fchlwasserleitung MD11 \/ MD17 829933"},"content":{"rendered":"<p data-start=\"502\" data-end=\"808\"><strong data-start=\"506\" data-end=\"549\">Volvo Penta K\u00fchlwasserleitung 829933<\/strong><\/p>\n<h3 data-start=\"1104\" data-end=\"1127\"><strong data-start=\"1108\" data-end=\"1127\">Kompatibel mit<\/strong><\/h3>\n<ul data-start=\"1128\" data-end=\"1175\">\n<li data-start=\"1128\" data-end=\"1152\">\n<p data-start=\"1130\" data-end=\"1152\">Volvo Penta <strong data-start=\"1142\" data-end=\"1150\">MD11<\/strong><\/p>\n<\/li>\n<li data-start=\"1153\" data-end=\"1175\">\n<p data-start=\"1155\" data-end=\"1175\">Volvo Penta <strong data-start=\"1167\" data-end=\"1175\">MD17<\/strong><\/p>\n<\/li>\n<\/ul>\n<h3 data-start=\"1177\" data-end=\"1196\"><strong data-start=\"1181\" data-end=\"1196\">Teilenummer<\/strong><\/h3>\n<ul data-start=\"1197\" data-end=\"1205\">\n<li data-start=\"1197\" data-end=\"1205\">\n<p data-start=\"1199\" data-end=\"1205\">829933<\/p>\n<\/li>\n<\/ul>\n<p data-start=\"1515\" data-end=\"1675\">Eine regelm\u00e4\u00dfige Inspektion der Komponenten des K\u00fchlsystems, einschlie\u00dflich der Rohre und Schl\u00e4uche, wird empfohlen, um eine zuverl\u00e4ssige Motork\u00fchlung und langfristige Motorleistung zu gew\u00e4hrleisten.<\/p>\n","protected":false},"excerpt":{"rendered":"<p>Volvo Penta K\u00fchlwasserleitung 829933 Kompatibel mit Volvo Penta MD11 Volvo Penta MD17 Teilenummer 829933 Eine regelm\u00e4\u00dfige Inspektion der Komponenten des K\u00fchlsystems, einschlie\u00dflich der Rohre und Schl\u00e4uche, wird empfohlen, um eine zuverl\u00e4ssige Motork\u00fchlung und langfristige Motorleistung zu gew\u00e4hrleisten.<\/p>\n","protected":false},"featured_media":45571,"comment_status":"open","ping_status":"closed","template":"","meta":[],"product_brand":[4230],"product_cat":[4496,3228,2532,4308,4309,4366,4369,3247],"product_tag":[],"class_list":{"0":"post-45570","1":"product","2":"type-product","3":"status-publish","4":"has-post-thumbnail","6":"product_brand-volvo-penta","7":"product_cat-gebrauchte-volvo-penta-teile-kaufen","8":"product_cat-kuhlsysteme","9":"product_cat-motorenteile","10":"product_cat-volvo-penta","11":"product_cat-volvo-penta-md-serie","12":"product_cat-volvo-penta-md11","13":"product_cat-volvo-penta-md17","14":"product_cat-wasserrohre-schlauche","15":"pa_condition-gebraucht","16":"pa_model-md11","17":"pa_model-md11c","18":"pa_model-md11d","19":"pa_model-md17","20":"pa_model-md17c","21":"pa_model-md17d","22":"pa_oem-or-aftermarket-oem","24":"first","25":"instock","26":"taxable","27":"shipping-taxable","28":"purchasable","29":"product-type-simple"},"supplier_id":null,"supplier_sku":"","barcode":null,"atum_controlled":true,"out_stock_date":null,"out_stock_threshold":null,"inheritable":false,"inbound_stock":0,"stock_on_hold":0,"sold_today":0,"sales_last_days":0,"reserved_stock":0,"customer_returns":0,"warehouse_damage":0,"lost_in_post":0,"other_logs":0,"out_stock_days":0,"lost_sales":0,"has_location":false,"update_date":"2025-12-18T10:24:43","atum_locations":[],"atum_stock_status":"instock","restock_status":false,"low_stock_amount":1,"sales_update_date":"2025-12-18T10:24:43","calc_backorders":null,"_links":{"self":[{"href":"https:\/\/mps.digital-monkey.in\/de\/wp-json\/wp\/v2\/product\/45570","targetHints":{"allow":["GET"]}}],"collection":[{"href":"https:\/\/mps.digital-monkey.in\/de\/wp-json\/wp\/v2\/product"}],"about":[{"href":"https:\/\/mps.digital-monkey.in\/de\/wp-json\/wp\/v2\/types\/product"}],"replies":[{"embeddable":true,"href":"https:\/\/mps.digital-monkey.in\/de\/wp-json\/wp\/v2\/comments?post=45570"}],"wp:featuredmedia":[{"embeddable":true,"href":"https:\/\/mps.digital-monkey.in\/de\/wp-json\/wp\/v2\/media\/45571"}],"wp:attachment":[{"href":"https:\/\/mps.digital-monkey.in\/de\/wp-json\/wp\/v2\/media?parent=45570"}],"wp:term":[{"taxonomy":"product_brand","embeddable":true,"href":"https:\/\/mps.digital-monkey.in\/de\/wp-json\/wp\/v2\/product_brand?post=45570"},{"taxonomy":"product_cat","embeddable":true,"href":"https:\/\/mps.digital-monkey.in\/de\/wp-json\/wp\/v2\/product_cat?post=45570"},{"taxonomy":"product_tag","embeddable":true,"href":"https:\/\/mps.digital-monkey.in\/de\/wp-json\/wp\/v2\/product_tag?post=45570"}],"curies":[{"name":"wp","href":"https:\/\/api.w.org\/{rel}","templated":true}]}}