{"id":45585,"date":"2025-12-18T10:01:52","date_gmt":"2025-12-18T10:01:52","guid":{"rendered":"https:\/\/mps.digital-monkey.in\/product\/volvo-penta-bleistiftanode-aluminium-o15-mm-mit-messingstecker-bspt-1-2%e2%80%b3\/"},"modified":"2025-12-18T10:28:21","modified_gmt":"2025-12-18T10:28:21","slug":"volvo-penta-bleistiftanode-aluminium-o15-mm-mit-messingstecker-bspt-1-2%e2%80%b3","status":"publish","type":"product","link":"https:\/\/mps.digital-monkey.in\/de\/produkt\/volvo-penta-bleistiftanode-aluminium-o15-mm-mit-messingstecker-bspt-1-2%e2%80%b3\/","title":{"rendered":"Volvo Penta Bleistiftanode Aluminium \u00d815 mm mit Messingstecker BSPT 1\/2\u2033"},"content":{"rendered":"<p data-start=\"557\" data-end=\"962\">Die <strong data-start=\"561\" data-end=\"632\">Volvo Penta Pencil Anode Aluminium \u00d815 mm mit Messingstopfen BSPT 1\/2\u2033<\/strong> wird als <strong data-start=\"650\" data-end=\"671\">komplette Baugruppe<\/strong> geliefert, bestehend aus einer Aluminium Pencil Anode und einem Messinggewindestopfen. Diese Einheit wurde entwickelt, um einen wirksamen Schutz gegen <strong data-start=\"802\" data-end=\"869\">galvanische Korrosion in Salzwasser- und Brackwasserumgebungen<\/strong> zu bieten, wo Aluminiumanoden im Vergleich zu Zink eine bessere Leistung und l\u00e4ngere Lebensdauer bieten. <\/p>\n<p data-start=\"964\" data-end=\"1320\">Die Aluminiumanode fungiert als Opferelement, das vor kritischen Metallkomponenten korrodiert und dazu beitr\u00e4gt, deren Lebensdauer zu verl\u00e4ngern. Der integrierte <strong data-start=\"1120\" data-end=\"1157\">1\/2\u2033 BSPT (gas conico) Messingstecker<\/strong> sorgt f\u00fcr eine sichere Installation und einen zuverl\u00e4ssigen elektrischen Kontakt. Diese Art von Bleistiftanode wird \u00fcblicherweise in Schiffsk\u00fchlsystemen und anderen internen Anwendungen eingesetzt.  <\/p>\n<h3 data-start=\"1322\" data-end=\"1338\"><strong data-start=\"1326\" data-end=\"1338\">Material<\/strong><\/h3>\n<ul data-start=\"1339\" data-end=\"1375\">\n<li data-start=\"1339\" data-end=\"1359\">\n<p data-start=\"1341\" data-end=\"1359\">Anode: Aluminium<\/p>\n<\/li>\n<li data-start=\"1360\" data-end=\"1375\">\n<p data-start=\"1362\" data-end=\"1375\">Stecker: Messing<\/p>\n<\/li>\n<\/ul>\n<h3 data-start=\"1377\" data-end=\"1391\"><strong data-start=\"1381\" data-end=\"1391\">Thema<\/strong><\/h3>\n<ul data-start=\"1392\" data-end=\"1416\">\n<li data-start=\"1392\" data-end=\"1416\">\n<p data-start=\"1394\" data-end=\"1416\">1\/2\u2033 BSPT (Gas Conico)<\/p>\n<\/li>\n<\/ul>\n<h3 data-start=\"1418\" data-end=\"1436\"><strong data-start=\"1422\" data-end=\"1436\">Abmessungen<\/strong><\/h3>\n<ul data-start=\"1437\" data-end=\"1513\">\n<li data-start=\"1437\" data-end=\"1462\">\n<p data-start=\"1439\" data-end=\"1462\">Durchmesser (\u00d8): 15.0 mm<\/p>\n<\/li>\n<li data-start=\"1463\" data-end=\"1486\">\n<p data-start=\"1465\" data-end=\"1486\">L\u00e4nge (L): 30,0 mm<\/p>\n<\/li>\n<li data-start=\"1487\" data-end=\"1513\">\n<p data-start=\"1489\" data-end=\"1513\">Abmessung (C): 13,0 mm<\/p>\n<\/li>\n<\/ul>\n<h3 data-start=\"1515\" data-end=\"1554\"><strong data-start=\"1519\" data-end=\"1554\">Referenz-\/Ersatznummern<\/strong><\/h3>\n<ul data-start=\"1555\" data-end=\"1610\">\n<li data-start=\"1555\" data-end=\"1566\">\n<p data-start=\"1557\" data-end=\"1566\">3838499<\/p>\n<\/li>\n<li data-start=\"1567\" data-end=\"1577\">\n<p data-start=\"1569\" data-end=\"1577\">800476<\/p>\n<\/li>\n<li data-start=\"1578\" data-end=\"1588\">\n<p data-start=\"1580\" data-end=\"1588\">804107<\/p>\n<\/li>\n<li data-start=\"1589\" data-end=\"1599\">\n<p data-start=\"1591\" data-end=\"1599\">838929<\/p>\n<\/li>\n<li data-start=\"1600\" data-end=\"1610\">\n<p data-start=\"1602\" data-end=\"1610\">858501<\/p>\n<\/li>\n<\/ul>\n<h3 data-start=\"1612\" data-end=\"1632\"><strong data-start=\"1616\" data-end=\"1632\">Wesentliche Merkmale<\/strong><\/h3>\n<ul data-start=\"1633\" data-end=\"1898\">\n<li data-start=\"1633\" data-end=\"1693\">\n<p data-start=\"1635\" data-end=\"1693\">Komplette Aluminium-Bleistiftanode mit Messingstopfen geliefert<\/p>\n<\/li>\n<li data-start=\"1694\" data-end=\"1752\">\n<p data-start=\"1696\" data-end=\"1752\">Geeignet f\u00fcr Salzwasser- und Brackwasserumgebungen<\/p>\n<\/li>\n<li data-start=\"1753\" data-end=\"1808\">\n<p data-start=\"1755\" data-end=\"1808\">Opferanode f\u00fcr internen Korrosionsschutz<\/p>\n<\/li>\n<li data-start=\"1809\" data-end=\"1851\">\n<p data-start=\"1811\" data-end=\"1851\">Sichere Installation mit 1\/2\u2033 BSPT-Gewinde<\/p>\n<\/li>\n<li data-start=\"1852\" data-end=\"1898\">\n<p data-start=\"1854\" data-end=\"1898\">Pr\u00e4zisionsgefertigt f\u00fcr korrekte Passform<\/p>\n<\/li>\n<\/ul>\n<p data-start=\"1900\" data-end=\"2061\">Die regelm\u00e4\u00dfige Inspektion und der rechtzeitige Austausch von Bleistiftanoden tr\u00e4gt dazu bei, einen wirksamen Korrosionsschutz aufrechtzuerhalten und Sch\u00e4den an den internen Komponenten des Schiffsmotors zu verhindern.<\/p>\n","protected":false},"excerpt":{"rendered":"<p>Die Volvo Penta Pencil Anode Aluminium \u00d815 mm mit Messingstopfen BSPT 1\/2\u2033 wird als komplette Baugruppe geliefert, bestehend aus einer Aluminium Pencil Anode und einem Messinggewindestopfen. Diese Einheit wurde entwickelt, um einen wirksamen Schutz gegen galvanische Korrosion in Salzwasser- und Brackwasserumgebungen zu bieten, wo Aluminiumanoden im Vergleich zu Zink eine bessere Leistung und l\u00e4ngere Lebensdauer [&hellip;]<\/p>\n","protected":false},"featured_media":45588,"comment_status":"open","ping_status":"closed","template":"","meta":[],"product_brand":[4230],"product_cat":[3286,4488,2498,4308,4523],"product_tag":[],"class_list":{"0":"post-45585","1":"product","2":"type-product","3":"status-publish","4":"has-post-thumbnail","6":"product_brand-volvo-penta","7":"product_cat-anoden","8":"product_cat-brauchen-sie-volvo-penta-teile","9":"product_cat-ersatzteile-fur-motoren","10":"product_cat-volvo-penta","11":"product_cat-volvo-penta-anoden","12":"pa_condition-neu","13":"pa_oem-or-aftermarket-aftermarket","15":"first","16":"onbackorder","17":"sale","18":"taxable","19":"shipping-taxable","20":"purchasable","21":"product-type-simple"},"supplier_id":45614,"supplier_sku":"00714TAL","barcode":null,"atum_controlled":true,"out_stock_date":"2025-12-18 10:01:56","out_stock_threshold":null,"inheritable":false,"inbound_stock":0,"stock_on_hold":0,"sold_today":0,"sales_last_days":0,"reserved_stock":0,"customer_returns":0,"warehouse_damage":0,"lost_in_post":0,"other_logs":0,"out_stock_days":41,"lost_sales":0,"has_location":false,"update_date":"2026-01-29T09:10:44","atum_locations":[],"atum_stock_status":"onbackorder","restock_status":false,"low_stock_amount":1,"sales_update_date":"2026-01-29T09:10:44","calc_backorders":null,"_links":{"self":[{"href":"https:\/\/mps.digital-monkey.in\/de\/wp-json\/wp\/v2\/product\/45585","targetHints":{"allow":["GET"]}}],"collection":[{"href":"https:\/\/mps.digital-monkey.in\/de\/wp-json\/wp\/v2\/product"}],"about":[{"href":"https:\/\/mps.digital-monkey.in\/de\/wp-json\/wp\/v2\/types\/product"}],"replies":[{"embeddable":true,"href":"https:\/\/mps.digital-monkey.in\/de\/wp-json\/wp\/v2\/comments?post=45585"}],"wp:featuredmedia":[{"embeddable":true,"href":"https:\/\/mps.digital-monkey.in\/de\/wp-json\/wp\/v2\/media\/45588"}],"wp:attachment":[{"href":"https:\/\/mps.digital-monkey.in\/de\/wp-json\/wp\/v2\/media?parent=45585"}],"wp:term":[{"taxonomy":"product_brand","embeddable":true,"href":"https:\/\/mps.digital-monkey.in\/de\/wp-json\/wp\/v2\/product_brand?post=45585"},{"taxonomy":"product_cat","embeddable":true,"href":"https:\/\/mps.digital-monkey.in\/de\/wp-json\/wp\/v2\/product_cat?post=45585"},{"taxonomy":"product_tag","embeddable":true,"href":"https:\/\/mps.digital-monkey.in\/de\/wp-json\/wp\/v2\/product_tag?post=45585"}],"curies":[{"name":"wp","href":"https:\/\/api.w.org\/{rel}","templated":true}]}}