{"id":45631,"date":"2025-12-18T13:32:24","date_gmt":"2025-12-18T13:32:24","guid":{"rendered":"https:\/\/mps.digital-monkey.in\/product\/volvo-penta-messingstopfen-bspt-1-2%e2%80%b3-mit-m8-aussengewinde-838929\/"},"modified":"2025-12-18T13:32:24","modified_gmt":"2025-12-18T13:32:24","slug":"volvo-penta-messingstopfen-bspt-1-2%e2%80%b3-mit-m8-aussengewinde-838929","status":"publish","type":"product","link":"https:\/\/mps.digital-monkey.in\/de\/produkt\/volvo-penta-messingstopfen-bspt-1-2%e2%80%b3-mit-m8-aussengewinde-838929\/","title":{"rendered":"Volvo Penta Messingstopfen BSPT 1\/2\u2033 mit M8 Au\u00dfengewinde | 838929"},"content":{"rendered":"<p data-start=\"544\" data-end=\"883\"><strong data-start=\"548\" data-end=\"613\">Volvo Penta Messingstopfen BSPT 1\/2\u2033 mit M8 Au\u00dfengewinde (838929)<\/strong><\/p>\n<h3 data-start=\"1148\" data-end=\"1164\"><strong data-start=\"1152\" data-end=\"1164\">Material<\/strong><\/h3>\n<ul data-start=\"1165\" data-end=\"1172\">\n<li data-start=\"1165\" data-end=\"1172\">\n<p data-start=\"1167\" data-end=\"1172\">Messing<\/p>\n<\/li>\n<\/ul>\n<h3 data-start=\"1174\" data-end=\"1193\"><strong data-start=\"1178\" data-end=\"1193\">Teilenummer<\/strong><\/h3>\n<ul data-start=\"1194\" data-end=\"1206\">\n<li data-start=\"1194\" data-end=\"1206\">\n<p data-start=\"1196\" data-end=\"1206\"><strong data-start=\"1196\" data-end=\"1206\">838929<\/strong><\/p>\n<\/li>\n<\/ul>\n<h3 data-start=\"1208\" data-end=\"1237\"><strong data-start=\"1212\" data-end=\"1237\">Gewinde-Spezifikationen<\/strong><\/h3>\n<ul data-start=\"1238\" data-end=\"1315\">\n<li data-start=\"1238\" data-end=\"1289\">\n<p data-start=\"1240\" data-end=\"1289\">Au\u00dfengewinde (A): <strong data-start=\"1261\" data-end=\"1287\">1\/2\u2033 BSPT (Gas Conico)<\/strong><\/p>\n<\/li>\n<li data-start=\"1290\" data-end=\"1315\">\n<p data-start=\"1292\" data-end=\"1315\">Au\u00dfengewinde (M): <strong data-start=\"1309\" data-end=\"1315\">M8<\/strong><\/p>\n<\/li>\n<\/ul>\n<h3 data-start=\"1317\" data-end=\"1335\"><strong data-start=\"1321\" data-end=\"1335\">Abmessungen<\/strong><\/h3>\n<ul data-start=\"1336\" data-end=\"1364\">\n<li data-start=\"1336\" data-end=\"1364\">\n<p data-start=\"1338\" data-end=\"1364\">Abmessung (C): <strong data-start=\"1353\" data-end=\"1364\">13,0 mm<\/strong><\/p>\n<\/li>\n<\/ul>\n<h3 data-start=\"1366\" data-end=\"1386\"><strong data-start=\"1370\" data-end=\"1386\">Wesentliche Merkmale<\/strong><\/h3>\n<ul data-start=\"1387\" data-end=\"1665\">\n<li data-start=\"1387\" data-end=\"1444\">\n<p data-start=\"1389\" data-end=\"1444\">Messingstopfen f\u00fcr Marine- und K\u00fchlsystemanwendungen<\/p>\n<\/li>\n<li data-start=\"1445\" data-end=\"1487\">\n<p data-start=\"1447\" data-end=\"1487\">1\/2\u2033 BSPT (Gaskonus) Au\u00dfengewinde<\/p>\n<\/li>\n<li data-start=\"1488\" data-end=\"1517\">\n<p data-start=\"1490\" data-end=\"1517\">Integriertes M8-Au\u00dfengewinde<\/p>\n<\/li>\n<li data-start=\"1518\" data-end=\"1560\">\n<p data-start=\"1520\" data-end=\"1560\">Korrosionsbest\u00e4ndiges Messing in Marinequalit\u00e4t<\/p>\n<\/li>\n<li data-start=\"1561\" data-end=\"1614\">\n<p data-start=\"1563\" data-end=\"1614\">Pr\u00e4zisionsgefertigt f\u00fcr korrekte Passform und Abdichtung<\/p>\n<\/li>\n<li data-start=\"1615\" data-end=\"1665\">\n<p data-start=\"1617\" data-end=\"1665\">Direkter Ersatz f\u00fcr Volvo Penta Teil 838929<\/p>\n<\/li>\n<\/ul>\n<p data-start=\"1667\" data-end=\"1801\">Dieser Messingstopfen eignet sich f\u00fcr Schiffsinstallationen, bei denen ein zuverl\u00e4ssiger BSPT-Gewindeanschluss mit einem M8-Montagegewinde erforderlich ist.<\/p>\n","protected":false},"excerpt":{"rendered":"<p>Volvo Penta Messingstopfen BSPT 1\/2\u2033 mit M8 Au\u00dfengewinde (838929) Material Messing Teilenummer 838929 Gewinde-Spezifikationen Au\u00dfengewinde (A): 1\/2\u2033 BSPT (Gas Conico) Au\u00dfengewinde (M): M8 Abmessungen Abmessung (C): 13,0 mm Wesentliche Merkmale Messingstopfen f\u00fcr Marine- und K\u00fchlsystemanwendungen 1\/2\u2033 BSPT (Gaskonus) Au\u00dfengewinde Integriertes M8-Au\u00dfengewinde Korrosionsbest\u00e4ndiges Messing in Marinequalit\u00e4t Pr\u00e4zisionsgefertigt f\u00fcr korrekte Passform und Abdichtung Direkter Ersatz f\u00fcr Volvo [&hellip;]<\/p>\n","protected":false},"featured_media":45633,"comment_status":"open","ping_status":"closed","template":"","meta":[],"product_brand":[4230],"product_cat":[3286,4488,2498,4308,4523],"product_tag":[],"class_list":{"0":"post-45631","1":"product","2":"type-product","3":"status-publish","4":"has-post-thumbnail","6":"product_brand-volvo-penta","7":"product_cat-anoden","8":"product_cat-brauchen-sie-volvo-penta-teile","9":"product_cat-ersatzteile-fur-motoren","10":"product_cat-volvo-penta","11":"product_cat-volvo-penta-anoden","12":"pa_condition-neu","13":"pa_oem-or-aftermarket-aftermarket","15":"first","16":"onbackorder","17":"sale","18":"taxable","19":"shipping-taxable","20":"purchasable","21":"product-type-simple"},"supplier_id":45614,"supplier_sku":"00714TPM","barcode":null,"atum_controlled":true,"out_stock_date":"2025-12-18 13:32:27","out_stock_threshold":null,"inheritable":false,"inbound_stock":0,"stock_on_hold":0,"sold_today":0,"sales_last_days":0,"reserved_stock":0,"customer_returns":0,"warehouse_damage":0,"lost_in_post":0,"other_logs":0,"out_stock_days":41,"lost_sales":0,"has_location":false,"update_date":"2026-01-29T09:10:44","atum_locations":[],"atum_stock_status":"onbackorder","restock_status":false,"low_stock_amount":1,"sales_update_date":"2026-01-29T09:10:44","calc_backorders":null,"_links":{"self":[{"href":"https:\/\/mps.digital-monkey.in\/de\/wp-json\/wp\/v2\/product\/45631","targetHints":{"allow":["GET"]}}],"collection":[{"href":"https:\/\/mps.digital-monkey.in\/de\/wp-json\/wp\/v2\/product"}],"about":[{"href":"https:\/\/mps.digital-monkey.in\/de\/wp-json\/wp\/v2\/types\/product"}],"replies":[{"embeddable":true,"href":"https:\/\/mps.digital-monkey.in\/de\/wp-json\/wp\/v2\/comments?post=45631"}],"wp:featuredmedia":[{"embeddable":true,"href":"https:\/\/mps.digital-monkey.in\/de\/wp-json\/wp\/v2\/media\/45633"}],"wp:attachment":[{"href":"https:\/\/mps.digital-monkey.in\/de\/wp-json\/wp\/v2\/media?parent=45631"}],"wp:term":[{"taxonomy":"product_brand","embeddable":true,"href":"https:\/\/mps.digital-monkey.in\/de\/wp-json\/wp\/v2\/product_brand?post=45631"},{"taxonomy":"product_cat","embeddable":true,"href":"https:\/\/mps.digital-monkey.in\/de\/wp-json\/wp\/v2\/product_cat?post=45631"},{"taxonomy":"product_tag","embeddable":true,"href":"https:\/\/mps.digital-monkey.in\/de\/wp-json\/wp\/v2\/product_tag?post=45631"}],"curies":[{"name":"wp","href":"https:\/\/api.w.org\/{rel}","templated":true}]}}