{"id":45717,"date":"2025-12-19T09:26:32","date_gmt":"2025-12-19T09:26:32","guid":{"rendered":"https:\/\/mps.digital-monkey.in\/product\/3-8%e2%80%b3-kugelhahn-gehaeuse-aus-verchromtem-messing-mit-kugel-aus-edelstahl\/"},"modified":"2025-12-19T09:26:32","modified_gmt":"2025-12-19T09:26:32","slug":"3-8%e2%80%b3-kugelhahn-gehaeuse-aus-verchromtem-messing-mit-kugel-aus-edelstahl","status":"publish","type":"product","link":"https:\/\/mps.digital-monkey.in\/de\/product\/3-8%e2%80%b3-kugelhahn-gehaeuse-aus-verchromtem-messing-mit-kugel-aus-edelstahl\/","title":{"rendered":"3\/8\u2033 Kugelhahn | Geh\u00e4use aus verchromtem Messing mit Kugel aus Edelstahl"},"content":{"rendered":"<p data-start=\"534\" data-end=\"860\">Dieser <strong data-start=\"539\" data-end=\"558\">3\/8\u2033 Kugelhahn<\/strong> ist ein kompaktes, hochwertiges Absperrventil, das f\u00fcr Zuverl\u00e4ssigkeit und Langlebigkeit in anspruchsvollen Anwendungen entwickelt wurde. Er verf\u00fcgt \u00fcber ein <strong data-start=\"682\" data-end=\"710\">verchromtes Messinggeh\u00e4use<\/strong>, eine <strong data-start=\"714\" data-end=\"747\">Edelstahlkugel im Inneren<\/strong> und einen <strong data-start=\"755\" data-end=\"778\">starken Metallgriff<\/strong>, der einen reibungslosen Betrieb, eine hervorragende Dichtungsleistung und eine lange Lebensdauer gew\u00e4hrleistet. <\/p>\n<p data-start=\"862\" data-end=\"1188\">Die Kombination aus verchromtem Messing und rostfreiem Stahl bietet eine hervorragende Korrosionsbest\u00e4ndigkeit, wodurch sich dieses Ventil f\u00fcr <strong data-start=\"992\" data-end=\"1088\">Schiffsinstallationen, Wassersysteme, Kraftstoffleitungen, Hydraulikkreise und industrielle Rohrleitungen<\/strong> eignet. Die pr\u00e4zisionsgefertigte Edelstahlkugel sorgt f\u00fcr eine reibungsarme Bewegung und eine sichere Absperrung. <\/p>\n<h3 data-start=\"1190\" data-end=\"1210\"><strong data-start=\"1194\" data-end=\"1210\">Wesentliche Merkmale<\/strong><\/h3>\n<ul data-start=\"1211\" data-end=\"1460\">\n<li data-start=\"1211\" data-end=\"1227\">\n<p data-start=\"1213\" data-end=\"1227\">Gr\u00f6\u00dfe: <strong data-start=\"1219\" data-end=\"1227\">3\/8\u2033<\/strong><\/p>\n<\/li>\n<li data-start=\"1228\" data-end=\"1256\">\n<p data-start=\"1230\" data-end=\"1256\">Ventilk\u00f6rper aus verchromtem Messing<\/p>\n<\/li>\n<li data-start=\"1257\" data-end=\"1290\">\n<p data-start=\"1259\" data-end=\"1290\">Interne Kugel aus rostfreiem Stahl<\/p>\n<\/li>\n<li data-start=\"1291\" data-end=\"1314\">\n<p data-start=\"1293\" data-end=\"1314\">Starker Metallgriff<\/p>\n<\/li>\n<li data-start=\"1315\" data-end=\"1357\">\n<p data-start=\"1317\" data-end=\"1357\">Reibungsloser und zuverl\u00e4ssiger Abschaltvorgang<\/p>\n<\/li>\n<li data-start=\"1358\" data-end=\"1406\">\n<p data-start=\"1360\" data-end=\"1406\">Korrosionsbest\u00e4ndige und langlebige Konstruktion<\/p>\n<\/li>\n<li data-start=\"1407\" data-end=\"1460\">\n<p data-start=\"1409\" data-end=\"1460\">Geeignet f\u00fcr professionelle und maritime Umgebungen<\/p>\n<\/li>\n<\/ul>\n<h3 data-start=\"1462\" data-end=\"1482\"><strong data-start=\"1466\" data-end=\"1482\">Anwendungen<\/strong><\/h3>\n<ul data-start=\"1483\" data-end=\"1659\">\n<li data-start=\"1483\" data-end=\"1519\">\n<p data-start=\"1485\" data-end=\"1519\">Sanit\u00e4rsysteme f\u00fcr Schiffe und Boote<\/p>\n<\/li>\n<li data-start=\"1520\" data-end=\"1558\">\n<p data-start=\"1522\" data-end=\"1558\">Wassersysteme und K\u00fchlkreisl\u00e4ufe<\/p>\n<\/li>\n<li data-start=\"1559\" data-end=\"1581\">\n<p data-start=\"1561\" data-end=\"1581\">Kraftstoff- und \u00d6lleitungen<\/p>\n<\/li>\n<li data-start=\"1582\" data-end=\"1618\">\n<p data-start=\"1584\" data-end=\"1618\">Industrielle und h\u00e4usliche Sanit\u00e4ranlagen<\/p>\n<\/li>\n<li data-start=\"1619\" data-end=\"1659\">\n<p data-start=\"1621\" data-end=\"1659\">Allgemeine Absperrventil-Installationen<\/p>\n<\/li>\n<\/ul>\n<p data-start=\"1661\" data-end=\"1782\">Ein zuverl\u00e4ssiger <strong data-start=\"1674\" data-end=\"1707\">3\/8\u2033 Kugelhahn aus verchromtem Messing<\/strong>, der f\u00fcr langfristige Leistung, Zuverl\u00e4ssigkeit und Korrosionsbest\u00e4ndigkeit entwickelt wurde.<\/p>\n","protected":false},"excerpt":{"rendered":"<p>Dieser 3\/8\u2033 Kugelhahn ist ein kompaktes, hochwertiges Absperrventil, das f\u00fcr Zuverl\u00e4ssigkeit und Langlebigkeit in anspruchsvollen Anwendungen entwickelt wurde. Er verf\u00fcgt \u00fcber ein verchromtes Messinggeh\u00e4use, eine Edelstahlkugel im Inneren und einen starken Metallgriff, der einen reibungslosen Betrieb, eine hervorragende Dichtungsleistung und eine lange Lebensdauer gew\u00e4hrleistet. Die Kombination aus verchromtem Messing und rostfreiem Stahl bietet eine hervorragende [&hellip;]<\/p>\n","protected":false},"featured_media":45718,"comment_status":"open","ping_status":"closed","template":"","meta":[],"product_brand":[],"product_cat":[3596,4110],"product_tag":[],"class_list":{"0":"post-45717","1":"product","2":"type-product","3":"status-publish","4":"has-post-thumbnail","6":"product_cat-schlauche-und-armaturen","7":"product_cat-um-den-motor-herum","8":"pa_condition-neu","10":"first","11":"instock","12":"taxable","13":"shipping-taxable","14":"purchasable","15":"product-type-simple"},"supplier_id":7294,"supplier_sku":"GS30010","barcode":null,"atum_controlled":true,"out_stock_date":null,"out_stock_threshold":null,"inheritable":false,"inbound_stock":0,"stock_on_hold":0,"sold_today":0,"sales_last_days":0,"reserved_stock":0,"customer_returns":0,"warehouse_damage":0,"lost_in_post":0,"other_logs":0,"out_stock_days":0,"lost_sales":0,"has_location":false,"update_date":"2026-01-29T09:10:02","atum_locations":[],"atum_stock_status":"instock","restock_status":false,"low_stock_amount":0,"sales_update_date":"2026-01-29T09:10:02","calc_backorders":null,"_links":{"self":[{"href":"https:\/\/mps.digital-monkey.in\/de\/wp-json\/wp\/v2\/product\/45717","targetHints":{"allow":["GET"]}}],"collection":[{"href":"https:\/\/mps.digital-monkey.in\/de\/wp-json\/wp\/v2\/product"}],"about":[{"href":"https:\/\/mps.digital-monkey.in\/de\/wp-json\/wp\/v2\/types\/product"}],"replies":[{"embeddable":true,"href":"https:\/\/mps.digital-monkey.in\/de\/wp-json\/wp\/v2\/comments?post=45717"}],"wp:featuredmedia":[{"embeddable":true,"href":"https:\/\/mps.digital-monkey.in\/de\/wp-json\/wp\/v2\/media\/45718"}],"wp:attachment":[{"href":"https:\/\/mps.digital-monkey.in\/de\/wp-json\/wp\/v2\/media?parent=45717"}],"wp:term":[{"taxonomy":"product_brand","embeddable":true,"href":"https:\/\/mps.digital-monkey.in\/de\/wp-json\/wp\/v2\/product_brand?post=45717"},{"taxonomy":"product_cat","embeddable":true,"href":"https:\/\/mps.digital-monkey.in\/de\/wp-json\/wp\/v2\/product_cat?post=45717"},{"taxonomy":"product_tag","embeddable":true,"href":"https:\/\/mps.digital-monkey.in\/de\/wp-json\/wp\/v2\/product_tag?post=45717"}],"curies":[{"name":"wp","href":"https:\/\/api.w.org\/{rel}","templated":true}]}}