{"id":45726,"date":"2025-12-19T09:50:37","date_gmt":"2025-12-19T09:50:37","guid":{"rendered":"https:\/\/mps.digital-monkey.in\/product\/1-4%e2%80%b3-bronze-kugelhahn-marine-grade-absperrventil\/"},"modified":"2025-12-19T09:50:37","modified_gmt":"2025-12-19T09:50:37","slug":"1-4%e2%80%b3-bronze-kugelhahn-marine-grade-absperrventil","status":"publish","type":"product","link":"https:\/\/mps.digital-monkey.in\/de\/product\/1-4%e2%80%b3-bronze-kugelhahn-marine-grade-absperrventil\/","title":{"rendered":"1\/4\u2033 Bronze Kugelhahn | Marine Grade Absperrventil"},"content":{"rendered":"<p data-start=\"501\" data-end=\"822\">Der <strong data-start=\"505\" data-end=\"531\">1\/4\u2033 Bronze-Kugelhahn<\/strong> ist ein kompaktes, langlebiges Absperrventil, das f\u00fcr anspruchsvolle Umgebungen entwickelt wurde. Dieses Ventil ist aus hochwertiger Marine-Bronze gefertigt und bietet eine ausgezeichnete Best\u00e4ndigkeit gegen Meerwasser, Kraftstoff, \u00d6l und S\u00fc\u00dfwasser, wodurch es ideal f\u00fcr <strong data-start=\"750\" data-end=\"821\">Schiffssysteme, Sanit\u00e4rinstallationen und industrielle Anwendungen<\/strong> ist. <\/p>\n<p data-start=\"824\" data-end=\"1064\">Der Pr\u00e4zisionskugelmechanismus sorgt f\u00fcr einen reibungslosen Betrieb und eine sichere Abdichtung und bietet eine verl\u00e4ssliche \u00d6ffnungs-\/Schlie\u00dfkontrolle. Die Konstruktion aus Bronze sorgt f\u00fcr \u00fcberlegene Festigkeit, Korrosionsbest\u00e4ndigkeit und lange Lebensdauer im Vergleich zu Standard-Messingventilen. <\/p>\n<h3 data-start=\"1066\" data-end=\"1086\"><strong data-start=\"1070\" data-end=\"1086\">Wesentliche Merkmale<\/strong><\/h3>\n<ul data-start=\"1087\" data-end=\"1302\">\n<li data-start=\"1087\" data-end=\"1103\">\n<p data-start=\"1089\" data-end=\"1103\">Gr\u00f6\u00dfe: <strong data-start=\"1095\" data-end=\"1103\">1\/4\u2033<\/strong><\/p>\n<\/li>\n<li data-start=\"1104\" data-end=\"1140\">\n<p data-start=\"1106\" data-end=\"1140\">Konstruktion aus Bronze in Marinequalit\u00e4t<\/p>\n<\/li>\n<li data-start=\"1141\" data-end=\"1175\">\n<p data-start=\"1143\" data-end=\"1175\">Ausgezeichnete Korrosionsbest\u00e4ndigkeit<\/p>\n<\/li>\n<li data-start=\"1176\" data-end=\"1216\">\n<p data-start=\"1178\" data-end=\"1216\">Sanftes und sicheres Abschalten<\/p>\n<\/li>\n<li data-start=\"1217\" data-end=\"1267\">\n<p data-start=\"1219\" data-end=\"1267\">Geeignet f\u00fcr Meerwasser, S\u00fc\u00dfwasser, Kraftstoff und \u00d6l<\/p>\n<\/li>\n<li data-start=\"1268\" data-end=\"1302\">\n<p data-start=\"1270\" data-end=\"1302\">Robustes und langlebiges Design<\/p>\n<\/li>\n<\/ul>\n<h3 data-start=\"1304\" data-end=\"1324\"><strong data-start=\"1308\" data-end=\"1324\">Anwendungen<\/strong><\/h3>\n<ul data-start=\"1325\" data-end=\"1507\">\n<li data-start=\"1325\" data-end=\"1361\">\n<p data-start=\"1327\" data-end=\"1361\">Sanit\u00e4rsysteme f\u00fcr Schiffe und Boote<\/p>\n<\/li>\n<li data-start=\"1362\" data-end=\"1399\">\n<p data-start=\"1364\" data-end=\"1399\">Motork\u00fchlung und Seewasserleitungen<\/p>\n<\/li>\n<li data-start=\"1400\" data-end=\"1430\">\n<p data-start=\"1402\" data-end=\"1430\">Brennstoff- und \u00d6lanlagen<\/p>\n<\/li>\n<li data-start=\"1431\" data-end=\"1467\">\n<p data-start=\"1433\" data-end=\"1467\">Industrielle und h\u00e4usliche Sanit\u00e4ranlagen<\/p>\n<\/li>\n<li data-start=\"1468\" data-end=\"1507\">\n<p data-start=\"1470\" data-end=\"1507\">Allgemeine Anwendungen f\u00fcr Absperrventile<\/p>\n<\/li>\n<\/ul>\n<p data-start=\"1509\" data-end=\"1606\">Ein zuverl\u00e4ssiger <strong data-start=\"1522\" data-end=\"1548\">1\/4\u2033 Bronze-Kugelhahn<\/strong>, der f\u00fcr langfristige Zuverl\u00e4ssigkeit in rauen Umgebungen entwickelt wurde.<\/p>\n","protected":false},"excerpt":{"rendered":"<p>Der 1\/4\u2033 Bronze-Kugelhahn ist ein kompaktes, langlebiges Absperrventil, das f\u00fcr anspruchsvolle Umgebungen entwickelt wurde. Dieses Ventil ist aus hochwertiger Marine-Bronze gefertigt und bietet eine ausgezeichnete Best\u00e4ndigkeit gegen Meerwasser, Kraftstoff, \u00d6l und S\u00fc\u00dfwasser, wodurch es ideal f\u00fcr Schiffssysteme, Sanit\u00e4rinstallationen und industrielle Anwendungen ist. Der Pr\u00e4zisionskugelmechanismus sorgt f\u00fcr einen reibungslosen Betrieb und eine sichere Abdichtung und bietet [&hellip;]<\/p>\n","protected":false},"featured_media":45727,"comment_status":"open","ping_status":"closed","template":"","meta":[],"product_brand":[],"product_cat":[3596,4110],"product_tag":[],"class_list":{"0":"post-45726","1":"product","2":"type-product","3":"status-publish","4":"has-post-thumbnail","6":"product_cat-schlauche-und-armaturen","7":"product_cat-um-den-motor-herum","8":"pa_condition-neu","10":"first","11":"instock","12":"taxable","13":"shipping-taxable","14":"purchasable","15":"product-type-simple"},"supplier_id":7294,"supplier_sku":"GS30689","barcode":null,"atum_controlled":true,"out_stock_date":null,"out_stock_threshold":null,"inheritable":false,"inbound_stock":0,"stock_on_hold":0,"sold_today":0,"sales_last_days":0,"reserved_stock":0,"customer_returns":0,"warehouse_damage":0,"lost_in_post":0,"other_logs":0,"out_stock_days":0,"lost_sales":0,"has_location":false,"update_date":"2026-03-05T15:34:52","atum_locations":[],"atum_stock_status":"instock","restock_status":false,"low_stock_amount":0,"sales_update_date":"2026-03-05T15:34:52","calc_backorders":null,"_links":{"self":[{"href":"https:\/\/mps.digital-monkey.in\/de\/wp-json\/wp\/v2\/product\/45726","targetHints":{"allow":["GET"]}}],"collection":[{"href":"https:\/\/mps.digital-monkey.in\/de\/wp-json\/wp\/v2\/product"}],"about":[{"href":"https:\/\/mps.digital-monkey.in\/de\/wp-json\/wp\/v2\/types\/product"}],"replies":[{"embeddable":true,"href":"https:\/\/mps.digital-monkey.in\/de\/wp-json\/wp\/v2\/comments?post=45726"}],"wp:featuredmedia":[{"embeddable":true,"href":"https:\/\/mps.digital-monkey.in\/de\/wp-json\/wp\/v2\/media\/45727"}],"wp:attachment":[{"href":"https:\/\/mps.digital-monkey.in\/de\/wp-json\/wp\/v2\/media?parent=45726"}],"wp:term":[{"taxonomy":"product_brand","embeddable":true,"href":"https:\/\/mps.digital-monkey.in\/de\/wp-json\/wp\/v2\/product_brand?post=45726"},{"taxonomy":"product_cat","embeddable":true,"href":"https:\/\/mps.digital-monkey.in\/de\/wp-json\/wp\/v2\/product_cat?post=45726"},{"taxonomy":"product_tag","embeddable":true,"href":"https:\/\/mps.digital-monkey.in\/de\/wp-json\/wp\/v2\/product_tag?post=45726"}],"curies":[{"name":"wp","href":"https:\/\/api.w.org\/{rel}","templated":true}]}}