{"id":45756,"date":"2025-12-23T14:12:44","date_gmt":"2025-12-23T14:12:44","guid":{"rendered":"https:\/\/mps.digital-monkey.in\/?post_type=product&#038;p=45756"},"modified":"2026-03-03T19:49:35","modified_gmt":"2026-03-03T19:49:35","slug":"yanmar-ym-serie-en-gm-eu-service-kit-copy","status":"publish","type":"product","link":"https:\/\/mps.digital-monkey.in\/de\/produkt\/yanmar-ym-serie-en-gm-eu-service-kit-copy\/","title":{"rendered":"Yanmar YM-serie (en GM EU) Wartungssatz SK-MARINE-005-G"},"content":{"rendered":"<p><strong>Dieser Nachr\u00fcstsatz enth\u00e4lt:<\/strong><\/p>\n<ul>\n<li>\u00d6lfilter<\/li>\n<li>Kraftstofffilter<\/li>\n<li>O-Ring f\u00fcr Kraftstofffilter<\/li>\n<li>Impeller<\/li>\n<li>Dichtung der K\u00fchlwasserpumpe<\/li>\n<li>Keilriemen<\/li>\n<li>Luftfilter<\/li>\n<li>Anode Zink<\/li>\n<\/ul>\n<p><strong> <\/strong><\/p>\n<p><strong>Optionale Artikel m\u00fcssen separat bestellt werden:<\/strong><\/p>\n<ul>\n<li>Motor\u00f6l &amp; Getriebe- oder Segelantriebs\u00f6l<\/li>\n<\/ul>\n<p><strong> <\/strong><strong>F\u00fcr:<\/strong><\/p>\n<p>2GM20 EU 18HP, 2GM20 F EU 18HP, 3GM30 EU 27HP, 3GM30 F EU 27HP, 2YM15 14HP, 3YM20 21HP, 3YM30 29HP, 3YM30AE 29HP<\/p>\n","protected":false},"excerpt":{"rendered":"<p>Dieser Nachr\u00fcstsatz enth\u00e4lt: \u00d6lfilter Kraftstofffilter O-Ring f\u00fcr Kraftstofffilter Impeller Dichtung der K\u00fchlwasserpumpe Keilriemen Luftfilter Anode Zink Optionale Artikel m\u00fcssen separat bestellt werden: Motor\u00f6l &amp; Getriebe- oder Segelantriebs\u00f6l F\u00fcr: 2GM20 EU 18HP, 2GM20 F EU 18HP, 3GM30 EU 27HP, 3GM30 F EU 27HP, 2YM15 14HP, 3YM20 21HP, 3YM30 29HP, 3YM30AE 29HP<\/p>\n","protected":false},"featured_media":45760,"comment_status":"open","ping_status":"closed","template":"","meta":[],"product_brand":[4236],"product_cat":[4442,4443,2498,3202,4441,4531,4532],"product_tag":[],"class_list":{"0":"post-45756","1":"product","2":"type-product","3":"status-publish","4":"has-post-thumbnail","6":"product_brand-yanmar","7":"product_cat-2gm-2gm20-teile","8":"product_cat-3gm-3gm30-teile","9":"product_cat-ersatzteile-fur-motoren","10":"product_cat-service-kits","11":"product_cat-yanmar","12":"product_cat-yanmar-service-teile","13":"product_cat-yanmar-service-kits","14":"pa_condition-neu","15":"pa_model-2gm20","16":"pa_model-2gm20-yeu","17":"pa_model-2gm20f","18":"pa_model-2gm20f-yeu","19":"pa_model-2gm20fc-yeu","20":"pa_model-2gm20fv","21":"pa_model-2gm20fve","22":"pa_model-2gm20v","23":"pa_model-2gm20ve","24":"pa_model-2ym15","25":"pa_model-3gm30","26":"pa_model-3gm30-yeu","27":"pa_model-3gm30b","28":"pa_model-3gm30c","29":"pa_model-3gm30c-yeu","30":"pa_model-3gm30f","31":"pa_model-3gm30f-yeu","32":"pa_model-3gm30fc-yeu","33":"pa_model-3gm30fv","34":"pa_model-3gm30fve","35":"pa_model-3gm30v","36":"pa_model-3gm30ve","37":"pa_model-3ym20","38":"pa_model-3ym30","39":"pa_oem-or-aftermarket-aftermarket","41":"first","42":"outofstock","43":"taxable","44":"shipping-taxable","45":"purchasable","46":"product-type-simple"},"supplier_id":7294,"supplier_sku":"RECSKMARINE005G","barcode":null,"atum_controlled":true,"out_stock_date":"2026-03-01 12:01:26","out_stock_threshold":null,"inheritable":false,"inbound_stock":0,"stock_on_hold":1,"sold_today":0,"sales_last_days":0,"reserved_stock":0,"customer_returns":0,"warehouse_damage":0,"lost_in_post":0,"other_logs":0,"out_stock_days":18,"lost_sales":0,"has_location":false,"update_date":"2026-03-20T11:16:33","atum_locations":[],"atum_stock_status":"outofstock","restock_status":false,"low_stock_amount":0,"sales_update_date":"2026-03-20T11:16:33","calc_backorders":null,"_links":{"self":[{"href":"https:\/\/mps.digital-monkey.in\/de\/wp-json\/wp\/v2\/product\/45756","targetHints":{"allow":["GET"]}}],"collection":[{"href":"https:\/\/mps.digital-monkey.in\/de\/wp-json\/wp\/v2\/product"}],"about":[{"href":"https:\/\/mps.digital-monkey.in\/de\/wp-json\/wp\/v2\/types\/product"}],"replies":[{"embeddable":true,"href":"https:\/\/mps.digital-monkey.in\/de\/wp-json\/wp\/v2\/comments?post=45756"}],"wp:featuredmedia":[{"embeddable":true,"href":"https:\/\/mps.digital-monkey.in\/de\/wp-json\/wp\/v2\/media\/45760"}],"wp:attachment":[{"href":"https:\/\/mps.digital-monkey.in\/de\/wp-json\/wp\/v2\/media?parent=45756"}],"wp:term":[{"taxonomy":"product_brand","embeddable":true,"href":"https:\/\/mps.digital-monkey.in\/de\/wp-json\/wp\/v2\/product_brand?post=45756"},{"taxonomy":"product_cat","embeddable":true,"href":"https:\/\/mps.digital-monkey.in\/de\/wp-json\/wp\/v2\/product_cat?post=45756"},{"taxonomy":"product_tag","embeddable":true,"href":"https:\/\/mps.digital-monkey.in\/de\/wp-json\/wp\/v2\/product_tag?post=45756"}],"curies":[{"name":"wp","href":"https:\/\/api.w.org\/{rel}","templated":true}]}}