{"id":45872,"date":"2026-01-09T14:01:34","date_gmt":"2026-01-09T14:01:34","guid":{"rendered":"https:\/\/mps.digital-monkey.in\/product\/bronze-kugelhahn-3-8%e2%80%b3\/"},"modified":"2026-01-09T14:01:34","modified_gmt":"2026-01-09T14:01:34","slug":"bronze-kugelhahn-3-8%e2%80%b3","status":"publish","type":"product","link":"https:\/\/mps.digital-monkey.in\/de\/produkt\/bronze-kugelhahn-3-8%e2%80%b3\/","title":{"rendered":"Bronze Kugelhahn 3\/8\u2033"},"content":{"rendered":"<p data-start=\"514\" data-end=\"849\">Der <strong data-start=\"518\" data-end=\"544\">Bronze-Kugelhahn 3\/8\u2033<\/strong> wurde f\u00fcr die zuverl\u00e4ssige Absperrung und Durchflusskontrolle in anspruchsvollen Umgebungen entwickelt, in denen Haltbarkeit und Korrosionsbest\u00e4ndigkeit entscheidend sind. Hergestellt aus einem <strong data-start=\"699\" data-end=\"714\">Bronzegeh\u00e4use<\/strong>, einer <strong data-start=\"716\" data-end=\"740\">Edelstahlkugel<\/strong> und einem <strong data-start=\"746\" data-end=\"772\">Edelstahlgriff<\/strong>, gew\u00e4hrleistet dieses Ventil einen reibungslosen Betrieb, eine sichere Abdichtung und eine lange Lebensdauer. <\/p>\n<p data-start=\"851\" data-end=\"1173\">Dank seiner robusten Konstruktion und korrosionsbest\u00e4ndigen Materialien ist dieser 3\/8\u2033-Kugelhahn aus Bronze besonders gut f\u00fcr <strong data-start=\"980\" data-end=\"1004\">Schiffsanlagen<\/strong>, industrielle Fl\u00fcssigkeitssysteme, Sanit\u00e4ranwendungen und HLK-Systeme geeignet. Die Pr\u00e4zisionsbearbeitung garantiert gleichbleibende Leistung und zuverl\u00e4ssigen Betrieb im Dauereinsatz. <\/p>\n<h2 data-start=\"1180\" data-end=\"1193\">Material<\/h2>\n<p data-start=\"1194\" data-end=\"1280\">Ventilgeh\u00e4use aus Bronze<br data-start=\"1211\" data-end=\"1214\">Innenkugel aus Edelstahl<br data-start=\"1243\" data-end=\"1246\">Bet\u00e4tigungsgriff aus Edelstahl<\/p>\n<h2 data-start=\"1287\" data-end=\"1296\">Gr\u00f6\u00dfe<\/h2>\n<p data-start=\"1297\" data-end=\"1319\">3\/8\u2033 Anschlussgr\u00f6\u00dfe<\/p>\n<h2 data-start=\"1326\" data-end=\"1343\">Wesentliche Merkmale<\/h2>\n<ul data-start=\"1344\" data-end=\"1637\">\n<li data-start=\"1344\" data-end=\"1402\">\n<p data-start=\"1346\" data-end=\"1402\">Langlebiges Bronzegeh\u00e4use f\u00fcr hervorragende Korrosionsbest\u00e4ndigkeit<\/p>\n<\/li>\n<li data-start=\"1403\" data-end=\"1461\">\n<p data-start=\"1405\" data-end=\"1461\">Kugel aus rostfreiem Stahl f\u00fcr reibungslosen und zuverl\u00e4ssigen Betrieb<\/p>\n<\/li>\n<li data-start=\"1462\" data-end=\"1515\">\n<p data-start=\"1464\" data-end=\"1515\">Griff aus rostfreiem Stahl f\u00fcr St\u00e4rke und Langlebigkeit<\/p>\n<\/li>\n<li data-start=\"1516\" data-end=\"1568\">\n<p data-start=\"1518\" data-end=\"1568\">Vierteldrehverschluss f\u00fcr pr\u00e4zise Kontrolle<\/p>\n<\/li>\n<li data-start=\"1569\" data-end=\"1637\">\n<p data-start=\"1571\" data-end=\"1637\">Geeignet f\u00fcr Schifffahrt, Industrie, Sanit\u00e4r- und HVAC-Anwendungen<\/p>\n<\/li>\n<\/ul>\n<p data-start=\"1644\" data-end=\"1789\">\n","protected":false},"excerpt":{"rendered":"<p>Der Bronze-Kugelhahn 3\/8\u2033 wurde f\u00fcr die zuverl\u00e4ssige Absperrung und Durchflusskontrolle in anspruchsvollen Umgebungen entwickelt, in denen Haltbarkeit und Korrosionsbest\u00e4ndigkeit entscheidend sind. Hergestellt aus einem Bronzegeh\u00e4use, einer Edelstahlkugel und einem Edelstahlgriff, gew\u00e4hrleistet dieses Ventil einen reibungslosen Betrieb, eine sichere Abdichtung und eine lange Lebensdauer. Dank seiner robusten Konstruktion und korrosionsbest\u00e4ndigen Materialien ist dieser 3\/8\u2033-Kugelhahn aus Bronze [&hellip;]<\/p>\n","protected":false},"featured_media":45873,"comment_status":"open","ping_status":"closed","template":"","meta":[],"product_brand":[],"product_cat":[3598,4615,3596,4110],"product_tag":[],"class_list":{"0":"post-45872","1":"product","2":"type-product","3":"status-publish","4":"has-post-thumbnail","6":"product_cat-beschlage","7":"product_cat-kugelhahne","8":"product_cat-schlauche-und-armaturen","9":"product_cat-um-den-motor-herum","10":"pa_condition-neu","12":"first","13":"instock","14":"taxable","15":"shipping-taxable","16":"purchasable","17":"product-type-simple"},"supplier_id":7294,"supplier_sku":"GS30690","barcode":null,"atum_controlled":true,"out_stock_date":null,"out_stock_threshold":null,"inheritable":false,"inbound_stock":0,"stock_on_hold":0,"sold_today":0,"sales_last_days":0,"reserved_stock":0,"customer_returns":0,"warehouse_damage":0,"lost_in_post":0,"other_logs":0,"out_stock_days":0,"lost_sales":0,"has_location":false,"update_date":"2026-03-05T15:34:52","atum_locations":[],"atum_stock_status":"instock","restock_status":false,"low_stock_amount":0,"sales_update_date":"2026-03-05T15:34:52","calc_backorders":null,"_links":{"self":[{"href":"https:\/\/mps.digital-monkey.in\/de\/wp-json\/wp\/v2\/product\/45872","targetHints":{"allow":["GET"]}}],"collection":[{"href":"https:\/\/mps.digital-monkey.in\/de\/wp-json\/wp\/v2\/product"}],"about":[{"href":"https:\/\/mps.digital-monkey.in\/de\/wp-json\/wp\/v2\/types\/product"}],"replies":[{"embeddable":true,"href":"https:\/\/mps.digital-monkey.in\/de\/wp-json\/wp\/v2\/comments?post=45872"}],"wp:featuredmedia":[{"embeddable":true,"href":"https:\/\/mps.digital-monkey.in\/de\/wp-json\/wp\/v2\/media\/45873"}],"wp:attachment":[{"href":"https:\/\/mps.digital-monkey.in\/de\/wp-json\/wp\/v2\/media?parent=45872"}],"wp:term":[{"taxonomy":"product_brand","embeddable":true,"href":"https:\/\/mps.digital-monkey.in\/de\/wp-json\/wp\/v2\/product_brand?post=45872"},{"taxonomy":"product_cat","embeddable":true,"href":"https:\/\/mps.digital-monkey.in\/de\/wp-json\/wp\/v2\/product_cat?post=45872"},{"taxonomy":"product_tag","embeddable":true,"href":"https:\/\/mps.digital-monkey.in\/de\/wp-json\/wp\/v2\/product_tag?post=45872"}],"curies":[{"name":"wp","href":"https:\/\/api.w.org\/{rel}","templated":true}]}}