{"id":45887,"date":"2026-01-09T11:07:22","date_gmt":"2026-01-09T11:07:22","guid":{"rendered":"https:\/\/mps.digital-monkey.in\/product\/volvo-penta-bleistiftanode-zink-o155-x-40-mm-1%e2%80%b3-gas-823661\/"},"modified":"2026-01-09T11:07:22","modified_gmt":"2026-01-09T11:07:22","slug":"volvo-penta-bleistiftanode-zink-o155-x-40-mm-1%e2%80%b3-gas-823661","status":"publish","type":"product","link":"https:\/\/mps.digital-monkey.in\/de\/produkt\/volvo-penta-bleistiftanode-zink-o155-x-40-mm-1%e2%80%b3-gas-823661\/","title":{"rendered":"Volvo Penta Bleistiftanode Zink \u00d815,5 x 40 mm | 1\u2033 GAS | 823661"},"content":{"rendered":"<p data-start=\"538\" data-end=\"921\">Die <strong data-start=\"542\" data-end=\"587\">Volvo Penta Pencil Anode Zink \u00d826 x 37 mm<\/strong> wurde entwickelt, um einen zuverl\u00e4ssigen Opferkorrosionsschutz f\u00fcr Komponenten von Schiffsmotoren zu bieten, die in <strong data-start=\"695\" data-end=\"727\">Salzwasser- und Brackwasserumgebungen<\/strong> betrieben werden. Hergestellt aus hochwertigem <strong data-start=\"773\" data-end=\"781\">Zink<\/strong> und mit einem <strong data-start=\"800\" data-end=\"814\">Messingstopfen<\/strong> versehen, sch\u00fctzt diese Anode K\u00fchlsysteme und andere interne Komponenten effektiv vor galvanischer Korrosion. <\/p>\n<h2 data-start=\"1292\" data-end=\"1305\">Material<\/h2>\n<p data-start=\"1306\" data-end=\"1339\">Anodenelement aus Zink<br data-start=\"1324\" data-end=\"1327\">Messingstecker<\/p>\n<h2 data-start=\"1346\" data-end=\"1357\">Thema<\/h2>\n<p data-start=\"1358\" data-end=\"1373\">1\u2033 GAS (BSPP)<\/p>\n<h2 data-start=\"1380\" data-end=\"1395\">Abmessungen<\/h2>\n<p data-start=\"1396\" data-end=\"1470\">Durchmesser (\u00d8): 26.0 mm<br data-start=\"1417\" data-end=\"1420\">L\u00e4nge (L): 37.0 mm<br data-start=\"1439\" data-end=\"1442\">Kerndurchmesser (C): 19.0 mm<\/p>\n<h2 data-start=\"1477\" data-end=\"1494\">Wesentliche Merkmale<\/h2>\n<ul data-start=\"1495\" data-end=\"1795\">\n<li data-start=\"1495\" data-end=\"1553\">\n<p data-start=\"1497\" data-end=\"1553\">Zink-Stiftanode f\u00fcr Salzwasser und Brackwasser<\/p>\n<\/li>\n<li data-start=\"1554\" data-end=\"1621\">\n<p data-start=\"1556\" data-end=\"1621\">Opferkorrosionsschutz f\u00fcr interne Schiffskomponenten<\/p>\n<\/li>\n<li data-start=\"1622\" data-end=\"1677\">\n<p data-start=\"1624\" data-end=\"1677\">Messingstecker f\u00fcr Haltbarkeit und zuverl\u00e4ssige Leitf\u00e4higkeit<\/p>\n<\/li>\n<li data-start=\"1678\" data-end=\"1736\">\n<p data-start=\"1680\" data-end=\"1736\">Pr\u00e4zisionsgefertigtes 1\u2033 GAS (BSPP) Gewinde f\u00fcr sicheren Sitz<\/p>\n<\/li>\n<li data-start=\"1737\" data-end=\"1795\">\n<p data-start=\"1739\" data-end=\"1795\">Geeignet f\u00fcr Volvo Penta und kompatible Schiffssysteme<\/p>\n<\/li>\n<\/ul>\n<p data-start=\"1802\" data-end=\"1978\">Die regelm\u00e4\u00dfige Inspektion und der rechtzeitige Austausch von Zinkstiftanoden ist unerl\u00e4sslich, um einen wirksamen Korrosionsschutz aufrechtzuerhalten und Sch\u00e4den an internen Komponenten des Schiffsmotors zu verhindern.<\/p>\n","protected":false},"excerpt":{"rendered":"<p>Die Volvo Penta Pencil Anode Zink \u00d826 x 37 mm wurde entwickelt, um einen zuverl\u00e4ssigen Opferkorrosionsschutz f\u00fcr Komponenten von Schiffsmotoren zu bieten, die in Salzwasser- und Brackwasserumgebungen betrieben werden. Hergestellt aus hochwertigem Zink und mit einem Messingstopfen versehen, sch\u00fctzt diese Anode K\u00fchlsysteme und andere interne Komponenten effektiv vor galvanischer Korrosion. Material Anodenelement aus ZinkMessingstecker Thema [&hellip;]<\/p>\n","protected":false},"featured_media":45889,"comment_status":"open","ping_status":"closed","template":"","meta":[],"product_brand":[4230],"product_cat":[3286,4488,2498,4308,4523],"product_tag":[],"class_list":{"0":"post-45887","1":"product","2":"type-product","3":"status-publish","4":"has-post-thumbnail","6":"product_brand-volvo-penta","7":"product_cat-anoden","8":"product_cat-brauchen-sie-volvo-penta-teile","9":"product_cat-ersatzteile-fur-motoren","10":"product_cat-volvo-penta","11":"product_cat-volvo-penta-anoden","12":"pa_condition-neu","13":"pa_oem-or-aftermarket-aftermarket","15":"first","16":"onbackorder","17":"sale","18":"taxable","19":"shipping-taxable","20":"purchasable","21":"product-type-simple"},"supplier_id":null,"supplier_sku":"","barcode":null,"atum_controlled":true,"out_stock_date":"2026-01-09 12:07:24","out_stock_threshold":null,"inheritable":false,"inbound_stock":0,"stock_on_hold":0,"sold_today":0,"sales_last_days":0,"reserved_stock":0,"customer_returns":0,"warehouse_damage":0,"lost_in_post":0,"other_logs":0,"out_stock_days":19,"lost_sales":0,"has_location":false,"update_date":"2026-01-29T09:11:17","atum_locations":[],"atum_stock_status":"onbackorder","restock_status":false,"low_stock_amount":1,"sales_update_date":"2026-01-29T09:11:17","calc_backorders":null,"_links":{"self":[{"href":"https:\/\/mps.digital-monkey.in\/de\/wp-json\/wp\/v2\/product\/45887","targetHints":{"allow":["GET"]}}],"collection":[{"href":"https:\/\/mps.digital-monkey.in\/de\/wp-json\/wp\/v2\/product"}],"about":[{"href":"https:\/\/mps.digital-monkey.in\/de\/wp-json\/wp\/v2\/types\/product"}],"replies":[{"embeddable":true,"href":"https:\/\/mps.digital-monkey.in\/de\/wp-json\/wp\/v2\/comments?post=45887"}],"wp:featuredmedia":[{"embeddable":true,"href":"https:\/\/mps.digital-monkey.in\/de\/wp-json\/wp\/v2\/media\/45889"}],"wp:attachment":[{"href":"https:\/\/mps.digital-monkey.in\/de\/wp-json\/wp\/v2\/media?parent=45887"}],"wp:term":[{"taxonomy":"product_brand","embeddable":true,"href":"https:\/\/mps.digital-monkey.in\/de\/wp-json\/wp\/v2\/product_brand?post=45887"},{"taxonomy":"product_cat","embeddable":true,"href":"https:\/\/mps.digital-monkey.in\/de\/wp-json\/wp\/v2\/product_cat?post=45887"},{"taxonomy":"product_tag","embeddable":true,"href":"https:\/\/mps.digital-monkey.in\/de\/wp-json\/wp\/v2\/product_tag?post=45887"}],"curies":[{"name":"wp","href":"https:\/\/api.w.org\/{rel}","templated":true}]}}