{"id":45897,"date":"2026-01-09T11:17:11","date_gmt":"2026-01-09T11:17:11","guid":{"rendered":"https:\/\/mps.digital-monkey.in\/product\/volvo-penta-bleistiftanode-magnesium-o26-x-37-mm-1%e2%80%b3-gas-bspp-823661\/"},"modified":"2026-01-09T11:17:11","modified_gmt":"2026-01-09T11:17:11","slug":"volvo-penta-bleistiftanode-magnesium-o26-x-37-mm-1%e2%80%b3-gas-bspp-823661","status":"publish","type":"product","link":"https:\/\/mps.digital-monkey.in\/de\/produkt\/volvo-penta-bleistiftanode-magnesium-o26-x-37-mm-1%e2%80%b3-gas-bspp-823661\/","title":{"rendered":"Volvo Penta Bleistiftanode Magnesium \u00d826 x 37 mm | 1\u2033 GAS (BSPP) | 823661"},"content":{"rendered":"<p data-start=\"533\" data-end=\"946\">Die <strong data-start=\"537\" data-end=\"596\">Volvo Penta Pencil Anode Magnesium \u00d826 x 37 mm (823661)<\/strong> wurde entwickelt, um einen <strong data-start=\"620\" data-end=\"661\">maximalen galvanischen Korrosionsschutz<\/strong> f\u00fcr Komponenten von Schiffsmotoren zu bieten, die in einer <strong data-start=\"704\" data-end=\"731\">S\u00fc\u00dfwasserumgebung<\/strong> betrieben werden. Diese aus hochwertigem <strong data-start=\"764\" data-end=\"777\">Magnesium<\/strong> gefertigte und mit einem <strong data-start=\"796\" data-end=\"810\">Messingstopfen<\/strong> versehene Anode bietet die h\u00f6chste elektrochemische Aktivit\u00e4t und gew\u00e4hrleistet einen hervorragenden Schutz der K\u00fchlsysteme und der internen Metallkomponenten. <\/p>\n<p data-start=\"948\" data-end=\"1312\">Magnesiumanoden sind die bevorzugte Wahl f\u00fcr Gew\u00e4sser mit geringer Leitf\u00e4higkeit, wie Seen und Fl\u00fcsse, in denen Zink- oder Aluminiumanoden weniger effektiv sein k\u00f6nnen. Die Pr\u00e4zisionsbearbeitung gew\u00e4hrleistet eine genaue Passform, einen zuverl\u00e4ssigen elektrischen Kontakt und eine sichere Installation \u00fcber das <strong data-start=\"1204\" data-end=\"1228\">1\u2033 GAS (BSPP) Gewinde<\/strong>. Diese Anode ist als direkter Ersatz f\u00fcr kompatible Volvo Penta Systeme geeignet.  <\/p>\n<h2 data-start=\"1319\" data-end=\"1332\">Material<\/h2>\n<p data-start=\"1333\" data-end=\"1371\">Magnesium-Anodenelement<br data-start=\"1356\" data-end=\"1359\">Messingstopfen<\/p>\n<h2 data-start=\"1378\" data-end=\"1394\">Teilenummer<\/h2>\n<p data-start=\"1395\" data-end=\"1403\">823661<\/p>\n<h2 data-start=\"1410\" data-end=\"1421\">Thema<\/h2>\n<p data-start=\"1422\" data-end=\"1437\">1\u2033 GAS (BSPP)<\/p>\n<h2 data-start=\"1444\" data-end=\"1459\">Abmessungen<\/h2>\n<p data-start=\"1460\" data-end=\"1534\">Durchmesser (\u00d8): 26.0 mm<br data-start=\"1481\" data-end=\"1484\">L\u00e4nge (L): 37.0 mm<br data-start=\"1503\" data-end=\"1506\">Kerndurchmesser (C): 19.0 mm<\/p>\n<h2 data-start=\"1541\" data-end=\"1558\">Wesentliche Merkmale<\/h2>\n<ul data-start=\"1559\" data-end=\"1880\">\n<li data-start=\"1559\" data-end=\"1621\">\n<p data-start=\"1561\" data-end=\"1621\">Magnesium-Stiftanode f\u00fcr S\u00fc\u00dfwasser-Korrosionsschutz<\/p>\n<\/li>\n<li data-start=\"1622\" data-end=\"1684\">\n<p data-start=\"1624\" data-end=\"1684\">H\u00f6chste elektrochemische Aktivit\u00e4t f\u00fcr maximale Wirksamkeit<\/p>\n<\/li>\n<li data-start=\"1685\" data-end=\"1749\">\n<p data-start=\"1687\" data-end=\"1749\">Opferanode sch\u00fctzt interne Komponenten des Schiffsmotors<\/p>\n<\/li>\n<li data-start=\"1750\" data-end=\"1809\">\n<p data-start=\"1752\" data-end=\"1809\">Messingstecker f\u00fcr sichere Installation und Leitf\u00e4higkeit<\/p>\n<\/li>\n<li data-start=\"1810\" data-end=\"1880\">\n<p data-start=\"1812\" data-end=\"1880\">Pr\u00e4zisionsgefertigt f\u00fcr den korrekten Einbau in Volvo Penta Anwendungen<\/p>\n<\/li>\n<\/ul>\n<p data-start=\"1887\" data-end=\"2068\">Die regelm\u00e4\u00dfige Inspektion und der rechtzeitige Austausch von Magnesium-Stiftanoden ist unerl\u00e4sslich, um einen wirksamen Korrosionsschutz aufrechtzuerhalten und Sch\u00e4den an internen Komponenten des Schiffsmotors zu verhindern.<\/p>\n","protected":false},"excerpt":{"rendered":"<p>Die Volvo Penta Pencil Anode Magnesium \u00d826 x 37 mm (823661) wurde entwickelt, um einen maximalen galvanischen Korrosionsschutz f\u00fcr Komponenten von Schiffsmotoren zu bieten, die in einer S\u00fc\u00dfwasserumgebung betrieben werden. Diese aus hochwertigem Magnesium gefertigte und mit einem Messingstopfen versehene Anode bietet die h\u00f6chste elektrochemische Aktivit\u00e4t und gew\u00e4hrleistet einen hervorragenden Schutz der K\u00fchlsysteme und der [&hellip;]<\/p>\n","protected":false},"featured_media":45898,"comment_status":"open","ping_status":"closed","template":"","meta":[],"product_brand":[4230],"product_cat":[3286,4488,2498,4308,4523],"product_tag":[],"class_list":{"0":"post-45897","1":"product","2":"type-product","3":"status-publish","4":"has-post-thumbnail","6":"product_brand-volvo-penta","7":"product_cat-anoden","8":"product_cat-brauchen-sie-volvo-penta-teile","9":"product_cat-ersatzteile-fur-motoren","10":"product_cat-volvo-penta","11":"product_cat-volvo-penta-anoden","12":"pa_condition-neu","13":"pa_oem-or-aftermarket-aftermarket","15":"first","16":"onbackorder","17":"sale","18":"taxable","19":"shipping-taxable","20":"purchasable","21":"product-type-simple"},"supplier_id":null,"supplier_sku":"00716TAL","barcode":null,"atum_controlled":true,"out_stock_date":"2026-01-09 11:17:15","out_stock_threshold":null,"inheritable":false,"inbound_stock":null,"stock_on_hold":null,"sold_today":null,"sales_last_days":null,"reserved_stock":null,"customer_returns":null,"warehouse_damage":null,"lost_in_post":null,"other_logs":null,"out_stock_days":0,"lost_sales":null,"has_location":false,"update_date":"2026-01-09T11:17:19","atum_locations":[],"atum_stock_status":"onbackorder","restock_status":false,"low_stock_amount":1,"sales_update_date":null,"calc_backorders":null,"_links":{"self":[{"href":"https:\/\/mps.digital-monkey.in\/de\/wp-json\/wp\/v2\/product\/45897","targetHints":{"allow":["GET"]}}],"collection":[{"href":"https:\/\/mps.digital-monkey.in\/de\/wp-json\/wp\/v2\/product"}],"about":[{"href":"https:\/\/mps.digital-monkey.in\/de\/wp-json\/wp\/v2\/types\/product"}],"replies":[{"embeddable":true,"href":"https:\/\/mps.digital-monkey.in\/de\/wp-json\/wp\/v2\/comments?post=45897"}],"wp:featuredmedia":[{"embeddable":true,"href":"https:\/\/mps.digital-monkey.in\/de\/wp-json\/wp\/v2\/media\/45898"}],"wp:attachment":[{"href":"https:\/\/mps.digital-monkey.in\/de\/wp-json\/wp\/v2\/media?parent=45897"}],"wp:term":[{"taxonomy":"product_brand","embeddable":true,"href":"https:\/\/mps.digital-monkey.in\/de\/wp-json\/wp\/v2\/product_brand?post=45897"},{"taxonomy":"product_cat","embeddable":true,"href":"https:\/\/mps.digital-monkey.in\/de\/wp-json\/wp\/v2\/product_cat?post=45897"},{"taxonomy":"product_tag","embeddable":true,"href":"https:\/\/mps.digital-monkey.in\/de\/wp-json\/wp\/v2\/product_tag?post=45897"}],"curies":[{"name":"wp","href":"https:\/\/api.w.org\/{rel}","templated":true}]}}