{"id":45906,"date":"2026-01-09T14:15:02","date_gmt":"2026-01-09T14:15:02","guid":{"rendered":"https:\/\/mps.digital-monkey.in\/product\/kugelhahn-aus-verchromtem-messing-1%e2%80%b3-kugel-aus-edelstahl\/"},"modified":"2026-01-09T14:16:49","modified_gmt":"2026-01-09T14:16:49","slug":"kugelhahn-aus-verchromtem-messing-1%e2%80%b3-kugel-aus-edelstahl","status":"publish","type":"product","link":"https:\/\/mps.digital-monkey.in\/de\/produkt\/kugelhahn-aus-verchromtem-messing-1%e2%80%b3-kugel-aus-edelstahl\/","title":{"rendered":"Kugelhahn aus verchromtem Messing 1\u2033 | Kugel aus Edelstahl"},"content":{"rendered":"<p data-start=\"528\" data-end=\"877\">Der <strong data-start=\"532\" data-end=\"563\">Kugelhahn 1\u2033 aus verchromtem Messing<\/strong> wurde f\u00fcr eine zuverl\u00e4ssige Absperrung und Durchflusskontrolle in Systemen entwickelt, in denen Haltbarkeit und Korrosionsbest\u00e4ndigkeit entscheidend sind. Mit seinem <strong data-start=\"706\" data-end=\"731\">verchromten Messinggeh\u00e4use<\/strong>, der <strong data-start=\"733\" data-end=\"757\">Edelstahlkugel<\/strong> und dem <strong data-start=\"763\" data-end=\"786\">robusten Metallgriff<\/strong> bietet dieses Ventil einen reibungslosen Vierteldrehbetrieb, eine sichere Abdichtung und eine lange Lebensdauer. <\/p>\n<p data-start=\"879\" data-end=\"1175\">Mit seinem gr\u00f6\u00dferen 1\u2033-Anschluss ist dieser Kugelhahn ideal f\u00fcr Anwendungen mit h\u00f6herem Durchfluss in <strong data-start=\"969\" data-end=\"1078\">industriellen Rohrleitungen, Schiffsanlagen, Sanit\u00e4rsystemen, Druckluftleitungen und HLK-Umgebungen<\/strong>. Die Pr\u00e4zisionsbearbeitung sorgt f\u00fcr gleichbleibende Leistung und zuverl\u00e4ssigen Betrieb im Dauereinsatz. <\/p>\n<h2 data-start=\"1182\" data-end=\"1195\">Material<\/h2>\n<p data-start=\"1196\" data-end=\"1279\">Ventilgeh\u00e4use aus verchromtem Messing<br data-start=\"1220\" data-end=\"1223\">Innenkugel aus Edelstahl<br data-start=\"1252\" data-end=\"1255\">Bedienungsgriff aus Edelstahl<\/p>\n<h2 data-start=\"1286\" data-end=\"1295\">Gr\u00f6\u00dfe<\/h2>\n<p data-start=\"1296\" data-end=\"1316\">1\u2033 Anschlussgr\u00f6\u00dfe<\/p>\n<h2 data-start=\"1323\" data-end=\"1340\">Wesentliche Merkmale<\/h2>\n<ul data-start=\"1341\" data-end=\"1660\">\n<li data-start=\"1341\" data-end=\"1412\">\n<p data-start=\"1343\" data-end=\"1412\">Starke verchromte Messingkonstruktion f\u00fcr erh\u00f6hte Korrosionsbest\u00e4ndigkeit<\/p>\n<\/li>\n<li data-start=\"1413\" data-end=\"1473\">\n<p data-start=\"1415\" data-end=\"1473\">Kugel aus rostfreiem Stahl f\u00fcr Langlebigkeit und reibungslosen Betrieb<\/p>\n<\/li>\n<li data-start=\"1474\" data-end=\"1528\">\n<p data-start=\"1476\" data-end=\"1528\">Vierteldrehverschluss f\u00fcr schnelle Flusskontrolle<\/p>\n<\/li>\n<li data-start=\"1529\" data-end=\"1580\">\n<p data-start=\"1531\" data-end=\"1580\">Robuster Metallgriff f\u00fcr sichere manuelle Bedienung<\/p>\n<\/li>\n<li data-start=\"1581\" data-end=\"1660\">\n<p data-start=\"1583\" data-end=\"1660\">Geeignet f\u00fcr Industrie-, Marine-, Sanit\u00e4r-, Pneumatik- und HLK-Anwendungen<\/p>\n<\/li>\n<\/ul>\n","protected":false},"excerpt":{"rendered":"<p>Der Kugelhahn 1\u2033 aus verchromtem Messing wurde f\u00fcr eine zuverl\u00e4ssige Absperrung und Durchflusskontrolle in Systemen entwickelt, in denen Haltbarkeit und Korrosionsbest\u00e4ndigkeit entscheidend sind. Mit seinem verchromten Messinggeh\u00e4use, der Edelstahlkugel und dem robusten Metallgriff bietet dieses Ventil einen reibungslosen Vierteldrehbetrieb, eine sichere Abdichtung und eine lange Lebensdauer. Mit seinem gr\u00f6\u00dferen 1\u2033-Anschluss ist dieser Kugelhahn ideal f\u00fcr [&hellip;]<\/p>\n","protected":false},"featured_media":45907,"comment_status":"open","ping_status":"closed","template":"","meta":[],"product_brand":[],"product_cat":[4615,3596,4110],"product_tag":[],"class_list":{"0":"post-45906","1":"product","2":"type-product","3":"status-publish","4":"has-post-thumbnail","6":"product_cat-kugelhahne","7":"product_cat-schlauche-und-armaturen","8":"product_cat-um-den-motor-herum","9":"pa_condition-neu","11":"first","12":"instock","13":"taxable","14":"shipping-taxable","15":"purchasable","16":"product-type-simple"},"supplier_id":7294,"supplier_sku":"GS30013","barcode":null,"atum_controlled":true,"out_stock_date":null,"out_stock_threshold":null,"inheritable":false,"inbound_stock":0,"stock_on_hold":0,"sold_today":0,"sales_last_days":0,"reserved_stock":0,"customer_returns":0,"warehouse_damage":0,"lost_in_post":0,"other_logs":0,"out_stock_days":0,"lost_sales":0,"has_location":false,"update_date":"2026-01-29T09:10:32","atum_locations":[],"atum_stock_status":"instock","restock_status":false,"low_stock_amount":1,"sales_update_date":"2026-01-29T09:10:32","calc_backorders":null,"_links":{"self":[{"href":"https:\/\/mps.digital-monkey.in\/de\/wp-json\/wp\/v2\/product\/45906","targetHints":{"allow":["GET"]}}],"collection":[{"href":"https:\/\/mps.digital-monkey.in\/de\/wp-json\/wp\/v2\/product"}],"about":[{"href":"https:\/\/mps.digital-monkey.in\/de\/wp-json\/wp\/v2\/types\/product"}],"replies":[{"embeddable":true,"href":"https:\/\/mps.digital-monkey.in\/de\/wp-json\/wp\/v2\/comments?post=45906"}],"wp:featuredmedia":[{"embeddable":true,"href":"https:\/\/mps.digital-monkey.in\/de\/wp-json\/wp\/v2\/media\/45907"}],"wp:attachment":[{"href":"https:\/\/mps.digital-monkey.in\/de\/wp-json\/wp\/v2\/media?parent=45906"}],"wp:term":[{"taxonomy":"product_brand","embeddable":true,"href":"https:\/\/mps.digital-monkey.in\/de\/wp-json\/wp\/v2\/product_brand?post=45906"},{"taxonomy":"product_cat","embeddable":true,"href":"https:\/\/mps.digital-monkey.in\/de\/wp-json\/wp\/v2\/product_cat?post=45906"},{"taxonomy":"product_tag","embeddable":true,"href":"https:\/\/mps.digital-monkey.in\/de\/wp-json\/wp\/v2\/product_tag?post=45906"}],"curies":[{"name":"wp","href":"https:\/\/api.w.org\/{rel}","templated":true}]}}