{"id":45918,"date":"2026-01-09T15:27:02","date_gmt":"2026-01-09T15:27:02","guid":{"rendered":"https:\/\/mps.digital-monkey.in\/product\/kugelhahn-aus-edelstahl-3-4%e2%80%b3\/"},"modified":"2026-01-09T15:27:02","modified_gmt":"2026-01-09T15:27:02","slug":"kugelhahn-aus-edelstahl-3-4%e2%80%b3","status":"publish","type":"product","link":"https:\/\/mps.digital-monkey.in\/de\/produkt\/kugelhahn-aus-edelstahl-3-4%e2%80%b3\/","title":{"rendered":"Kugelhahn aus Edelstahl 3\/4\u2033"},"content":{"rendered":"<p data-start=\"514\" data-end=\"864\">Der <strong data-start=\"518\" data-end=\"553\">3\/4\u2033-Edelstahlkugelhahn<\/strong> wurde f\u00fcr eine zuverl\u00e4ssige Durchflusskontrolle in anspruchsvollen Umgebungen entwickelt, in denen <strong data-start=\"628\" data-end=\"685\">Korrosionsbest\u00e4ndigkeit, Festigkeit und eine lange Lebensdauer<\/strong> von entscheidender Bedeutung sind. Dieses vollst\u00e4ndig aus <strong data-start=\"728\" data-end=\"747\">Edelstahl<\/strong> gefertigte Ventil bietet einen reibungslosen Vierteldrehungsbetrieb, eine sichere Abdichtung und eine gleichbleibende Leistung im Dauereinsatz. <\/p>\n<p data-start=\"866\" data-end=\"1176\">Mit seiner gr\u00f6\u00dferen 3\/4\u2033-Anschlussgr\u00f6\u00dfe ist dieser Edelstahlkugelhahn ideal f\u00fcr industrielle Fl\u00fcssigkeitssysteme, Schiffsinstallationen, Sanit\u00e4rnetze, Druckluftleitungen und HLK-Anwendungen, die eine h\u00f6here Durchflusskapazit\u00e4t erfordern. Die Pr\u00e4zisionsbearbeitung sorgt f\u00fcr minimalen Druckverlust und zuverl\u00e4ssige Absperrleistung. <\/p>\n<h2 data-start=\"1183\" data-end=\"1196\">Material<\/h2>\n<p data-start=\"1197\" data-end=\"1292\">Ventilgeh\u00e4use aus Edelstahl<br data-start=\"1223\" data-end=\"1226\">Innenkugel aus Edelstahl<br data-start=\"1255\" data-end=\"1258\">Bet\u00e4tigungsgriff aus rostfreiem Stahl<\/p>\n<h2 data-start=\"1299\" data-end=\"1308\">Gr\u00f6\u00dfe<\/h2>\n<p data-start=\"1309\" data-end=\"1331\">3\/4\u2033 Anschlussgr\u00f6\u00dfe<\/p>\n<h2 data-start=\"1338\" data-end=\"1355\">Wesentliche Merkmale<\/h2>\n<ul data-start=\"1356\" data-end=\"1636\">\n<li data-start=\"1356\" data-end=\"1426\">\n<p data-start=\"1358\" data-end=\"1426\">Vollst\u00e4ndig aus Edelstahl gefertigt f\u00fcr maximale Korrosionsbest\u00e4ndigkeit<\/p>\n<\/li>\n<li data-start=\"1427\" data-end=\"1466\">\n<p data-start=\"1429\" data-end=\"1466\">Leichtg\u00e4ngige Vierteldrehung zum Abschalten<\/p>\n<\/li>\n<li data-start=\"1467\" data-end=\"1513\">\n<p data-start=\"1469\" data-end=\"1513\">Hohe Durchflussleistung mit zuverl\u00e4ssiger Abdichtung<\/p>\n<\/li>\n<li data-start=\"1514\" data-end=\"1570\">\n<p data-start=\"1516\" data-end=\"1570\">Geeignet f\u00fcr Wasser, Luft, \u00d6le und kompatible Fl\u00fcssigkeiten<\/p>\n<\/li>\n<li data-start=\"1571\" data-end=\"1636\">\n<p data-start=\"1573\" data-end=\"1636\">Ideal f\u00fcr Industrie, Schifffahrt, Sanit\u00e4r- und HLK-Anwendungen<\/p>\n<\/li>\n<\/ul>\n<p data-start=\"1643\" data-end=\"1815\">\n","protected":false},"excerpt":{"rendered":"<p>Der 3\/4\u2033-Edelstahlkugelhahn wurde f\u00fcr eine zuverl\u00e4ssige Durchflusskontrolle in anspruchsvollen Umgebungen entwickelt, in denen Korrosionsbest\u00e4ndigkeit, Festigkeit und eine lange Lebensdauer von entscheidender Bedeutung sind. Dieses vollst\u00e4ndig aus Edelstahl gefertigte Ventil bietet einen reibungslosen Vierteldrehungsbetrieb, eine sichere Abdichtung und eine gleichbleibende Leistung im Dauereinsatz. Mit seiner gr\u00f6\u00dferen 3\/4\u2033-Anschlussgr\u00f6\u00dfe ist dieser Edelstahlkugelhahn ideal f\u00fcr industrielle Fl\u00fcssigkeitssysteme, Schiffsinstallationen, Sanit\u00e4rnetze, [&hellip;]<\/p>\n","protected":false},"featured_media":45919,"comment_status":"open","ping_status":"closed","template":"","meta":[],"product_brand":[],"product_cat":[4615,3596,4110],"product_tag":[],"class_list":{"0":"post-45918","1":"product","2":"type-product","3":"status-publish","4":"has-post-thumbnail","6":"product_cat-kugelhahne","7":"product_cat-schlauche-und-armaturen","8":"product_cat-um-den-motor-herum","9":"pa_condition-neu","11":"first","12":"instock","13":"taxable","14":"shipping-taxable","15":"purchasable","16":"product-type-simple"},"supplier_id":7294,"supplier_sku":"GS30003","barcode":null,"atum_controlled":true,"out_stock_date":null,"out_stock_threshold":null,"inheritable":false,"inbound_stock":0,"stock_on_hold":0,"sold_today":0,"sales_last_days":0,"reserved_stock":0,"customer_returns":0,"warehouse_damage":0,"lost_in_post":0,"other_logs":0,"out_stock_days":0,"lost_sales":0,"has_location":false,"update_date":"2026-03-05T15:34:52","atum_locations":[],"atum_stock_status":"instock","restock_status":false,"low_stock_amount":0,"sales_update_date":"2026-03-05T15:34:52","calc_backorders":null,"_links":{"self":[{"href":"https:\/\/mps.digital-monkey.in\/de\/wp-json\/wp\/v2\/product\/45918","targetHints":{"allow":["GET"]}}],"collection":[{"href":"https:\/\/mps.digital-monkey.in\/de\/wp-json\/wp\/v2\/product"}],"about":[{"href":"https:\/\/mps.digital-monkey.in\/de\/wp-json\/wp\/v2\/types\/product"}],"replies":[{"embeddable":true,"href":"https:\/\/mps.digital-monkey.in\/de\/wp-json\/wp\/v2\/comments?post=45918"}],"wp:featuredmedia":[{"embeddable":true,"href":"https:\/\/mps.digital-monkey.in\/de\/wp-json\/wp\/v2\/media\/45919"}],"wp:attachment":[{"href":"https:\/\/mps.digital-monkey.in\/de\/wp-json\/wp\/v2\/media?parent=45918"}],"wp:term":[{"taxonomy":"product_brand","embeddable":true,"href":"https:\/\/mps.digital-monkey.in\/de\/wp-json\/wp\/v2\/product_brand?post=45918"},{"taxonomy":"product_cat","embeddable":true,"href":"https:\/\/mps.digital-monkey.in\/de\/wp-json\/wp\/v2\/product_cat?post=45918"},{"taxonomy":"product_tag","embeddable":true,"href":"https:\/\/mps.digital-monkey.in\/de\/wp-json\/wp\/v2\/product_tag?post=45918"}],"curies":[{"name":"wp","href":"https:\/\/api.w.org\/{rel}","templated":true}]}}