{"id":45945,"date":"2026-01-11T13:21:04","date_gmt":"2026-01-11T13:21:04","guid":{"rendered":"https:\/\/mps.digital-monkey.in\/product\/kugelhahn-aus-verchromtem-messing-1-1-2%e2%80%b3\/"},"modified":"2026-01-11T13:21:04","modified_gmt":"2026-01-11T13:21:04","slug":"kugelhahn-aus-verchromtem-messing-1-1-2%e2%80%b3","status":"publish","type":"product","link":"https:\/\/mps.digital-monkey.in\/de\/product\/kugelhahn-aus-verchromtem-messing-1-1-2%e2%80%b3\/","title":{"rendered":"Kugelhahn aus verchromtem Messing 1-1\/2\u2033"},"content":{"rendered":"<p data-start=\"535\" data-end=\"913\">Der <strong data-start=\"539\" data-end=\"574\">Kugelhahn 1-1\/2\u2033 aus verchromtem Messing<\/strong> wurde f\u00fcr eine zuverl\u00e4ssige Absperrung und Durchflusskontrolle in Systemen entwickelt, in denen eine <strong data-start=\"647\" data-end=\"707\">hohe Durchflusskapazit\u00e4t, Haltbarkeit und Korrosionsbest\u00e4ndigkeit<\/strong> entscheidend sind. Dieses Ventil ist mit einem <strong data-start=\"742\" data-end=\"767\">verchromten Messinggeh\u00e4use<\/strong>, einer <strong data-start=\"769\" data-end=\"793\">Edelstahlkugel<\/strong> und einem <strong data-start=\"799\" data-end=\"822\">robusten Metallgriff<\/strong> ausgestattet und bietet einen reibungslosen Vierteldrehbetrieb, eine sichere Abdichtung und eine lange Lebensdauer. <\/p>\n<p data-start=\"915\" data-end=\"1224\">Mit seiner gr\u00f6\u00dferen <strong data-start=\"931\" data-end=\"957\">Anschlussgr\u00f6\u00dfe von 1-1\/2\u2033<\/strong> ist dieser Kugelhahn ideal f\u00fcr industrielle Rohrleitungen, Schiffsinstallationen, Sanit\u00e4rnetze, Druckluftsysteme und HLK-Anwendungen, die h\u00f6here Durchflussraten erfordern. Die Pr\u00e4zisionsbearbeitung sorgt f\u00fcr gleichbleibende Leistung und zuverl\u00e4ssigen Betrieb im Dauereinsatz.<\/p>\n<h2 data-start=\"1231\" data-end=\"1244\">Material<\/h2>\n<p data-start=\"1245\" data-end=\"1328\">Ventilgeh\u00e4use aus verchromtem Messing<br data-start=\"1269\" data-end=\"1272\">Innenkugel aus Edelstahl<br data-start=\"1301\" data-end=\"1304\">Bet\u00e4tigungsgriff aus Metall<\/p>\n<h2 data-start=\"1335\" data-end=\"1344\">Gr\u00f6\u00dfe<\/h2>\n<p data-start=\"1345\" data-end=\"1369\">1-1\/2\u2033 Anschlussgr\u00f6\u00dfe<\/p>\n<h2 data-start=\"1376\" data-end=\"1393\">Wesentliche Merkmale<\/h2>\n<ul data-start=\"1394\" data-end=\"1734\">\n<li data-start=\"1394\" data-end=\"1466\">\n<p data-start=\"1396\" data-end=\"1466\">Starke verchromte Messingkonstruktion f\u00fcr hervorragende Korrosionsbest\u00e4ndigkeit<\/p>\n<\/li>\n<li data-start=\"1467\" data-end=\"1534\">\n<p data-start=\"1469\" data-end=\"1534\">Kugel aus rostfreiem Stahl f\u00fcr reibungslosen Betrieb und lange Lebensdauer<\/p>\n<\/li>\n<li data-start=\"1535\" data-end=\"1602\">\n<p data-start=\"1537\" data-end=\"1602\">Vierteldrehverschluss f\u00fcr schnelle und zuverl\u00e4ssige Flusskontrolle<\/p>\n<\/li>\n<li data-start=\"1603\" data-end=\"1654\">\n<p data-start=\"1605\" data-end=\"1654\">Robuster Metallgriff f\u00fcr sichere manuelle Bedienung<\/p>\n<\/li>\n<\/ul>\n","protected":false},"excerpt":{"rendered":"<p>Der Kugelhahn 1-1\/2\u2033 aus verchromtem Messing wurde f\u00fcr eine zuverl\u00e4ssige Absperrung und Durchflusskontrolle in Systemen entwickelt, in denen eine hohe Durchflusskapazit\u00e4t, Haltbarkeit und Korrosionsbest\u00e4ndigkeit entscheidend sind. Dieses Ventil ist mit einem verchromten Messinggeh\u00e4use, einer Edelstahlkugel und einem robusten Metallgriff ausgestattet und bietet einen reibungslosen Vierteldrehbetrieb, eine sichere Abdichtung und eine lange Lebensdauer. Mit seiner gr\u00f6\u00dferen [&hellip;]<\/p>\n","protected":false},"featured_media":45946,"comment_status":"open","ping_status":"closed","template":"","meta":[],"product_brand":[],"product_cat":[4615,3596,4110],"product_tag":[],"class_list":{"0":"post-45945","1":"product","2":"type-product","3":"status-publish","4":"has-post-thumbnail","6":"product_cat-kugelhahne","7":"product_cat-schlauche-und-armaturen","8":"product_cat-um-den-motor-herum","9":"pa_condition-neu","11":"first","12":"instock","13":"taxable","14":"shipping-taxable","15":"purchasable","16":"product-type-simple"},"supplier_id":7294,"supplier_sku":"GS30015","barcode":null,"atum_controlled":true,"out_stock_date":null,"out_stock_threshold":null,"inheritable":false,"inbound_stock":null,"stock_on_hold":null,"sold_today":null,"sales_last_days":null,"reserved_stock":null,"customer_returns":null,"warehouse_damage":null,"lost_in_post":null,"other_logs":null,"out_stock_days":null,"lost_sales":null,"has_location":false,"update_date":"2026-01-11T13:21:14","atum_locations":[],"atum_stock_status":"instock","restock_status":false,"low_stock_amount":0,"sales_update_date":null,"calc_backorders":null,"_links":{"self":[{"href":"https:\/\/mps.digital-monkey.in\/de\/wp-json\/wp\/v2\/product\/45945","targetHints":{"allow":["GET"]}}],"collection":[{"href":"https:\/\/mps.digital-monkey.in\/de\/wp-json\/wp\/v2\/product"}],"about":[{"href":"https:\/\/mps.digital-monkey.in\/de\/wp-json\/wp\/v2\/types\/product"}],"replies":[{"embeddable":true,"href":"https:\/\/mps.digital-monkey.in\/de\/wp-json\/wp\/v2\/comments?post=45945"}],"wp:featuredmedia":[{"embeddable":true,"href":"https:\/\/mps.digital-monkey.in\/de\/wp-json\/wp\/v2\/media\/45946"}],"wp:attachment":[{"href":"https:\/\/mps.digital-monkey.in\/de\/wp-json\/wp\/v2\/media?parent=45945"}],"wp:term":[{"taxonomy":"product_brand","embeddable":true,"href":"https:\/\/mps.digital-monkey.in\/de\/wp-json\/wp\/v2\/product_brand?post=45945"},{"taxonomy":"product_cat","embeddable":true,"href":"https:\/\/mps.digital-monkey.in\/de\/wp-json\/wp\/v2\/product_cat?post=45945"},{"taxonomy":"product_tag","embeddable":true,"href":"https:\/\/mps.digital-monkey.in\/de\/wp-json\/wp\/v2\/product_tag?post=45945"}],"curies":[{"name":"wp","href":"https:\/\/api.w.org\/{rel}","templated":true}]}}