{"id":45956,"date":"2026-01-12T10:47:42","date_gmt":"2026-01-12T10:47:42","guid":{"rendered":"https:\/\/mps.digital-monkey.in\/product\/wellendichtring-volvo-penta-40005775\/"},"modified":"2026-01-12T10:49:48","modified_gmt":"2026-01-12T10:49:48","slug":"wellendichtring-volvo-penta-40005775","status":"publish","type":"product","link":"https:\/\/mps.digital-monkey.in\/de\/produkt\/wellendichtring-volvo-penta-40005775\/","title":{"rendered":"Wellendichtring Volvo Penta 40005775"},"content":{"rendered":"<p data-start=\"561\" data-end=\"903\">Der <strong data-start=\"565\" data-end=\"641\">hintere Kurbelwellendichtring f\u00fcr Volvo Penta-Motoren der Jahrg\u00e4nge 2001, 2002, 2003 und 2003T<\/strong> sorgt f\u00fcr eine wirksame Abdichtung im hinteren Bereich der Kurbelwelle, verhindert das Austreten von \u00d6l und sch\u00fctzt den Motor vor Verunreinigungen. Dieser Wellendichtring spielt eine entscheidende Rolle bei der Aufrechterhaltung des korrekten Schmierstoffniveaus und der langfristigen Zuverl\u00e4ssigkeit des Motors. <\/p>\n<p data-start=\"905\" data-end=\"1216\">Diese hintere Kurbelwellendichtung wird aus langlebigen, \u00f6lbest\u00e4ndigen Materialien hergestellt und ist f\u00fcr eine exakte Passgenauigkeit ausgelegt. Sie ist f\u00fcr den Betrieb von Schiffsdieselmotoren geeignet. Sie ist ideal f\u00fcr den Einsatz bei der Motor\u00fcberholung, dem Ausbau der Kupplung oder des Getriebes oder der vorbeugenden Wartung von Volvo Penta Motoren der 2000er Serie. <\/p>\n<h2 data-start=\"1223\" data-end=\"1240\">Produkttyp<\/h2>\n<p data-start=\"1241\" data-end=\"1267\">Hinterer Wellendichtring der Kurbelwelle<\/p>\n<h2 data-start=\"1274\" data-end=\"1292\">Kompatibilit\u00e4t<\/h2>\n<p data-start=\"1293\" data-end=\"1369\">Volvo Penta 2001<br data-start=\"1309\" data-end=\"1312\">Volvo Penta 2002<br data-start=\"1328\" data-end=\"1331\">Volvo Penta 2003<br data-start=\"1347\" data-end=\"1350\">Volvo Penta 2003T<\/p>\n<h2 data-start=\"1997\" data-end=\"2014\"><\/h2>\n","protected":false},"excerpt":{"rendered":"<p>Der hintere Kurbelwellendichtring f\u00fcr Volvo Penta-Motoren der Jahrg\u00e4nge 2001, 2002, 2003 und 2003T sorgt f\u00fcr eine wirksame Abdichtung im hinteren Bereich der Kurbelwelle, verhindert das Austreten von \u00d6l und sch\u00fctzt den Motor vor Verunreinigungen. Dieser Wellendichtring spielt eine entscheidende Rolle bei der Aufrechterhaltung des korrekten Schmierstoffniveaus und der langfristigen Zuverl\u00e4ssigkeit des Motors. Diese hintere Kurbelwellendichtung [&hellip;]<\/p>\n","protected":false},"featured_media":45957,"comment_status":"open","ping_status":"closed","template":"","meta":[],"product_brand":[4230],"product_cat":[4488,2498,3037,3038,4308,4467,4470,4473,4476,4466],"product_tag":[],"class_list":{"0":"post-45956","1":"product","2":"type-product","3":"status-publish","4":"has-post-thumbnail","6":"product_brand-volvo-penta","7":"product_cat-brauchen-sie-volvo-penta-teile","8":"product_cat-ersatzteile-fur-motoren","9":"product_cat-kits-fur-wartung-und-reparatur","10":"product_cat-motor-dichtungen","11":"product_cat-volvo-penta","12":"product_cat-volvo-penta-2001-teile","13":"product_cat-volvo-penta-2002-teile","14":"product_cat-volvo-penta-2003-teile","15":"product_cat-volvo-penta-2003t-teile","16":"product_cat-volvo-penta-serie-2000","17":"pa_condition-neu","18":"pa_model-3088","19":"pa_model-3089","20":"pa_model-3090","21":"pa_model-2003t","22":"pa_model-2003tb","23":"pa_oem-or-aftermarket-aftermarket","25":"first","26":"instock","27":"taxable","28":"shipping-taxable","29":"purchasable","30":"product-type-simple"},"supplier_id":null,"supplier_sku":"LWD091023SEAL Bearing. 80x100x10","barcode":null,"atum_controlled":true,"out_stock_date":null,"out_stock_threshold":null,"inheritable":false,"inbound_stock":0,"stock_on_hold":1,"sold_today":1,"sales_last_days":1,"reserved_stock":0,"customer_returns":0,"warehouse_damage":0,"lost_in_post":0,"other_logs":0,"out_stock_days":0,"lost_sales":0,"has_location":false,"update_date":"2026-03-08T16:48:19","atum_locations":[],"atum_stock_status":"instock","restock_status":true,"low_stock_amount":1,"sales_update_date":"2026-03-08T16:48:19","calc_backorders":0,"_links":{"self":[{"href":"https:\/\/mps.digital-monkey.in\/de\/wp-json\/wp\/v2\/product\/45956","targetHints":{"allow":["GET"]}}],"collection":[{"href":"https:\/\/mps.digital-monkey.in\/de\/wp-json\/wp\/v2\/product"}],"about":[{"href":"https:\/\/mps.digital-monkey.in\/de\/wp-json\/wp\/v2\/types\/product"}],"replies":[{"embeddable":true,"href":"https:\/\/mps.digital-monkey.in\/de\/wp-json\/wp\/v2\/comments?post=45956"}],"wp:featuredmedia":[{"embeddable":true,"href":"https:\/\/mps.digital-monkey.in\/de\/wp-json\/wp\/v2\/media\/45957"}],"wp:attachment":[{"href":"https:\/\/mps.digital-monkey.in\/de\/wp-json\/wp\/v2\/media?parent=45956"}],"wp:term":[{"taxonomy":"product_brand","embeddable":true,"href":"https:\/\/mps.digital-monkey.in\/de\/wp-json\/wp\/v2\/product_brand?post=45956"},{"taxonomy":"product_cat","embeddable":true,"href":"https:\/\/mps.digital-monkey.in\/de\/wp-json\/wp\/v2\/product_cat?post=45956"},{"taxonomy":"product_tag","embeddable":true,"href":"https:\/\/mps.digital-monkey.in\/de\/wp-json\/wp\/v2\/product_tag?post=45956"}],"curies":[{"name":"wp","href":"https:\/\/api.w.org\/{rel}","templated":true}]}}