{"id":45970,"date":"2026-01-12T11:04:40","date_gmt":"2026-01-12T11:04:40","guid":{"rendered":"https:\/\/mps.digital-monkey.in\/product\/volvo-penta-ventildeckeldichtung-859042\/"},"modified":"2026-01-12T11:04:40","modified_gmt":"2026-01-12T11:04:40","slug":"volvo-penta-ventildeckeldichtung-859042","status":"publish","type":"product","link":"https:\/\/mps.digital-monkey.in\/de\/product\/volvo-penta-ventildeckeldichtung-859042\/","title":{"rendered":"Volvo Penta Ventildeckeldichtung 859042"},"content":{"rendered":"<p data-start=\"465\" data-end=\"759\">Die <strong data-start=\"469\" data-end=\"512\">Volvo Penta Ventildeckeldichtung (859042)<\/strong> wurde entwickelt, um eine sichere und zuverl\u00e4ssige Dichtung zwischen dem Ventildeckel und dem Zylinderkopf des <strong data-start=\"612\" data-end=\"632\">Volvo Penta 2001<\/strong> Schiffsdieselmotors zu gew\u00e4hrleisten. Diese Dichtung verhindert \u00d6lleckagen und sch\u00fctzt den Ventiltrieb vor Schmutz, Feuchtigkeit und Verunreinigungen. <\/p>\n<p data-start=\"761\" data-end=\"1068\">Diese nach pr\u00e4zisen Spezifikationen gefertigte Dichtung gew\u00e4hrleistet einen korrekten Sitz und eine gleichbleibende Dichtungsleistung unter maritimen Betriebsbedingungen. Sie ist ideal f\u00fcr die Verwendung bei der routinem\u00e4\u00dfigen Wartung, der Einstellung des Ventilspiels oder der \u00dcberholung des Motors und tr\u00e4gt dazu bei, die Sauberkeit und langfristige Zuverl\u00e4ssigkeit des Motors zu erhalten. <\/p>\n<h2 data-start=\"1075\" data-end=\"1092\">Produkttyp<\/h2>\n<p data-start=\"1093\" data-end=\"1135\">Ventildeckeldichtung \/ Kipphebeldeckeldichtung<\/p>\n<h2 data-start=\"1142\" data-end=\"1158\">Teilenummer<\/h2>\n<p data-start=\"1159\" data-end=\"1167\">859042<\/p>\n<h2 data-start=\"1174\" data-end=\"1192\">Kompatibilit\u00e4t<\/h2>\n<p data-start=\"1193\" data-end=\"1211\">Volvo Penta 2001<\/p>\n","protected":false},"excerpt":{"rendered":"<p>Die Volvo Penta Ventildeckeldichtung (859042) wurde entwickelt, um eine sichere und zuverl\u00e4ssige Dichtung zwischen dem Ventildeckel und dem Zylinderkopf des Volvo Penta 2001 Schiffsdieselmotors zu gew\u00e4hrleisten. Diese Dichtung verhindert \u00d6lleckagen und sch\u00fctzt den Ventiltrieb vor Schmutz, Feuchtigkeit und Verunreinigungen. Diese nach pr\u00e4zisen Spezifikationen gefertigte Dichtung gew\u00e4hrleistet einen korrekten Sitz und eine gleichbleibende Dichtungsleistung unter maritimen [&hellip;]<\/p>\n","protected":false},"featured_media":45971,"comment_status":"open","ping_status":"closed","template":"","meta":[],"product_brand":[4230],"product_cat":[4488,3037,3038,4308,4467,4466],"product_tag":[],"class_list":{"0":"post-45970","1":"product","2":"type-product","3":"status-publish","4":"has-post-thumbnail","6":"product_brand-volvo-penta","7":"product_cat-brauchen-sie-volvo-penta-teile","8":"product_cat-kits-fur-wartung-und-reparatur","9":"product_cat-motor-dichtungen","10":"product_cat-volvo-penta","11":"product_cat-volvo-penta-2001-teile","12":"product_cat-volvo-penta-serie-2000","13":"pa_condition-neu","14":"pa_model-3088","15":"pa_oem-or-aftermarket-aftermarket","17":"first","18":"instock","19":"taxable","20":"shipping-taxable","21":"purchasable","22":"product-type-simple"},"supplier_id":7294,"supplier_sku":"REC859042","barcode":null,"atum_controlled":true,"out_stock_date":null,"out_stock_threshold":null,"inheritable":false,"inbound_stock":0,"stock_on_hold":0,"sold_today":0,"sales_last_days":0,"reserved_stock":0,"customer_returns":0,"warehouse_damage":0,"lost_in_post":0,"other_logs":0,"out_stock_days":0,"lost_sales":0,"has_location":false,"update_date":"2026-01-29T09:10:11","atum_locations":[],"atum_stock_status":"instock","restock_status":false,"low_stock_amount":1,"sales_update_date":"2026-01-29T09:10:11","calc_backorders":null,"_links":{"self":[{"href":"https:\/\/mps.digital-monkey.in\/de\/wp-json\/wp\/v2\/product\/45970","targetHints":{"allow":["GET"]}}],"collection":[{"href":"https:\/\/mps.digital-monkey.in\/de\/wp-json\/wp\/v2\/product"}],"about":[{"href":"https:\/\/mps.digital-monkey.in\/de\/wp-json\/wp\/v2\/types\/product"}],"replies":[{"embeddable":true,"href":"https:\/\/mps.digital-monkey.in\/de\/wp-json\/wp\/v2\/comments?post=45970"}],"wp:featuredmedia":[{"embeddable":true,"href":"https:\/\/mps.digital-monkey.in\/de\/wp-json\/wp\/v2\/media\/45971"}],"wp:attachment":[{"href":"https:\/\/mps.digital-monkey.in\/de\/wp-json\/wp\/v2\/media?parent=45970"}],"wp:term":[{"taxonomy":"product_brand","embeddable":true,"href":"https:\/\/mps.digital-monkey.in\/de\/wp-json\/wp\/v2\/product_brand?post=45970"},{"taxonomy":"product_cat","embeddable":true,"href":"https:\/\/mps.digital-monkey.in\/de\/wp-json\/wp\/v2\/product_cat?post=45970"},{"taxonomy":"product_tag","embeddable":true,"href":"https:\/\/mps.digital-monkey.in\/de\/wp-json\/wp\/v2\/product_tag?post=45970"}],"curies":[{"name":"wp","href":"https:\/\/api.w.org\/{rel}","templated":true}]}}