{"id":45982,"date":"2026-01-12T11:13:46","date_gmt":"2026-01-12T11:13:46","guid":{"rendered":"https:\/\/mps.digital-monkey.in\/product\/volvo-penta-ventildeckeldichtung-md1-md2-md3-md11-md17-859120\/"},"modified":"2026-01-12T11:13:46","modified_gmt":"2026-01-12T11:13:46","slug":"volvo-penta-ventildeckeldichtung-md1-md2-md3-md11-md17-859120","status":"publish","type":"product","link":"https:\/\/mps.digital-monkey.in\/de\/product\/volvo-penta-ventildeckeldichtung-md1-md2-md3-md11-md17-859120\/","title":{"rendered":"Volvo Penta Ventildeckeldichtung | MD1, MD2, MD3, MD11, MD17 | 859120"},"content":{"rendered":"<p data-start=\"491\" data-end=\"819\">Die <strong data-start=\"495\" data-end=\"538\">Volvo Penta Ventildeckeldichtung (859120)<\/strong> wurde entwickelt, um eine sichere, \u00f6ldichte Abdichtung zwischen dem Ventildeckel und dem Zylinderkopf von klassischen <strong data-start=\"649\" data-end=\"696\">Volvo Penta Dieselmotoren der MD-Serie<\/strong> zu gew\u00e4hrleisten. Diese Dichtung verhindert das Austreten von \u00d6l und sch\u00fctzt gleichzeitig die internen Komponenten des Ventiltriebs vor Schmutz, Feuchtigkeit und Verunreinigung. <\/p>\n<p data-start=\"821\" data-end=\"1088\">Die nach pr\u00e4zisen Spezifikationen gefertigte Dichtung gew\u00e4hrleistet einen korrekten Sitz und eine zuverl\u00e4ssige Dichtungsleistung unter maritimen Betriebsbedingungen. Sie ist ideal f\u00fcr die routinem\u00e4\u00dfige Wartung, die Einstellung des Ventilspiels oder die \u00dcberholung \u00e4lterer Volvo Penta MD-Motoren. <\/p>\n<h2 data-start=\"1095\" data-end=\"1112\">Produkttyp<\/h2>\n<p data-start=\"1113\" data-end=\"1155\">Ventildeckeldichtung \/ Kipphebeldeckeldichtung<\/p>\n<h2 data-start=\"1162\" data-end=\"1178\">Teilenummer<\/h2>\n<p data-start=\"1179\" data-end=\"1187\">859120<\/p>\n<h2 data-start=\"1194\" data-end=\"1212\">Kompatibilit\u00e4t<\/h2>\n<p data-start=\"1213\" data-end=\"1304\">Volvo Penta MD1<br data-start=\"1228\" data-end=\"1231\">Volvo Penta MD2<br data-start=\"1246\" data-end=\"1249\">Volvo Penta MD3<br data-start=\"1264\" data-end=\"1267\">Volvo Penta MD11<br data-start=\"1283\" data-end=\"1286\">Volvo Penta MD17<\/p>\n","protected":false},"excerpt":{"rendered":"<p>Die Volvo Penta Ventildeckeldichtung (859120) wurde entwickelt, um eine sichere, \u00f6ldichte Abdichtung zwischen dem Ventildeckel und dem Zylinderkopf von klassischen Volvo Penta Dieselmotoren der MD-Serie zu gew\u00e4hrleisten. Diese Dichtung verhindert das Austreten von \u00d6l und sch\u00fctzt gleichzeitig die internen Komponenten des Ventiltriebs vor Schmutz, Feuchtigkeit und Verunreinigung. Die nach pr\u00e4zisen Spezifikationen gefertigte Dichtung gew\u00e4hrleistet einen [&hellip;]<\/p>\n","protected":false},"featured_media":45983,"comment_status":"open","ping_status":"closed","template":"","meta":[],"product_brand":[4230],"product_cat":[4488,2498,3037,3038,4308,4309,4348,4366,4369,4350,4353],"product_tag":[],"class_list":{"0":"post-45982","1":"product","2":"type-product","3":"status-publish","4":"has-post-thumbnail","6":"product_brand-volvo-penta","7":"product_cat-brauchen-sie-volvo-penta-teile","8":"product_cat-ersatzteile-fur-motoren","9":"product_cat-kits-fur-wartung-und-reparatur","10":"product_cat-motor-dichtungen","11":"product_cat-volvo-penta","12":"product_cat-volvo-penta-md-serie","13":"product_cat-volvo-penta-md1","14":"product_cat-volvo-penta-md11","15":"product_cat-volvo-penta-md17","16":"product_cat-volvo-penta-md2","17":"product_cat-volvo-penta-md3","18":"pa_condition-neu","19":"pa_model-md1","20":"pa_model-md11","21":"pa_model-md11c","22":"pa_model-md11d","23":"pa_model-md17","24":"pa_model-md17c","25":"pa_model-md17d","26":"pa_model-md2","27":"pa_model-md2b","28":"pa_model-md3","29":"pa_oem-or-aftermarket-aftermarket","31":"first","32":"instock","33":"sale","34":"taxable","35":"shipping-taxable","36":"purchasable","37":"product-type-simple"},"supplier_id":7294,"supplier_sku":"REC859120","barcode":null,"atum_controlled":true,"out_stock_date":null,"out_stock_threshold":null,"inheritable":false,"inbound_stock":0,"stock_on_hold":0,"sold_today":0,"sales_last_days":0,"reserved_stock":0,"customer_returns":0,"warehouse_damage":0,"lost_in_post":0,"other_logs":0,"out_stock_days":0,"lost_sales":0,"has_location":false,"update_date":"2026-01-29T09:10:02","atum_locations":[],"atum_stock_status":"instock","restock_status":false,"low_stock_amount":1,"sales_update_date":"2026-01-29T09:10:02","calc_backorders":null,"_links":{"self":[{"href":"https:\/\/mps.digital-monkey.in\/de\/wp-json\/wp\/v2\/product\/45982","targetHints":{"allow":["GET"]}}],"collection":[{"href":"https:\/\/mps.digital-monkey.in\/de\/wp-json\/wp\/v2\/product"}],"about":[{"href":"https:\/\/mps.digital-monkey.in\/de\/wp-json\/wp\/v2\/types\/product"}],"replies":[{"embeddable":true,"href":"https:\/\/mps.digital-monkey.in\/de\/wp-json\/wp\/v2\/comments?post=45982"}],"wp:featuredmedia":[{"embeddable":true,"href":"https:\/\/mps.digital-monkey.in\/de\/wp-json\/wp\/v2\/media\/45983"}],"wp:attachment":[{"href":"https:\/\/mps.digital-monkey.in\/de\/wp-json\/wp\/v2\/media?parent=45982"}],"wp:term":[{"taxonomy":"product_brand","embeddable":true,"href":"https:\/\/mps.digital-monkey.in\/de\/wp-json\/wp\/v2\/product_brand?post=45982"},{"taxonomy":"product_cat","embeddable":true,"href":"https:\/\/mps.digital-monkey.in\/de\/wp-json\/wp\/v2\/product_cat?post=45982"},{"taxonomy":"product_tag","embeddable":true,"href":"https:\/\/mps.digital-monkey.in\/de\/wp-json\/wp\/v2\/product_tag?post=45982"}],"curies":[{"name":"wp","href":"https:\/\/api.w.org\/{rel}","templated":true}]}}