{"id":45992,"date":"2026-01-12T11:23:13","date_gmt":"2026-01-12T11:23:13","guid":{"rendered":"https:\/\/mps.digital-monkey.in\/product\/yanmar-2gmf-2gm20f-waermetauscher-dichtungen-und-dichtungssatz\/"},"modified":"2026-03-01T12:01:34","modified_gmt":"2026-03-01T12:01:34","slug":"yanmar-2gmf-2gm20f-waermetauscher-dichtungen-und-dichtungssatz","status":"publish","type":"product","link":"https:\/\/mps.digital-monkey.in\/de\/produkt\/yanmar-2gmf-2gm20f-waermetauscher-dichtungen-und-dichtungssatz\/","title":{"rendered":"Yanmar 2GMF &amp; 2GM20F W\u00e4rmetauscher Dichtungen und Dichtungssatz"},"content":{"rendered":"<p>Hochwertiger<strong> Yanmar 2GMF &amp; 2GM20F<\/strong> W\u00e4rmetauscher Dichtungssatz, enth\u00e4lt:<\/p>\n<ul>\n<li>x1 Dichtung der W\u00e4rmetauscherkappe<\/li>\n<li>x1 Dichtung f\u00fcr den Tauscherboden<\/li>\n<li>x1 Auspuffkr\u00fcmmer Dichtung<\/li>\n<li>x2 Tubestack &#8218;O&#8216; Dichtung<\/li>\n<li>x2 Tubestack-Dichtung<\/li>\n<\/ul>\n","protected":false},"excerpt":{"rendered":"<p>Hochwertiger Yanmar 2GMF &amp; 2GM20F W\u00e4rmetauscher Dichtungssatz, enth\u00e4lt: x1 Dichtung der W\u00e4rmetauscherkappe x1 Dichtung f\u00fcr den Tauscherboden x1 Auspuffkr\u00fcmmer Dichtung x2 Tubestack &#8218;O&#8216; Dichtung x2 Tubestack-Dichtung<\/p>\n","protected":false},"featured_media":45993,"comment_status":"open","ping_status":"closed","template":"","meta":[],"product_brand":[4236],"product_cat":[4442,2498,3037,3038,4441],"product_tag":[],"class_list":{"0":"post-45992","1":"product","2":"type-product","3":"status-publish","4":"has-post-thumbnail","6":"product_brand-yanmar","7":"product_cat-2gm-2gm20-teile","8":"product_cat-ersatzteile-fur-motoren","9":"product_cat-kits-fur-wartung-und-reparatur","10":"product_cat-motor-dichtungen","11":"product_cat-yanmar","12":"pa_condition-neu","13":"pa_model-2gm20f","14":"pa_model-2gmf","15":"pa_oem-or-aftermarket-aftermarket","17":"first","18":"instock","19":"taxable","20":"shipping-taxable","21":"purchasable","22":"product-type-simple"},"supplier_id":7294,"supplier_sku":"REC2GMWC","barcode":null,"atum_controlled":true,"out_stock_date":null,"out_stock_threshold":null,"inheritable":false,"inbound_stock":0,"stock_on_hold":1,"sold_today":0,"sales_last_days":1,"reserved_stock":0,"customer_returns":0,"warehouse_damage":0,"lost_in_post":0,"other_logs":0,"out_stock_days":0,"lost_sales":0,"has_location":false,"update_date":"2026-03-10T15:08:24","atum_locations":[],"atum_stock_status":"instock","restock_status":false,"low_stock_amount":0,"sales_update_date":null,"calc_backorders":0,"_links":{"self":[{"href":"https:\/\/mps.digital-monkey.in\/de\/wp-json\/wp\/v2\/product\/45992","targetHints":{"allow":["GET"]}}],"collection":[{"href":"https:\/\/mps.digital-monkey.in\/de\/wp-json\/wp\/v2\/product"}],"about":[{"href":"https:\/\/mps.digital-monkey.in\/de\/wp-json\/wp\/v2\/types\/product"}],"replies":[{"embeddable":true,"href":"https:\/\/mps.digital-monkey.in\/de\/wp-json\/wp\/v2\/comments?post=45992"}],"wp:featuredmedia":[{"embeddable":true,"href":"https:\/\/mps.digital-monkey.in\/de\/wp-json\/wp\/v2\/media\/45993"}],"wp:attachment":[{"href":"https:\/\/mps.digital-monkey.in\/de\/wp-json\/wp\/v2\/media?parent=45992"}],"wp:term":[{"taxonomy":"product_brand","embeddable":true,"href":"https:\/\/mps.digital-monkey.in\/de\/wp-json\/wp\/v2\/product_brand?post=45992"},{"taxonomy":"product_cat","embeddable":true,"href":"https:\/\/mps.digital-monkey.in\/de\/wp-json\/wp\/v2\/product_cat?post=45992"},{"taxonomy":"product_tag","embeddable":true,"href":"https:\/\/mps.digital-monkey.in\/de\/wp-json\/wp\/v2\/product_tag?post=45992"}],"curies":[{"name":"wp","href":"https:\/\/api.w.org\/{rel}","templated":true}]}}