{"id":46013,"date":"2026-01-12T15:53:56","date_gmt":"2026-01-12T15:53:56","guid":{"rendered":"https:\/\/mps.digital-monkey.in\/product\/volvo-penta-ventildeckeldichtung-1542287\/"},"modified":"2026-01-12T15:53:56","modified_gmt":"2026-01-12T15:53:56","slug":"volvo-penta-ventildeckeldichtung-1542287","status":"publish","type":"product","link":"https:\/\/mps.digital-monkey.in\/de\/product\/volvo-penta-ventildeckeldichtung-1542287\/","title":{"rendered":"Volvo Penta Ventildeckeldichtung 1542287"},"content":{"rendered":"<p data-start=\"515\" data-end=\"839\">Die <strong data-start=\"519\" data-end=\"563\">Volvo Penta Ventildeckeldichtung (1542287)<\/strong> wurde entwickelt, um eine sichere und \u00f6ldichte Abdichtung zwischen dem Ventildeckel (Kipphebel) und dem Zylinderkopf bei einer Vielzahl von <strong data-start=\"689\" data-end=\"736\">Volvo Penta 40er-Serie Schiffsdieselmotoren<\/strong> zu gew\u00e4hrleisten. Diese Dichtung verhindert den Austritt von \u00d6l und sch\u00fctzt gleichzeitig die internen Komponenten des Ventiltriebs vor Verunreinigungen. <\/p>\n<p data-start=\"841\" data-end=\"1118\">Die nach pr\u00e4zisen Spezifikationen gefertigte Dichtung gew\u00e4hrleistet einen korrekten Sitz und eine gleichbleibende Dichtungsleistung unter anspruchsvollen maritimen Betriebsbedingungen. Sie ist ideal f\u00fcr die routinem\u00e4\u00dfige Wartung, die Einstellung des Ventilspiels oder die \u00dcberholung von Volvo Penta-Motoren der 40er-Serie. <\/p>\n<h2 data-start=\"1125\" data-end=\"1142\">Produkttyp<\/h2>\n<p data-start=\"1143\" data-end=\"1187\">Ventildeckeldichtung<\/p>\n<h2 data-start=\"1194\" data-end=\"1210\">Teilenummer<\/h2>\n<p data-start=\"1211\" data-end=\"1220\">1542287<\/p>\n<h2 data-start=\"1227\" data-end=\"1245\">Kompatibilit\u00e4t<\/h2>\n<p data-start=\"1246\" data-end=\"1282\">Passend f\u00fcr alle anderen Motore:<\/p>\n<ul data-start=\"1283\" data-end=\"1554\">\n<li data-start=\"1283\" data-end=\"1308\">\n<p data-start=\"1285\" data-end=\"1308\">Volvo Penta <strong data-start=\"1297\" data-end=\"1306\">AD40B<\/strong><\/p>\n<\/li>\n<li data-start=\"1309\" data-end=\"1336\">\n<p data-start=\"1311\" data-end=\"1336\">Volvo Penta <strong data-start=\"1323\" data-end=\"1334\">AQAD40A<\/strong><\/p>\n<\/li>\n<li data-start=\"1337\" data-end=\"1364\">\n<p data-start=\"1339\" data-end=\"1364\">Volvo Penta <strong data-start=\"1351\" data-end=\"1362\">AQAD40B<\/strong><\/p>\n<\/li>\n<li data-start=\"1365\" data-end=\"1391\">\n<p data-start=\"1367\" data-end=\"1391\">Volvo Penta <strong data-start=\"1379\" data-end=\"1389\">AQD40A<\/strong><\/p>\n<\/li>\n<li data-start=\"1392\" data-end=\"1417\">\n<p data-start=\"1394\" data-end=\"1417\">Volvo Penta <strong data-start=\"1406\" data-end=\"1415\">MD40A<\/strong><\/p>\n<\/li>\n<li data-start=\"1418\" data-end=\"1445\">\n<p data-start=\"1420\" data-end=\"1445\">Volvo Penta <strong data-start=\"1432\" data-end=\"1443\">TAMD40A<\/strong><\/p>\n<\/li>\n<li data-start=\"1446\" data-end=\"1473\">\n<p data-start=\"1448\" data-end=\"1473\">Volvo Penta <strong data-start=\"1460\" data-end=\"1471\">TAMD40B<\/strong><\/p>\n<\/li>\n<li data-start=\"1474\" data-end=\"1500\">\n<p data-start=\"1476\" data-end=\"1500\">Volvo Penta <strong data-start=\"1488\" data-end=\"1498\">TMD40A<\/strong><\/p>\n<\/li>\n<li data-start=\"1501\" data-end=\"1527\">\n<p data-start=\"1503\" data-end=\"1527\">Volvo Penta <strong data-start=\"1515\" data-end=\"1525\">TMD40B<\/strong><\/p>\n<\/li>\n<li data-start=\"1528\" data-end=\"1554\">\n<p data-start=\"1530\" data-end=\"1554\">Volvo Penta <strong data-start=\"1542\" data-end=\"1552\">TMD40C<\/strong><\/p>\n<\/li>\n<\/ul>\n<h2 data-start=\"1561\" data-end=\"1574\"><\/h2>\n","protected":false},"excerpt":{"rendered":"<p>Die Volvo Penta Ventildeckeldichtung (1542287) wurde entwickelt, um eine sichere und \u00f6ldichte Abdichtung zwischen dem Ventildeckel (Kipphebel) und dem Zylinderkopf bei einer Vielzahl von Volvo Penta 40er-Serie Schiffsdieselmotoren zu gew\u00e4hrleisten. Diese Dichtung verhindert den Austritt von \u00d6l und sch\u00fctzt gleichzeitig die internen Komponenten des Ventiltriebs vor Verunreinigungen. Die nach pr\u00e4zisen Spezifikationen gefertigte Dichtung gew\u00e4hrleistet einen [&hellip;]<\/p>\n","protected":false},"featured_media":46014,"comment_status":"open","ping_status":"closed","template":"","meta":[],"product_brand":[4230],"product_cat":[2498,3037,3038,4308],"product_tag":[],"class_list":{"0":"post-46013","1":"product","2":"type-product","3":"status-publish","4":"has-post-thumbnail","6":"product_brand-volvo-penta","7":"product_cat-ersatzteile-fur-motoren","8":"product_cat-kits-fur-wartung-und-reparatur","9":"product_cat-motor-dichtungen","10":"product_cat-volvo-penta","11":"pa_condition-neu","12":"pa_model-ad40","13":"pa_model-aqad40","14":"pa_model-aqd40","15":"pa_model-md40","16":"pa_model-tamd40","17":"pa_model-tmd40","18":"pa_oem-or-aftermarket-aftermarket","20":"first","21":"instock","22":"sale","23":"taxable","24":"shipping-taxable","25":"purchasable","26":"product-type-simple"},"supplier_id":7294,"supplier_sku":"REC1542287","barcode":null,"atum_controlled":true,"out_stock_date":null,"out_stock_threshold":null,"inheritable":false,"inbound_stock":0,"stock_on_hold":0,"sold_today":0,"sales_last_days":0,"reserved_stock":0,"customer_returns":0,"warehouse_damage":0,"lost_in_post":0,"other_logs":0,"out_stock_days":0,"lost_sales":0,"has_location":false,"update_date":"2026-01-29T09:11:06","atum_locations":[],"atum_stock_status":"instock","restock_status":false,"low_stock_amount":0,"sales_update_date":"2026-01-29T09:11:06","calc_backorders":null,"_links":{"self":[{"href":"https:\/\/mps.digital-monkey.in\/de\/wp-json\/wp\/v2\/product\/46013","targetHints":{"allow":["GET"]}}],"collection":[{"href":"https:\/\/mps.digital-monkey.in\/de\/wp-json\/wp\/v2\/product"}],"about":[{"href":"https:\/\/mps.digital-monkey.in\/de\/wp-json\/wp\/v2\/types\/product"}],"replies":[{"embeddable":true,"href":"https:\/\/mps.digital-monkey.in\/de\/wp-json\/wp\/v2\/comments?post=46013"}],"wp:featuredmedia":[{"embeddable":true,"href":"https:\/\/mps.digital-monkey.in\/de\/wp-json\/wp\/v2\/media\/46014"}],"wp:attachment":[{"href":"https:\/\/mps.digital-monkey.in\/de\/wp-json\/wp\/v2\/media?parent=46013"}],"wp:term":[{"taxonomy":"product_brand","embeddable":true,"href":"https:\/\/mps.digital-monkey.in\/de\/wp-json\/wp\/v2\/product_brand?post=46013"},{"taxonomy":"product_cat","embeddable":true,"href":"https:\/\/mps.digital-monkey.in\/de\/wp-json\/wp\/v2\/product_cat?post=46013"},{"taxonomy":"product_tag","embeddable":true,"href":"https:\/\/mps.digital-monkey.in\/de\/wp-json\/wp\/v2\/product_tag?post=46013"}],"curies":[{"name":"wp","href":"https:\/\/api.w.org\/{rel}","templated":true}]}}