{"id":46024,"date":"2026-01-12T16:04:00","date_gmt":"2026-01-12T16:04:00","guid":{"rendered":"https:\/\/mps.digital-monkey.in\/product\/volvo-penta-zylinderkopfdichtung-859134-838127\/"},"modified":"2026-01-12T16:05:47","modified_gmt":"2026-01-12T16:05:47","slug":"volvo-penta-zylinderkopfdichtung-859134-838127","status":"publish","type":"product","link":"https:\/\/mps.digital-monkey.in\/de\/produkt\/volvo-penta-zylinderkopfdichtung-859134-838127\/","title":{"rendered":"Volvo Penta Zylinderkopfdichtung - 859134 \/ 838127"},"content":{"rendered":"<p data-start=\"515\" data-end=\"853\">Die <strong data-start=\"519\" data-end=\"578\">Volvo Penta Zylinderkopfdichtung f\u00fcr Motoren der MD5-Serie<\/strong> wurde entwickelt, um eine zuverl\u00e4ssige Hochdruckdichtung zwischen dem Zylinderkopf und dem Motorblock zu gew\u00e4hrleisten. Diese Dichtung ist entscheidend f\u00fcr die Aufrechterhaltung der korrekten Kompression, die Vermeidung von \u00d6l- und K\u00fchlmittelleckagen und die Gew\u00e4hrleistung einer effizienten Verbrennung in <strong data-start=\"811\" data-end=\"852\">Volvo Penta MD5 Schiffsdieselmotoren<\/strong>.<\/p>\n<p data-start=\"855\" data-end=\"1170\">Diese Dichtung wird nach pr\u00e4zisen Spezifikationen aus hitze- und druckbest\u00e4ndigen Materialien hergestellt und eignet sich f\u00fcr anspruchsvolle Marineumgebungen. Sie ist ideal f\u00fcr die \u00dcberholung von Motoren, den Austausch von Zylinderk\u00f6pfen oder gr\u00f6\u00dfere Wartungsarbeiten. Diese Dichtung ist ein direkter Ersatz f\u00fcr die <strong data-start=\"1123\" data-end=\"1169\">Volvo Penta Teilenummern 859134 und 838127<\/strong>.  <\/p>\n<h2 data-start=\"1177\" data-end=\"1194\">Produkttyp<\/h2>\n<p data-start=\"1195\" data-end=\"1230\">Zylinderkopfdichtung \/ koppakking<\/p>\n<h2 data-start=\"1237\" data-end=\"1254\">Teilenummern<\/h2>\n<ul data-start=\"1255\" data-end=\"1284\">\n<li data-start=\"1255\" data-end=\"1269\">\n<p data-start=\"1257\" data-end=\"1269\"><strong data-start=\"1257\" data-end=\"1267\">859134<\/strong><\/p>\n<\/li>\n<li data-start=\"1270\" data-end=\"1284\">\n<p data-start=\"1272\" data-end=\"1284\"><strong data-start=\"1272\" data-end=\"1282\">838127<\/strong><\/p>\n<\/li>\n<\/ul>\n<h2 data-start=\"1291\" data-end=\"1309\">Kompatibilit\u00e4t<\/h2>\n<p data-start=\"1310\" data-end=\"1346\">Passend f\u00fcr alle anderen Motore:<\/p>\n<ul data-start=\"1347\" data-end=\"1445\">\n<li data-start=\"1347\" data-end=\"1370\">\n<p data-start=\"1349\" data-end=\"1370\">Volvo Penta <strong data-start=\"1361\" data-end=\"1368\">MD5<\/strong><\/p>\n<\/li>\n<li data-start=\"1371\" data-end=\"1395\">\n<p data-start=\"1373\" data-end=\"1395\">Volvo Penta <strong data-start=\"1385\" data-end=\"1393\">MD5A<\/strong><\/p>\n<\/li>\n<li data-start=\"1396\" data-end=\"1420\">\n<p data-start=\"1398\" data-end=\"1420\">Volvo Penta <strong data-start=\"1410\" data-end=\"1418\">MD5B<\/strong><\/p>\n<\/li>\n<li data-start=\"1421\" data-end=\"1445\">\n<p data-start=\"1423\" data-end=\"1445\">Volvo Penta <strong data-start=\"1435\" data-end=\"1443\">MD5C<\/strong><\/p>\n<\/li>\n<\/ul>\n","protected":false},"excerpt":{"rendered":"<p>Die Volvo Penta Zylinderkopfdichtung f\u00fcr Motoren der MD5-Serie wurde entwickelt, um eine zuverl\u00e4ssige Hochdruckdichtung zwischen dem Zylinderkopf und dem Motorblock zu gew\u00e4hrleisten. Diese Dichtung ist entscheidend f\u00fcr die Aufrechterhaltung der korrekten Kompression, die Vermeidung von \u00d6l- und K\u00fchlmittelleckagen und die Gew\u00e4hrleistung einer effizienten Verbrennung in Volvo Penta MD5 Schiffsdieselmotoren. Diese Dichtung wird nach pr\u00e4zisen Spezifikationen [&hellip;]<\/p>\n","protected":false},"featured_media":46025,"comment_status":"open","ping_status":"closed","template":"","meta":[],"product_brand":[4230],"product_cat":[2498,3037,3038,4309,4357],"product_tag":[],"class_list":{"0":"post-46024","1":"product","2":"type-product","3":"status-publish","4":"has-post-thumbnail","6":"product_brand-volvo-penta","7":"product_cat-ersatzteile-fur-motoren","8":"product_cat-kits-fur-wartung-und-reparatur","9":"product_cat-motor-dichtungen","10":"product_cat-volvo-penta-md-serie","11":"product_cat-volvo-penta-md5","12":"pa_condition-neu","13":"pa_model-md5","14":"pa_oem-or-aftermarket-aftermarket","16":"first","17":"instock","18":"taxable","19":"shipping-taxable","20":"purchasable","21":"product-type-simple"},"supplier_id":7294,"supplier_sku":"REC859134","barcode":null,"atum_controlled":true,"out_stock_date":null,"out_stock_threshold":null,"inheritable":false,"inbound_stock":0,"stock_on_hold":0,"sold_today":0,"sales_last_days":0,"reserved_stock":0,"customer_returns":0,"warehouse_damage":0,"lost_in_post":0,"other_logs":0,"out_stock_days":0,"lost_sales":0,"has_location":false,"update_date":"2026-01-29T09:11:06","atum_locations":[],"atum_stock_status":"instock","restock_status":false,"low_stock_amount":0,"sales_update_date":"2026-01-29T09:11:06","calc_backorders":null,"_links":{"self":[{"href":"https:\/\/mps.digital-monkey.in\/de\/wp-json\/wp\/v2\/product\/46024","targetHints":{"allow":["GET"]}}],"collection":[{"href":"https:\/\/mps.digital-monkey.in\/de\/wp-json\/wp\/v2\/product"}],"about":[{"href":"https:\/\/mps.digital-monkey.in\/de\/wp-json\/wp\/v2\/types\/product"}],"replies":[{"embeddable":true,"href":"https:\/\/mps.digital-monkey.in\/de\/wp-json\/wp\/v2\/comments?post=46024"}],"wp:featuredmedia":[{"embeddable":true,"href":"https:\/\/mps.digital-monkey.in\/de\/wp-json\/wp\/v2\/media\/46025"}],"wp:attachment":[{"href":"https:\/\/mps.digital-monkey.in\/de\/wp-json\/wp\/v2\/media?parent=46024"}],"wp:term":[{"taxonomy":"product_brand","embeddable":true,"href":"https:\/\/mps.digital-monkey.in\/de\/wp-json\/wp\/v2\/product_brand?post=46024"},{"taxonomy":"product_cat","embeddable":true,"href":"https:\/\/mps.digital-monkey.in\/de\/wp-json\/wp\/v2\/product_cat?post=46024"},{"taxonomy":"product_tag","embeddable":true,"href":"https:\/\/mps.digital-monkey.in\/de\/wp-json\/wp\/v2\/product_tag?post=46024"}],"curies":[{"name":"wp","href":"https:\/\/api.w.org\/{rel}","templated":true}]}}