{"id":46036,"date":"2026-01-13T12:52:28","date_gmt":"2026-01-13T12:52:28","guid":{"rendered":"https:\/\/mps.digital-monkey.in\/product\/yanmar-oelpumpen-dichtung-128170-32030-1gm-1gm10\/"},"modified":"2026-01-13T12:52:28","modified_gmt":"2026-01-13T12:52:28","slug":"yanmar-oelpumpen-dichtung-128170-32030-1gm-1gm10","status":"publish","type":"product","link":"https:\/\/mps.digital-monkey.in\/de\/product\/yanmar-oelpumpen-dichtung-128170-32030-1gm-1gm10\/","title":{"rendered":"Yanmar \u00d6lpumpen-Dichtung | 128170-32030 | 1GM \/ 1GM10"},"content":{"rendered":"<p data-start=\"483\" data-end=\"795\">Die <strong data-start=\"487\" data-end=\"528\">Yanmar \u00d6lpumpendichtung (128170-32030)<\/strong> wurde entwickelt, um eine zuverl\u00e4ssige, \u00f6ldichte Abdichtung zwischen der \u00d6lpumpe und dem Motorblock von <strong data-start=\"620\" data-end=\"666\">Yanmar 1GM und 1GM10 Schiffsdieselmotoren<\/strong> zu gew\u00e4hrleisten. Diese Dichtung spielt eine entscheidende Rolle bei der Aufrechterhaltung des korrekten \u00d6ldrucks und der Verhinderung von \u00d6lleckagen im Schmiersystem. <\/p>\n<h2 data-start=\"1106\" data-end=\"1123\">Produkttyp<\/h2>\n<p data-start=\"1124\" data-end=\"1151\">Dichtung der \u00d6lpumpe<\/p>\n<h2 data-start=\"1158\" data-end=\"1174\">Teilenummer<\/h2>\n<p data-start=\"1175\" data-end=\"1189\">128170-32030<\/p>\n<h2 data-start=\"1196\" data-end=\"1214\">Kompatibilit\u00e4t<\/h2>\n<p data-start=\"1215\" data-end=\"1251\">Passend f\u00fcr alle anderen Motore:<\/p>\n<ul data-start=\"1252\" data-end=\"1291\">\n<li data-start=\"1252\" data-end=\"1270\">\n<p data-start=\"1254\" data-end=\"1270\">Yanmar <strong data-start=\"1261\" data-end=\"1268\">1GM<\/strong><\/p>\n<\/li>\n<li data-start=\"1271\" data-end=\"1291\">\n<p data-start=\"1273\" data-end=\"1291\">Yanmar <strong data-start=\"1280\" data-end=\"1289\">1GM10<\/strong><\/p>\n<\/li>\n<\/ul>\n","protected":false},"excerpt":{"rendered":"<p>Die Yanmar \u00d6lpumpendichtung (128170-32030) wurde entwickelt, um eine zuverl\u00e4ssige, \u00f6ldichte Abdichtung zwischen der \u00d6lpumpe und dem Motorblock von Yanmar 1GM und 1GM10 Schiffsdieselmotoren zu gew\u00e4hrleisten. Diese Dichtung spielt eine entscheidende Rolle bei der Aufrechterhaltung des korrekten \u00d6ldrucks und der Verhinderung von \u00d6lleckagen im Schmiersystem. Produkttyp Dichtung der \u00d6lpumpe Teilenummer 128170-32030 Kompatibilit\u00e4t Passend f\u00fcr alle anderen [&hellip;]<\/p>\n","protected":false},"featured_media":46037,"comment_status":"open","ping_status":"closed","template":"","meta":[],"product_brand":[4236],"product_cat":[4452,2498,3037,3038,4441],"product_tag":[],"class_list":{"0":"post-46036","1":"product","2":"type-product","3":"status-publish","4":"has-post-thumbnail","6":"product_brand-yanmar","7":"product_cat-1gm-1gm10-teile","8":"product_cat-ersatzteile-fur-motoren","9":"product_cat-kits-fur-wartung-und-reparatur","10":"product_cat-motor-dichtungen","11":"product_cat-yanmar","12":"pa_condition-neu","13":"pa_model-1gm","14":"pa_model-1gm10","15":"pa_model-1gm10c","16":"pa_model-1gmc","17":"pa_model-1gml","18":"pa_oem-or-aftermarket-aftermarket","20":"first","21":"instock","22":"taxable","23":"shipping-taxable","24":"purchasable","25":"product-type-simple"},"supplier_id":7294,"supplier_sku":"REC128170-32030","barcode":null,"atum_controlled":true,"out_stock_date":null,"out_stock_threshold":null,"inheritable":false,"inbound_stock":0,"stock_on_hold":0,"sold_today":0,"sales_last_days":0,"reserved_stock":0,"customer_returns":0,"warehouse_damage":0,"lost_in_post":0,"other_logs":0,"out_stock_days":0,"lost_sales":0,"has_location":false,"update_date":"2026-01-29T09:09:19","atum_locations":[],"atum_stock_status":"instock","restock_status":false,"low_stock_amount":0,"sales_update_date":"2026-01-29T09:09:19","calc_backorders":null,"_links":{"self":[{"href":"https:\/\/mps.digital-monkey.in\/de\/wp-json\/wp\/v2\/product\/46036","targetHints":{"allow":["GET"]}}],"collection":[{"href":"https:\/\/mps.digital-monkey.in\/de\/wp-json\/wp\/v2\/product"}],"about":[{"href":"https:\/\/mps.digital-monkey.in\/de\/wp-json\/wp\/v2\/types\/product"}],"replies":[{"embeddable":true,"href":"https:\/\/mps.digital-monkey.in\/de\/wp-json\/wp\/v2\/comments?post=46036"}],"wp:featuredmedia":[{"embeddable":true,"href":"https:\/\/mps.digital-monkey.in\/de\/wp-json\/wp\/v2\/media\/46037"}],"wp:attachment":[{"href":"https:\/\/mps.digital-monkey.in\/de\/wp-json\/wp\/v2\/media?parent=46036"}],"wp:term":[{"taxonomy":"product_brand","embeddable":true,"href":"https:\/\/mps.digital-monkey.in\/de\/wp-json\/wp\/v2\/product_brand?post=46036"},{"taxonomy":"product_cat","embeddable":true,"href":"https:\/\/mps.digital-monkey.in\/de\/wp-json\/wp\/v2\/product_cat?post=46036"},{"taxonomy":"product_tag","embeddable":true,"href":"https:\/\/mps.digital-monkey.in\/de\/wp-json\/wp\/v2\/product_tag?post=46036"}],"curies":[{"name":"wp","href":"https:\/\/api.w.org\/{rel}","templated":true}]}}