{"id":46062,"date":"2026-01-13T13:29:56","date_gmt":"2026-01-13T13:29:56","guid":{"rendered":"https:\/\/mps.digital-monkey.in\/product\/yanmar-oelpumpen-dichtung-129120-35121-3jh3-serie\/"},"modified":"2026-01-13T13:29:56","modified_gmt":"2026-01-13T13:29:56","slug":"yanmar-oelpumpen-dichtung-129120-35121-3jh3-serie","status":"publish","type":"product","link":"https:\/\/mps.digital-monkey.in\/de\/produkt\/yanmar-oelpumpen-dichtung-129120-35121-3jh3-serie\/","title":{"rendered":"Yanmar \u00d6lpumpen-Dichtung | 129120-35121 | 3JH3 Serie"},"content":{"rendered":"<p data-start=\"475\" data-end=\"787\">Die <strong data-start=\"479\" data-end=\"520\">Yanmar \u00d6lpumpendichtung (129120-35121)<\/strong> wurde entwickelt, um eine sichere, \u00f6ldichte Abdichtung zwischen der \u00d6lpumpe und dem Motorblock von <strong data-start=\"610\" data-end=\"654\">Yanmar Dieselmotoren der 3JH3-Serie<\/strong> zu gew\u00e4hrleisten. Diese Dichtung spielt eine wichtige Rolle bei der Aufrechterhaltung des korrekten \u00d6ldrucks und der Verhinderung von \u00d6lleckagen innerhalb des Motorschmiersystems. <\/p>\n<p data-start=\"789\" data-end=\"1094\">Diese nach pr\u00e4zisen Spezifikationen aus \u00f6lbest\u00e4ndigem Dichtungsmaterial gefertigte \u00d6lpumpendichtung gew\u00e4hrleistet eine exakte Passgenauigkeit und zuverl\u00e4ssige Dichtungsleistung unter anspruchsvollen maritimen Betriebsbedingungen. Sie ist ideal f\u00fcr die Wartung der \u00d6lpumpe, die \u00dcberholung des Motors oder die vorbeugende Wartung von Yanmar 3JH3 Motoren. <\/p>\n<h2 data-start=\"1101\" data-end=\"1118\">Produkttyp<\/h2>\n<p data-start=\"1119\" data-end=\"1136\">Dichtung der \u00d6lpumpe<\/p>\n<h2 data-start=\"1143\" data-end=\"1159\">Teilenummer<\/h2>\n<p data-start=\"1160\" data-end=\"1174\">129120-35121<\/p>\n<h2 data-start=\"1181\" data-end=\"1199\">Kompatibilit\u00e4t<\/h2>\n<p data-start=\"1200\" data-end=\"1236\">Passend f\u00fcr alle anderen Motore:<\/p>\n<ul data-start=\"1237\" data-end=\"1304\">\n<li data-start=\"1237\" data-end=\"1256\">\n<p data-start=\"1239\" data-end=\"1256\">Yanmar <strong data-start=\"1246\" data-end=\"1254\">3JH3<\/strong><\/p>\n<\/li>\n<li data-start=\"1257\" data-end=\"1277\">\n<p data-start=\"1259\" data-end=\"1277\">Yanmar <strong data-start=\"1266\" data-end=\"1275\">3JH3E<\/strong><\/p>\n<\/li>\n<li data-start=\"1278\" data-end=\"1304\">\n<p data-start=\"1280\" data-end=\"1304\">Yanmar <strong data-start=\"1287\" data-end=\"1302\">3JH3-YEU<\/strong><\/p>\n<\/li>\n<\/ul>\n","protected":false},"excerpt":{"rendered":"<p>Die Yanmar \u00d6lpumpendichtung (129120-35121) wurde entwickelt, um eine sichere, \u00f6ldichte Abdichtung zwischen der \u00d6lpumpe und dem Motorblock von Yanmar Dieselmotoren der 3JH3-Serie zu gew\u00e4hrleisten. Diese Dichtung spielt eine wichtige Rolle bei der Aufrechterhaltung des korrekten \u00d6ldrucks und der Verhinderung von \u00d6lleckagen innerhalb des Motorschmiersystems. Diese nach pr\u00e4zisen Spezifikationen aus \u00f6lbest\u00e4ndigem Dichtungsmaterial gefertigte \u00d6lpumpendichtung gew\u00e4hrleistet eine [&hellip;]<\/p>\n","protected":false},"featured_media":46063,"comment_status":"open","ping_status":"closed","template":"","meta":[],"product_brand":[4230],"product_cat":[2498,3037,3038],"product_tag":[],"class_list":{"0":"post-46062","1":"product","2":"type-product","3":"status-publish","4":"has-post-thumbnail","6":"product_brand-volvo-penta","7":"product_cat-ersatzteile-fur-motoren","8":"product_cat-kits-fur-wartung-und-reparatur","9":"product_cat-motor-dichtungen","10":"pa_condition-neu","11":"pa_model-3jh3","12":"pa_model-3jh3-yeu","13":"pa_model-3jh3e","14":"pa_oem-or-aftermarket-aftermarket","16":"first","17":"instock","18":"taxable","19":"shipping-taxable","20":"purchasable","21":"product-type-simple"},"supplier_id":7294,"supplier_sku":"REC129120-35121","barcode":null,"atum_controlled":true,"out_stock_date":null,"out_stock_threshold":null,"inheritable":false,"inbound_stock":0,"stock_on_hold":0,"sold_today":0,"sales_last_days":0,"reserved_stock":0,"customer_returns":0,"warehouse_damage":0,"lost_in_post":0,"other_logs":0,"out_stock_days":0,"lost_sales":0,"has_location":false,"update_date":"2026-01-29T09:09:19","atum_locations":[],"atum_stock_status":"instock","restock_status":false,"low_stock_amount":0,"sales_update_date":"2026-01-29T09:09:19","calc_backorders":null,"_links":{"self":[{"href":"https:\/\/mps.digital-monkey.in\/de\/wp-json\/wp\/v2\/product\/46062","targetHints":{"allow":["GET"]}}],"collection":[{"href":"https:\/\/mps.digital-monkey.in\/de\/wp-json\/wp\/v2\/product"}],"about":[{"href":"https:\/\/mps.digital-monkey.in\/de\/wp-json\/wp\/v2\/types\/product"}],"replies":[{"embeddable":true,"href":"https:\/\/mps.digital-monkey.in\/de\/wp-json\/wp\/v2\/comments?post=46062"}],"wp:featuredmedia":[{"embeddable":true,"href":"https:\/\/mps.digital-monkey.in\/de\/wp-json\/wp\/v2\/media\/46063"}],"wp:attachment":[{"href":"https:\/\/mps.digital-monkey.in\/de\/wp-json\/wp\/v2\/media?parent=46062"}],"wp:term":[{"taxonomy":"product_brand","embeddable":true,"href":"https:\/\/mps.digital-monkey.in\/de\/wp-json\/wp\/v2\/product_brand?post=46062"},{"taxonomy":"product_cat","embeddable":true,"href":"https:\/\/mps.digital-monkey.in\/de\/wp-json\/wp\/v2\/product_cat?post=46062"},{"taxonomy":"product_tag","embeddable":true,"href":"https:\/\/mps.digital-monkey.in\/de\/wp-json\/wp\/v2\/product_tag?post=46062"}],"curies":[{"name":"wp","href":"https:\/\/api.w.org\/{rel}","templated":true}]}}