{"id":46090,"date":"2026-01-13T14:26:01","date_gmt":"2026-01-13T14:26:01","guid":{"rendered":"https:\/\/mps.digital-monkey.in\/product\/yanmar-thermostat-3jh-4jh-serie-129470-49801\/"},"modified":"2026-01-13T14:26:01","modified_gmt":"2026-01-13T14:26:01","slug":"yanmar-thermostat-3jh-4jh-serie-129470-49801","status":"publish","type":"product","link":"https:\/\/mps.digital-monkey.in\/de\/product\/yanmar-thermostat-3jh-4jh-serie-129470-49801\/","title":{"rendered":"Yanmar Thermostat | 3JH &amp; 4JH Serie | 129470-49801"},"content":{"rendered":"<p data-start=\"503\" data-end=\"816\">Der <strong data-start=\"507\" data-end=\"552\">Yanmar Thermostat \u00d876,5 mm (129470-49801)<\/strong> wurde entwickelt, um die Betriebstemperatur des Motors zu regulieren, indem er den K\u00fchlmitteldurchfluss in <strong data-start=\"637\" data-end=\"688\">Yanmar-Dieselmotoren der Serien 3JH und 4JH<\/strong> steuert. Der ordnungsgem\u00e4\u00dfe Betrieb des Thermostats ist entscheidend f\u00fcr eine effiziente Verbrennung, geringeren Motorverschlei\u00df und eine stabile Leistung des K\u00fchlsystems. <\/p>\n<p data-start=\"818\" data-end=\"1099\">Dieses Thermostat wird nach pr\u00e4zisen OEM-Spezifikationen hergestellt und gew\u00e4hrleistet eine genaue \u00d6ffnungstemperatur, einen zuverl\u00e4ssigen Betrieb und eine korrekte Passform. Es eignet sich f\u00fcr die routinem\u00e4\u00dfige Wartung, die Instandhaltung des K\u00fchlsystems oder den Austausch eines defekten Thermostats, um \u00dcberhitzung oder Unterk\u00fchlung zu verhindern. <\/p>\n<h2 data-start=\"1106\" data-end=\"1123\">Produkttyp<\/h2>\n<p data-start=\"1124\" data-end=\"1143\">Motor-Thermostat<\/p>\n<h2 data-start=\"1150\" data-end=\"1166\">Teilenummer<\/h2>\n<p data-start=\"1167\" data-end=\"1217\">129470-49801<br data-start=\"1179\" data-end=\"1182\">(ersetzt\/ersetzt 129470-4980)<\/p>\n<h2 data-start=\"1224\" data-end=\"1237\">Durchmesser<\/h2>\n<p data-start=\"1238\" data-end=\"1249\">\u00d8 76,5 mm<\/p>\n<h2 data-start=\"1256\" data-end=\"1274\">Kompatibilit\u00e4t<\/h2>\n<p data-start=\"236\" data-end=\"250\"><strong data-start=\"236\" data-end=\"250\">Serie 3JH<\/strong><\/p>\n<ul data-start=\"251\" data-end=\"401\">\n<li data-start=\"251\" data-end=\"267\">\n<p data-start=\"253\" data-end=\"267\">Yanmar 3JH25<\/p>\n<\/li>\n<li data-start=\"268\" data-end=\"284\">\n<p data-start=\"270\" data-end=\"284\">Yanmar 3JH30<\/p>\n<\/li>\n<li data-start=\"285\" data-end=\"305\">\n<p data-start=\"287\" data-end=\"305\">Yanmar 3JH2 (B)E<\/p>\n<\/li>\n<li data-start=\"306\" data-end=\"327\">\n<p data-start=\"308\" data-end=\"327\">Yanmar 3JH2 T(B)E<\/p>\n<\/li>\n<li data-start=\"328\" data-end=\"345\">\n<p data-start=\"330\" data-end=\"345\">Yanmar 3JH3 E<\/p>\n<\/li>\n<li data-start=\"346\" data-end=\"363\">\n<p data-start=\"348\" data-end=\"363\">Yanmar 3JH4 E<\/p>\n<\/li>\n<li data-start=\"364\" data-end=\"381\">\n<p data-start=\"366\" data-end=\"381\">Yanmar 3JH5 E<\/p>\n<\/li>\n<li data-start=\"382\" data-end=\"401\">\n<p data-start=\"384\" data-end=\"401\">Yanmar 3JH40-CR<\/p>\n<\/li>\n<\/ul>\n<p data-start=\"403\" data-end=\"417\"><strong data-start=\"403\" data-end=\"417\">Serie 4JH<\/strong><\/p>\n<ul data-start=\"418\" data-end=\"836\">\n<li data-start=\"418\" data-end=\"434\">\n<p data-start=\"420\" data-end=\"434\">Yanmar 4JH E<\/p>\n<\/li>\n<li data-start=\"435\" data-end=\"452\">\n<p data-start=\"437\" data-end=\"452\">Yanmar 4JH TE<\/p>\n<\/li>\n<li data-start=\"453\" data-end=\"471\">\n<p data-start=\"455\" data-end=\"471\">Yanmar 4JH HTE<\/p>\n<\/li>\n<li data-start=\"472\" data-end=\"490\">\n<p data-start=\"474\" data-end=\"490\">Yanmar 4JH DTE<\/p>\n<\/li>\n<li data-start=\"491\" data-end=\"511\">\n<p data-start=\"493\" data-end=\"511\">Yanmar 4JH2 (B)E<\/p>\n<\/li>\n<li data-start=\"512\" data-end=\"533\">\n<p data-start=\"514\" data-end=\"533\">Yanmar 4JH2 T(B)E<\/p>\n<\/li>\n<li data-start=\"534\" data-end=\"556\">\n<p data-start=\"536\" data-end=\"556\">Yanmar 4JH2 HT(B)E<\/p>\n<\/li>\n<li data-start=\"557\" data-end=\"579\">\n<p data-start=\"559\" data-end=\"579\">Yanmar 4JH2 DT(B)E<\/p>\n<\/li>\n<li data-start=\"580\" data-end=\"602\">\n<p data-start=\"582\" data-end=\"602\">Yanmar 4JH2 UT(B)E<\/p>\n<\/li>\n<li data-start=\"603\" data-end=\"622\">\n<p data-start=\"605\" data-end=\"622\">Yanmar 4JH3E EU<\/p>\n<\/li>\n<li data-start=\"623\" data-end=\"641\">\n<p data-start=\"625\" data-end=\"641\">Yanmar 4JH3 TE<\/p>\n<\/li>\n<li data-start=\"642\" data-end=\"661\">\n<p data-start=\"644\" data-end=\"661\">Yanmar 4JH3 HTE<\/p>\n<\/li>\n<li data-start=\"662\" data-end=\"681\">\n<p data-start=\"664\" data-end=\"681\">Yanmar 4JH3 DTE<\/p>\n<\/li>\n<li data-start=\"682\" data-end=\"699\">\n<p data-start=\"684\" data-end=\"699\">Yanmar 4JH4 E<\/p>\n<\/li>\n<li data-start=\"700\" data-end=\"718\">\n<p data-start=\"702\" data-end=\"718\">Yanmar 4JH4 AE<\/p>\n<\/li>\n<li data-start=\"719\" data-end=\"737\">\n<p data-start=\"721\" data-end=\"737\">Yanmar 4JH4 TE<\/p>\n<\/li>\n<li data-start=\"738\" data-end=\"757\">\n<p data-start=\"740\" data-end=\"757\">Yanmar 4JH4 HTE<\/p>\n<\/li>\n<li data-start=\"758\" data-end=\"775\">\n<p data-start=\"760\" data-end=\"775\">Yanmar 4JH5 E<\/p>\n<\/li>\n<li data-start=\"776\" data-end=\"795\">\n<p data-start=\"778\" data-end=\"795\">Yanmar 4JH45-CR<\/p>\n<\/li>\n<li data-start=\"796\" data-end=\"815\">\n<p data-start=\"798\" data-end=\"815\">Yanmar 4JH57-CR<\/p>\n<\/li>\n<li data-start=\"816\" data-end=\"836\">\n<p data-start=\"818\" data-end=\"836\">Yanmar 4JH110-CR<\/p>\n<\/li>\n<\/ul>\n<h2 data-start=\"1658\" data-end=\"1671\"><\/h2>\n","protected":false},"excerpt":{"rendered":"<p>Der Yanmar Thermostat \u00d876,5 mm (129470-49801) wurde entwickelt, um die Betriebstemperatur des Motors zu regulieren, indem er den K\u00fchlmitteldurchfluss in Yanmar-Dieselmotoren der Serien 3JH und 4JH steuert. Der ordnungsgem\u00e4\u00dfe Betrieb des Thermostats ist entscheidend f\u00fcr eine effiziente Verbrennung, geringeren Motorverschlei\u00df und eine stabile Leistung des K\u00fchlsystems. Dieses Thermostat wird nach pr\u00e4zisen OEM-Spezifikationen hergestellt und gew\u00e4hrleistet [&hellip;]<\/p>\n","protected":false},"featured_media":46091,"comment_status":"open","ping_status":"closed","template":"","meta":[],"product_brand":[4236],"product_cat":[2498,3294],"product_tag":[],"class_list":{"0":"post-46090","1":"product","2":"type-product","3":"status-publish","4":"has-post-thumbnail","6":"product_brand-yanmar","7":"product_cat-ersatzteile-fur-motoren","8":"product_cat-thermostate","9":"pa_condition-neu","10":"pa_model-3jh2","11":"pa_model-3jh25","12":"pa_model-3jh2be","13":"pa_model-3jh2e","14":"pa_model-3jh2tbe","15":"pa_model-3jh2te","16":"pa_model-3jh3","17":"pa_model-3jh30","18":"pa_model-3jh30a","19":"pa_model-3jh40","20":"pa_model-3jh4e","21":"pa_model-3jh5e","22":"pa_model-4jh","23":"pa_model-4jh-dte","24":"pa_model-4jh-e","25":"pa_model-4jh-hte","26":"pa_model-4jh-te","27":"pa_model-4jh2","28":"pa_model-4jh2be","29":"pa_model-4jh2dte","30":"pa_model-4jh2e","31":"pa_model-4jh2hte","32":"pa_model-4jh2tbe","33":"pa_model-4jh2te","34":"pa_model-4jh2utbe","35":"pa_model-4jh2ute","36":"pa_model-4jh3","37":"pa_model-4jh3-dte","38":"pa_model-4jh3-e","39":"pa_model-4jh3-hte","40":"pa_model-4jh3-te","41":"pa_model-4jh3dte","42":"pa_model-4jh3e","43":"pa_model-4jh3hte","44":"pa_model-4jh4","45":"pa_model-4jh4-ae","46":"pa_model-4jh4-e","47":"pa_model-4jh4-hte","48":"pa_model-4jh4-te","49":"pa_model-4jh45","50":"pa_model-4jh5-e","51":"pa_model-4jh57","52":"pa_oem-or-aftermarket-aftermarket","54":"first","55":"instock","56":"taxable","57":"shipping-taxable","58":"purchasable","59":"product-type-simple"},"supplier_id":7294,"supplier_sku":"REC129470-49801","barcode":null,"atum_controlled":true,"out_stock_date":null,"out_stock_threshold":null,"inheritable":false,"inbound_stock":0,"stock_on_hold":0,"sold_today":0,"sales_last_days":0,"reserved_stock":0,"customer_returns":0,"warehouse_damage":0,"lost_in_post":0,"other_logs":0,"out_stock_days":0,"lost_sales":0,"has_location":false,"update_date":"2026-01-29T09:10:57","atum_locations":[],"atum_stock_status":"instock","restock_status":false,"low_stock_amount":0,"sales_update_date":"2026-01-29T09:10:57","calc_backorders":null,"_links":{"self":[{"href":"https:\/\/mps.digital-monkey.in\/de\/wp-json\/wp\/v2\/product\/46090","targetHints":{"allow":["GET"]}}],"collection":[{"href":"https:\/\/mps.digital-monkey.in\/de\/wp-json\/wp\/v2\/product"}],"about":[{"href":"https:\/\/mps.digital-monkey.in\/de\/wp-json\/wp\/v2\/types\/product"}],"replies":[{"embeddable":true,"href":"https:\/\/mps.digital-monkey.in\/de\/wp-json\/wp\/v2\/comments?post=46090"}],"wp:featuredmedia":[{"embeddable":true,"href":"https:\/\/mps.digital-monkey.in\/de\/wp-json\/wp\/v2\/media\/46091"}],"wp:attachment":[{"href":"https:\/\/mps.digital-monkey.in\/de\/wp-json\/wp\/v2\/media?parent=46090"}],"wp:term":[{"taxonomy":"product_brand","embeddable":true,"href":"https:\/\/mps.digital-monkey.in\/de\/wp-json\/wp\/v2\/product_brand?post=46090"},{"taxonomy":"product_cat","embeddable":true,"href":"https:\/\/mps.digital-monkey.in\/de\/wp-json\/wp\/v2\/product_cat?post=46090"},{"taxonomy":"product_tag","embeddable":true,"href":"https:\/\/mps.digital-monkey.in\/de\/wp-json\/wp\/v2\/product_tag?post=46090"}],"curies":[{"name":"wp","href":"https:\/\/api.w.org\/{rel}","templated":true}]}}