{"id":46141,"date":"2026-01-14T08:21:32","date_gmt":"2026-01-14T08:21:32","guid":{"rendered":"https:\/\/mps.digital-monkey.in\/product\/volvo-penta-oelkuehler-dichtungssatz-md29-md32\/"},"modified":"2026-01-14T08:21:32","modified_gmt":"2026-01-14T08:21:32","slug":"volvo-penta-oelkuehler-dichtungssatz-md29-md32","status":"publish","type":"product","link":"https:\/\/mps.digital-monkey.in\/de\/produkt\/volvo-penta-oelkuehler-dichtungssatz-md29-md32\/","title":{"rendered":"Volvo Penta \u00d6lk\u00fchler Dichtungssatz MD29 \/ MD32"},"content":{"rendered":"<p data-start=\"483\" data-end=\"788\">Der <strong data-start=\"487\" data-end=\"524\">Volvo Penta \u00d6lk\u00fchler-Dichtsatz<\/strong> wurde entwickelt, um eine zuverl\u00e4ssige Abdichtung bei der Wartung oder \u00dcberholung des <strong data-start=\"599\" data-end=\"613\">\u00d6lk\u00fchlers<\/strong> ausgew\u00e4hlter Volvo Penta Schiffsdieselmotoren zu gew\u00e4hrleisten. Dieser Satz enth\u00e4lt die erforderlichen Dichtungen, um den Austritt von \u00d6l und K\u00fchlmittel zu verhindern und den korrekten Betrieb des \u00d6lk\u00fchlers zu gew\u00e4hrleisten. <\/p>\n<p data-start=\"790\" data-end=\"1123\">Die korrekte Abdichtung des \u00d6lk\u00fchlers ist entscheidend f\u00fcr die Aufrechterhaltung der korrekten \u00d6ltemperatur, die Vermeidung von Verunreinigungen zwischen \u00d6l und K\u00fchlmittel und die Gew\u00e4hrleistung der langfristigen Zuverl\u00e4ssigkeit des Motors. Dieser Dichtungssatz wird nach OEM-\u00e4quivalenten Spezifikationen hergestellt und bietet exakte Passgenauigkeit und zuverl\u00e4ssige Leistung in anspruchsvollen maritimen Umgebungen. <\/p>\n<h2 data-start=\"1130\" data-end=\"1147\">Produkttyp<\/h2>\n<p data-start=\"1148\" data-end=\"1171\">Dichtungssatz f\u00fcr \u00d6lk\u00fchler<\/p>\n<h2 data-start=\"1178\" data-end=\"1196\">Kompatibilit\u00e4t<\/h2>\n<p data-start=\"1197\" data-end=\"1232\">Passend f\u00fcr Volvo Penta-Motoren:<\/p>\n<ul data-start=\"1233\" data-end=\"1301\">\n<li data-start=\"1233\" data-end=\"1245\">\n<p data-start=\"1235\" data-end=\"1245\"><strong data-start=\"1235\" data-end=\"1243\">MD29<\/strong><\/p>\n<\/li>\n<li data-start=\"1246\" data-end=\"1259\">\n<p data-start=\"1248\" data-end=\"1259\"><strong data-start=\"1248\" data-end=\"1257\">MD29A<\/strong><\/p>\n<\/li>\n<li data-start=\"1260\" data-end=\"1273\">\n<p data-start=\"1262\" data-end=\"1273\"><strong data-start=\"1262\" data-end=\"1271\">MD32A<\/strong><\/p>\n<\/li>\n<li data-start=\"1274\" data-end=\"1288\">\n<p data-start=\"1276\" data-end=\"1288\"><strong data-start=\"1276\" data-end=\"1286\">AQD29<\/strong><\/p>\n<\/li>\n<li data-start=\"1289\" data-end=\"1301\">\n<p data-start=\"1291\" data-end=\"1301\"><strong data-start=\"1291\" data-end=\"1301\">AQD32A<\/strong><\/p>\n<\/li>\n<\/ul>\n<h2 data-start=\"1308\" data-end=\"1324\">Anwendung<\/h2>\n<ul data-start=\"1325\" data-end=\"1437\">\n<li data-start=\"1325\" data-end=\"1362\">\n<p data-start=\"1327\" data-end=\"1362\">Wartung und \u00dcberholung des \u00d6lk\u00fchlers<\/p>\n<\/li>\n<li data-start=\"1363\" data-end=\"1400\">\n<p data-start=\"1365\" data-end=\"1400\">Austausch der Dichtungen des \u00d6lk\u00fchlers<\/p>\n<\/li>\n<li data-start=\"1401\" data-end=\"1437\">\n<p data-start=\"1403\" data-end=\"1437\">Verhindert das Auslaufen von \u00d6l und K\u00fchlmittel<\/p>\n<\/li>\n<\/ul>\n","protected":false},"excerpt":{"rendered":"<p>Der Volvo Penta \u00d6lk\u00fchler-Dichtsatz wurde entwickelt, um eine zuverl\u00e4ssige Abdichtung bei der Wartung oder \u00dcberholung des \u00d6lk\u00fchlers ausgew\u00e4hlter Volvo Penta Schiffsdieselmotoren zu gew\u00e4hrleisten. Dieser Satz enth\u00e4lt die erforderlichen Dichtungen, um den Austritt von \u00d6l und K\u00fchlmittel zu verhindern und den korrekten Betrieb des \u00d6lk\u00fchlers zu gew\u00e4hrleisten. Die korrekte Abdichtung des \u00d6lk\u00fchlers ist entscheidend f\u00fcr die [&hellip;]<\/p>\n","protected":false},"featured_media":46142,"comment_status":"open","ping_status":"closed","template":"","meta":[],"product_brand":[4230],"product_cat":[4488,2498,3037,3038,4308],"product_tag":[],"class_list":{"0":"post-46141","1":"product","2":"type-product","3":"status-publish","4":"has-post-thumbnail","6":"product_brand-volvo-penta","7":"product_cat-brauchen-sie-volvo-penta-teile","8":"product_cat-ersatzteile-fur-motoren","9":"product_cat-kits-fur-wartung-und-reparatur","10":"product_cat-motor-dichtungen","11":"product_cat-volvo-penta","12":"pa_condition-neu","13":"pa_model-aqd29","14":"pa_model-aqd32","15":"pa_model-md29","16":"pa_model-md32","17":"pa_oem-or-aftermarket-aftermarket","19":"first","20":"onbackorder","21":"taxable","22":"shipping-taxable","23":"purchasable","24":"product-type-simple"},"supplier_id":7294,"supplier_sku":"REC22128","barcode":null,"atum_controlled":true,"out_stock_date":"2026-01-14 08:21:37","out_stock_threshold":null,"inheritable":false,"inbound_stock":0,"stock_on_hold":0,"sold_today":0,"sales_last_days":0,"reserved_stock":0,"customer_returns":0,"warehouse_damage":0,"lost_in_post":0,"other_logs":0,"out_stock_days":15,"lost_sales":0,"has_location":false,"update_date":"2026-01-29T09:10:02","atum_locations":[],"atum_stock_status":"onbackorder","restock_status":false,"low_stock_amount":0,"sales_update_date":"2026-01-29T09:10:02","calc_backorders":null,"_links":{"self":[{"href":"https:\/\/mps.digital-monkey.in\/de\/wp-json\/wp\/v2\/product\/46141","targetHints":{"allow":["GET"]}}],"collection":[{"href":"https:\/\/mps.digital-monkey.in\/de\/wp-json\/wp\/v2\/product"}],"about":[{"href":"https:\/\/mps.digital-monkey.in\/de\/wp-json\/wp\/v2\/types\/product"}],"replies":[{"embeddable":true,"href":"https:\/\/mps.digital-monkey.in\/de\/wp-json\/wp\/v2\/comments?post=46141"}],"wp:featuredmedia":[{"embeddable":true,"href":"https:\/\/mps.digital-monkey.in\/de\/wp-json\/wp\/v2\/media\/46142"}],"wp:attachment":[{"href":"https:\/\/mps.digital-monkey.in\/de\/wp-json\/wp\/v2\/media?parent=46141"}],"wp:term":[{"taxonomy":"product_brand","embeddable":true,"href":"https:\/\/mps.digital-monkey.in\/de\/wp-json\/wp\/v2\/product_brand?post=46141"},{"taxonomy":"product_cat","embeddable":true,"href":"https:\/\/mps.digital-monkey.in\/de\/wp-json\/wp\/v2\/product_cat?post=46141"},{"taxonomy":"product_tag","embeddable":true,"href":"https:\/\/mps.digital-monkey.in\/de\/wp-json\/wp\/v2\/product_tag?post=46141"}],"curies":[{"name":"wp","href":"https:\/\/api.w.org\/{rel}","templated":true}]}}