{"id":46151,"date":"2026-01-14T08:36:35","date_gmt":"2026-01-14T08:36:35","guid":{"rendered":"https:\/\/mps.digital-monkey.in\/product\/volvo-penta-oelwannen-dichtungssatz-aqd32a-md32a-875439\/"},"modified":"2026-01-14T08:36:35","modified_gmt":"2026-01-14T08:36:35","slug":"volvo-penta-oelwannen-dichtungssatz-aqd32a-md32a-875439","status":"publish","type":"product","link":"https:\/\/mps.digital-monkey.in\/de\/produkt\/volvo-penta-oelwannen-dichtungssatz-aqd32a-md32a-875439\/","title":{"rendered":"Volvo Penta \u00d6lwannen-Dichtungssatz AQD32A \/ MD32A | 875439"},"content":{"rendered":"<p data-start=\"477\" data-end=\"819\">Der <strong data-start=\"481\" data-end=\"524\">Volvo Penta \u00d6lwannendichtungssatz 875439<\/strong> wurde entwickelt, um eine zuverl\u00e4ssige, \u00f6ldichte Abdichtung zu gew\u00e4hrleisten, wenn die \u00d6lwanne (\u00d6lwanne) von <strong data-start=\"629\" data-end=\"683\">Volvo Penta AQD32A und MD32A Schiffsdieselmotoren<\/strong> entfernt und wieder eingebaut wird. Dieser Dichtungssatz gew\u00e4hrleistet eine ordnungsgem\u00e4\u00dfe Abdichtung zwischen \u00d6lwanne und Motorblock, verhindert \u00d6llecks und sorgt f\u00fcr eine korrekte Schmierung. <\/p>\n<h2 data-start=\"1105\" data-end=\"1122\">Produkttyp<\/h2>\n<p data-start=\"1123\" data-end=\"1166\">Dichtungssatz f\u00fcr die \u00d6lwanne<\/p>\n<h2 data-start=\"1173\" data-end=\"1189\">Teilenummer<\/h2>\n<p data-start=\"1190\" data-end=\"1198\">875439<\/p>\n<h2 data-start=\"1205\" data-end=\"1223\">Kompatibilit\u00e4t<\/h2>\n<ul data-start=\"1260\" data-end=\"1286\">\n<li data-start=\"1260\" data-end=\"1274\">\n<p data-start=\"1262\" data-end=\"1274\"><strong data-start=\"1262\" data-end=\"1272\">AQD32A<\/strong><\/p>\n<\/li>\n<li data-start=\"1275\" data-end=\"1286\">\n<p data-start=\"1277\" data-end=\"1286\"><strong data-start=\"1277\" data-end=\"1286\">MD32A<\/strong><\/p>\n<\/li>\n<\/ul>\n<h2 data-start=\"1293\" data-end=\"1309\">Anwendung<\/h2>\n<ul data-start=\"1310\" data-end=\"1428\">\n<li data-start=\"1310\" data-end=\"1350\">\n<p data-start=\"1312\" data-end=\"1350\">\u00d6lwanne ausbauen und wieder einbauen<\/p>\n<\/li>\n<li data-start=\"1351\" data-end=\"1385\">\n<p data-start=\"1353\" data-end=\"1385\">Auswechseln der \u00d6lwannendichtungen<\/p>\n<\/li>\n<li data-start=\"1386\" data-end=\"1428\">\n<p data-start=\"1388\" data-end=\"1428\">Motor\u00fcberholung und gr\u00f6\u00dfere Servicearbeiten<\/p>\n<\/li>\n<\/ul>\n","protected":false},"excerpt":{"rendered":"<p>Der Volvo Penta \u00d6lwannendichtungssatz 875439 wurde entwickelt, um eine zuverl\u00e4ssige, \u00f6ldichte Abdichtung zu gew\u00e4hrleisten, wenn die \u00d6lwanne (\u00d6lwanne) von Volvo Penta AQD32A und MD32A Schiffsdieselmotoren entfernt und wieder eingebaut wird. Dieser Dichtungssatz gew\u00e4hrleistet eine ordnungsgem\u00e4\u00dfe Abdichtung zwischen \u00d6lwanne und Motorblock, verhindert \u00d6llecks und sorgt f\u00fcr eine korrekte Schmierung. Produkttyp Dichtungssatz f\u00fcr die \u00d6lwanne Teilenummer 875439 [&hellip;]<\/p>\n","protected":false},"featured_media":46152,"comment_status":"open","ping_status":"closed","template":"","meta":[],"product_brand":[4230],"product_cat":[4488,2498,3037,3038,4308],"product_tag":[],"class_list":{"0":"post-46151","1":"product","2":"type-product","3":"status-publish","4":"has-post-thumbnail","6":"product_brand-volvo-penta","7":"product_cat-brauchen-sie-volvo-penta-teile","8":"product_cat-ersatzteile-fur-motoren","9":"product_cat-kits-fur-wartung-und-reparatur","10":"product_cat-motor-dichtungen","11":"product_cat-volvo-penta","12":"pa_condition-neu","13":"pa_model-aqd32","14":"pa_model-md32","15":"pa_oem-or-aftermarket-aftermarket","17":"first","18":"onbackorder","19":"sale","20":"taxable","21":"shipping-taxable","22":"purchasable","23":"product-type-simple"},"supplier_id":7294,"supplier_sku":"REC875439","barcode":null,"atum_controlled":true,"out_stock_date":"2026-01-14 08:36:40","out_stock_threshold":null,"inheritable":false,"inbound_stock":null,"stock_on_hold":null,"sold_today":null,"sales_last_days":null,"reserved_stock":null,"customer_returns":null,"warehouse_damage":null,"lost_in_post":null,"other_logs":null,"out_stock_days":0,"lost_sales":null,"has_location":false,"update_date":"2026-01-14T08:36:44","atum_locations":[],"atum_stock_status":"onbackorder","restock_status":false,"low_stock_amount":1,"sales_update_date":null,"calc_backorders":null,"_links":{"self":[{"href":"https:\/\/mps.digital-monkey.in\/de\/wp-json\/wp\/v2\/product\/46151","targetHints":{"allow":["GET"]}}],"collection":[{"href":"https:\/\/mps.digital-monkey.in\/de\/wp-json\/wp\/v2\/product"}],"about":[{"href":"https:\/\/mps.digital-monkey.in\/de\/wp-json\/wp\/v2\/types\/product"}],"replies":[{"embeddable":true,"href":"https:\/\/mps.digital-monkey.in\/de\/wp-json\/wp\/v2\/comments?post=46151"}],"wp:featuredmedia":[{"embeddable":true,"href":"https:\/\/mps.digital-monkey.in\/de\/wp-json\/wp\/v2\/media\/46152"}],"wp:attachment":[{"href":"https:\/\/mps.digital-monkey.in\/de\/wp-json\/wp\/v2\/media?parent=46151"}],"wp:term":[{"taxonomy":"product_brand","embeddable":true,"href":"https:\/\/mps.digital-monkey.in\/de\/wp-json\/wp\/v2\/product_brand?post=46151"},{"taxonomy":"product_cat","embeddable":true,"href":"https:\/\/mps.digital-monkey.in\/de\/wp-json\/wp\/v2\/product_cat?post=46151"},{"taxonomy":"product_tag","embeddable":true,"href":"https:\/\/mps.digital-monkey.in\/de\/wp-json\/wp\/v2\/product_tag?post=46151"}],"curies":[{"name":"wp","href":"https:\/\/api.w.org\/{rel}","templated":true}]}}