{"id":46159,"date":"2026-01-14T09:00:04","date_gmt":"2026-01-14T09:00:04","guid":{"rendered":"https:\/\/mps.digital-monkey.in\/product\/volvo-penta-motor-dichtungssatz-875387-md21-aqd19-aqd21\/"},"modified":"2026-01-14T09:10:54","modified_gmt":"2026-01-14T09:10:54","slug":"volvo-penta-motor-dichtungssatz-875387-md21-aqd19-aqd21","status":"publish","type":"product","link":"https:\/\/mps.digital-monkey.in\/de\/produkt\/volvo-penta-motor-dichtungssatz-875387-md21-aqd19-aqd21\/","title":{"rendered":"Volvo Penta Motor Dichtungssatz 875387 | MD21 \/ AQD19 \/ AQD21"},"content":{"rendered":"<p data-start=\"475\" data-end=\"795\">Der <strong data-start=\"479\" data-end=\"514\">Volvo Penta Dichtungssatz 875387<\/strong> ist ein kompletter Dichtungssatz, der f\u00fcr die Wartung und Instandhaltung ausgew\u00e4hlter <strong data-start=\"590\" data-end=\"645\">Volvo Penta Schiffsdieselmotoren der Serien MD und AQD<\/strong> entwickelt wurde. Dieser Dichtungssatz enth\u00e4lt die erforderlichen Dichtungen, um eine zuverl\u00e4ssige Abdichtung der Motorkomponenten bei Wartungs- oder Reparaturarbeiten zu gew\u00e4hrleisten.<\/p>\n<p data-start=\"797\" data-end=\"1100\">Die Verwendung des richtigen Dichtungssatzes hilft dabei, \u00d6l-, K\u00fchlmittel- und Auspufflecks zu vermeiden und gleichzeitig die Leistung und Zuverl\u00e4ssigkeit des Motors zu erhalten. Dieser Dichtungssatz wird nach OEM-\u00e4quivalenten Spezifikationen hergestellt und bietet exakte Passgenauigkeit, langlebige Materialien und verl\u00e4ssliche Leistung in anspruchsvollen maritimen Umgebungen. <\/p>\n<h2 data-start=\"1107\" data-end=\"1124\">Produkttyp<\/h2>\n<p data-start=\"1125\" data-end=\"1157\">Satz Motordichtungen<\/p>\n<h2 data-start=\"1164\" data-end=\"1180\">Teilenummer<\/h2>\n<p data-start=\"1181\" data-end=\"1189\">875387, 875421<\/p>\n<h2 data-start=\"1196\" data-end=\"1214\">Kompatibilit\u00e4t<\/h2>\n<p data-start=\"1215\" data-end=\"1250\">Passend f\u00fcr Volvo Penta-Motoren:<\/p>\n<ul data-start=\"1251\" data-end=\"1333\">\n<li data-start=\"1251\" data-end=\"1264\">\n<p data-start=\"1253\" data-end=\"1264\"><strong data-start=\"1253\" data-end=\"1262\">MD21A<\/strong><\/p>\n<\/li>\n<li data-start=\"1265\" data-end=\"1278\">\n<p data-start=\"1267\" data-end=\"1278\"><strong data-start=\"1267\" data-end=\"1276\">MD21B<\/strong><\/p>\n<\/li>\n<li data-start=\"1279\" data-end=\"1292\">\n<p data-start=\"1281\" data-end=\"1292\"><strong data-start=\"1281\" data-end=\"1290\">AQD19<\/strong><\/p>\n<\/li>\n<li data-start=\"1293\" data-end=\"1305\">\n<p data-start=\"1295\" data-end=\"1305\"><strong data-start=\"1295\" data-end=\"1303\">MD19<\/strong><\/p>\n<\/li>\n<li data-start=\"1306\" data-end=\"1320\">\n<p data-start=\"1308\" data-end=\"1320\"><strong data-start=\"1308\" data-end=\"1318\">AQD21A<\/strong><\/p>\n<\/li>\n<li data-start=\"1321\" data-end=\"1333\">\n<p data-start=\"1323\" data-end=\"1333\"><strong data-start=\"1323\" data-end=\"1333\">AQD21B<\/strong><\/p>\n<\/li>\n<\/ul>\n<p data-start=\"1437\" data-end=\"1481\">\n","protected":false},"excerpt":{"rendered":"<p>Der Volvo Penta Dichtungssatz 875387 ist ein kompletter Dichtungssatz, der f\u00fcr die Wartung und Instandhaltung ausgew\u00e4hlter Volvo Penta Schiffsdieselmotoren der Serien MD und AQD entwickelt wurde. Dieser Dichtungssatz enth\u00e4lt die erforderlichen Dichtungen, um eine zuverl\u00e4ssige Abdichtung der Motorkomponenten bei Wartungs- oder Reparaturarbeiten zu gew\u00e4hrleisten. Die Verwendung des richtigen Dichtungssatzes hilft dabei, \u00d6l-, K\u00fchlmittel- und Auspufflecks [&hellip;]<\/p>\n","protected":false},"featured_media":46160,"comment_status":"open","ping_status":"closed","template":"","meta":[],"product_brand":[4230],"product_cat":[4488,2498,3037,3038,4308],"product_tag":[],"class_list":{"0":"post-46159","1":"product","2":"type-product","3":"status-publish","4":"has-post-thumbnail","6":"product_brand-volvo-penta","7":"product_cat-brauchen-sie-volvo-penta-teile","8":"product_cat-ersatzteile-fur-motoren","9":"product_cat-kits-fur-wartung-und-reparatur","10":"product_cat-motor-dichtungen","11":"product_cat-volvo-penta","12":"pa_condition-neu","13":"pa_model-aqd21","14":"pa_model-aqd21a","15":"pa_model-aqd21b","16":"pa_model-md21","17":"pa_model-md21a","18":"pa_model-md21b","19":"pa_oem-or-aftermarket-aftermarket","21":"first","22":"onbackorder","23":"taxable","24":"shipping-taxable","25":"purchasable","26":"product-type-simple"},"supplier_id":7294,"supplier_sku":"REC875387","barcode":null,"atum_controlled":true,"out_stock_date":"2026-01-14 09:00:15","out_stock_threshold":null,"inheritable":false,"inbound_stock":null,"stock_on_hold":null,"sold_today":null,"sales_last_days":null,"reserved_stock":null,"customer_returns":null,"warehouse_damage":null,"lost_in_post":null,"other_logs":null,"out_stock_days":0,"lost_sales":null,"has_location":false,"update_date":"2026-01-14T09:10:32","atum_locations":[],"atum_stock_status":"onbackorder","restock_status":false,"low_stock_amount":1,"sales_update_date":null,"calc_backorders":null,"_links":{"self":[{"href":"https:\/\/mps.digital-monkey.in\/de\/wp-json\/wp\/v2\/product\/46159","targetHints":{"allow":["GET"]}}],"collection":[{"href":"https:\/\/mps.digital-monkey.in\/de\/wp-json\/wp\/v2\/product"}],"about":[{"href":"https:\/\/mps.digital-monkey.in\/de\/wp-json\/wp\/v2\/types\/product"}],"replies":[{"embeddable":true,"href":"https:\/\/mps.digital-monkey.in\/de\/wp-json\/wp\/v2\/comments?post=46159"}],"wp:featuredmedia":[{"embeddable":true,"href":"https:\/\/mps.digital-monkey.in\/de\/wp-json\/wp\/v2\/media\/46160"}],"wp:attachment":[{"href":"https:\/\/mps.digital-monkey.in\/de\/wp-json\/wp\/v2\/media?parent=46159"}],"wp:term":[{"taxonomy":"product_brand","embeddable":true,"href":"https:\/\/mps.digital-monkey.in\/de\/wp-json\/wp\/v2\/product_brand?post=46159"},{"taxonomy":"product_cat","embeddable":true,"href":"https:\/\/mps.digital-monkey.in\/de\/wp-json\/wp\/v2\/product_cat?post=46159"},{"taxonomy":"product_tag","embeddable":true,"href":"https:\/\/mps.digital-monkey.in\/de\/wp-json\/wp\/v2\/product_tag?post=46159"}],"curies":[{"name":"wp","href":"https:\/\/api.w.org\/{rel}","templated":true}]}}